{"id":15980,"date":"2023-12-19T19:27:07","date_gmt":"2023-12-19T18:27:07","guid":{"rendered":"https:\/\/venuspara.com\/?post_type=product&#038;p=15980"},"modified":"2023-12-19T19:27:53","modified_gmt":"2023-12-19T18:27:53","slug":"babe-stop-akn-creme-hydratantes-reparatrice","status":"publish","type":"product","link":"https:\/\/pharmadreams.shop\/index.php\/product\/babe-stop-akn-creme-hydratantes-reparatrice\/","title":{"rendered":"Babe stop akn cr\u00e8me hydratantes r\u00e9paratrice"},"content":{"rendered":"\t\t<div data-elementor-type=\"wp-post\" data-elementor-id=\"15980\" class=\"elementor elementor-15980\" data-elementor-post-type=\"product\">\n\t\t\t\t\t\t<section class=\"elementor-section elementor-top-section elementor-element elementor-element-dbc8ac0 elementor-section-boxed elementor-section-height-default elementor-section-height-default wd-section-disabled\" data-id=\"dbc8ac0\" data-element_type=\"section\">\n\t\t\t\t\t\t<div class=\"elementor-container elementor-column-gap-no\">\n\t\t\t\t\t<div class=\"elementor-column elementor-col-100 elementor-top-column elementor-element elementor-element-ebc6f2e\" data-id=\"ebc6f2e\" data-element_type=\"column\">\n\t\t\t<div class=\"elementor-widget-wrap elementor-element-populated\">\n\t\t\t\t\t\t<div class=\"elementor-element elementor-element-d42967c elementor-widget elementor-widget-heading\" data-id=\"d42967c\" data-element_type=\"widget\" data-widget_type=\"heading.default\">\n\t\t\t\t<div class=\"elementor-widget-container\">\n\t\t\t\t\t<h3 class=\"elementor-heading-title elementor-size-default\">More about the product<\/h3>\t\t\t\t<\/div>\n\t\t\t\t<\/div>\n\t\t\t\t<div class=\"elementor-element elementor-element-ad8e2d2 color-scheme-inherit text-left elementor-widget elementor-widget-text-editor\" data-id=\"ad8e2d2\" data-element_type=\"widget\" data-widget_type=\"text-editor.default\">\n\t\t\t\t<div class=\"elementor-widget-container\">\n\t\t\t\t\t\t\t\t\t<p>Lorem ipsum dolor sit amet, consectetur adipiscing elit. Suspendisse ac massa eget urna tempor vehicula vel id nisi. Pellentesque sed felis auctor, molestie lectus vitae, elementum orci. In et nunc consequat, semper tellus eget, euismod quam.\t\t\t\t\t\t\t\t<\/div>\n\t\t\t\t<\/div>\n\t\t\t\t<section class=\"elementor-section elementor-inner-section elementor-element elementor-element-42bd307 elementor-section-boxed elementor-section-height-default elementor-section-height-default wd-section-disabled\" data-id=\"42bd307\" data-element_type=\"section\" data-settings=\"{&quot;background_background&quot;:&quot;classic&quot;}\">\n\t\t\t\t\t\t\t<div class=\"elementor-background-overlay\"><\/div>\n\t\t\t\t\t\t\t<div class=\"elementor-container elementor-column-gap-default\">\n\t\t\t\t\t<div class=\"elementor-column elementor-col-100 elementor-inner-column elementor-element elementor-element-2bc69b8\" data-id=\"2bc69b8\" data-element_type=\"column\">\n\t\t\t<div class=\"elementor-widget-wrap elementor-element-populated\">\n\t\t\t\t\t\t<div class=\"elementor-element elementor-element-f18ba93 elementor-widget elementor-widget-heading\" data-id=\"f18ba93\" data-element_type=\"widget\" data-widget_type=\"heading.default\">\n\t\t\t\t<div class=\"elementor-widget-container\">\n\t\t\t\t\t<h6 class=\"elementor-heading-title elementor-size-default\">Nunc sed justo<\/h6>\t\t\t\t<\/div>\n\t\t\t\t<\/div>\n\t\t\t\t<div class=\"elementor-element elementor-element-5565051 elementor-widget elementor-widget-heading\" data-id=\"5565051\" data-element_type=\"widget\" data-widget_type=\"heading.default\">\n\t\t\t\t<div class=\"elementor-widget-container\">\n\t\t\t\t\t<h3 class=\"elementor-heading-title elementor-size-default\">Cras vehicula semper ex, et fermentum tortor varius eget interdum et malesuada fames ac ante<\/h3>\t\t\t\t<\/div>\n\t\t\t\t<\/div>\n\t\t\t\t<div class=\"elementor-element elementor-element-03dce14 elementor-widget-divider--view-line elementor-widget elementor-widget-divider\" data-id=\"03dce14\" data-element_type=\"widget\" data-widget_type=\"divider.default\">\n\t\t\t\t<div class=\"elementor-widget-container\">\n\t\t\t\t\t\t\t<div class=\"elementor-divider\">\n\t\t\t<span class=\"elementor-divider-separator\">\n\t\t\t\t\t\t<\/span>\n\t\t<\/div>\n\t\t\t\t\t\t<\/div>\n\t\t\t\t<\/div>\n\t\t\t\t\t<\/div>\n\t\t<\/div>\n\t\t\t\t\t<\/div>\n\t\t<\/section>\n\t\t\t\t<section class=\"elementor-section elementor-inner-section elementor-element elementor-element-9f79559 elementor-section-boxed elementor-section-height-default elementor-section-height-default wd-section-disabled\" data-id=\"9f79559\" data-element_type=\"section\">\n\t\t\t\t\t\t<div class=\"elementor-container elementor-column-gap-no\">\n\t\t\t\t\t<div class=\"elementor-column elementor-col-50 elementor-inner-column elementor-element elementor-element-47147fb\" data-id=\"47147fb\" data-element_type=\"column\">\n\t\t\t<div class=\"elementor-widget-wrap elementor-element-populated\">\n\t\t\t\t\t\t<div class=\"elementor-element elementor-element-925d569 elementor-widget elementor-widget-heading\" data-id=\"925d569\" data-element_type=\"widget\" data-widget_type=\"heading.default\">\n\t\t\t\t<div class=\"elementor-widget-container\">\n\t\t\t\t\t<h3 class=\"elementor-heading-title elementor-size-default\">Product's Features<\/h3>\t\t\t\t<\/div>\n\t\t\t\t<\/div>\n\t\t\t\t<div class=\"elementor-element elementor-element-cf00d43 elementor-widget-divider--view-line elementor-widget elementor-widget-divider\" data-id=\"cf00d43\" data-element_type=\"widget\" data-widget_type=\"divider.default\">\n\t\t\t\t<div class=\"elementor-widget-container\">\n\t\t\t\t\t\t\t<div class=\"elementor-divider\">\n\t\t\t<span class=\"elementor-divider-separator\">\n\t\t\t\t\t\t<\/span>\n\t\t<\/div>\n\t\t\t\t\t\t<\/div>\n\t\t\t\t<\/div>\n\t\t\t\t\t<\/div>\n\t\t<\/div>\n\t\t\t\t<div class=\"elementor-column elementor-col-50 elementor-inner-column elementor-element elementor-element-3c63fec\" data-id=\"3c63fec\" data-element_type=\"column\">\n\t\t\t<div class=\"elementor-widget-wrap elementor-element-populated\">\n\t\t\t\t\t\t<div class=\"elementor-element elementor-element-04ae7be elementor-widget elementor-widget-heading\" data-id=\"04ae7be\" data-element_type=\"widget\" data-widget_type=\"heading.default\">\n\t\t\t\t<div class=\"elementor-widget-container\">\n\t\t\t\t\t<h4 class=\"elementor-heading-title elementor-size-default\">Lorem ipsum dolor sit amet, consectetur adipiscing elit. Ut elit tellus, luctus nec ullamcorper mattis.<\/h4>\t\t\t\t<\/div>\n\t\t\t\t<\/div>\n\t\t\t\t<div class=\"elementor-element elementor-element-4f23bee elementor-align-left elementor-icon-list--layout-traditional elementor-list-item-link-full_width elementor-widget elementor-widget-icon-list\" data-id=\"4f23bee\" data-element_type=\"widget\" data-widget_type=\"icon-list.default\">\n\t\t\t\t<div class=\"elementor-widget-container\">\n\t\t\t\t\t\t\t<ul class=\"elementor-icon-list-items\">\n\t\t\t\t\t\t\t<li class=\"elementor-icon-list-item\">\n\t\t\t\t\t\t\t\t\t\t\t<span class=\"elementor-icon-list-icon\">\n\t\t\t\t\t\t\t<svg aria-hidden=\"true\" class=\"e-font-icon-svg e-far-dot-circle\" viewBox=\"0 0 512 512\" xmlns=\"http:\/\/www.w3.org\/2000\/svg\"><path d=\"M256 56c110.532 0 200 89.451 200 200 0 110.532-89.451 200-200 200-110.532 0-200-89.451-200-200 0-110.532 89.451-200 200-200m0-48C119.033 8 8 119.033 8 256s111.033 248 248 248 248-111.033 248-248S392.967 8 256 8zm0 168c-44.183 0-80 35.817-80 80s35.817 80 80 80 80-35.817 80-80-35.817-80-80-80z\"><\/path><\/svg>\t\t\t\t\t\t<\/span>\n\t\t\t\t\t\t\t\t\t\t<span class=\"elementor-icon-list-text\">Nunc sed justo at nisi commodo varius<\/span>\n\t\t\t\t\t\t\t\t\t<\/li>\n\t\t\t\t\t\t\t\t<li class=\"elementor-icon-list-item\">\n\t\t\t\t\t\t\t\t\t\t\t<span class=\"elementor-icon-list-icon\">\n\t\t\t\t\t\t\t<svg aria-hidden=\"true\" class=\"e-font-icon-svg e-far-dot-circle\" viewBox=\"0 0 512 512\" xmlns=\"http:\/\/www.w3.org\/2000\/svg\"><path d=\"M256 56c110.532 0 200 89.451 200 200 0 110.532-89.451 200-200 200-110.532 0-200-89.451-200-200 0-110.532 89.451-200 200-200m0-48C119.033 8 8 119.033 8 256s111.033 248 248 248 248-111.033 248-248S392.967 8 256 8zm0 168c-44.183 0-80 35.817-80 80s35.817 80 80 80 80-35.817 80-80-35.817-80-80-80z\"><\/path><\/svg>\t\t\t\t\t\t<\/span>\n\t\t\t\t\t\t\t\t\t\t<span class=\"elementor-icon-list-text\">Ut eu urna enim. Curabitur posuere fermentum<\/span>\n\t\t\t\t\t\t\t\t\t<\/li>\n\t\t\t\t\t\t\t\t<li class=\"elementor-icon-list-item\">\n\t\t\t\t\t\t\t\t\t\t\t<span class=\"elementor-icon-list-icon\">\n\t\t\t\t\t\t\t<svg aria-hidden=\"true\" class=\"e-font-icon-svg e-far-dot-circle\" viewBox=\"0 0 512 512\" xmlns=\"http:\/\/www.w3.org\/2000\/svg\"><path d=\"M256 56c110.532 0 200 89.451 200 200 0 110.532-89.451 200-200 200-110.532 0-200-89.451-200-200 0-110.532 89.451-200 200-200m0-48C119.033 8 8 119.033 8 256s111.033 248 248 248 248-111.033 248-248S392.967 8 256 8zm0 168c-44.183 0-80 35.817-80 80s35.817 80 80 80 80-35.817 80-80-35.817-80-80-80z\"><\/path><\/svg>\t\t\t\t\t\t<\/span>\n\t\t\t\t\t\t\t\t\t\t<span class=\"elementor-icon-list-text\">Curabitur at orci nec urna aliquet porta<\/span>\n\t\t\t\t\t\t\t\t\t<\/li>\n\t\t\t\t\t\t<\/ul>\n\t\t\t\t\t\t<\/div>\n\t\t\t\t<\/div>\n\t\t\t\t\t<\/div>\n\t\t<\/div>\n\t\t\t\t\t<\/div>\n\t\t<\/section>\n\t\t\t\t<section class=\"elementor-section elementor-inner-section elementor-element elementor-element-e110ad5 elementor-section-boxed elementor-section-height-default elementor-section-height-default wd-section-disabled\" data-id=\"e110ad5\" data-element_type=\"section\" data-settings=\"{&quot;background_background&quot;:&quot;classic&quot;}\">\n\t\t\t\t\t\t\t<div class=\"elementor-background-overlay\"><\/div>\n\t\t\t\t\t\t\t<div class=\"elementor-container elementor-column-gap-default\">\n\t\t\t\t\t<div class=\"elementor-column elementor-col-100 elementor-inner-column elementor-element elementor-element-443a1dd\" data-id=\"443a1dd\" data-element_type=\"column\">\n\t\t\t<div class=\"elementor-widget-wrap elementor-element-populated\">\n\t\t\t\t\t\t<div class=\"elementor-element elementor-element-b79eb42 elementor-widget elementor-widget-heading\" data-id=\"b79eb42\" data-element_type=\"widget\" data-widget_type=\"heading.default\">\n\t\t\t\t<div class=\"elementor-widget-container\">\n\t\t\t\t\t<h6 class=\"elementor-heading-title elementor-size-default\">Bluetooth connection<\/h6>\t\t\t\t<\/div>\n\t\t\t\t<\/div>\n\t\t\t\t<div class=\"elementor-element elementor-element-dfa88a5 elementor-widget elementor-widget-heading\" data-id=\"dfa88a5\" data-element_type=\"widget\" data-widget_type=\"heading.default\">\n\t\t\t\t<div class=\"elementor-widget-container\">\n\t\t\t\t\t<h3 class=\"elementor-heading-title elementor-size-default\">Always connected to your mobile phone!<\/h3>\t\t\t\t<\/div>\n\t\t\t\t<\/div>\n\t\t\t\t<div class=\"elementor-element elementor-element-edf3430 elementor-widget-divider--view-line elementor-widget elementor-widget-divider\" data-id=\"edf3430\" data-element_type=\"widget\" data-widget_type=\"divider.default\">\n\t\t\t\t<div class=\"elementor-widget-container\">\n\t\t\t\t\t\t\t<div class=\"elementor-divider\">\n\t\t\t<span class=\"elementor-divider-separator\">\n\t\t\t\t\t\t<\/span>\n\t\t<\/div>\n\t\t\t\t\t\t<\/div>\n\t\t\t\t<\/div>\n\t\t\t\t<div class=\"elementor-element elementor-element-06c6fa6 elementor-widget elementor-widget-heading\" data-id=\"06c6fa6\" data-element_type=\"widget\" data-widget_type=\"heading.default\">\n\t\t\t\t<div class=\"elementor-widget-container\">\n\t\t\t\t\t<h4 class=\"elementor-heading-title elementor-size-default\">Ut eu urna enim. Curabitur posuere fermentum libero, pretium dignissim est lacinia nec. Aenean dapibus ante sed pharetra scelerisque.<\/h4>\t\t\t\t<\/div>\n\t\t\t\t<\/div>\n\t\t\t\t\t<\/div>\n\t\t<\/div>\n\t\t\t\t\t<\/div>\n\t\t<\/section>\n\t\t\t\t\t<\/div>\n\t\t<\/div>\n\t\t\t\t\t<\/div>\n\t\t<\/section>\n\t\t\t\t<\/div>\n\t\t","protected":false},"excerpt":{"rendered":"<p>Votre peau est s\u00e8che et\/ou d\u00e9shydrat\u00e9e ? Pour restaurer l&rsquo;hydratation naturelle de votre peau, il vous suffit d&rsquo;utiliser une cr\u00e8me sp\u00e9cifique pour vous aider \u00e0 traiter les zones les plus rugueuses de votre visage.<\/p>\n<p>La\u00a0<strong>cr\u00e8me hydratante r\u00e9paratrice<\/strong>\u00a0de la ligne\u00a0<strong>Stop AKN<\/strong>\u00a0de Bab\u00e9 aide \u00e0\u00a0<strong>retrouver l&rsquo;\u00e9lasticit\u00e9 et la vitalit\u00e9 de votre visage<\/strong>\u00a0en restaurant la barri\u00e8re du film hydrolipidique. De\u00a0<strong>texture non grasse<\/strong>\u00a0\u00e0 haut pouvoir hydratant et nourrissant, il r\u00e9g\u00e9n\u00e8re les \u00e9tats de grande\u00a0<strong>s\u00e9cheresse de la peau en laissant la peau mate.<\/strong><\/p>\n<p>Indiqu\u00e9 pour le soin quotidien des\u00a0<strong>peaux grasses ou soumises \u00e0 des traitements dermatologiques anti-acn\u00e9iques<\/strong>.<\/p>\n<p><strong>Essayez l&rsquo;hydratant r\u00e9parateur Stop AKN et commencez \u00e0 para\u00eetre hydrat\u00e9 et \u00e9lastique.<\/strong><\/p>\n","protected":false},"featured_media":16041,"comment_status":"open","ping_status":"closed","template":"","meta":[],"product_brand":[],"product_cat":[85,20],"product_tag":[],"class_list":{"0":"post-15980","1":"product","2":"type-product","3":"status-publish","4":"has-post-thumbnail","6":"product_cat-hydratation-et-nutrition","7":"product_cat-visage","9":"first","10":"instock","11":"sale","12":"shipping-taxable","13":"purchasable","14":"product-type-simple"},"yoast_head":"<!-- This site is optimized with the Yoast SEO plugin v23.0 - https:\/\/yoast.com\/wordpress\/plugins\/seo\/ -->\n<title>Babe stop akn cr\u00e8me hydratantes r\u00e9paratrice - pharmadreams<\/title>\n<meta name=\"robots\" content=\"index, follow, max-snippet:-1, max-image-preview:large, max-video-preview:-1\" \/>\n<link rel=\"canonical\" href=\"https:\/\/pharmadreams.shop\/index.php\/product\/babe-stop-akn-creme-hydratantes-reparatrice\/\" \/>\n<meta property=\"og:locale\" content=\"fr_FR\" \/>\n<meta property=\"og:type\" content=\"article\" \/>\n<meta property=\"og:title\" content=\"Babe stop akn cr\u00e8me hydratantes r\u00e9paratrice - pharmadreams\" \/>\n<meta property=\"og:description\" content=\"Votre peau est s\u00e8che et\/ou d\u00e9shydrat\u00e9e ? Pour restaurer l&#039;hydratation naturelle de votre peau, il vous suffit d&#039;utiliser une cr\u00e8me sp\u00e9cifique pour vous aider \u00e0 traiter les zones les plus rugueuses de votre visage.  La\u00a0cr\u00e8me hydratante r\u00e9paratrice\u00a0de la ligne\u00a0Stop AKN\u00a0de Bab\u00e9 aide \u00e0\u00a0retrouver l&#039;\u00e9lasticit\u00e9 et la vitalit\u00e9 de votre visage\u00a0en restaurant la barri\u00e8re du film hydrolipidique. De\u00a0texture non grasse\u00a0\u00e0 haut pouvoir hydratant et nourrissant, il r\u00e9g\u00e9n\u00e8re les \u00e9tats de grande\u00a0s\u00e9cheresse de la peau en laissant la peau mate.  Indiqu\u00e9 pour le soin quotidien des\u00a0peaux grasses ou soumises \u00e0 des traitements dermatologiques anti-acn\u00e9iques.  Essayez l&#039;hydratant r\u00e9parateur Stop AKN et commencez \u00e0 para\u00eetre hydrat\u00e9 et \u00e9lastique.\" \/>\n<meta property=\"og:url\" content=\"https:\/\/pharmadreams.shop\/index.php\/product\/babe-stop-akn-creme-hydratantes-reparatrice\/\" \/>\n<meta property=\"og:site_name\" content=\"pharmadreams\" \/>\n<meta property=\"article:modified_time\" content=\"2023-12-19T18:27:53+00:00\" \/>\n<meta property=\"og:image\" content=\"https:\/\/pharmadreams.shop\/wp-content\/uploads\/2023\/12\/BABE-STOP-AKN-CREME-HYDRATANTE-REPARATRICE.png\" \/>\n\t<meta property=\"og:image:width\" content=\"960\" \/>\n\t<meta property=\"og:image:height\" content=\"1170\" \/>\n\t<meta property=\"og:image:type\" content=\"image\/png\" \/>\n<meta name=\"twitter:card\" content=\"summary_large_image\" \/>\n<script type=\"application\/ld+json\" class=\"yoast-schema-graph\">{\"@context\":\"https:\/\/schema.org\",\"@graph\":[{\"@type\":\"WebPage\",\"@id\":\"https:\/\/pharmadreams.shop\/index.php\/product\/babe-stop-akn-creme-hydratantes-reparatrice\/\",\"url\":\"https:\/\/pharmadreams.shop\/index.php\/product\/babe-stop-akn-creme-hydratantes-reparatrice\/\",\"name\":\"Babe stop akn cr\u00e8me hydratantes r\u00e9paratrice - pharmadreams\",\"isPartOf\":{\"@id\":\"https:\/\/pharmadreams.shop\/#website\"},\"primaryImageOfPage\":{\"@id\":\"https:\/\/pharmadreams.shop\/index.php\/product\/babe-stop-akn-creme-hydratantes-reparatrice\/#primaryimage\"},\"image\":{\"@id\":\"https:\/\/pharmadreams.shop\/index.php\/product\/babe-stop-akn-creme-hydratantes-reparatrice\/#primaryimage\"},\"thumbnailUrl\":\"https:\/\/pharmadreams.shop\/wp-content\/uploads\/2023\/12\/BABE-STOP-AKN-CREME-HYDRATANTE-REPARATRICE.png\",\"datePublished\":\"2023-12-19T18:27:07+00:00\",\"dateModified\":\"2023-12-19T18:27:53+00:00\",\"breadcrumb\":{\"@id\":\"https:\/\/pharmadreams.shop\/index.php\/product\/babe-stop-akn-creme-hydratantes-reparatrice\/#breadcrumb\"},\"inLanguage\":\"fr-FR\",\"potentialAction\":[{\"@type\":\"ReadAction\",\"target\":[\"https:\/\/pharmadreams.shop\/index.php\/product\/babe-stop-akn-creme-hydratantes-reparatrice\/\"]}]},{\"@type\":\"ImageObject\",\"inLanguage\":\"fr-FR\",\"@id\":\"https:\/\/pharmadreams.shop\/index.php\/product\/babe-stop-akn-creme-hydratantes-reparatrice\/#primaryimage\",\"url\":\"https:\/\/pharmadreams.shop\/wp-content\/uploads\/2023\/12\/BABE-STOP-AKN-CREME-HYDRATANTE-REPARATRICE.png\",\"contentUrl\":\"https:\/\/pharmadreams.shop\/wp-content\/uploads\/2023\/12\/BABE-STOP-AKN-CREME-HYDRATANTE-REPARATRICE.png\",\"width\":960,\"height\":1170},{\"@type\":\"BreadcrumbList\",\"@id\":\"https:\/\/pharmadreams.shop\/index.php\/product\/babe-stop-akn-creme-hydratantes-reparatrice\/#breadcrumb\",\"itemListElement\":[{\"@type\":\"ListItem\",\"position\":1,\"name\":\"Accueil\",\"item\":\"https:\/\/pharmadreams.shop\/\"},{\"@type\":\"ListItem\",\"position\":2,\"name\":\"Shop\",\"item\":\"https:\/\/pharmadreams.shop\/index.php\/shop\/\"},{\"@type\":\"ListItem\",\"position\":3,\"name\":\"Babe stop akn cr\u00e8me hydratantes r\u00e9paratrice\"}]},{\"@type\":\"WebSite\",\"@id\":\"https:\/\/pharmadreams.shop\/#website\",\"url\":\"https:\/\/pharmadreams.shop\/\",\"name\":\"pharmadreams\",\"description\":\"Parapharmacie en ligne\",\"potentialAction\":[{\"@type\":\"SearchAction\",\"target\":{\"@type\":\"EntryPoint\",\"urlTemplate\":\"https:\/\/pharmadreams.shop\/?s={search_term_string}\"},\"query-input\":\"required name=search_term_string\"}],\"inLanguage\":\"fr-FR\"}]}<\/script>\n<!-- \/ Yoast SEO plugin. -->","yoast_head_json":{"title":"Babe stop akn cr\u00e8me hydratantes r\u00e9paratrice - pharmadreams","robots":{"index":"index","follow":"follow","max-snippet":"max-snippet:-1","max-image-preview":"max-image-preview:large","max-video-preview":"max-video-preview:-1"},"canonical":"https:\/\/pharmadreams.shop\/index.php\/product\/babe-stop-akn-creme-hydratantes-reparatrice\/","og_locale":"fr_FR","og_type":"article","og_title":"Babe stop akn cr\u00e8me hydratantes r\u00e9paratrice - pharmadreams","og_description":"Votre peau est s\u00e8che et\/ou d\u00e9shydrat\u00e9e ? Pour restaurer l'hydratation naturelle de votre peau, il vous suffit d'utiliser une cr\u00e8me sp\u00e9cifique pour vous aider \u00e0 traiter les zones les plus rugueuses de votre visage.  La\u00a0cr\u00e8me hydratante r\u00e9paratrice\u00a0de la ligne\u00a0Stop AKN\u00a0de Bab\u00e9 aide \u00e0\u00a0retrouver l'\u00e9lasticit\u00e9 et la vitalit\u00e9 de votre visage\u00a0en restaurant la barri\u00e8re du film hydrolipidique. De\u00a0texture non grasse\u00a0\u00e0 haut pouvoir hydratant et nourrissant, il r\u00e9g\u00e9n\u00e8re les \u00e9tats de grande\u00a0s\u00e9cheresse de la peau en laissant la peau mate.  Indiqu\u00e9 pour le soin quotidien des\u00a0peaux grasses ou soumises \u00e0 des traitements dermatologiques anti-acn\u00e9iques.  Essayez l'hydratant r\u00e9parateur Stop AKN et commencez \u00e0 para\u00eetre hydrat\u00e9 et \u00e9lastique.","og_url":"https:\/\/pharmadreams.shop\/index.php\/product\/babe-stop-akn-creme-hydratantes-reparatrice\/","og_site_name":"pharmadreams","article_modified_time":"2023-12-19T18:27:53+00:00","og_image":[{"width":960,"height":1170,"url":"https:\/\/pharmadreams.shop\/wp-content\/uploads\/2023\/12\/BABE-STOP-AKN-CREME-HYDRATANTE-REPARATRICE.png","type":"image\/png"}],"twitter_card":"summary_large_image","schema":{"@context":"https:\/\/schema.org","@graph":[{"@type":"WebPage","@id":"https:\/\/pharmadreams.shop\/index.php\/product\/babe-stop-akn-creme-hydratantes-reparatrice\/","url":"https:\/\/pharmadreams.shop\/index.php\/product\/babe-stop-akn-creme-hydratantes-reparatrice\/","name":"Babe stop akn cr\u00e8me hydratantes r\u00e9paratrice - pharmadreams","isPartOf":{"@id":"https:\/\/pharmadreams.shop\/#website"},"primaryImageOfPage":{"@id":"https:\/\/pharmadreams.shop\/index.php\/product\/babe-stop-akn-creme-hydratantes-reparatrice\/#primaryimage"},"image":{"@id":"https:\/\/pharmadreams.shop\/index.php\/product\/babe-stop-akn-creme-hydratantes-reparatrice\/#primaryimage"},"thumbnailUrl":"https:\/\/pharmadreams.shop\/wp-content\/uploads\/2023\/12\/BABE-STOP-AKN-CREME-HYDRATANTE-REPARATRICE.png","datePublished":"2023-12-19T18:27:07+00:00","dateModified":"2023-12-19T18:27:53+00:00","breadcrumb":{"@id":"https:\/\/pharmadreams.shop\/index.php\/product\/babe-stop-akn-creme-hydratantes-reparatrice\/#breadcrumb"},"inLanguage":"fr-FR","potentialAction":[{"@type":"ReadAction","target":["https:\/\/pharmadreams.shop\/index.php\/product\/babe-stop-akn-creme-hydratantes-reparatrice\/"]}]},{"@type":"ImageObject","inLanguage":"fr-FR","@id":"https:\/\/pharmadreams.shop\/index.php\/product\/babe-stop-akn-creme-hydratantes-reparatrice\/#primaryimage","url":"https:\/\/pharmadreams.shop\/wp-content\/uploads\/2023\/12\/BABE-STOP-AKN-CREME-HYDRATANTE-REPARATRICE.png","contentUrl":"https:\/\/pharmadreams.shop\/wp-content\/uploads\/2023\/12\/BABE-STOP-AKN-CREME-HYDRATANTE-REPARATRICE.png","width":960,"height":1170},{"@type":"BreadcrumbList","@id":"https:\/\/pharmadreams.shop\/index.php\/product\/babe-stop-akn-creme-hydratantes-reparatrice\/#breadcrumb","itemListElement":[{"@type":"ListItem","position":1,"name":"Accueil","item":"https:\/\/pharmadreams.shop\/"},{"@type":"ListItem","position":2,"name":"Shop","item":"https:\/\/pharmadreams.shop\/index.php\/shop\/"},{"@type":"ListItem","position":3,"name":"Babe stop akn cr\u00e8me hydratantes r\u00e9paratrice"}]},{"@type":"WebSite","@id":"https:\/\/pharmadreams.shop\/#website","url":"https:\/\/pharmadreams.shop\/","name":"pharmadreams","description":"Parapharmacie en ligne","potentialAction":[{"@type":"SearchAction","target":{"@type":"EntryPoint","urlTemplate":"https:\/\/pharmadreams.shop\/?s={search_term_string}"},"query-input":"required name=search_term_string"}],"inLanguage":"fr-FR"}]}},"_links":{"self":[{"href":"https:\/\/pharmadreams.shop\/index.php\/wp-json\/wp\/v2\/product\/15980","targetHints":{"allow":["GET"]}}],"collection":[{"href":"https:\/\/pharmadreams.shop\/index.php\/wp-json\/wp\/v2\/product"}],"about":[{"href":"https:\/\/pharmadreams.shop\/index.php\/wp-json\/wp\/v2\/types\/product"}],"replies":[{"embeddable":true,"href":"https:\/\/pharmadreams.shop\/index.php\/wp-json\/wp\/v2\/comments?post=15980"}],"version-history":[{"count":0,"href":"https:\/\/pharmadreams.shop\/index.php\/wp-json\/wp\/v2\/product\/15980\/revisions"}],"wp:featuredmedia":[{"embeddable":true,"href":"https:\/\/pharmadreams.shop\/index.php\/wp-json\/wp\/v2\/media\/16041"}],"wp:attachment":[{"href":"https:\/\/pharmadreams.shop\/index.php\/wp-json\/wp\/v2\/media?parent=15980"}],"wp:term":[{"taxonomy":"product_brand","embeddable":true,"href":"https:\/\/pharmadreams.shop\/index.php\/wp-json\/wp\/v2\/product_brand?post=15980"},{"taxonomy":"product_cat","embeddable":true,"href":"https:\/\/pharmadreams.shop\/index.php\/wp-json\/wp\/v2\/product_cat?post=15980"},{"taxonomy":"product_tag","embeddable":true,"href":"https:\/\/pharmadreams.shop\/index.php\/wp-json\/wp\/v2\/product_tag?post=15980"}],"curies":[{"name":"wp","href":"https:\/\/api.w.org\/{rel}","templated":true}]}}