{"id":15984,"date":"2023-12-19T19:27:08","date_gmt":"2023-12-19T18:27:08","guid":{"rendered":"https:\/\/venuspara.com\/?post_type=product&#038;p=15984"},"modified":"2024-03-16T00:44:12","modified_gmt":"2024-03-15T23:44:12","slug":"avene-physiolift-protect-creme-protectrice-lissante-spf30","status":"publish","type":"product","link":"https:\/\/pharmadreams.shop\/index.php\/product\/avene-physiolift-protect-creme-protectrice-lissante-spf30\/","title":{"rendered":"Avene physiolift protect cr\u00e8me protectrice lissante spf30"},"content":{"rendered":"","protected":false},"excerpt":{"rendered":"<p>Une Cr\u00e8me lissante qui r\u00e9v\u00e8le chaque jour une peau plus uniforme, lumineuse et prot\u00e9g\u00e9e. Concentr\u00e9e en actifs antirides et pro-fermet\u00e9 (Acide Hyaluronique repulpant et Ascofilline\u2122 restructurante), cette cr\u00e8me fermet\u00e9 visage estompe les signes visibles de l&rsquo;\u00e2ge (rides marqu\u00e9es, sillons profonds, perte de fermet\u00e9, teint irr\u00e9gulier) tout en prot\u00e9geant la peau du vieillissement photo-induit. En effet, avec sa protection SPF 30 anti UVA\/UVB, PhysioLift PROTECT prot\u00e8ge des UV quotidiens. Elle apporte en outre une double dose de Provitamine E, antioxydante qui r\u00e9duit l&rsquo;apparition des t\u00e2ches. Le tout dans une texture onctueuse et d\u00e9licatement parfum\u00e9e, excellente base de maquillage.<\/p>\n","protected":false},"featured_media":16057,"comment_status":"open","ping_status":"closed","template":"","meta":[],"product_brand":[],"product_cat":[20],"product_tag":[],"class_list":{"0":"post-15984","1":"product","2":"type-product","3":"status-publish","4":"has-post-thumbnail","6":"product_cat-visage","8":"first","9":"instock","10":"shipping-taxable","11":"purchasable","12":"product-type-simple"},"yoast_head":"<!-- This site is optimized with the Yoast SEO plugin v23.0 - https:\/\/yoast.com\/wordpress\/plugins\/seo\/ -->\n<title>Avene physiolift protect cr\u00e8me protectrice lissante spf30 - pharmadreams<\/title>\n<meta name=\"robots\" content=\"index, follow, max-snippet:-1, max-image-preview:large, max-video-preview:-1\" \/>\n<link rel=\"canonical\" href=\"https:\/\/pharmadreams.shop\/index.php\/product\/avene-physiolift-protect-creme-protectrice-lissante-spf30\/\" \/>\n<meta property=\"og:locale\" content=\"fr_FR\" \/>\n<meta property=\"og:type\" content=\"article\" \/>\n<meta property=\"og:title\" content=\"Avene physiolift protect cr\u00e8me protectrice lissante spf30 - pharmadreams\" \/>\n<meta property=\"og:description\" content=\"Une Cr\u00e8me lissante qui r\u00e9v\u00e8le chaque jour une peau plus uniforme, lumineuse et prot\u00e9g\u00e9e. Concentr\u00e9e en actifs antirides et pro-fermet\u00e9 (Acide Hyaluronique repulpant et Ascofilline\u2122 restructurante), cette cr\u00e8me fermet\u00e9 visage estompe les signes visibles de l&#039;\u00e2ge (rides marqu\u00e9es, sillons profonds, perte de fermet\u00e9, teint irr\u00e9gulier) tout en prot\u00e9geant la peau du vieillissement photo-induit. En effet, avec sa protection SPF 30 anti UVA\/UVB, PhysioLift PROTECT prot\u00e8ge des UV quotidiens. Elle apporte en outre une double dose de Provitamine E, antioxydante qui r\u00e9duit l&#039;apparition des t\u00e2ches. Le tout dans une texture onctueuse et d\u00e9licatement parfum\u00e9e, excellente base de maquillage.\" \/>\n<meta property=\"og:url\" content=\"https:\/\/pharmadreams.shop\/index.php\/product\/avene-physiolift-protect-creme-protectrice-lissante-spf30\/\" \/>\n<meta property=\"og:site_name\" content=\"pharmadreams\" \/>\n<meta property=\"article:modified_time\" content=\"2024-03-15T23:44:12+00:00\" \/>\n<meta property=\"og:image\" content=\"https:\/\/pharmadreams.shop\/wp-content\/uploads\/2023\/12\/AVENE-PHYSIOLIFT-PROTECT-Creme-protectrice-lissante-SPF30-1.png\" \/>\n\t<meta property=\"og:image:width\" content=\"960\" \/>\n\t<meta property=\"og:image:height\" content=\"1170\" \/>\n\t<meta property=\"og:image:type\" content=\"image\/png\" \/>\n<meta name=\"twitter:card\" content=\"summary_large_image\" \/>\n<meta name=\"twitter:label1\" content=\"Dur\u00e9e de lecture estim\u00e9e\" \/>\n\t<meta name=\"twitter:data1\" content=\"1 minute\" \/>\n<script type=\"application\/ld+json\" class=\"yoast-schema-graph\">{\"@context\":\"https:\/\/schema.org\",\"@graph\":[{\"@type\":\"WebPage\",\"@id\":\"https:\/\/pharmadreams.shop\/index.php\/product\/avene-physiolift-protect-creme-protectrice-lissante-spf30\/\",\"url\":\"https:\/\/pharmadreams.shop\/index.php\/product\/avene-physiolift-protect-creme-protectrice-lissante-spf30\/\",\"name\":\"Avene physiolift protect cr\u00e8me protectrice lissante spf30 - pharmadreams\",\"isPartOf\":{\"@id\":\"https:\/\/pharmadreams.shop\/#website\"},\"primaryImageOfPage\":{\"@id\":\"https:\/\/pharmadreams.shop\/index.php\/product\/avene-physiolift-protect-creme-protectrice-lissante-spf30\/#primaryimage\"},\"image\":{\"@id\":\"https:\/\/pharmadreams.shop\/index.php\/product\/avene-physiolift-protect-creme-protectrice-lissante-spf30\/#primaryimage\"},\"thumbnailUrl\":\"https:\/\/pharmadreams.shop\/wp-content\/uploads\/2023\/12\/AVENE-PHYSIOLIFT-PROTECT-Creme-protectrice-lissante-SPF30-1.png\",\"datePublished\":\"2023-12-19T18:27:08+00:00\",\"dateModified\":\"2024-03-15T23:44:12+00:00\",\"breadcrumb\":{\"@id\":\"https:\/\/pharmadreams.shop\/index.php\/product\/avene-physiolift-protect-creme-protectrice-lissante-spf30\/#breadcrumb\"},\"inLanguage\":\"fr-FR\",\"potentialAction\":[{\"@type\":\"ReadAction\",\"target\":[\"https:\/\/pharmadreams.shop\/index.php\/product\/avene-physiolift-protect-creme-protectrice-lissante-spf30\/\"]}]},{\"@type\":\"ImageObject\",\"inLanguage\":\"fr-FR\",\"@id\":\"https:\/\/pharmadreams.shop\/index.php\/product\/avene-physiolift-protect-creme-protectrice-lissante-spf30\/#primaryimage\",\"url\":\"https:\/\/pharmadreams.shop\/wp-content\/uploads\/2023\/12\/AVENE-PHYSIOLIFT-PROTECT-Creme-protectrice-lissante-SPF30-1.png\",\"contentUrl\":\"https:\/\/pharmadreams.shop\/wp-content\/uploads\/2023\/12\/AVENE-PHYSIOLIFT-PROTECT-Creme-protectrice-lissante-SPF30-1.png\",\"width\":960,\"height\":1170},{\"@type\":\"BreadcrumbList\",\"@id\":\"https:\/\/pharmadreams.shop\/index.php\/product\/avene-physiolift-protect-creme-protectrice-lissante-spf30\/#breadcrumb\",\"itemListElement\":[{\"@type\":\"ListItem\",\"position\":1,\"name\":\"Accueil\",\"item\":\"https:\/\/pharmadreams.shop\/\"},{\"@type\":\"ListItem\",\"position\":2,\"name\":\"Shop\",\"item\":\"https:\/\/pharmadreams.shop\/index.php\/shop\/\"},{\"@type\":\"ListItem\",\"position\":3,\"name\":\"Avene physiolift protect cr\u00e8me protectrice lissante spf30\"}]},{\"@type\":\"WebSite\",\"@id\":\"https:\/\/pharmadreams.shop\/#website\",\"url\":\"https:\/\/pharmadreams.shop\/\",\"name\":\"pharmadreams\",\"description\":\"Parapharmacie en ligne\",\"potentialAction\":[{\"@type\":\"SearchAction\",\"target\":{\"@type\":\"EntryPoint\",\"urlTemplate\":\"https:\/\/pharmadreams.shop\/?s={search_term_string}\"},\"query-input\":\"required name=search_term_string\"}],\"inLanguage\":\"fr-FR\"}]}<\/script>\n<!-- \/ Yoast SEO plugin. -->","yoast_head_json":{"title":"Avene physiolift protect cr\u00e8me protectrice lissante spf30 - pharmadreams","robots":{"index":"index","follow":"follow","max-snippet":"max-snippet:-1","max-image-preview":"max-image-preview:large","max-video-preview":"max-video-preview:-1"},"canonical":"https:\/\/pharmadreams.shop\/index.php\/product\/avene-physiolift-protect-creme-protectrice-lissante-spf30\/","og_locale":"fr_FR","og_type":"article","og_title":"Avene physiolift protect cr\u00e8me protectrice lissante spf30 - pharmadreams","og_description":"Une Cr\u00e8me lissante qui r\u00e9v\u00e8le chaque jour une peau plus uniforme, lumineuse et prot\u00e9g\u00e9e. Concentr\u00e9e en actifs antirides et pro-fermet\u00e9 (Acide Hyaluronique repulpant et Ascofilline\u2122 restructurante), cette cr\u00e8me fermet\u00e9 visage estompe les signes visibles de l'\u00e2ge (rides marqu\u00e9es, sillons profonds, perte de fermet\u00e9, teint irr\u00e9gulier) tout en prot\u00e9geant la peau du vieillissement photo-induit. En effet, avec sa protection SPF 30 anti UVA\/UVB, PhysioLift PROTECT prot\u00e8ge des UV quotidiens. Elle apporte en outre une double dose de Provitamine E, antioxydante qui r\u00e9duit l'apparition des t\u00e2ches. Le tout dans une texture onctueuse et d\u00e9licatement parfum\u00e9e, excellente base de maquillage.","og_url":"https:\/\/pharmadreams.shop\/index.php\/product\/avene-physiolift-protect-creme-protectrice-lissante-spf30\/","og_site_name":"pharmadreams","article_modified_time":"2024-03-15T23:44:12+00:00","og_image":[{"width":960,"height":1170,"url":"https:\/\/pharmadreams.shop\/wp-content\/uploads\/2023\/12\/AVENE-PHYSIOLIFT-PROTECT-Creme-protectrice-lissante-SPF30-1.png","type":"image\/png"}],"twitter_card":"summary_large_image","twitter_misc":{"Dur\u00e9e de lecture estim\u00e9e":"1 minute"},"schema":{"@context":"https:\/\/schema.org","@graph":[{"@type":"WebPage","@id":"https:\/\/pharmadreams.shop\/index.php\/product\/avene-physiolift-protect-creme-protectrice-lissante-spf30\/","url":"https:\/\/pharmadreams.shop\/index.php\/product\/avene-physiolift-protect-creme-protectrice-lissante-spf30\/","name":"Avene physiolift protect cr\u00e8me protectrice lissante spf30 - pharmadreams","isPartOf":{"@id":"https:\/\/pharmadreams.shop\/#website"},"primaryImageOfPage":{"@id":"https:\/\/pharmadreams.shop\/index.php\/product\/avene-physiolift-protect-creme-protectrice-lissante-spf30\/#primaryimage"},"image":{"@id":"https:\/\/pharmadreams.shop\/index.php\/product\/avene-physiolift-protect-creme-protectrice-lissante-spf30\/#primaryimage"},"thumbnailUrl":"https:\/\/pharmadreams.shop\/wp-content\/uploads\/2023\/12\/AVENE-PHYSIOLIFT-PROTECT-Creme-protectrice-lissante-SPF30-1.png","datePublished":"2023-12-19T18:27:08+00:00","dateModified":"2024-03-15T23:44:12+00:00","breadcrumb":{"@id":"https:\/\/pharmadreams.shop\/index.php\/product\/avene-physiolift-protect-creme-protectrice-lissante-spf30\/#breadcrumb"},"inLanguage":"fr-FR","potentialAction":[{"@type":"ReadAction","target":["https:\/\/pharmadreams.shop\/index.php\/product\/avene-physiolift-protect-creme-protectrice-lissante-spf30\/"]}]},{"@type":"ImageObject","inLanguage":"fr-FR","@id":"https:\/\/pharmadreams.shop\/index.php\/product\/avene-physiolift-protect-creme-protectrice-lissante-spf30\/#primaryimage","url":"https:\/\/pharmadreams.shop\/wp-content\/uploads\/2023\/12\/AVENE-PHYSIOLIFT-PROTECT-Creme-protectrice-lissante-SPF30-1.png","contentUrl":"https:\/\/pharmadreams.shop\/wp-content\/uploads\/2023\/12\/AVENE-PHYSIOLIFT-PROTECT-Creme-protectrice-lissante-SPF30-1.png","width":960,"height":1170},{"@type":"BreadcrumbList","@id":"https:\/\/pharmadreams.shop\/index.php\/product\/avene-physiolift-protect-creme-protectrice-lissante-spf30\/#breadcrumb","itemListElement":[{"@type":"ListItem","position":1,"name":"Accueil","item":"https:\/\/pharmadreams.shop\/"},{"@type":"ListItem","position":2,"name":"Shop","item":"https:\/\/pharmadreams.shop\/index.php\/shop\/"},{"@type":"ListItem","position":3,"name":"Avene physiolift protect cr\u00e8me protectrice lissante spf30"}]},{"@type":"WebSite","@id":"https:\/\/pharmadreams.shop\/#website","url":"https:\/\/pharmadreams.shop\/","name":"pharmadreams","description":"Parapharmacie en ligne","potentialAction":[{"@type":"SearchAction","target":{"@type":"EntryPoint","urlTemplate":"https:\/\/pharmadreams.shop\/?s={search_term_string}"},"query-input":"required name=search_term_string"}],"inLanguage":"fr-FR"}]}},"_links":{"self":[{"href":"https:\/\/pharmadreams.shop\/index.php\/wp-json\/wp\/v2\/product\/15984","targetHints":{"allow":["GET"]}}],"collection":[{"href":"https:\/\/pharmadreams.shop\/index.php\/wp-json\/wp\/v2\/product"}],"about":[{"href":"https:\/\/pharmadreams.shop\/index.php\/wp-json\/wp\/v2\/types\/product"}],"replies":[{"embeddable":true,"href":"https:\/\/pharmadreams.shop\/index.php\/wp-json\/wp\/v2\/comments?post=15984"}],"version-history":[{"count":0,"href":"https:\/\/pharmadreams.shop\/index.php\/wp-json\/wp\/v2\/product\/15984\/revisions"}],"wp:featuredmedia":[{"embeddable":true,"href":"https:\/\/pharmadreams.shop\/index.php\/wp-json\/wp\/v2\/media\/16057"}],"wp:attachment":[{"href":"https:\/\/pharmadreams.shop\/index.php\/wp-json\/wp\/v2\/media?parent=15984"}],"wp:term":[{"taxonomy":"product_brand","embeddable":true,"href":"https:\/\/pharmadreams.shop\/index.php\/wp-json\/wp\/v2\/product_brand?post=15984"},{"taxonomy":"product_cat","embeddable":true,"href":"https:\/\/pharmadreams.shop\/index.php\/wp-json\/wp\/v2\/product_cat?post=15984"},{"taxonomy":"product_tag","embeddable":true,"href":"https:\/\/pharmadreams.shop\/index.php\/wp-json\/wp\/v2\/product_tag?post=15984"}],"curies":[{"name":"wp","href":"https:\/\/api.w.org\/{rel}","templated":true}]}}