{"id":15990,"date":"2023-12-19T19:27:08","date_gmt":"2023-12-19T18:27:08","guid":{"rendered":"https:\/\/venuspara.com\/?post_type=product&#038;p=15990"},"modified":"2024-06-05T15:51:51","modified_gmt":"2024-06-05T14:51:51","slug":"muriac-deo-anti-transpirant-eclaircissant-50ml","status":"publish","type":"product","link":"https:\/\/pharmadreams.shop\/index.php\/product\/muriac-deo-anti-transpirant-eclaircissant-50ml\/","title":{"rendered":"Muriac deo anti transpirant \u00e9claircissant 50ml"},"content":{"rendered":"","protected":false},"excerpt":{"rendered":"<p>MURIAC DEO ECLAIRCISSANT anti transpirant 24 heures \u00e0 la technologie \u00e9claircissante c&rsquo;est un soin triple action, il prot\u00e8ge de la transpiration excessive, des odeurs corporelles et \u00e9claircit \u00e9galement la peau fonc\u00e9e des aisselles.<\/p>\n<p>MURIAC DEO poss\u00e8de un parfum doux et texture et texture l\u00e9g\u00e8re pour une agr\u00e9able sensation de fraicheur.<\/p>\n","protected":false},"featured_media":16065,"comment_status":"open","ping_status":"closed","template":"","meta":[],"product_brand":[],"product_cat":[103,88],"product_tag":[],"class_list":{"0":"post-15990","1":"product","2":"type-product","3":"status-publish","4":"has-post-thumbnail","6":"product_cat-deodorant","7":"product_cat-parfum","9":"first","10":"instock","11":"shipping-taxable","12":"purchasable","13":"product-type-simple"},"yoast_head":"<!-- This site is optimized with the Yoast SEO plugin v23.0 - https:\/\/yoast.com\/wordpress\/plugins\/seo\/ -->\n<title>Muriac deo anti transpirant \u00e9claircissant 50ml - pharmadreams<\/title>\n<meta name=\"robots\" content=\"index, follow, max-snippet:-1, max-image-preview:large, max-video-preview:-1\" \/>\n<link rel=\"canonical\" href=\"https:\/\/pharmadreams.shop\/index.php\/product\/muriac-deo-anti-transpirant-eclaircissant-50ml\/\" \/>\n<meta property=\"og:locale\" content=\"fr_FR\" \/>\n<meta property=\"og:type\" content=\"article\" \/>\n<meta property=\"og:title\" content=\"Muriac deo anti transpirant \u00e9claircissant 50ml - pharmadreams\" \/>\n<meta property=\"og:description\" content=\"MURIAC DEO ECLAIRCISSANT anti transpirant 24 heures \u00e0 la technologie \u00e9claircissante c&#039;est un soin triple action, il prot\u00e8ge de la transpiration excessive, des odeurs corporelles et \u00e9claircit \u00e9galement la peau fonc\u00e9e des aisselles.  MURIAC DEO poss\u00e8de un parfum doux et texture et texture l\u00e9g\u00e8re pour une agr\u00e9able sensation de fraicheur.\" \/>\n<meta property=\"og:url\" content=\"https:\/\/pharmadreams.shop\/index.php\/product\/muriac-deo-anti-transpirant-eclaircissant-50ml\/\" \/>\n<meta property=\"og:site_name\" content=\"pharmadreams\" \/>\n<meta property=\"article:modified_time\" content=\"2024-06-05T14:51:51+00:00\" \/>\n<meta property=\"og:image\" content=\"https:\/\/pharmadreams.shop\/wp-content\/uploads\/2023\/12\/MURIAC-DEO-ANTI-TRANSPIRANT-ECLAIRCISSANT-50ML.png\" \/>\n\t<meta property=\"og:image:width\" content=\"960\" \/>\n\t<meta property=\"og:image:height\" content=\"1170\" \/>\n\t<meta property=\"og:image:type\" content=\"image\/png\" \/>\n<meta name=\"twitter:card\" content=\"summary_large_image\" \/>\n<script type=\"application\/ld+json\" class=\"yoast-schema-graph\">{\"@context\":\"https:\/\/schema.org\",\"@graph\":[{\"@type\":\"WebPage\",\"@id\":\"https:\/\/pharmadreams.shop\/index.php\/product\/muriac-deo-anti-transpirant-eclaircissant-50ml\/\",\"url\":\"https:\/\/pharmadreams.shop\/index.php\/product\/muriac-deo-anti-transpirant-eclaircissant-50ml\/\",\"name\":\"Muriac deo anti transpirant \u00e9claircissant 50ml - pharmadreams\",\"isPartOf\":{\"@id\":\"https:\/\/pharmadreams.shop\/#website\"},\"primaryImageOfPage\":{\"@id\":\"https:\/\/pharmadreams.shop\/index.php\/product\/muriac-deo-anti-transpirant-eclaircissant-50ml\/#primaryimage\"},\"image\":{\"@id\":\"https:\/\/pharmadreams.shop\/index.php\/product\/muriac-deo-anti-transpirant-eclaircissant-50ml\/#primaryimage\"},\"thumbnailUrl\":\"https:\/\/pharmadreams.shop\/wp-content\/uploads\/2023\/12\/MURIAC-DEO-ANTI-TRANSPIRANT-ECLAIRCISSANT-50ML.png\",\"datePublished\":\"2023-12-19T18:27:08+00:00\",\"dateModified\":\"2024-06-05T14:51:51+00:00\",\"breadcrumb\":{\"@id\":\"https:\/\/pharmadreams.shop\/index.php\/product\/muriac-deo-anti-transpirant-eclaircissant-50ml\/#breadcrumb\"},\"inLanguage\":\"fr-FR\",\"potentialAction\":[{\"@type\":\"ReadAction\",\"target\":[\"https:\/\/pharmadreams.shop\/index.php\/product\/muriac-deo-anti-transpirant-eclaircissant-50ml\/\"]}]},{\"@type\":\"ImageObject\",\"inLanguage\":\"fr-FR\",\"@id\":\"https:\/\/pharmadreams.shop\/index.php\/product\/muriac-deo-anti-transpirant-eclaircissant-50ml\/#primaryimage\",\"url\":\"https:\/\/pharmadreams.shop\/wp-content\/uploads\/2023\/12\/MURIAC-DEO-ANTI-TRANSPIRANT-ECLAIRCISSANT-50ML.png\",\"contentUrl\":\"https:\/\/pharmadreams.shop\/wp-content\/uploads\/2023\/12\/MURIAC-DEO-ANTI-TRANSPIRANT-ECLAIRCISSANT-50ML.png\",\"width\":960,\"height\":1170},{\"@type\":\"BreadcrumbList\",\"@id\":\"https:\/\/pharmadreams.shop\/index.php\/product\/muriac-deo-anti-transpirant-eclaircissant-50ml\/#breadcrumb\",\"itemListElement\":[{\"@type\":\"ListItem\",\"position\":1,\"name\":\"Accueil\",\"item\":\"https:\/\/pharmadreams.shop\/\"},{\"@type\":\"ListItem\",\"position\":2,\"name\":\"Shop\",\"item\":\"https:\/\/pharmadreams.shop\/index.php\/shop\/\"},{\"@type\":\"ListItem\",\"position\":3,\"name\":\"Muriac deo anti transpirant \u00e9claircissant 50ml\"}]},{\"@type\":\"WebSite\",\"@id\":\"https:\/\/pharmadreams.shop\/#website\",\"url\":\"https:\/\/pharmadreams.shop\/\",\"name\":\"pharmadreams\",\"description\":\"Parapharmacie en ligne\",\"potentialAction\":[{\"@type\":\"SearchAction\",\"target\":{\"@type\":\"EntryPoint\",\"urlTemplate\":\"https:\/\/pharmadreams.shop\/?s={search_term_string}\"},\"query-input\":\"required name=search_term_string\"}],\"inLanguage\":\"fr-FR\"}]}<\/script>\n<!-- \/ Yoast SEO plugin. -->","yoast_head_json":{"title":"Muriac deo anti transpirant \u00e9claircissant 50ml - pharmadreams","robots":{"index":"index","follow":"follow","max-snippet":"max-snippet:-1","max-image-preview":"max-image-preview:large","max-video-preview":"max-video-preview:-1"},"canonical":"https:\/\/pharmadreams.shop\/index.php\/product\/muriac-deo-anti-transpirant-eclaircissant-50ml\/","og_locale":"fr_FR","og_type":"article","og_title":"Muriac deo anti transpirant \u00e9claircissant 50ml - pharmadreams","og_description":"MURIAC DEO ECLAIRCISSANT anti transpirant 24 heures \u00e0 la technologie \u00e9claircissante c'est un soin triple action, il prot\u00e8ge de la transpiration excessive, des odeurs corporelles et \u00e9claircit \u00e9galement la peau fonc\u00e9e des aisselles.  MURIAC DEO poss\u00e8de un parfum doux et texture et texture l\u00e9g\u00e8re pour une agr\u00e9able sensation de fraicheur.","og_url":"https:\/\/pharmadreams.shop\/index.php\/product\/muriac-deo-anti-transpirant-eclaircissant-50ml\/","og_site_name":"pharmadreams","article_modified_time":"2024-06-05T14:51:51+00:00","og_image":[{"width":960,"height":1170,"url":"https:\/\/pharmadreams.shop\/wp-content\/uploads\/2023\/12\/MURIAC-DEO-ANTI-TRANSPIRANT-ECLAIRCISSANT-50ML.png","type":"image\/png"}],"twitter_card":"summary_large_image","schema":{"@context":"https:\/\/schema.org","@graph":[{"@type":"WebPage","@id":"https:\/\/pharmadreams.shop\/index.php\/product\/muriac-deo-anti-transpirant-eclaircissant-50ml\/","url":"https:\/\/pharmadreams.shop\/index.php\/product\/muriac-deo-anti-transpirant-eclaircissant-50ml\/","name":"Muriac deo anti transpirant \u00e9claircissant 50ml - pharmadreams","isPartOf":{"@id":"https:\/\/pharmadreams.shop\/#website"},"primaryImageOfPage":{"@id":"https:\/\/pharmadreams.shop\/index.php\/product\/muriac-deo-anti-transpirant-eclaircissant-50ml\/#primaryimage"},"image":{"@id":"https:\/\/pharmadreams.shop\/index.php\/product\/muriac-deo-anti-transpirant-eclaircissant-50ml\/#primaryimage"},"thumbnailUrl":"https:\/\/pharmadreams.shop\/wp-content\/uploads\/2023\/12\/MURIAC-DEO-ANTI-TRANSPIRANT-ECLAIRCISSANT-50ML.png","datePublished":"2023-12-19T18:27:08+00:00","dateModified":"2024-06-05T14:51:51+00:00","breadcrumb":{"@id":"https:\/\/pharmadreams.shop\/index.php\/product\/muriac-deo-anti-transpirant-eclaircissant-50ml\/#breadcrumb"},"inLanguage":"fr-FR","potentialAction":[{"@type":"ReadAction","target":["https:\/\/pharmadreams.shop\/index.php\/product\/muriac-deo-anti-transpirant-eclaircissant-50ml\/"]}]},{"@type":"ImageObject","inLanguage":"fr-FR","@id":"https:\/\/pharmadreams.shop\/index.php\/product\/muriac-deo-anti-transpirant-eclaircissant-50ml\/#primaryimage","url":"https:\/\/pharmadreams.shop\/wp-content\/uploads\/2023\/12\/MURIAC-DEO-ANTI-TRANSPIRANT-ECLAIRCISSANT-50ML.png","contentUrl":"https:\/\/pharmadreams.shop\/wp-content\/uploads\/2023\/12\/MURIAC-DEO-ANTI-TRANSPIRANT-ECLAIRCISSANT-50ML.png","width":960,"height":1170},{"@type":"BreadcrumbList","@id":"https:\/\/pharmadreams.shop\/index.php\/product\/muriac-deo-anti-transpirant-eclaircissant-50ml\/#breadcrumb","itemListElement":[{"@type":"ListItem","position":1,"name":"Accueil","item":"https:\/\/pharmadreams.shop\/"},{"@type":"ListItem","position":2,"name":"Shop","item":"https:\/\/pharmadreams.shop\/index.php\/shop\/"},{"@type":"ListItem","position":3,"name":"Muriac deo anti transpirant \u00e9claircissant 50ml"}]},{"@type":"WebSite","@id":"https:\/\/pharmadreams.shop\/#website","url":"https:\/\/pharmadreams.shop\/","name":"pharmadreams","description":"Parapharmacie en ligne","potentialAction":[{"@type":"SearchAction","target":{"@type":"EntryPoint","urlTemplate":"https:\/\/pharmadreams.shop\/?s={search_term_string}"},"query-input":"required name=search_term_string"}],"inLanguage":"fr-FR"}]}},"_links":{"self":[{"href":"https:\/\/pharmadreams.shop\/index.php\/wp-json\/wp\/v2\/product\/15990","targetHints":{"allow":["GET"]}}],"collection":[{"href":"https:\/\/pharmadreams.shop\/index.php\/wp-json\/wp\/v2\/product"}],"about":[{"href":"https:\/\/pharmadreams.shop\/index.php\/wp-json\/wp\/v2\/types\/product"}],"replies":[{"embeddable":true,"href":"https:\/\/pharmadreams.shop\/index.php\/wp-json\/wp\/v2\/comments?post=15990"}],"version-history":[{"count":0,"href":"https:\/\/pharmadreams.shop\/index.php\/wp-json\/wp\/v2\/product\/15990\/revisions"}],"wp:featuredmedia":[{"embeddable":true,"href":"https:\/\/pharmadreams.shop\/index.php\/wp-json\/wp\/v2\/media\/16065"}],"wp:attachment":[{"href":"https:\/\/pharmadreams.shop\/index.php\/wp-json\/wp\/v2\/media?parent=15990"}],"wp:term":[{"taxonomy":"product_brand","embeddable":true,"href":"https:\/\/pharmadreams.shop\/index.php\/wp-json\/wp\/v2\/product_brand?post=15990"},{"taxonomy":"product_cat","embeddable":true,"href":"https:\/\/pharmadreams.shop\/index.php\/wp-json\/wp\/v2\/product_cat?post=15990"},{"taxonomy":"product_tag","embeddable":true,"href":"https:\/\/pharmadreams.shop\/index.php\/wp-json\/wp\/v2\/product_tag?post=15990"}],"curies":[{"name":"wp","href":"https:\/\/api.w.org\/{rel}","templated":true}]}}