{"id":15992,"date":"2023-12-19T19:27:09","date_gmt":"2023-12-19T18:27:09","guid":{"rendered":"https:\/\/venuspara.com\/?post_type=product&#038;p=15992"},"modified":"2023-12-19T19:28:17","modified_gmt":"2023-12-19T18:28:17","slug":"muriac-lightact-lotion-lactee-eclaircissante-anti-taches","status":"publish","type":"product","link":"https:\/\/pharmadreams.shop\/index.php\/product\/muriac-lightact-lotion-lactee-eclaircissante-anti-taches\/","title":{"rendered":"Muriac lightact lotion lact\u00e9e \u00e9claircissante anti-taches"},"content":{"rendered":"","protected":false},"excerpt":{"rendered":"<p>La lotion lact\u00e9e \u00e9claircissante anti taches de Muriac Lightact s\u2019applique sur le corps et les zones sensibles pour lutter contre le teint terne et les troubles de la pigmentation.<\/p>\n<p>Muriac Lightact lotion \u00e9claircit les taches brunes qui peuvent \u00eatre localis\u00e9es dans des zones sensibles, elle apaise et hydrate intens\u00e9ment l\u2019\u00e9piderme tout en prot\u00e9geant la peau contre le vieillissement cutan\u00e9.<\/p>\n","protected":false},"featured_media":16069,"comment_status":"open","ping_status":"closed","template":"","meta":[],"product_brand":[],"product_cat":[20],"product_tag":[],"class_list":{"0":"post-15992","1":"product","2":"type-product","3":"status-publish","4":"has-post-thumbnail","6":"product_cat-visage","8":"first","9":"instock","10":"sale","11":"shipping-taxable","12":"purchasable","13":"product-type-simple"},"yoast_head":"<!-- This site is optimized with the Yoast SEO plugin v23.0 - https:\/\/yoast.com\/wordpress\/plugins\/seo\/ -->\n<title>Muriac lightact lotion lact\u00e9e \u00e9claircissante anti-taches - pharmadreams<\/title>\n<meta name=\"robots\" content=\"index, follow, max-snippet:-1, max-image-preview:large, max-video-preview:-1\" \/>\n<link rel=\"canonical\" href=\"https:\/\/pharmadreams.shop\/index.php\/product\/muriac-lightact-lotion-lactee-eclaircissante-anti-taches\/\" \/>\n<meta property=\"og:locale\" content=\"fr_FR\" \/>\n<meta property=\"og:type\" content=\"article\" \/>\n<meta property=\"og:title\" content=\"Muriac lightact lotion lact\u00e9e \u00e9claircissante anti-taches - pharmadreams\" \/>\n<meta property=\"og:description\" content=\"La lotion lact\u00e9e \u00e9claircissante anti taches de Muriac Lightact s\u2019applique sur le corps et les zones sensibles pour lutter contre le teint terne et les troubles de la pigmentation.  Muriac Lightact lotion \u00e9claircit les taches brunes qui peuvent \u00eatre localis\u00e9es dans des zones sensibles, elle apaise et hydrate intens\u00e9ment l\u2019\u00e9piderme tout en prot\u00e9geant la peau contre le vieillissement cutan\u00e9.\" \/>\n<meta property=\"og:url\" content=\"https:\/\/pharmadreams.shop\/index.php\/product\/muriac-lightact-lotion-lactee-eclaircissante-anti-taches\/\" \/>\n<meta property=\"og:site_name\" content=\"pharmadreams\" \/>\n<meta property=\"article:modified_time\" content=\"2023-12-19T18:28:17+00:00\" \/>\n<meta property=\"og:image\" content=\"https:\/\/pharmadreams.shop\/wp-content\/uploads\/2023\/12\/MURIAC-LIGHTACT-LOTION-LACTEE-ECLAIRCISSANTE-ANTI-TACHES.png\" \/>\n\t<meta property=\"og:image:width\" content=\"960\" \/>\n\t<meta property=\"og:image:height\" content=\"1170\" \/>\n\t<meta property=\"og:image:type\" content=\"image\/png\" \/>\n<meta name=\"twitter:card\" content=\"summary_large_image\" \/>\n<script type=\"application\/ld+json\" class=\"yoast-schema-graph\">{\"@context\":\"https:\/\/schema.org\",\"@graph\":[{\"@type\":\"WebPage\",\"@id\":\"https:\/\/pharmadreams.shop\/index.php\/product\/muriac-lightact-lotion-lactee-eclaircissante-anti-taches\/\",\"url\":\"https:\/\/pharmadreams.shop\/index.php\/product\/muriac-lightact-lotion-lactee-eclaircissante-anti-taches\/\",\"name\":\"Muriac lightact lotion lact\u00e9e \u00e9claircissante anti-taches - pharmadreams\",\"isPartOf\":{\"@id\":\"https:\/\/pharmadreams.shop\/#website\"},\"primaryImageOfPage\":{\"@id\":\"https:\/\/pharmadreams.shop\/index.php\/product\/muriac-lightact-lotion-lactee-eclaircissante-anti-taches\/#primaryimage\"},\"image\":{\"@id\":\"https:\/\/pharmadreams.shop\/index.php\/product\/muriac-lightact-lotion-lactee-eclaircissante-anti-taches\/#primaryimage\"},\"thumbnailUrl\":\"https:\/\/pharmadreams.shop\/wp-content\/uploads\/2023\/12\/MURIAC-LIGHTACT-LOTION-LACTEE-ECLAIRCISSANTE-ANTI-TACHES.png\",\"datePublished\":\"2023-12-19T18:27:09+00:00\",\"dateModified\":\"2023-12-19T18:28:17+00:00\",\"breadcrumb\":{\"@id\":\"https:\/\/pharmadreams.shop\/index.php\/product\/muriac-lightact-lotion-lactee-eclaircissante-anti-taches\/#breadcrumb\"},\"inLanguage\":\"fr-FR\",\"potentialAction\":[{\"@type\":\"ReadAction\",\"target\":[\"https:\/\/pharmadreams.shop\/index.php\/product\/muriac-lightact-lotion-lactee-eclaircissante-anti-taches\/\"]}]},{\"@type\":\"ImageObject\",\"inLanguage\":\"fr-FR\",\"@id\":\"https:\/\/pharmadreams.shop\/index.php\/product\/muriac-lightact-lotion-lactee-eclaircissante-anti-taches\/#primaryimage\",\"url\":\"https:\/\/pharmadreams.shop\/wp-content\/uploads\/2023\/12\/MURIAC-LIGHTACT-LOTION-LACTEE-ECLAIRCISSANTE-ANTI-TACHES.png\",\"contentUrl\":\"https:\/\/pharmadreams.shop\/wp-content\/uploads\/2023\/12\/MURIAC-LIGHTACT-LOTION-LACTEE-ECLAIRCISSANTE-ANTI-TACHES.png\",\"width\":960,\"height\":1170},{\"@type\":\"BreadcrumbList\",\"@id\":\"https:\/\/pharmadreams.shop\/index.php\/product\/muriac-lightact-lotion-lactee-eclaircissante-anti-taches\/#breadcrumb\",\"itemListElement\":[{\"@type\":\"ListItem\",\"position\":1,\"name\":\"Accueil\",\"item\":\"https:\/\/pharmadreams.shop\/\"},{\"@type\":\"ListItem\",\"position\":2,\"name\":\"Shop\",\"item\":\"https:\/\/pharmadreams.shop\/index.php\/shop\/\"},{\"@type\":\"ListItem\",\"position\":3,\"name\":\"Muriac lightact lotion lact\u00e9e \u00e9claircissante anti-taches\"}]},{\"@type\":\"WebSite\",\"@id\":\"https:\/\/pharmadreams.shop\/#website\",\"url\":\"https:\/\/pharmadreams.shop\/\",\"name\":\"pharmadreams\",\"description\":\"Parapharmacie en ligne\",\"potentialAction\":[{\"@type\":\"SearchAction\",\"target\":{\"@type\":\"EntryPoint\",\"urlTemplate\":\"https:\/\/pharmadreams.shop\/?s={search_term_string}\"},\"query-input\":\"required name=search_term_string\"}],\"inLanguage\":\"fr-FR\"}]}<\/script>\n<!-- \/ Yoast SEO plugin. -->","yoast_head_json":{"title":"Muriac lightact lotion lact\u00e9e \u00e9claircissante anti-taches - pharmadreams","robots":{"index":"index","follow":"follow","max-snippet":"max-snippet:-1","max-image-preview":"max-image-preview:large","max-video-preview":"max-video-preview:-1"},"canonical":"https:\/\/pharmadreams.shop\/index.php\/product\/muriac-lightact-lotion-lactee-eclaircissante-anti-taches\/","og_locale":"fr_FR","og_type":"article","og_title":"Muriac lightact lotion lact\u00e9e \u00e9claircissante anti-taches - pharmadreams","og_description":"La lotion lact\u00e9e \u00e9claircissante anti taches de Muriac Lightact s\u2019applique sur le corps et les zones sensibles pour lutter contre le teint terne et les troubles de la pigmentation.  Muriac Lightact lotion \u00e9claircit les taches brunes qui peuvent \u00eatre localis\u00e9es dans des zones sensibles, elle apaise et hydrate intens\u00e9ment l\u2019\u00e9piderme tout en prot\u00e9geant la peau contre le vieillissement cutan\u00e9.","og_url":"https:\/\/pharmadreams.shop\/index.php\/product\/muriac-lightact-lotion-lactee-eclaircissante-anti-taches\/","og_site_name":"pharmadreams","article_modified_time":"2023-12-19T18:28:17+00:00","og_image":[{"width":960,"height":1170,"url":"https:\/\/pharmadreams.shop\/wp-content\/uploads\/2023\/12\/MURIAC-LIGHTACT-LOTION-LACTEE-ECLAIRCISSANTE-ANTI-TACHES.png","type":"image\/png"}],"twitter_card":"summary_large_image","schema":{"@context":"https:\/\/schema.org","@graph":[{"@type":"WebPage","@id":"https:\/\/pharmadreams.shop\/index.php\/product\/muriac-lightact-lotion-lactee-eclaircissante-anti-taches\/","url":"https:\/\/pharmadreams.shop\/index.php\/product\/muriac-lightact-lotion-lactee-eclaircissante-anti-taches\/","name":"Muriac lightact lotion lact\u00e9e \u00e9claircissante anti-taches - pharmadreams","isPartOf":{"@id":"https:\/\/pharmadreams.shop\/#website"},"primaryImageOfPage":{"@id":"https:\/\/pharmadreams.shop\/index.php\/product\/muriac-lightact-lotion-lactee-eclaircissante-anti-taches\/#primaryimage"},"image":{"@id":"https:\/\/pharmadreams.shop\/index.php\/product\/muriac-lightact-lotion-lactee-eclaircissante-anti-taches\/#primaryimage"},"thumbnailUrl":"https:\/\/pharmadreams.shop\/wp-content\/uploads\/2023\/12\/MURIAC-LIGHTACT-LOTION-LACTEE-ECLAIRCISSANTE-ANTI-TACHES.png","datePublished":"2023-12-19T18:27:09+00:00","dateModified":"2023-12-19T18:28:17+00:00","breadcrumb":{"@id":"https:\/\/pharmadreams.shop\/index.php\/product\/muriac-lightact-lotion-lactee-eclaircissante-anti-taches\/#breadcrumb"},"inLanguage":"fr-FR","potentialAction":[{"@type":"ReadAction","target":["https:\/\/pharmadreams.shop\/index.php\/product\/muriac-lightact-lotion-lactee-eclaircissante-anti-taches\/"]}]},{"@type":"ImageObject","inLanguage":"fr-FR","@id":"https:\/\/pharmadreams.shop\/index.php\/product\/muriac-lightact-lotion-lactee-eclaircissante-anti-taches\/#primaryimage","url":"https:\/\/pharmadreams.shop\/wp-content\/uploads\/2023\/12\/MURIAC-LIGHTACT-LOTION-LACTEE-ECLAIRCISSANTE-ANTI-TACHES.png","contentUrl":"https:\/\/pharmadreams.shop\/wp-content\/uploads\/2023\/12\/MURIAC-LIGHTACT-LOTION-LACTEE-ECLAIRCISSANTE-ANTI-TACHES.png","width":960,"height":1170},{"@type":"BreadcrumbList","@id":"https:\/\/pharmadreams.shop\/index.php\/product\/muriac-lightact-lotion-lactee-eclaircissante-anti-taches\/#breadcrumb","itemListElement":[{"@type":"ListItem","position":1,"name":"Accueil","item":"https:\/\/pharmadreams.shop\/"},{"@type":"ListItem","position":2,"name":"Shop","item":"https:\/\/pharmadreams.shop\/index.php\/shop\/"},{"@type":"ListItem","position":3,"name":"Muriac lightact lotion lact\u00e9e \u00e9claircissante anti-taches"}]},{"@type":"WebSite","@id":"https:\/\/pharmadreams.shop\/#website","url":"https:\/\/pharmadreams.shop\/","name":"pharmadreams","description":"Parapharmacie en ligne","potentialAction":[{"@type":"SearchAction","target":{"@type":"EntryPoint","urlTemplate":"https:\/\/pharmadreams.shop\/?s={search_term_string}"},"query-input":"required name=search_term_string"}],"inLanguage":"fr-FR"}]}},"_links":{"self":[{"href":"https:\/\/pharmadreams.shop\/index.php\/wp-json\/wp\/v2\/product\/15992","targetHints":{"allow":["GET"]}}],"collection":[{"href":"https:\/\/pharmadreams.shop\/index.php\/wp-json\/wp\/v2\/product"}],"about":[{"href":"https:\/\/pharmadreams.shop\/index.php\/wp-json\/wp\/v2\/types\/product"}],"replies":[{"embeddable":true,"href":"https:\/\/pharmadreams.shop\/index.php\/wp-json\/wp\/v2\/comments?post=15992"}],"version-history":[{"count":0,"href":"https:\/\/pharmadreams.shop\/index.php\/wp-json\/wp\/v2\/product\/15992\/revisions"}],"wp:featuredmedia":[{"embeddable":true,"href":"https:\/\/pharmadreams.shop\/index.php\/wp-json\/wp\/v2\/media\/16069"}],"wp:attachment":[{"href":"https:\/\/pharmadreams.shop\/index.php\/wp-json\/wp\/v2\/media?parent=15992"}],"wp:term":[{"taxonomy":"product_brand","embeddable":true,"href":"https:\/\/pharmadreams.shop\/index.php\/wp-json\/wp\/v2\/product_brand?post=15992"},{"taxonomy":"product_cat","embeddable":true,"href":"https:\/\/pharmadreams.shop\/index.php\/wp-json\/wp\/v2\/product_cat?post=15992"},{"taxonomy":"product_tag","embeddable":true,"href":"https:\/\/pharmadreams.shop\/index.php\/wp-json\/wp\/v2\/product_tag?post=15992"}],"curies":[{"name":"wp","href":"https:\/\/api.w.org\/{rel}","templated":true}]}}