{"id":16020,"date":"2023-12-19T19:27:34","date_gmt":"2023-12-19T18:27:34","guid":{"rendered":"https:\/\/venuspara.com\/?post_type=product&#038;p=16020"},"modified":"2023-12-19T19:28:30","modified_gmt":"2023-12-19T18:28:30","slug":"dermacare-hydraliss-lait-corporel-hydratant-500ml","status":"publish","type":"product","link":"https:\/\/pharmadreams.shop\/index.php\/product\/dermacare-hydraliss-lait-corporel-hydratant-500ml\/","title":{"rendered":"Dermacare hydraliss lait corporel hydratant 500ml"},"content":{"rendered":"","protected":false},"excerpt":{"rendered":"<p>Hydraliss lait corporel hydratant, prot\u00e8ge, r\u00e9pare et adoucit la peau normale \u00e0 s\u00e8che gr\u00e2ce \u00e0 sa formule riche en beurre de karit\u00e9 et en huile d&rsquo;amande douce, ce lait aide \u00e0 hydrater et \u00e0 apaiser l&rsquo;\u00e9piderme.<\/p>\n","protected":false},"featured_media":16090,"comment_status":"open","ping_status":"closed","template":"","meta":[],"product_brand":[],"product_cat":[83],"product_tag":[],"class_list":{"0":"post-16020","1":"product","2":"type-product","3":"status-publish","4":"has-post-thumbnail","6":"product_cat-uncategorized","8":"first","9":"instock","10":"shipping-taxable","11":"purchasable","12":"product-type-simple"},"yoast_head":"<!-- This site is optimized with the Yoast SEO plugin v23.0 - https:\/\/yoast.com\/wordpress\/plugins\/seo\/ -->\n<title>Dermacare hydraliss lait corporel hydratant 500ml - pharmadreams<\/title>\n<meta name=\"robots\" content=\"index, follow, max-snippet:-1, max-image-preview:large, max-video-preview:-1\" \/>\n<link rel=\"canonical\" href=\"https:\/\/pharmadreams.shop\/index.php\/product\/dermacare-hydraliss-lait-corporel-hydratant-500ml\/\" \/>\n<meta property=\"og:locale\" content=\"fr_FR\" \/>\n<meta property=\"og:type\" content=\"article\" \/>\n<meta property=\"og:title\" content=\"Dermacare hydraliss lait corporel hydratant 500ml - pharmadreams\" \/>\n<meta property=\"og:description\" content=\"Hydraliss lait corporel hydratant, prot\u00e8ge, r\u00e9pare et adoucit la peau normale \u00e0 s\u00e8che gr\u00e2ce \u00e0 sa formule riche en beurre de karit\u00e9 et en huile d&#039;amande douce, ce lait aide \u00e0 hydrater et \u00e0 apaiser l&#039;\u00e9piderme.\" \/>\n<meta property=\"og:url\" content=\"https:\/\/pharmadreams.shop\/index.php\/product\/dermacare-hydraliss-lait-corporel-hydratant-500ml\/\" \/>\n<meta property=\"og:site_name\" content=\"pharmadreams\" \/>\n<meta property=\"article:modified_time\" content=\"2023-12-19T18:28:30+00:00\" \/>\n<meta property=\"og:image\" content=\"https:\/\/pharmadreams.shop\/wp-content\/uploads\/2023\/12\/DERMACARE-HYDRALISS-BAUME-INTENSIF-500ML-1.png\" \/>\n\t<meta property=\"og:image:width\" content=\"960\" \/>\n\t<meta property=\"og:image:height\" content=\"1170\" \/>\n\t<meta property=\"og:image:type\" content=\"image\/png\" \/>\n<meta name=\"twitter:card\" content=\"summary_large_image\" \/>\n<script type=\"application\/ld+json\" class=\"yoast-schema-graph\">{\"@context\":\"https:\/\/schema.org\",\"@graph\":[{\"@type\":\"WebPage\",\"@id\":\"https:\/\/pharmadreams.shop\/index.php\/product\/dermacare-hydraliss-lait-corporel-hydratant-500ml\/\",\"url\":\"https:\/\/pharmadreams.shop\/index.php\/product\/dermacare-hydraliss-lait-corporel-hydratant-500ml\/\",\"name\":\"Dermacare hydraliss lait corporel hydratant 500ml - pharmadreams\",\"isPartOf\":{\"@id\":\"https:\/\/pharmadreams.shop\/#website\"},\"primaryImageOfPage\":{\"@id\":\"https:\/\/pharmadreams.shop\/index.php\/product\/dermacare-hydraliss-lait-corporel-hydratant-500ml\/#primaryimage\"},\"image\":{\"@id\":\"https:\/\/pharmadreams.shop\/index.php\/product\/dermacare-hydraliss-lait-corporel-hydratant-500ml\/#primaryimage\"},\"thumbnailUrl\":\"https:\/\/pharmadreams.shop\/wp-content\/uploads\/2023\/12\/DERMACARE-HYDRALISS-BAUME-INTENSIF-500ML-1.png\",\"datePublished\":\"2023-12-19T18:27:34+00:00\",\"dateModified\":\"2023-12-19T18:28:30+00:00\",\"breadcrumb\":{\"@id\":\"https:\/\/pharmadreams.shop\/index.php\/product\/dermacare-hydraliss-lait-corporel-hydratant-500ml\/#breadcrumb\"},\"inLanguage\":\"fr-FR\",\"potentialAction\":[{\"@type\":\"ReadAction\",\"target\":[\"https:\/\/pharmadreams.shop\/index.php\/product\/dermacare-hydraliss-lait-corporel-hydratant-500ml\/\"]}]},{\"@type\":\"ImageObject\",\"inLanguage\":\"fr-FR\",\"@id\":\"https:\/\/pharmadreams.shop\/index.php\/product\/dermacare-hydraliss-lait-corporel-hydratant-500ml\/#primaryimage\",\"url\":\"https:\/\/pharmadreams.shop\/wp-content\/uploads\/2023\/12\/DERMACARE-HYDRALISS-BAUME-INTENSIF-500ML-1.png\",\"contentUrl\":\"https:\/\/pharmadreams.shop\/wp-content\/uploads\/2023\/12\/DERMACARE-HYDRALISS-BAUME-INTENSIF-500ML-1.png\",\"width\":960,\"height\":1170},{\"@type\":\"BreadcrumbList\",\"@id\":\"https:\/\/pharmadreams.shop\/index.php\/product\/dermacare-hydraliss-lait-corporel-hydratant-500ml\/#breadcrumb\",\"itemListElement\":[{\"@type\":\"ListItem\",\"position\":1,\"name\":\"Accueil\",\"item\":\"https:\/\/pharmadreams.shop\/\"},{\"@type\":\"ListItem\",\"position\":2,\"name\":\"Shop\",\"item\":\"https:\/\/pharmadreams.shop\/index.php\/shop\/\"},{\"@type\":\"ListItem\",\"position\":3,\"name\":\"Dermacare hydraliss lait corporel hydratant 500ml\"}]},{\"@type\":\"WebSite\",\"@id\":\"https:\/\/pharmadreams.shop\/#website\",\"url\":\"https:\/\/pharmadreams.shop\/\",\"name\":\"pharmadreams\",\"description\":\"Parapharmacie en ligne\",\"potentialAction\":[{\"@type\":\"SearchAction\",\"target\":{\"@type\":\"EntryPoint\",\"urlTemplate\":\"https:\/\/pharmadreams.shop\/?s={search_term_string}\"},\"query-input\":\"required name=search_term_string\"}],\"inLanguage\":\"fr-FR\"}]}<\/script>\n<!-- \/ Yoast SEO plugin. -->","yoast_head_json":{"title":"Dermacare hydraliss lait corporel hydratant 500ml - pharmadreams","robots":{"index":"index","follow":"follow","max-snippet":"max-snippet:-1","max-image-preview":"max-image-preview:large","max-video-preview":"max-video-preview:-1"},"canonical":"https:\/\/pharmadreams.shop\/index.php\/product\/dermacare-hydraliss-lait-corporel-hydratant-500ml\/","og_locale":"fr_FR","og_type":"article","og_title":"Dermacare hydraliss lait corporel hydratant 500ml - pharmadreams","og_description":"Hydraliss lait corporel hydratant, prot\u00e8ge, r\u00e9pare et adoucit la peau normale \u00e0 s\u00e8che gr\u00e2ce \u00e0 sa formule riche en beurre de karit\u00e9 et en huile d'amande douce, ce lait aide \u00e0 hydrater et \u00e0 apaiser l'\u00e9piderme.","og_url":"https:\/\/pharmadreams.shop\/index.php\/product\/dermacare-hydraliss-lait-corporel-hydratant-500ml\/","og_site_name":"pharmadreams","article_modified_time":"2023-12-19T18:28:30+00:00","og_image":[{"width":960,"height":1170,"url":"https:\/\/pharmadreams.shop\/wp-content\/uploads\/2023\/12\/DERMACARE-HYDRALISS-BAUME-INTENSIF-500ML-1.png","type":"image\/png"}],"twitter_card":"summary_large_image","schema":{"@context":"https:\/\/schema.org","@graph":[{"@type":"WebPage","@id":"https:\/\/pharmadreams.shop\/index.php\/product\/dermacare-hydraliss-lait-corporel-hydratant-500ml\/","url":"https:\/\/pharmadreams.shop\/index.php\/product\/dermacare-hydraliss-lait-corporel-hydratant-500ml\/","name":"Dermacare hydraliss lait corporel hydratant 500ml - pharmadreams","isPartOf":{"@id":"https:\/\/pharmadreams.shop\/#website"},"primaryImageOfPage":{"@id":"https:\/\/pharmadreams.shop\/index.php\/product\/dermacare-hydraliss-lait-corporel-hydratant-500ml\/#primaryimage"},"image":{"@id":"https:\/\/pharmadreams.shop\/index.php\/product\/dermacare-hydraliss-lait-corporel-hydratant-500ml\/#primaryimage"},"thumbnailUrl":"https:\/\/pharmadreams.shop\/wp-content\/uploads\/2023\/12\/DERMACARE-HYDRALISS-BAUME-INTENSIF-500ML-1.png","datePublished":"2023-12-19T18:27:34+00:00","dateModified":"2023-12-19T18:28:30+00:00","breadcrumb":{"@id":"https:\/\/pharmadreams.shop\/index.php\/product\/dermacare-hydraliss-lait-corporel-hydratant-500ml\/#breadcrumb"},"inLanguage":"fr-FR","potentialAction":[{"@type":"ReadAction","target":["https:\/\/pharmadreams.shop\/index.php\/product\/dermacare-hydraliss-lait-corporel-hydratant-500ml\/"]}]},{"@type":"ImageObject","inLanguage":"fr-FR","@id":"https:\/\/pharmadreams.shop\/index.php\/product\/dermacare-hydraliss-lait-corporel-hydratant-500ml\/#primaryimage","url":"https:\/\/pharmadreams.shop\/wp-content\/uploads\/2023\/12\/DERMACARE-HYDRALISS-BAUME-INTENSIF-500ML-1.png","contentUrl":"https:\/\/pharmadreams.shop\/wp-content\/uploads\/2023\/12\/DERMACARE-HYDRALISS-BAUME-INTENSIF-500ML-1.png","width":960,"height":1170},{"@type":"BreadcrumbList","@id":"https:\/\/pharmadreams.shop\/index.php\/product\/dermacare-hydraliss-lait-corporel-hydratant-500ml\/#breadcrumb","itemListElement":[{"@type":"ListItem","position":1,"name":"Accueil","item":"https:\/\/pharmadreams.shop\/"},{"@type":"ListItem","position":2,"name":"Shop","item":"https:\/\/pharmadreams.shop\/index.php\/shop\/"},{"@type":"ListItem","position":3,"name":"Dermacare hydraliss lait corporel hydratant 500ml"}]},{"@type":"WebSite","@id":"https:\/\/pharmadreams.shop\/#website","url":"https:\/\/pharmadreams.shop\/","name":"pharmadreams","description":"Parapharmacie en ligne","potentialAction":[{"@type":"SearchAction","target":{"@type":"EntryPoint","urlTemplate":"https:\/\/pharmadreams.shop\/?s={search_term_string}"},"query-input":"required name=search_term_string"}],"inLanguage":"fr-FR"}]}},"_links":{"self":[{"href":"https:\/\/pharmadreams.shop\/index.php\/wp-json\/wp\/v2\/product\/16020","targetHints":{"allow":["GET"]}}],"collection":[{"href":"https:\/\/pharmadreams.shop\/index.php\/wp-json\/wp\/v2\/product"}],"about":[{"href":"https:\/\/pharmadreams.shop\/index.php\/wp-json\/wp\/v2\/types\/product"}],"replies":[{"embeddable":true,"href":"https:\/\/pharmadreams.shop\/index.php\/wp-json\/wp\/v2\/comments?post=16020"}],"version-history":[{"count":0,"href":"https:\/\/pharmadreams.shop\/index.php\/wp-json\/wp\/v2\/product\/16020\/revisions"}],"wp:featuredmedia":[{"embeddable":true,"href":"https:\/\/pharmadreams.shop\/index.php\/wp-json\/wp\/v2\/media\/16090"}],"wp:attachment":[{"href":"https:\/\/pharmadreams.shop\/index.php\/wp-json\/wp\/v2\/media?parent=16020"}],"wp:term":[{"taxonomy":"product_brand","embeddable":true,"href":"https:\/\/pharmadreams.shop\/index.php\/wp-json\/wp\/v2\/product_brand?post=16020"},{"taxonomy":"product_cat","embeddable":true,"href":"https:\/\/pharmadreams.shop\/index.php\/wp-json\/wp\/v2\/product_cat?post=16020"},{"taxonomy":"product_tag","embeddable":true,"href":"https:\/\/pharmadreams.shop\/index.php\/wp-json\/wp\/v2\/product_tag?post=16020"}],"curies":[{"name":"wp","href":"https:\/\/api.w.org\/{rel}","templated":true}]}}