{"id":16023,"date":"2023-12-19T19:27:35","date_gmt":"2023-12-19T18:27:35","guid":{"rendered":"https:\/\/venuspara.com\/?post_type=product&#038;p=16023"},"modified":"2023-12-19T19:28:36","modified_gmt":"2023-12-19T18:28:36","slug":"dermacare-purenet-skin-lotion-assechante-100ml","status":"publish","type":"product","link":"https:\/\/pharmadreams.shop\/index.php\/product\/dermacare-purenet-skin-lotion-assechante-100ml\/","title":{"rendered":"Dermacare purenet skin lotion ass\u00e9chante 100ml"},"content":{"rendered":"","protected":false},"excerpt":{"rendered":"<p>LA LOTION ASS2CHANTE offre une triple action puissante : k\u00e9ratolytique, anti-inflammatoire et antibact\u00e9rienne, tout en aidant \u00e0 r\u00e9duire les cicatrices pst-acn\u00e9iques et l&rsquo;hyperpigmentation post-inflammatoire.<\/p>\n","protected":false},"featured_media":16096,"comment_status":"open","ping_status":"closed","template":"","meta":[],"product_brand":[],"product_cat":[28,89],"product_tag":[],"class_list":{"0":"post-16023","1":"product","2":"type-product","3":"status-publish","4":"has-post-thumbnail","6":"product_cat-corps","7":"product_cat-dermacare","9":"first","10":"instock","11":"shipping-taxable","12":"purchasable","13":"product-type-simple"},"yoast_head":"<!-- This site is optimized with the Yoast SEO plugin v23.0 - https:\/\/yoast.com\/wordpress\/plugins\/seo\/ -->\n<title>Dermacare purenet skin lotion ass\u00e9chante 100ml - pharmadreams<\/title>\n<meta name=\"robots\" content=\"index, follow, max-snippet:-1, max-image-preview:large, max-video-preview:-1\" \/>\n<link rel=\"canonical\" href=\"https:\/\/pharmadreams.shop\/index.php\/product\/dermacare-purenet-skin-lotion-assechante-100ml\/\" \/>\n<meta property=\"og:locale\" content=\"fr_FR\" \/>\n<meta property=\"og:type\" content=\"article\" \/>\n<meta property=\"og:title\" content=\"Dermacare purenet skin lotion ass\u00e9chante 100ml - pharmadreams\" \/>\n<meta property=\"og:description\" content=\"LA LOTION ASS2CHANTE offre une triple action puissante : k\u00e9ratolytique, anti-inflammatoire et antibact\u00e9rienne, tout en aidant \u00e0 r\u00e9duire les cicatrices pst-acn\u00e9iques et l&#039;hyperpigmentation post-inflammatoire.\" \/>\n<meta property=\"og:url\" content=\"https:\/\/pharmadreams.shop\/index.php\/product\/dermacare-purenet-skin-lotion-assechante-100ml\/\" \/>\n<meta property=\"og:site_name\" content=\"pharmadreams\" \/>\n<meta property=\"article:modified_time\" content=\"2023-12-19T18:28:36+00:00\" \/>\n<meta property=\"og:image\" content=\"https:\/\/pharmadreams.shop\/wp-content\/uploads\/2023\/12\/DERMACARE-PURENET-SKIN-LOTION-ASSECHANTE-100ML.png\" \/>\n\t<meta property=\"og:image:width\" content=\"960\" \/>\n\t<meta property=\"og:image:height\" content=\"1170\" \/>\n\t<meta property=\"og:image:type\" content=\"image\/png\" \/>\n<meta name=\"twitter:card\" content=\"summary_large_image\" \/>\n<script type=\"application\/ld+json\" class=\"yoast-schema-graph\">{\"@context\":\"https:\/\/schema.org\",\"@graph\":[{\"@type\":\"WebPage\",\"@id\":\"https:\/\/pharmadreams.shop\/index.php\/product\/dermacare-purenet-skin-lotion-assechante-100ml\/\",\"url\":\"https:\/\/pharmadreams.shop\/index.php\/product\/dermacare-purenet-skin-lotion-assechante-100ml\/\",\"name\":\"Dermacare purenet skin lotion ass\u00e9chante 100ml - pharmadreams\",\"isPartOf\":{\"@id\":\"https:\/\/pharmadreams.shop\/#website\"},\"primaryImageOfPage\":{\"@id\":\"https:\/\/pharmadreams.shop\/index.php\/product\/dermacare-purenet-skin-lotion-assechante-100ml\/#primaryimage\"},\"image\":{\"@id\":\"https:\/\/pharmadreams.shop\/index.php\/product\/dermacare-purenet-skin-lotion-assechante-100ml\/#primaryimage\"},\"thumbnailUrl\":\"https:\/\/pharmadreams.shop\/wp-content\/uploads\/2023\/12\/DERMACARE-PURENET-SKIN-LOTION-ASSECHANTE-100ML.png\",\"datePublished\":\"2023-12-19T18:27:35+00:00\",\"dateModified\":\"2023-12-19T18:28:36+00:00\",\"breadcrumb\":{\"@id\":\"https:\/\/pharmadreams.shop\/index.php\/product\/dermacare-purenet-skin-lotion-assechante-100ml\/#breadcrumb\"},\"inLanguage\":\"fr-FR\",\"potentialAction\":[{\"@type\":\"ReadAction\",\"target\":[\"https:\/\/pharmadreams.shop\/index.php\/product\/dermacare-purenet-skin-lotion-assechante-100ml\/\"]}]},{\"@type\":\"ImageObject\",\"inLanguage\":\"fr-FR\",\"@id\":\"https:\/\/pharmadreams.shop\/index.php\/product\/dermacare-purenet-skin-lotion-assechante-100ml\/#primaryimage\",\"url\":\"https:\/\/pharmadreams.shop\/wp-content\/uploads\/2023\/12\/DERMACARE-PURENET-SKIN-LOTION-ASSECHANTE-100ML.png\",\"contentUrl\":\"https:\/\/pharmadreams.shop\/wp-content\/uploads\/2023\/12\/DERMACARE-PURENET-SKIN-LOTION-ASSECHANTE-100ML.png\",\"width\":960,\"height\":1170},{\"@type\":\"BreadcrumbList\",\"@id\":\"https:\/\/pharmadreams.shop\/index.php\/product\/dermacare-purenet-skin-lotion-assechante-100ml\/#breadcrumb\",\"itemListElement\":[{\"@type\":\"ListItem\",\"position\":1,\"name\":\"Accueil\",\"item\":\"https:\/\/pharmadreams.shop\/\"},{\"@type\":\"ListItem\",\"position\":2,\"name\":\"Shop\",\"item\":\"https:\/\/pharmadreams.shop\/index.php\/shop\/\"},{\"@type\":\"ListItem\",\"position\":3,\"name\":\"Dermacare purenet skin lotion ass\u00e9chante 100ml\"}]},{\"@type\":\"WebSite\",\"@id\":\"https:\/\/pharmadreams.shop\/#website\",\"url\":\"https:\/\/pharmadreams.shop\/\",\"name\":\"pharmadreams\",\"description\":\"Parapharmacie en ligne\",\"potentialAction\":[{\"@type\":\"SearchAction\",\"target\":{\"@type\":\"EntryPoint\",\"urlTemplate\":\"https:\/\/pharmadreams.shop\/?s={search_term_string}\"},\"query-input\":\"required name=search_term_string\"}],\"inLanguage\":\"fr-FR\"}]}<\/script>\n<!-- \/ Yoast SEO plugin. -->","yoast_head_json":{"title":"Dermacare purenet skin lotion ass\u00e9chante 100ml - pharmadreams","robots":{"index":"index","follow":"follow","max-snippet":"max-snippet:-1","max-image-preview":"max-image-preview:large","max-video-preview":"max-video-preview:-1"},"canonical":"https:\/\/pharmadreams.shop\/index.php\/product\/dermacare-purenet-skin-lotion-assechante-100ml\/","og_locale":"fr_FR","og_type":"article","og_title":"Dermacare purenet skin lotion ass\u00e9chante 100ml - pharmadreams","og_description":"LA LOTION ASS2CHANTE offre une triple action puissante : k\u00e9ratolytique, anti-inflammatoire et antibact\u00e9rienne, tout en aidant \u00e0 r\u00e9duire les cicatrices pst-acn\u00e9iques et l'hyperpigmentation post-inflammatoire.","og_url":"https:\/\/pharmadreams.shop\/index.php\/product\/dermacare-purenet-skin-lotion-assechante-100ml\/","og_site_name":"pharmadreams","article_modified_time":"2023-12-19T18:28:36+00:00","og_image":[{"width":960,"height":1170,"url":"https:\/\/pharmadreams.shop\/wp-content\/uploads\/2023\/12\/DERMACARE-PURENET-SKIN-LOTION-ASSECHANTE-100ML.png","type":"image\/png"}],"twitter_card":"summary_large_image","schema":{"@context":"https:\/\/schema.org","@graph":[{"@type":"WebPage","@id":"https:\/\/pharmadreams.shop\/index.php\/product\/dermacare-purenet-skin-lotion-assechante-100ml\/","url":"https:\/\/pharmadreams.shop\/index.php\/product\/dermacare-purenet-skin-lotion-assechante-100ml\/","name":"Dermacare purenet skin lotion ass\u00e9chante 100ml - pharmadreams","isPartOf":{"@id":"https:\/\/pharmadreams.shop\/#website"},"primaryImageOfPage":{"@id":"https:\/\/pharmadreams.shop\/index.php\/product\/dermacare-purenet-skin-lotion-assechante-100ml\/#primaryimage"},"image":{"@id":"https:\/\/pharmadreams.shop\/index.php\/product\/dermacare-purenet-skin-lotion-assechante-100ml\/#primaryimage"},"thumbnailUrl":"https:\/\/pharmadreams.shop\/wp-content\/uploads\/2023\/12\/DERMACARE-PURENET-SKIN-LOTION-ASSECHANTE-100ML.png","datePublished":"2023-12-19T18:27:35+00:00","dateModified":"2023-12-19T18:28:36+00:00","breadcrumb":{"@id":"https:\/\/pharmadreams.shop\/index.php\/product\/dermacare-purenet-skin-lotion-assechante-100ml\/#breadcrumb"},"inLanguage":"fr-FR","potentialAction":[{"@type":"ReadAction","target":["https:\/\/pharmadreams.shop\/index.php\/product\/dermacare-purenet-skin-lotion-assechante-100ml\/"]}]},{"@type":"ImageObject","inLanguage":"fr-FR","@id":"https:\/\/pharmadreams.shop\/index.php\/product\/dermacare-purenet-skin-lotion-assechante-100ml\/#primaryimage","url":"https:\/\/pharmadreams.shop\/wp-content\/uploads\/2023\/12\/DERMACARE-PURENET-SKIN-LOTION-ASSECHANTE-100ML.png","contentUrl":"https:\/\/pharmadreams.shop\/wp-content\/uploads\/2023\/12\/DERMACARE-PURENET-SKIN-LOTION-ASSECHANTE-100ML.png","width":960,"height":1170},{"@type":"BreadcrumbList","@id":"https:\/\/pharmadreams.shop\/index.php\/product\/dermacare-purenet-skin-lotion-assechante-100ml\/#breadcrumb","itemListElement":[{"@type":"ListItem","position":1,"name":"Accueil","item":"https:\/\/pharmadreams.shop\/"},{"@type":"ListItem","position":2,"name":"Shop","item":"https:\/\/pharmadreams.shop\/index.php\/shop\/"},{"@type":"ListItem","position":3,"name":"Dermacare purenet skin lotion ass\u00e9chante 100ml"}]},{"@type":"WebSite","@id":"https:\/\/pharmadreams.shop\/#website","url":"https:\/\/pharmadreams.shop\/","name":"pharmadreams","description":"Parapharmacie en ligne","potentialAction":[{"@type":"SearchAction","target":{"@type":"EntryPoint","urlTemplate":"https:\/\/pharmadreams.shop\/?s={search_term_string}"},"query-input":"required name=search_term_string"}],"inLanguage":"fr-FR"}]}},"_links":{"self":[{"href":"https:\/\/pharmadreams.shop\/index.php\/wp-json\/wp\/v2\/product\/16023","targetHints":{"allow":["GET"]}}],"collection":[{"href":"https:\/\/pharmadreams.shop\/index.php\/wp-json\/wp\/v2\/product"}],"about":[{"href":"https:\/\/pharmadreams.shop\/index.php\/wp-json\/wp\/v2\/types\/product"}],"replies":[{"embeddable":true,"href":"https:\/\/pharmadreams.shop\/index.php\/wp-json\/wp\/v2\/comments?post=16023"}],"version-history":[{"count":0,"href":"https:\/\/pharmadreams.shop\/index.php\/wp-json\/wp\/v2\/product\/16023\/revisions"}],"wp:featuredmedia":[{"embeddable":true,"href":"https:\/\/pharmadreams.shop\/index.php\/wp-json\/wp\/v2\/media\/16096"}],"wp:attachment":[{"href":"https:\/\/pharmadreams.shop\/index.php\/wp-json\/wp\/v2\/media?parent=16023"}],"wp:term":[{"taxonomy":"product_brand","embeddable":true,"href":"https:\/\/pharmadreams.shop\/index.php\/wp-json\/wp\/v2\/product_brand?post=16023"},{"taxonomy":"product_cat","embeddable":true,"href":"https:\/\/pharmadreams.shop\/index.php\/wp-json\/wp\/v2\/product_cat?post=16023"},{"taxonomy":"product_tag","embeddable":true,"href":"https:\/\/pharmadreams.shop\/index.php\/wp-json\/wp\/v2\/product_tag?post=16023"}],"curies":[{"name":"wp","href":"https:\/\/api.w.org\/{rel}","templated":true}]}}