{"id":16027,"date":"2023-12-19T19:27:35","date_gmt":"2023-12-19T18:27:35","guid":{"rendered":"https:\/\/venuspara.com\/?post_type=product&#038;p=16027"},"modified":"2024-03-16T00:57:03","modified_gmt":"2024-03-15T23:57:03","slug":"casmara-nettoyant-3en1-150ml","status":"publish","type":"product","link":"https:\/\/pharmadreams.shop\/index.php\/product\/casmara-nettoyant-3en1-150ml\/","title":{"rendered":"Casmara nettoyant 3en1 150ml"},"content":{"rendered":"","protected":false},"excerpt":{"rendered":"<p>Gel d\u00e9maquillant multiusage avec prot\u00e9ines de soie et extrait de th\u00e9 vert. Il s&rsquo;agit d&rsquo;un nettoyant visage \u00e0 la texture soyeuse et aux excellentes propri\u00e9t\u00e9s adoucissantes.<\/p>\n<p>R\u00e9\u00e9quilibre la peau, car elle contient des peptides de la Prot\u00e9ine de Soie. Ces peptides se fixent sur la k\u00e9ratine de la peau en lui procurant des propri\u00e9t\u00e9s protectrices, adoucissantes et favorisant la r\u00e9tention d&rsquo;eau dans ses couches superficielles.<\/p>\n<p>L&rsquo;Extrait de Th\u00e9 vert y est int\u00e9gr\u00e9 en raison de son fort contenu en polyph\u00e9nols, qui procure un effet calmant et une sensation de bien-\u00eatre.<\/p>\n","protected":false},"featured_media":16104,"comment_status":"open","ping_status":"closed","template":"","meta":[],"product_brand":[],"product_cat":[20],"product_tag":[],"class_list":{"0":"post-16027","1":"product","2":"type-product","3":"status-publish","4":"has-post-thumbnail","6":"product_cat-visage","8":"first","9":"instock","10":"shipping-taxable","11":"purchasable","12":"product-type-simple"},"yoast_head":"<!-- This site is optimized with the Yoast SEO plugin v23.0 - https:\/\/yoast.com\/wordpress\/plugins\/seo\/ -->\n<title>Casmara nettoyant 3en1 150ml - pharmadreams<\/title>\n<meta name=\"robots\" content=\"index, follow, max-snippet:-1, max-image-preview:large, max-video-preview:-1\" \/>\n<link rel=\"canonical\" href=\"https:\/\/pharmadreams.shop\/index.php\/product\/casmara-nettoyant-3en1-150ml\/\" \/>\n<meta property=\"og:locale\" content=\"fr_FR\" \/>\n<meta property=\"og:type\" content=\"article\" \/>\n<meta property=\"og:title\" content=\"Casmara nettoyant 3en1 150ml - pharmadreams\" \/>\n<meta property=\"og:description\" content=\"Gel d\u00e9maquillant multiusage avec prot\u00e9ines de soie et extrait de th\u00e9 vert. Il s&#039;agit d&#039;un nettoyant visage \u00e0 la texture soyeuse et aux excellentes propri\u00e9t\u00e9s adoucissantes.  R\u00e9\u00e9quilibre la peau, car elle contient des peptides de la Prot\u00e9ine de Soie. Ces peptides se fixent sur la k\u00e9ratine de la peau en lui procurant des propri\u00e9t\u00e9s protectrices, adoucissantes et favorisant la r\u00e9tention d&#039;eau dans ses couches superficielles.  L&#039;Extrait de Th\u00e9 vert y est int\u00e9gr\u00e9 en raison de son fort contenu en polyph\u00e9nols, qui procure un effet calmant et une sensation de bien-\u00eatre.\" \/>\n<meta property=\"og:url\" content=\"https:\/\/pharmadreams.shop\/index.php\/product\/casmara-nettoyant-3en1-150ml\/\" \/>\n<meta property=\"og:site_name\" content=\"pharmadreams\" \/>\n<meta property=\"article:modified_time\" content=\"2024-03-15T23:57:03+00:00\" \/>\n<meta property=\"og:image\" content=\"https:\/\/pharmadreams.shop\/wp-content\/uploads\/2023\/12\/3en11.jpg\" \/>\n\t<meta property=\"og:image:width\" content=\"600\" \/>\n\t<meta property=\"og:image:height\" content=\"800\" \/>\n\t<meta property=\"og:image:type\" content=\"image\/jpeg\" \/>\n<meta name=\"twitter:card\" content=\"summary_large_image\" \/>\n<meta name=\"twitter:label1\" content=\"Dur\u00e9e de lecture estim\u00e9e\" \/>\n\t<meta name=\"twitter:data1\" content=\"1 minute\" \/>\n<script type=\"application\/ld+json\" class=\"yoast-schema-graph\">{\"@context\":\"https:\/\/schema.org\",\"@graph\":[{\"@type\":\"WebPage\",\"@id\":\"https:\/\/pharmadreams.shop\/index.php\/product\/casmara-nettoyant-3en1-150ml\/\",\"url\":\"https:\/\/pharmadreams.shop\/index.php\/product\/casmara-nettoyant-3en1-150ml\/\",\"name\":\"Casmara nettoyant 3en1 150ml - pharmadreams\",\"isPartOf\":{\"@id\":\"https:\/\/pharmadreams.shop\/#website\"},\"primaryImageOfPage\":{\"@id\":\"https:\/\/pharmadreams.shop\/index.php\/product\/casmara-nettoyant-3en1-150ml\/#primaryimage\"},\"image\":{\"@id\":\"https:\/\/pharmadreams.shop\/index.php\/product\/casmara-nettoyant-3en1-150ml\/#primaryimage\"},\"thumbnailUrl\":\"https:\/\/pharmadreams.shop\/wp-content\/uploads\/2023\/12\/3en11.jpg\",\"datePublished\":\"2023-12-19T18:27:35+00:00\",\"dateModified\":\"2024-03-15T23:57:03+00:00\",\"breadcrumb\":{\"@id\":\"https:\/\/pharmadreams.shop\/index.php\/product\/casmara-nettoyant-3en1-150ml\/#breadcrumb\"},\"inLanguage\":\"fr-FR\",\"potentialAction\":[{\"@type\":\"ReadAction\",\"target\":[\"https:\/\/pharmadreams.shop\/index.php\/product\/casmara-nettoyant-3en1-150ml\/\"]}]},{\"@type\":\"ImageObject\",\"inLanguage\":\"fr-FR\",\"@id\":\"https:\/\/pharmadreams.shop\/index.php\/product\/casmara-nettoyant-3en1-150ml\/#primaryimage\",\"url\":\"https:\/\/pharmadreams.shop\/wp-content\/uploads\/2023\/12\/3en11.jpg\",\"contentUrl\":\"https:\/\/pharmadreams.shop\/wp-content\/uploads\/2023\/12\/3en11.jpg\",\"width\":600,\"height\":800},{\"@type\":\"BreadcrumbList\",\"@id\":\"https:\/\/pharmadreams.shop\/index.php\/product\/casmara-nettoyant-3en1-150ml\/#breadcrumb\",\"itemListElement\":[{\"@type\":\"ListItem\",\"position\":1,\"name\":\"Accueil\",\"item\":\"https:\/\/pharmadreams.shop\/\"},{\"@type\":\"ListItem\",\"position\":2,\"name\":\"Shop\",\"item\":\"https:\/\/pharmadreams.shop\/index.php\/shop\/\"},{\"@type\":\"ListItem\",\"position\":3,\"name\":\"Casmara nettoyant 3en1 150ml\"}]},{\"@type\":\"WebSite\",\"@id\":\"https:\/\/pharmadreams.shop\/#website\",\"url\":\"https:\/\/pharmadreams.shop\/\",\"name\":\"pharmadreams\",\"description\":\"Parapharmacie en ligne\",\"potentialAction\":[{\"@type\":\"SearchAction\",\"target\":{\"@type\":\"EntryPoint\",\"urlTemplate\":\"https:\/\/pharmadreams.shop\/?s={search_term_string}\"},\"query-input\":\"required name=search_term_string\"}],\"inLanguage\":\"fr-FR\"}]}<\/script>\n<!-- \/ Yoast SEO plugin. -->","yoast_head_json":{"title":"Casmara nettoyant 3en1 150ml - pharmadreams","robots":{"index":"index","follow":"follow","max-snippet":"max-snippet:-1","max-image-preview":"max-image-preview:large","max-video-preview":"max-video-preview:-1"},"canonical":"https:\/\/pharmadreams.shop\/index.php\/product\/casmara-nettoyant-3en1-150ml\/","og_locale":"fr_FR","og_type":"article","og_title":"Casmara nettoyant 3en1 150ml - pharmadreams","og_description":"Gel d\u00e9maquillant multiusage avec prot\u00e9ines de soie et extrait de th\u00e9 vert. Il s'agit d'un nettoyant visage \u00e0 la texture soyeuse et aux excellentes propri\u00e9t\u00e9s adoucissantes.  R\u00e9\u00e9quilibre la peau, car elle contient des peptides de la Prot\u00e9ine de Soie. Ces peptides se fixent sur la k\u00e9ratine de la peau en lui procurant des propri\u00e9t\u00e9s protectrices, adoucissantes et favorisant la r\u00e9tention d'eau dans ses couches superficielles.  L'Extrait de Th\u00e9 vert y est int\u00e9gr\u00e9 en raison de son fort contenu en polyph\u00e9nols, qui procure un effet calmant et une sensation de bien-\u00eatre.","og_url":"https:\/\/pharmadreams.shop\/index.php\/product\/casmara-nettoyant-3en1-150ml\/","og_site_name":"pharmadreams","article_modified_time":"2024-03-15T23:57:03+00:00","og_image":[{"width":600,"height":800,"url":"https:\/\/pharmadreams.shop\/wp-content\/uploads\/2023\/12\/3en11.jpg","type":"image\/jpeg"}],"twitter_card":"summary_large_image","twitter_misc":{"Dur\u00e9e de lecture estim\u00e9e":"1 minute"},"schema":{"@context":"https:\/\/schema.org","@graph":[{"@type":"WebPage","@id":"https:\/\/pharmadreams.shop\/index.php\/product\/casmara-nettoyant-3en1-150ml\/","url":"https:\/\/pharmadreams.shop\/index.php\/product\/casmara-nettoyant-3en1-150ml\/","name":"Casmara nettoyant 3en1 150ml - pharmadreams","isPartOf":{"@id":"https:\/\/pharmadreams.shop\/#website"},"primaryImageOfPage":{"@id":"https:\/\/pharmadreams.shop\/index.php\/product\/casmara-nettoyant-3en1-150ml\/#primaryimage"},"image":{"@id":"https:\/\/pharmadreams.shop\/index.php\/product\/casmara-nettoyant-3en1-150ml\/#primaryimage"},"thumbnailUrl":"https:\/\/pharmadreams.shop\/wp-content\/uploads\/2023\/12\/3en11.jpg","datePublished":"2023-12-19T18:27:35+00:00","dateModified":"2024-03-15T23:57:03+00:00","breadcrumb":{"@id":"https:\/\/pharmadreams.shop\/index.php\/product\/casmara-nettoyant-3en1-150ml\/#breadcrumb"},"inLanguage":"fr-FR","potentialAction":[{"@type":"ReadAction","target":["https:\/\/pharmadreams.shop\/index.php\/product\/casmara-nettoyant-3en1-150ml\/"]}]},{"@type":"ImageObject","inLanguage":"fr-FR","@id":"https:\/\/pharmadreams.shop\/index.php\/product\/casmara-nettoyant-3en1-150ml\/#primaryimage","url":"https:\/\/pharmadreams.shop\/wp-content\/uploads\/2023\/12\/3en11.jpg","contentUrl":"https:\/\/pharmadreams.shop\/wp-content\/uploads\/2023\/12\/3en11.jpg","width":600,"height":800},{"@type":"BreadcrumbList","@id":"https:\/\/pharmadreams.shop\/index.php\/product\/casmara-nettoyant-3en1-150ml\/#breadcrumb","itemListElement":[{"@type":"ListItem","position":1,"name":"Accueil","item":"https:\/\/pharmadreams.shop\/"},{"@type":"ListItem","position":2,"name":"Shop","item":"https:\/\/pharmadreams.shop\/index.php\/shop\/"},{"@type":"ListItem","position":3,"name":"Casmara nettoyant 3en1 150ml"}]},{"@type":"WebSite","@id":"https:\/\/pharmadreams.shop\/#website","url":"https:\/\/pharmadreams.shop\/","name":"pharmadreams","description":"Parapharmacie en ligne","potentialAction":[{"@type":"SearchAction","target":{"@type":"EntryPoint","urlTemplate":"https:\/\/pharmadreams.shop\/?s={search_term_string}"},"query-input":"required name=search_term_string"}],"inLanguage":"fr-FR"}]}},"_links":{"self":[{"href":"https:\/\/pharmadreams.shop\/index.php\/wp-json\/wp\/v2\/product\/16027","targetHints":{"allow":["GET"]}}],"collection":[{"href":"https:\/\/pharmadreams.shop\/index.php\/wp-json\/wp\/v2\/product"}],"about":[{"href":"https:\/\/pharmadreams.shop\/index.php\/wp-json\/wp\/v2\/types\/product"}],"replies":[{"embeddable":true,"href":"https:\/\/pharmadreams.shop\/index.php\/wp-json\/wp\/v2\/comments?post=16027"}],"version-history":[{"count":0,"href":"https:\/\/pharmadreams.shop\/index.php\/wp-json\/wp\/v2\/product\/16027\/revisions"}],"wp:featuredmedia":[{"embeddable":true,"href":"https:\/\/pharmadreams.shop\/index.php\/wp-json\/wp\/v2\/media\/16104"}],"wp:attachment":[{"href":"https:\/\/pharmadreams.shop\/index.php\/wp-json\/wp\/v2\/media?parent=16027"}],"wp:term":[{"taxonomy":"product_brand","embeddable":true,"href":"https:\/\/pharmadreams.shop\/index.php\/wp-json\/wp\/v2\/product_brand?post=16027"},{"taxonomy":"product_cat","embeddable":true,"href":"https:\/\/pharmadreams.shop\/index.php\/wp-json\/wp\/v2\/product_cat?post=16027"},{"taxonomy":"product_tag","embeddable":true,"href":"https:\/\/pharmadreams.shop\/index.php\/wp-json\/wp\/v2\/product_tag?post=16027"}],"curies":[{"name":"wp","href":"https:\/\/api.w.org\/{rel}","templated":true}]}}