{"id":16028,"date":"2023-12-19T19:27:35","date_gmt":"2023-12-19T18:27:35","guid":{"rendered":"https:\/\/venuspara.com\/?post_type=product&#038;p=16028"},"modified":"2023-12-19T19:28:45","modified_gmt":"2023-12-19T18:28:45","slug":"endocare-tensage-creme-nutritive-50ml","status":"publish","type":"product","link":"https:\/\/pharmadreams.shop\/index.php\/product\/endocare-tensage-creme-nutritive-50ml\/","title":{"rendered":"Endocare tensage cr\u00e8me nutritive 50ml"},"content":{"rendered":"","protected":false},"excerpt":{"rendered":"<p>La Cr\u00e8me Nourrissante Endocare Tensage est une cr\u00e8me riche et \u00e0 absorption rapide qui augmente la fermet\u00e9 et l&rsquo;\u00e9lasticit\u00e9 de la peau, procurant un effet repulpant et un ovale du visage red\u00e9fini.<\/p>\n<p>Stimule toutes les phases de la synth\u00e8se du collag\u00e8ne gr\u00e2ce \u00e0 la combinaison synergique du Complexe Triple Action Raffermissante:<\/p>\n<p>&#8211; Facteurs de croissance SCA<\/p>\n<p>&#8211;\u00a0Peptides raffermissants Tensderm<\/p>\n<p>&#8211; Actifs Volumisants Lakesis et Actifol.<\/p>\n<p>De plus, son puissant m\u00e9lange d&rsquo;actifs hydratants et \u00e9mollients nourrit et recouvre la peau, renfor\u00e7ant la barri\u00e8re protectrice.\u00a0La Cr\u00e8me Nourrissante Endocare Tensage nourrit la peau pour une hydratation imm\u00e9diate et durable.\u00a0Soin anti-\u00e2ge quotidien sp\u00e9cialement indiqu\u00e9 pour les peaux pr\u00e9sentant des signes de vieillissement avanc\u00e9 \u00e0 mod\u00e9r\u00e9.<\/p>\n","protected":false},"featured_media":16106,"comment_status":"open","ping_status":"closed","template":"","meta":[],"product_brand":[],"product_cat":[90,78,80,20],"product_tag":[],"class_list":{"0":"post-16028","1":"product","2":"type-product","3":"status-publish","4":"has-post-thumbnail","6":"product_cat-anti-tache","7":"product_cat-cremes","8":"product_cat-soins","9":"product_cat-visage","11":"first","12":"instock","13":"shipping-taxable","14":"purchasable","15":"product-type-simple"},"yoast_head":"<!-- This site is optimized with the Yoast SEO plugin v23.0 - https:\/\/yoast.com\/wordpress\/plugins\/seo\/ -->\n<title>Endocare tensage cr\u00e8me nutritive 50ml - pharmadreams<\/title>\n<meta name=\"robots\" content=\"index, follow, max-snippet:-1, max-image-preview:large, max-video-preview:-1\" \/>\n<link rel=\"canonical\" href=\"https:\/\/pharmadreams.shop\/index.php\/product\/endocare-tensage-creme-nutritive-50ml\/\" \/>\n<meta property=\"og:locale\" content=\"fr_FR\" \/>\n<meta property=\"og:type\" content=\"article\" \/>\n<meta property=\"og:title\" content=\"Endocare tensage cr\u00e8me nutritive 50ml - pharmadreams\" \/>\n<meta property=\"og:description\" content=\"La Cr\u00e8me Nourrissante Endocare Tensage est une cr\u00e8me riche et \u00e0 absorption rapide qui augmente la fermet\u00e9 et l&#039;\u00e9lasticit\u00e9 de la peau, procurant un effet repulpant et un ovale du visage red\u00e9fini.  Stimule toutes les phases de la synth\u00e8se du collag\u00e8ne gr\u00e2ce \u00e0 la combinaison synergique du Complexe Triple Action Raffermissante:  - Facteurs de croissance SCA  -\u00a0Peptides raffermissants Tensderm  - Actifs Volumisants Lakesis et Actifol.  De plus, son puissant m\u00e9lange d&#039;actifs hydratants et \u00e9mollients nourrit et recouvre la peau, renfor\u00e7ant la barri\u00e8re protectrice.\u00a0La Cr\u00e8me Nourrissante Endocare Tensage nourrit la peau pour une hydratation imm\u00e9diate et durable.\u00a0Soin anti-\u00e2ge quotidien sp\u00e9cialement indiqu\u00e9 pour les peaux pr\u00e9sentant des signes de vieillissement avanc\u00e9 \u00e0 mod\u00e9r\u00e9.\" \/>\n<meta property=\"og:url\" content=\"https:\/\/pharmadreams.shop\/index.php\/product\/endocare-tensage-creme-nutritive-50ml\/\" \/>\n<meta property=\"og:site_name\" content=\"pharmadreams\" \/>\n<meta property=\"article:modified_time\" content=\"2023-12-19T18:28:45+00:00\" \/>\n<meta property=\"og:image\" content=\"https:\/\/pharmadreams.shop\/wp-content\/uploads\/2023\/12\/endocare-creme.jpg\" \/>\n\t<meta property=\"og:image:width\" content=\"2560\" \/>\n\t<meta property=\"og:image:height\" content=\"2560\" \/>\n\t<meta property=\"og:image:type\" content=\"image\/jpeg\" \/>\n<meta name=\"twitter:card\" content=\"summary_large_image\" \/>\n<script type=\"application\/ld+json\" class=\"yoast-schema-graph\">{\"@context\":\"https:\/\/schema.org\",\"@graph\":[{\"@type\":\"WebPage\",\"@id\":\"https:\/\/pharmadreams.shop\/index.php\/product\/endocare-tensage-creme-nutritive-50ml\/\",\"url\":\"https:\/\/pharmadreams.shop\/index.php\/product\/endocare-tensage-creme-nutritive-50ml\/\",\"name\":\"Endocare tensage cr\u00e8me nutritive 50ml - pharmadreams\",\"isPartOf\":{\"@id\":\"https:\/\/pharmadreams.shop\/#website\"},\"primaryImageOfPage\":{\"@id\":\"https:\/\/pharmadreams.shop\/index.php\/product\/endocare-tensage-creme-nutritive-50ml\/#primaryimage\"},\"image\":{\"@id\":\"https:\/\/pharmadreams.shop\/index.php\/product\/endocare-tensage-creme-nutritive-50ml\/#primaryimage\"},\"thumbnailUrl\":\"https:\/\/pharmadreams.shop\/wp-content\/uploads\/2023\/12\/endocare-creme.jpg\",\"datePublished\":\"2023-12-19T18:27:35+00:00\",\"dateModified\":\"2023-12-19T18:28:45+00:00\",\"breadcrumb\":{\"@id\":\"https:\/\/pharmadreams.shop\/index.php\/product\/endocare-tensage-creme-nutritive-50ml\/#breadcrumb\"},\"inLanguage\":\"fr-FR\",\"potentialAction\":[{\"@type\":\"ReadAction\",\"target\":[\"https:\/\/pharmadreams.shop\/index.php\/product\/endocare-tensage-creme-nutritive-50ml\/\"]}]},{\"@type\":\"ImageObject\",\"inLanguage\":\"fr-FR\",\"@id\":\"https:\/\/pharmadreams.shop\/index.php\/product\/endocare-tensage-creme-nutritive-50ml\/#primaryimage\",\"url\":\"https:\/\/pharmadreams.shop\/wp-content\/uploads\/2023\/12\/endocare-creme.jpg\",\"contentUrl\":\"https:\/\/pharmadreams.shop\/wp-content\/uploads\/2023\/12\/endocare-creme.jpg\",\"width\":2560,\"height\":2560},{\"@type\":\"BreadcrumbList\",\"@id\":\"https:\/\/pharmadreams.shop\/index.php\/product\/endocare-tensage-creme-nutritive-50ml\/#breadcrumb\",\"itemListElement\":[{\"@type\":\"ListItem\",\"position\":1,\"name\":\"Accueil\",\"item\":\"https:\/\/pharmadreams.shop\/\"},{\"@type\":\"ListItem\",\"position\":2,\"name\":\"Shop\",\"item\":\"https:\/\/pharmadreams.shop\/index.php\/shop\/\"},{\"@type\":\"ListItem\",\"position\":3,\"name\":\"Endocare tensage cr\u00e8me nutritive 50ml\"}]},{\"@type\":\"WebSite\",\"@id\":\"https:\/\/pharmadreams.shop\/#website\",\"url\":\"https:\/\/pharmadreams.shop\/\",\"name\":\"pharmadreams\",\"description\":\"Parapharmacie en ligne\",\"potentialAction\":[{\"@type\":\"SearchAction\",\"target\":{\"@type\":\"EntryPoint\",\"urlTemplate\":\"https:\/\/pharmadreams.shop\/?s={search_term_string}\"},\"query-input\":\"required name=search_term_string\"}],\"inLanguage\":\"fr-FR\"}]}<\/script>\n<!-- \/ Yoast SEO plugin. -->","yoast_head_json":{"title":"Endocare tensage cr\u00e8me nutritive 50ml - pharmadreams","robots":{"index":"index","follow":"follow","max-snippet":"max-snippet:-1","max-image-preview":"max-image-preview:large","max-video-preview":"max-video-preview:-1"},"canonical":"https:\/\/pharmadreams.shop\/index.php\/product\/endocare-tensage-creme-nutritive-50ml\/","og_locale":"fr_FR","og_type":"article","og_title":"Endocare tensage cr\u00e8me nutritive 50ml - pharmadreams","og_description":"La Cr\u00e8me Nourrissante Endocare Tensage est une cr\u00e8me riche et \u00e0 absorption rapide qui augmente la fermet\u00e9 et l'\u00e9lasticit\u00e9 de la peau, procurant un effet repulpant et un ovale du visage red\u00e9fini.  Stimule toutes les phases de la synth\u00e8se du collag\u00e8ne gr\u00e2ce \u00e0 la combinaison synergique du Complexe Triple Action Raffermissante:  - Facteurs de croissance SCA  -\u00a0Peptides raffermissants Tensderm  - Actifs Volumisants Lakesis et Actifol.  De plus, son puissant m\u00e9lange d'actifs hydratants et \u00e9mollients nourrit et recouvre la peau, renfor\u00e7ant la barri\u00e8re protectrice.\u00a0La Cr\u00e8me Nourrissante Endocare Tensage nourrit la peau pour une hydratation imm\u00e9diate et durable.\u00a0Soin anti-\u00e2ge quotidien sp\u00e9cialement indiqu\u00e9 pour les peaux pr\u00e9sentant des signes de vieillissement avanc\u00e9 \u00e0 mod\u00e9r\u00e9.","og_url":"https:\/\/pharmadreams.shop\/index.php\/product\/endocare-tensage-creme-nutritive-50ml\/","og_site_name":"pharmadreams","article_modified_time":"2023-12-19T18:28:45+00:00","og_image":[{"width":2560,"height":2560,"url":"https:\/\/pharmadreams.shop\/wp-content\/uploads\/2023\/12\/endocare-creme.jpg","type":"image\/jpeg"}],"twitter_card":"summary_large_image","schema":{"@context":"https:\/\/schema.org","@graph":[{"@type":"WebPage","@id":"https:\/\/pharmadreams.shop\/index.php\/product\/endocare-tensage-creme-nutritive-50ml\/","url":"https:\/\/pharmadreams.shop\/index.php\/product\/endocare-tensage-creme-nutritive-50ml\/","name":"Endocare tensage cr\u00e8me nutritive 50ml - pharmadreams","isPartOf":{"@id":"https:\/\/pharmadreams.shop\/#website"},"primaryImageOfPage":{"@id":"https:\/\/pharmadreams.shop\/index.php\/product\/endocare-tensage-creme-nutritive-50ml\/#primaryimage"},"image":{"@id":"https:\/\/pharmadreams.shop\/index.php\/product\/endocare-tensage-creme-nutritive-50ml\/#primaryimage"},"thumbnailUrl":"https:\/\/pharmadreams.shop\/wp-content\/uploads\/2023\/12\/endocare-creme.jpg","datePublished":"2023-12-19T18:27:35+00:00","dateModified":"2023-12-19T18:28:45+00:00","breadcrumb":{"@id":"https:\/\/pharmadreams.shop\/index.php\/product\/endocare-tensage-creme-nutritive-50ml\/#breadcrumb"},"inLanguage":"fr-FR","potentialAction":[{"@type":"ReadAction","target":["https:\/\/pharmadreams.shop\/index.php\/product\/endocare-tensage-creme-nutritive-50ml\/"]}]},{"@type":"ImageObject","inLanguage":"fr-FR","@id":"https:\/\/pharmadreams.shop\/index.php\/product\/endocare-tensage-creme-nutritive-50ml\/#primaryimage","url":"https:\/\/pharmadreams.shop\/wp-content\/uploads\/2023\/12\/endocare-creme.jpg","contentUrl":"https:\/\/pharmadreams.shop\/wp-content\/uploads\/2023\/12\/endocare-creme.jpg","width":2560,"height":2560},{"@type":"BreadcrumbList","@id":"https:\/\/pharmadreams.shop\/index.php\/product\/endocare-tensage-creme-nutritive-50ml\/#breadcrumb","itemListElement":[{"@type":"ListItem","position":1,"name":"Accueil","item":"https:\/\/pharmadreams.shop\/"},{"@type":"ListItem","position":2,"name":"Shop","item":"https:\/\/pharmadreams.shop\/index.php\/shop\/"},{"@type":"ListItem","position":3,"name":"Endocare tensage cr\u00e8me nutritive 50ml"}]},{"@type":"WebSite","@id":"https:\/\/pharmadreams.shop\/#website","url":"https:\/\/pharmadreams.shop\/","name":"pharmadreams","description":"Parapharmacie en ligne","potentialAction":[{"@type":"SearchAction","target":{"@type":"EntryPoint","urlTemplate":"https:\/\/pharmadreams.shop\/?s={search_term_string}"},"query-input":"required name=search_term_string"}],"inLanguage":"fr-FR"}]}},"_links":{"self":[{"href":"https:\/\/pharmadreams.shop\/index.php\/wp-json\/wp\/v2\/product\/16028","targetHints":{"allow":["GET"]}}],"collection":[{"href":"https:\/\/pharmadreams.shop\/index.php\/wp-json\/wp\/v2\/product"}],"about":[{"href":"https:\/\/pharmadreams.shop\/index.php\/wp-json\/wp\/v2\/types\/product"}],"replies":[{"embeddable":true,"href":"https:\/\/pharmadreams.shop\/index.php\/wp-json\/wp\/v2\/comments?post=16028"}],"version-history":[{"count":0,"href":"https:\/\/pharmadreams.shop\/index.php\/wp-json\/wp\/v2\/product\/16028\/revisions"}],"wp:featuredmedia":[{"embeddable":true,"href":"https:\/\/pharmadreams.shop\/index.php\/wp-json\/wp\/v2\/media\/16106"}],"wp:attachment":[{"href":"https:\/\/pharmadreams.shop\/index.php\/wp-json\/wp\/v2\/media?parent=16028"}],"wp:term":[{"taxonomy":"product_brand","embeddable":true,"href":"https:\/\/pharmadreams.shop\/index.php\/wp-json\/wp\/v2\/product_brand?post=16028"},{"taxonomy":"product_cat","embeddable":true,"href":"https:\/\/pharmadreams.shop\/index.php\/wp-json\/wp\/v2\/product_cat?post=16028"},{"taxonomy":"product_tag","embeddable":true,"href":"https:\/\/pharmadreams.shop\/index.php\/wp-json\/wp\/v2\/product_tag?post=16028"}],"curies":[{"name":"wp","href":"https:\/\/api.w.org\/{rel}","templated":true}]}}