{"id":16047,"date":"2023-12-19T19:28:00","date_gmt":"2023-12-19T18:28:00","guid":{"rendered":"https:\/\/venuspara.com\/?post_type=product&#038;p=16047"},"modified":"2023-12-19T19:28:55","modified_gmt":"2023-12-19T18:28:55","slug":"lirene-acide-power-creme-tonifiante-et-revitalisante-50ml","status":"publish","type":"product","link":"https:\/\/pharmadreams.shop\/index.php\/product\/lirene-acide-power-creme-tonifiante-et-revitalisante-50ml\/","title":{"rendered":"Lirene acide power cr\u00e8me tonifiante et revitalisante 50ml"},"content":{"rendered":"","protected":false},"excerpt":{"rendered":"<p style=\"font-weight: 400;\">\u00c9limine progressivement les traces et les irr\u00e9gularit\u00e9s apr\u00e8s une \u00e9ruption cutan\u00e9e.<\/p>\n<p style=\"font-weight: 400;\">Unifie le teint du visage et le rend lumineux.<\/p>\n<p style=\"font-weight: 400;\">Restaure l&rsquo;hydro\u00e9quilibre de la peau.<\/p>\n<p style=\"font-weight: 400;\">Lisse les rides fines et am\u00e9liore l&rsquo;\u00e9lasticit\u00e9.<\/p>\n","protected":false},"featured_media":16123,"comment_status":"open","ping_status":"closed","template":"","meta":[],"product_brand":[],"product_cat":[78,95,80,20],"product_tag":[],"class_list":{"0":"post-16047","1":"product","2":"type-product","3":"status-publish","4":"has-post-thumbnail","6":"product_cat-cremes","7":"product_cat-skin-care","8":"product_cat-soins","9":"product_cat-visage","11":"first","12":"instock","13":"shipping-taxable","14":"purchasable","15":"product-type-simple"},"yoast_head":"<!-- This site is optimized with the Yoast SEO plugin v23.0 - https:\/\/yoast.com\/wordpress\/plugins\/seo\/ -->\n<title>Lirene acide power cr\u00e8me tonifiante et revitalisante 50ml - pharmadreams<\/title>\n<meta name=\"robots\" content=\"index, follow, max-snippet:-1, max-image-preview:large, max-video-preview:-1\" \/>\n<link rel=\"canonical\" href=\"https:\/\/pharmadreams.shop\/index.php\/product\/lirene-acide-power-creme-tonifiante-et-revitalisante-50ml\/\" \/>\n<meta property=\"og:locale\" content=\"fr_FR\" \/>\n<meta property=\"og:type\" content=\"article\" \/>\n<meta property=\"og:title\" content=\"Lirene acide power cr\u00e8me tonifiante et revitalisante 50ml - pharmadreams\" \/>\n<meta property=\"og:description\" content=\"\u00c9limine progressivement les traces et les irr\u00e9gularit\u00e9s apr\u00e8s une \u00e9ruption cutan\u00e9e. Unifie le teint du visage et le rend lumineux. Restaure l&#039;hydro\u00e9quilibre de la peau. Lisse les rides fines et am\u00e9liore l&#039;\u00e9lasticit\u00e9.\" \/>\n<meta property=\"og:url\" content=\"https:\/\/pharmadreams.shop\/index.php\/product\/lirene-acide-power-creme-tonifiante-et-revitalisante-50ml\/\" \/>\n<meta property=\"og:site_name\" content=\"pharmadreams\" \/>\n<meta property=\"article:modified_time\" content=\"2023-12-19T18:28:55+00:00\" \/>\n<meta property=\"og:image\" content=\"https:\/\/pharmadreams.shop\/wp-content\/uploads\/2023\/12\/lirene-creme.png\" \/>\n\t<meta property=\"og:image:width\" content=\"793\" \/>\n\t<meta property=\"og:image:height\" content=\"798\" \/>\n\t<meta property=\"og:image:type\" content=\"image\/png\" \/>\n<meta name=\"twitter:card\" content=\"summary_large_image\" \/>\n<script type=\"application\/ld+json\" class=\"yoast-schema-graph\">{\"@context\":\"https:\/\/schema.org\",\"@graph\":[{\"@type\":\"WebPage\",\"@id\":\"https:\/\/pharmadreams.shop\/index.php\/product\/lirene-acide-power-creme-tonifiante-et-revitalisante-50ml\/\",\"url\":\"https:\/\/pharmadreams.shop\/index.php\/product\/lirene-acide-power-creme-tonifiante-et-revitalisante-50ml\/\",\"name\":\"Lirene acide power cr\u00e8me tonifiante et revitalisante 50ml - pharmadreams\",\"isPartOf\":{\"@id\":\"https:\/\/pharmadreams.shop\/#website\"},\"primaryImageOfPage\":{\"@id\":\"https:\/\/pharmadreams.shop\/index.php\/product\/lirene-acide-power-creme-tonifiante-et-revitalisante-50ml\/#primaryimage\"},\"image\":{\"@id\":\"https:\/\/pharmadreams.shop\/index.php\/product\/lirene-acide-power-creme-tonifiante-et-revitalisante-50ml\/#primaryimage\"},\"thumbnailUrl\":\"https:\/\/pharmadreams.shop\/wp-content\/uploads\/2023\/12\/lirene-creme.png\",\"datePublished\":\"2023-12-19T18:28:00+00:00\",\"dateModified\":\"2023-12-19T18:28:55+00:00\",\"breadcrumb\":{\"@id\":\"https:\/\/pharmadreams.shop\/index.php\/product\/lirene-acide-power-creme-tonifiante-et-revitalisante-50ml\/#breadcrumb\"},\"inLanguage\":\"fr-FR\",\"potentialAction\":[{\"@type\":\"ReadAction\",\"target\":[\"https:\/\/pharmadreams.shop\/index.php\/product\/lirene-acide-power-creme-tonifiante-et-revitalisante-50ml\/\"]}]},{\"@type\":\"ImageObject\",\"inLanguage\":\"fr-FR\",\"@id\":\"https:\/\/pharmadreams.shop\/index.php\/product\/lirene-acide-power-creme-tonifiante-et-revitalisante-50ml\/#primaryimage\",\"url\":\"https:\/\/pharmadreams.shop\/wp-content\/uploads\/2023\/12\/lirene-creme.png\",\"contentUrl\":\"https:\/\/pharmadreams.shop\/wp-content\/uploads\/2023\/12\/lirene-creme.png\",\"width\":793,\"height\":798},{\"@type\":\"BreadcrumbList\",\"@id\":\"https:\/\/pharmadreams.shop\/index.php\/product\/lirene-acide-power-creme-tonifiante-et-revitalisante-50ml\/#breadcrumb\",\"itemListElement\":[{\"@type\":\"ListItem\",\"position\":1,\"name\":\"Accueil\",\"item\":\"https:\/\/pharmadreams.shop\/\"},{\"@type\":\"ListItem\",\"position\":2,\"name\":\"Shop\",\"item\":\"https:\/\/pharmadreams.shop\/index.php\/shop\/\"},{\"@type\":\"ListItem\",\"position\":3,\"name\":\"Lirene acide power cr\u00e8me tonifiante et revitalisante 50ml\"}]},{\"@type\":\"WebSite\",\"@id\":\"https:\/\/pharmadreams.shop\/#website\",\"url\":\"https:\/\/pharmadreams.shop\/\",\"name\":\"pharmadreams\",\"description\":\"Parapharmacie en ligne\",\"potentialAction\":[{\"@type\":\"SearchAction\",\"target\":{\"@type\":\"EntryPoint\",\"urlTemplate\":\"https:\/\/pharmadreams.shop\/?s={search_term_string}\"},\"query-input\":\"required name=search_term_string\"}],\"inLanguage\":\"fr-FR\"}]}<\/script>\n<!-- \/ Yoast SEO plugin. -->","yoast_head_json":{"title":"Lirene acide power cr\u00e8me tonifiante et revitalisante 50ml - pharmadreams","robots":{"index":"index","follow":"follow","max-snippet":"max-snippet:-1","max-image-preview":"max-image-preview:large","max-video-preview":"max-video-preview:-1"},"canonical":"https:\/\/pharmadreams.shop\/index.php\/product\/lirene-acide-power-creme-tonifiante-et-revitalisante-50ml\/","og_locale":"fr_FR","og_type":"article","og_title":"Lirene acide power cr\u00e8me tonifiante et revitalisante 50ml - pharmadreams","og_description":"\u00c9limine progressivement les traces et les irr\u00e9gularit\u00e9s apr\u00e8s une \u00e9ruption cutan\u00e9e. Unifie le teint du visage et le rend lumineux. Restaure l'hydro\u00e9quilibre de la peau. Lisse les rides fines et am\u00e9liore l'\u00e9lasticit\u00e9.","og_url":"https:\/\/pharmadreams.shop\/index.php\/product\/lirene-acide-power-creme-tonifiante-et-revitalisante-50ml\/","og_site_name":"pharmadreams","article_modified_time":"2023-12-19T18:28:55+00:00","og_image":[{"width":793,"height":798,"url":"https:\/\/pharmadreams.shop\/wp-content\/uploads\/2023\/12\/lirene-creme.png","type":"image\/png"}],"twitter_card":"summary_large_image","schema":{"@context":"https:\/\/schema.org","@graph":[{"@type":"WebPage","@id":"https:\/\/pharmadreams.shop\/index.php\/product\/lirene-acide-power-creme-tonifiante-et-revitalisante-50ml\/","url":"https:\/\/pharmadreams.shop\/index.php\/product\/lirene-acide-power-creme-tonifiante-et-revitalisante-50ml\/","name":"Lirene acide power cr\u00e8me tonifiante et revitalisante 50ml - pharmadreams","isPartOf":{"@id":"https:\/\/pharmadreams.shop\/#website"},"primaryImageOfPage":{"@id":"https:\/\/pharmadreams.shop\/index.php\/product\/lirene-acide-power-creme-tonifiante-et-revitalisante-50ml\/#primaryimage"},"image":{"@id":"https:\/\/pharmadreams.shop\/index.php\/product\/lirene-acide-power-creme-tonifiante-et-revitalisante-50ml\/#primaryimage"},"thumbnailUrl":"https:\/\/pharmadreams.shop\/wp-content\/uploads\/2023\/12\/lirene-creme.png","datePublished":"2023-12-19T18:28:00+00:00","dateModified":"2023-12-19T18:28:55+00:00","breadcrumb":{"@id":"https:\/\/pharmadreams.shop\/index.php\/product\/lirene-acide-power-creme-tonifiante-et-revitalisante-50ml\/#breadcrumb"},"inLanguage":"fr-FR","potentialAction":[{"@type":"ReadAction","target":["https:\/\/pharmadreams.shop\/index.php\/product\/lirene-acide-power-creme-tonifiante-et-revitalisante-50ml\/"]}]},{"@type":"ImageObject","inLanguage":"fr-FR","@id":"https:\/\/pharmadreams.shop\/index.php\/product\/lirene-acide-power-creme-tonifiante-et-revitalisante-50ml\/#primaryimage","url":"https:\/\/pharmadreams.shop\/wp-content\/uploads\/2023\/12\/lirene-creme.png","contentUrl":"https:\/\/pharmadreams.shop\/wp-content\/uploads\/2023\/12\/lirene-creme.png","width":793,"height":798},{"@type":"BreadcrumbList","@id":"https:\/\/pharmadreams.shop\/index.php\/product\/lirene-acide-power-creme-tonifiante-et-revitalisante-50ml\/#breadcrumb","itemListElement":[{"@type":"ListItem","position":1,"name":"Accueil","item":"https:\/\/pharmadreams.shop\/"},{"@type":"ListItem","position":2,"name":"Shop","item":"https:\/\/pharmadreams.shop\/index.php\/shop\/"},{"@type":"ListItem","position":3,"name":"Lirene acide power cr\u00e8me tonifiante et revitalisante 50ml"}]},{"@type":"WebSite","@id":"https:\/\/pharmadreams.shop\/#website","url":"https:\/\/pharmadreams.shop\/","name":"pharmadreams","description":"Parapharmacie en ligne","potentialAction":[{"@type":"SearchAction","target":{"@type":"EntryPoint","urlTemplate":"https:\/\/pharmadreams.shop\/?s={search_term_string}"},"query-input":"required name=search_term_string"}],"inLanguage":"fr-FR"}]}},"_links":{"self":[{"href":"https:\/\/pharmadreams.shop\/index.php\/wp-json\/wp\/v2\/product\/16047","targetHints":{"allow":["GET"]}}],"collection":[{"href":"https:\/\/pharmadreams.shop\/index.php\/wp-json\/wp\/v2\/product"}],"about":[{"href":"https:\/\/pharmadreams.shop\/index.php\/wp-json\/wp\/v2\/types\/product"}],"replies":[{"embeddable":true,"href":"https:\/\/pharmadreams.shop\/index.php\/wp-json\/wp\/v2\/comments?post=16047"}],"version-history":[{"count":0,"href":"https:\/\/pharmadreams.shop\/index.php\/wp-json\/wp\/v2\/product\/16047\/revisions"}],"wp:featuredmedia":[{"embeddable":true,"href":"https:\/\/pharmadreams.shop\/index.php\/wp-json\/wp\/v2\/media\/16123"}],"wp:attachment":[{"href":"https:\/\/pharmadreams.shop\/index.php\/wp-json\/wp\/v2\/media?parent=16047"}],"wp:term":[{"taxonomy":"product_brand","embeddable":true,"href":"https:\/\/pharmadreams.shop\/index.php\/wp-json\/wp\/v2\/product_brand?post=16047"},{"taxonomy":"product_cat","embeddable":true,"href":"https:\/\/pharmadreams.shop\/index.php\/wp-json\/wp\/v2\/product_cat?post=16047"},{"taxonomy":"product_tag","embeddable":true,"href":"https:\/\/pharmadreams.shop\/index.php\/wp-json\/wp\/v2\/product_tag?post=16047"}],"curies":[{"name":"wp","href":"https:\/\/api.w.org\/{rel}","templated":true}]}}