{"id":16051,"date":"2023-12-19T19:28:01","date_gmt":"2023-12-19T18:28:01","guid":{"rendered":"https:\/\/venuspara.com\/?post_type=product&#038;p=16051"},"modified":"2024-03-16T00:23:21","modified_gmt":"2024-03-15T23:23:21","slug":"la-roche-posay-effaclar-serum-ultra-concentre-30ml","status":"publish","type":"product","link":"https:\/\/pharmadreams.shop\/index.php\/product\/la-roche-posay-effaclar-serum-ultra-concentre-30ml\/","title":{"rendered":"La roche posay effaclar s\u00e9rum ultra concentre 30ml"},"content":{"rendered":"","protected":false},"excerpt":{"rendered":"<p>LA ROCHE POSAY EFFACLAR SERUM\u00a0ULTRA CONCENTR\u00c9\u00a0r\u00e9unit une formule extr\u00eamement concentr\u00e9e avec les bienfaits des peelings pour un nettoyage en profondeur des pores et une action apaisante continue.\u00a0Ce traitement contient trois acides &#8211; l&rsquo;acide salicylique, l&rsquo;acide glycolique, le LHA (acide lactique) et le Niacinamide pour aider \u00e0 apaiser la peau.<\/p>\n<p>La roche posay serum concentre est particuli\u00e8rement efficace sur des peaux \u00e0 tendance acn\u00e9ique avec imperfections, marques persistantes, pores dilat\u00e9s. Il agit comme suit :<\/p>\n<ol>\n<li><em><strong>D\u00c9SINCRUSTE ET R\u00c9EQUILIBRE<\/strong><\/em>\u00a0:\u00a0ACIDE SALYCILIQUE<\/li>\n<li><em><strong>STIMULE LE RENOUVELLEMENT<\/strong><\/em>\u00a0CELLULAIRE : ACIDE GLYCOLIQUE<\/li>\n<li><em><strong>EXFOLIE EN DOUCEUR<\/strong><\/em>\u00a0:\u00a0LHA<\/li>\n<li><em><strong>R\u00c9DUIT LES MARQUES<\/strong><\/em>\u00a0:\u00a0NIACINAMIDE<\/li>\n<li><em><strong>APAISE ET ADOUCIT<\/strong><\/em>\u00a0:\u00a0EAU THERMALE<\/li>\n<\/ol>\n","protected":false},"featured_media":16136,"comment_status":"open","ping_status":"closed","template":"","meta":[],"product_brand":[],"product_cat":[97,94,80],"product_tag":[],"class_list":{"0":"post-16051","1":"product","2":"type-product","3":"status-publish","4":"has-post-thumbnail","6":"product_cat-anti-imperfection","7":"product_cat-serum","8":"product_cat-soins","10":"first","11":"instock","12":"shipping-taxable","13":"purchasable","14":"product-type-simple"},"yoast_head":"<!-- This site is optimized with the Yoast SEO plugin v23.0 - https:\/\/yoast.com\/wordpress\/plugins\/seo\/ -->\n<title>La roche posay effaclar s\u00e9rum ultra concentre 30ml - pharmadreams<\/title>\n<meta name=\"robots\" content=\"index, follow, max-snippet:-1, max-image-preview:large, max-video-preview:-1\" \/>\n<link rel=\"canonical\" href=\"https:\/\/pharmadreams.shop\/index.php\/product\/la-roche-posay-effaclar-serum-ultra-concentre-30ml\/\" \/>\n<meta property=\"og:locale\" content=\"fr_FR\" \/>\n<meta property=\"og:type\" content=\"article\" \/>\n<meta property=\"og:title\" content=\"La roche posay effaclar s\u00e9rum ultra concentre 30ml - pharmadreams\" \/>\n<meta property=\"og:description\" content=\"LA ROCHE POSAY EFFACLAR SERUM\u00a0ULTRA CONCENTR\u00c9\u00a0r\u00e9unit une formule extr\u00eamement concentr\u00e9e avec les bienfaits des peelings pour un nettoyage en profondeur des pores et une action apaisante continue.\u00a0Ce traitement contient trois acides - l&#039;acide salicylique, l&#039;acide glycolique, le LHA (acide lactique) et le Niacinamide pour aider \u00e0 apaiser la peau.  La roche posay serum concentre est particuli\u00e8rement efficace sur des peaux \u00e0 tendance acn\u00e9ique avec imperfections, marques persistantes, pores dilat\u00e9s. Il agit comme suit :   D\u00c9SINCRUSTE ET R\u00c9EQUILIBRE\u00a0:\u00a0ACIDE SALYCILIQUE  STIMULE LE RENOUVELLEMENT\u00a0CELLULAIRE : ACIDE GLYCOLIQUE  EXFOLIE EN DOUCEUR\u00a0:\u00a0LHA  R\u00c9DUIT LES MARQUES\u00a0:\u00a0NIACINAMIDE  APAISE ET ADOUCIT\u00a0:\u00a0EAU THERMALE\" \/>\n<meta property=\"og:url\" content=\"https:\/\/pharmadreams.shop\/index.php\/product\/la-roche-posay-effaclar-serum-ultra-concentre-30ml\/\" \/>\n<meta property=\"og:site_name\" content=\"pharmadreams\" \/>\n<meta property=\"article:modified_time\" content=\"2024-03-15T23:23:21+00:00\" \/>\n<meta property=\"og:image\" content=\"https:\/\/pharmadreams.shop\/wp-content\/uploads\/2023\/12\/la-roche-posay-773x800.png\" \/>\n\t<meta property=\"og:image:width\" content=\"773\" \/>\n\t<meta property=\"og:image:height\" content=\"800\" \/>\n\t<meta property=\"og:image:type\" content=\"image\/png\" \/>\n<meta name=\"twitter:card\" content=\"summary_large_image\" \/>\n<meta name=\"twitter:label1\" content=\"Dur\u00e9e de lecture estim\u00e9e\" \/>\n\t<meta name=\"twitter:data1\" content=\"1 minute\" \/>\n<script type=\"application\/ld+json\" class=\"yoast-schema-graph\">{\"@context\":\"https:\/\/schema.org\",\"@graph\":[{\"@type\":\"WebPage\",\"@id\":\"https:\/\/pharmadreams.shop\/index.php\/product\/la-roche-posay-effaclar-serum-ultra-concentre-30ml\/\",\"url\":\"https:\/\/pharmadreams.shop\/index.php\/product\/la-roche-posay-effaclar-serum-ultra-concentre-30ml\/\",\"name\":\"La roche posay effaclar s\u00e9rum ultra concentre 30ml - pharmadreams\",\"isPartOf\":{\"@id\":\"https:\/\/pharmadreams.shop\/#website\"},\"primaryImageOfPage\":{\"@id\":\"https:\/\/pharmadreams.shop\/index.php\/product\/la-roche-posay-effaclar-serum-ultra-concentre-30ml\/#primaryimage\"},\"image\":{\"@id\":\"https:\/\/pharmadreams.shop\/index.php\/product\/la-roche-posay-effaclar-serum-ultra-concentre-30ml\/#primaryimage\"},\"thumbnailUrl\":\"https:\/\/pharmadreams.shop\/wp-content\/uploads\/2023\/12\/la-roche-posay.png\",\"datePublished\":\"2023-12-19T18:28:01+00:00\",\"dateModified\":\"2024-03-15T23:23:21+00:00\",\"breadcrumb\":{\"@id\":\"https:\/\/pharmadreams.shop\/index.php\/product\/la-roche-posay-effaclar-serum-ultra-concentre-30ml\/#breadcrumb\"},\"inLanguage\":\"fr-FR\",\"potentialAction\":[{\"@type\":\"ReadAction\",\"target\":[\"https:\/\/pharmadreams.shop\/index.php\/product\/la-roche-posay-effaclar-serum-ultra-concentre-30ml\/\"]}]},{\"@type\":\"ImageObject\",\"inLanguage\":\"fr-FR\",\"@id\":\"https:\/\/pharmadreams.shop\/index.php\/product\/la-roche-posay-effaclar-serum-ultra-concentre-30ml\/#primaryimage\",\"url\":\"https:\/\/pharmadreams.shop\/wp-content\/uploads\/2023\/12\/la-roche-posay.png\",\"contentUrl\":\"https:\/\/pharmadreams.shop\/wp-content\/uploads\/2023\/12\/la-roche-posay.png\",\"width\":4336,\"height\":4488},{\"@type\":\"BreadcrumbList\",\"@id\":\"https:\/\/pharmadreams.shop\/index.php\/product\/la-roche-posay-effaclar-serum-ultra-concentre-30ml\/#breadcrumb\",\"itemListElement\":[{\"@type\":\"ListItem\",\"position\":1,\"name\":\"Accueil\",\"item\":\"https:\/\/pharmadreams.shop\/\"},{\"@type\":\"ListItem\",\"position\":2,\"name\":\"Shop\",\"item\":\"https:\/\/pharmadreams.shop\/index.php\/shop\/\"},{\"@type\":\"ListItem\",\"position\":3,\"name\":\"La roche posay effaclar s\u00e9rum ultra concentre 30ml\"}]},{\"@type\":\"WebSite\",\"@id\":\"https:\/\/pharmadreams.shop\/#website\",\"url\":\"https:\/\/pharmadreams.shop\/\",\"name\":\"pharmadreams\",\"description\":\"Parapharmacie en ligne\",\"potentialAction\":[{\"@type\":\"SearchAction\",\"target\":{\"@type\":\"EntryPoint\",\"urlTemplate\":\"https:\/\/pharmadreams.shop\/?s={search_term_string}\"},\"query-input\":\"required name=search_term_string\"}],\"inLanguage\":\"fr-FR\"}]}<\/script>\n<!-- \/ Yoast SEO plugin. -->","yoast_head_json":{"title":"La roche posay effaclar s\u00e9rum ultra concentre 30ml - pharmadreams","robots":{"index":"index","follow":"follow","max-snippet":"max-snippet:-1","max-image-preview":"max-image-preview:large","max-video-preview":"max-video-preview:-1"},"canonical":"https:\/\/pharmadreams.shop\/index.php\/product\/la-roche-posay-effaclar-serum-ultra-concentre-30ml\/","og_locale":"fr_FR","og_type":"article","og_title":"La roche posay effaclar s\u00e9rum ultra concentre 30ml - pharmadreams","og_description":"LA ROCHE POSAY EFFACLAR SERUM\u00a0ULTRA CONCENTR\u00c9\u00a0r\u00e9unit une formule extr\u00eamement concentr\u00e9e avec les bienfaits des peelings pour un nettoyage en profondeur des pores et une action apaisante continue.\u00a0Ce traitement contient trois acides - l'acide salicylique, l'acide glycolique, le LHA (acide lactique) et le Niacinamide pour aider \u00e0 apaiser la peau.  La roche posay serum concentre est particuli\u00e8rement efficace sur des peaux \u00e0 tendance acn\u00e9ique avec imperfections, marques persistantes, pores dilat\u00e9s. Il agit comme suit :   D\u00c9SINCRUSTE ET R\u00c9EQUILIBRE\u00a0:\u00a0ACIDE SALYCILIQUE  STIMULE LE RENOUVELLEMENT\u00a0CELLULAIRE : ACIDE GLYCOLIQUE  EXFOLIE EN DOUCEUR\u00a0:\u00a0LHA  R\u00c9DUIT LES MARQUES\u00a0:\u00a0NIACINAMIDE  APAISE ET ADOUCIT\u00a0:\u00a0EAU THERMALE","og_url":"https:\/\/pharmadreams.shop\/index.php\/product\/la-roche-posay-effaclar-serum-ultra-concentre-30ml\/","og_site_name":"pharmadreams","article_modified_time":"2024-03-15T23:23:21+00:00","og_image":[{"width":773,"height":800,"url":"https:\/\/pharmadreams.shop\/wp-content\/uploads\/2023\/12\/la-roche-posay-773x800.png","type":"image\/png"}],"twitter_card":"summary_large_image","twitter_misc":{"Dur\u00e9e de lecture estim\u00e9e":"1 minute"},"schema":{"@context":"https:\/\/schema.org","@graph":[{"@type":"WebPage","@id":"https:\/\/pharmadreams.shop\/index.php\/product\/la-roche-posay-effaclar-serum-ultra-concentre-30ml\/","url":"https:\/\/pharmadreams.shop\/index.php\/product\/la-roche-posay-effaclar-serum-ultra-concentre-30ml\/","name":"La roche posay effaclar s\u00e9rum ultra concentre 30ml - pharmadreams","isPartOf":{"@id":"https:\/\/pharmadreams.shop\/#website"},"primaryImageOfPage":{"@id":"https:\/\/pharmadreams.shop\/index.php\/product\/la-roche-posay-effaclar-serum-ultra-concentre-30ml\/#primaryimage"},"image":{"@id":"https:\/\/pharmadreams.shop\/index.php\/product\/la-roche-posay-effaclar-serum-ultra-concentre-30ml\/#primaryimage"},"thumbnailUrl":"https:\/\/pharmadreams.shop\/wp-content\/uploads\/2023\/12\/la-roche-posay.png","datePublished":"2023-12-19T18:28:01+00:00","dateModified":"2024-03-15T23:23:21+00:00","breadcrumb":{"@id":"https:\/\/pharmadreams.shop\/index.php\/product\/la-roche-posay-effaclar-serum-ultra-concentre-30ml\/#breadcrumb"},"inLanguage":"fr-FR","potentialAction":[{"@type":"ReadAction","target":["https:\/\/pharmadreams.shop\/index.php\/product\/la-roche-posay-effaclar-serum-ultra-concentre-30ml\/"]}]},{"@type":"ImageObject","inLanguage":"fr-FR","@id":"https:\/\/pharmadreams.shop\/index.php\/product\/la-roche-posay-effaclar-serum-ultra-concentre-30ml\/#primaryimage","url":"https:\/\/pharmadreams.shop\/wp-content\/uploads\/2023\/12\/la-roche-posay.png","contentUrl":"https:\/\/pharmadreams.shop\/wp-content\/uploads\/2023\/12\/la-roche-posay.png","width":4336,"height":4488},{"@type":"BreadcrumbList","@id":"https:\/\/pharmadreams.shop\/index.php\/product\/la-roche-posay-effaclar-serum-ultra-concentre-30ml\/#breadcrumb","itemListElement":[{"@type":"ListItem","position":1,"name":"Accueil","item":"https:\/\/pharmadreams.shop\/"},{"@type":"ListItem","position":2,"name":"Shop","item":"https:\/\/pharmadreams.shop\/index.php\/shop\/"},{"@type":"ListItem","position":3,"name":"La roche posay effaclar s\u00e9rum ultra concentre 30ml"}]},{"@type":"WebSite","@id":"https:\/\/pharmadreams.shop\/#website","url":"https:\/\/pharmadreams.shop\/","name":"pharmadreams","description":"Parapharmacie en ligne","potentialAction":[{"@type":"SearchAction","target":{"@type":"EntryPoint","urlTemplate":"https:\/\/pharmadreams.shop\/?s={search_term_string}"},"query-input":"required name=search_term_string"}],"inLanguage":"fr-FR"}]}},"_links":{"self":[{"href":"https:\/\/pharmadreams.shop\/index.php\/wp-json\/wp\/v2\/product\/16051","targetHints":{"allow":["GET"]}}],"collection":[{"href":"https:\/\/pharmadreams.shop\/index.php\/wp-json\/wp\/v2\/product"}],"about":[{"href":"https:\/\/pharmadreams.shop\/index.php\/wp-json\/wp\/v2\/types\/product"}],"replies":[{"embeddable":true,"href":"https:\/\/pharmadreams.shop\/index.php\/wp-json\/wp\/v2\/comments?post=16051"}],"version-history":[{"count":0,"href":"https:\/\/pharmadreams.shop\/index.php\/wp-json\/wp\/v2\/product\/16051\/revisions"}],"wp:featuredmedia":[{"embeddable":true,"href":"https:\/\/pharmadreams.shop\/index.php\/wp-json\/wp\/v2\/media\/16136"}],"wp:attachment":[{"href":"https:\/\/pharmadreams.shop\/index.php\/wp-json\/wp\/v2\/media?parent=16051"}],"wp:term":[{"taxonomy":"product_brand","embeddable":true,"href":"https:\/\/pharmadreams.shop\/index.php\/wp-json\/wp\/v2\/product_brand?post=16051"},{"taxonomy":"product_cat","embeddable":true,"href":"https:\/\/pharmadreams.shop\/index.php\/wp-json\/wp\/v2\/product_cat?post=16051"},{"taxonomy":"product_tag","embeddable":true,"href":"https:\/\/pharmadreams.shop\/index.php\/wp-json\/wp\/v2\/product_tag?post=16051"}],"curies":[{"name":"wp","href":"https:\/\/api.w.org\/{rel}","templated":true}]}}