{"id":16075,"date":"2023-12-19T19:28:25","date_gmt":"2023-12-19T18:28:25","guid":{"rendered":"https:\/\/venuspara.com\/?post_type=product&#038;p=16075"},"modified":"2024-03-16T00:22:21","modified_gmt":"2024-03-15T23:22:21","slug":"la-roche-posay-pure-niacinamide-10-serum-anti-taches-30ml","status":"publish","type":"product","link":"https:\/\/pharmadreams.shop\/index.php\/product\/la-roche-posay-pure-niacinamide-10-serum-anti-taches-30ml\/","title":{"rendered":"La roche posay pure niacinamide 10 s\u00e9rum anti-taches 30ml"},"content":{"rendered":"","protected":false},"excerpt":{"rendered":"<div id=\"product-description-short-10687\" class=\"product-description\">\n<p>Ce s\u00e9rum \u00e0 la niacinamide est formul\u00e9 avec des actifs dermatologiques haute efficacit\u00e9 pour aider \u00e0 corriger et pr\u00e9venir tous les types de taches pigmentaires tout en restaurant l\u2019\u00e9clat de la peau.<\/p>\n<\/div>\n<div class=\"product-actions\">\n<form id=\"add-to-cart-or-refresh\" action=\"https:\/\/pharma-shop.tn\/panier\" method=\"post\">\n<div class=\"product-variants\"><\/div>\n<section class=\"product-discounts\"><\/section>\n<div class=\"product-add-to-cart\"><\/div>\n<\/form>\n<\/div>\n","protected":false},"featured_media":16138,"comment_status":"open","ping_status":"closed","template":"","meta":[],"product_brand":[],"product_cat":[90,94,95,80],"product_tag":[],"class_list":{"0":"post-16075","1":"product","2":"type-product","3":"status-publish","4":"has-post-thumbnail","6":"product_cat-anti-tache","7":"product_cat-serum","8":"product_cat-skin-care","9":"product_cat-soins","11":"first","12":"instock","13":"shipping-taxable","14":"purchasable","15":"product-type-simple"},"yoast_head":"<!-- This site is optimized with the Yoast SEO plugin v23.0 - https:\/\/yoast.com\/wordpress\/plugins\/seo\/ -->\n<title>La roche posay pure niacinamide 10 s\u00e9rum anti-taches 30ml - pharmadreams<\/title>\n<meta name=\"robots\" content=\"index, follow, max-snippet:-1, max-image-preview:large, max-video-preview:-1\" \/>\n<link rel=\"canonical\" href=\"https:\/\/pharmadreams.shop\/index.php\/product\/la-roche-posay-pure-niacinamide-10-serum-anti-taches-30ml\/\" \/>\n<meta property=\"og:locale\" content=\"fr_FR\" \/>\n<meta property=\"og:type\" content=\"article\" \/>\n<meta property=\"og:title\" content=\"La roche posay pure niacinamide 10 s\u00e9rum anti-taches 30ml - pharmadreams\" \/>\n<meta property=\"og:description\" content=\"Ce s\u00e9rum \u00e0 la niacinamide est formul\u00e9 avec des actifs dermatologiques haute efficacit\u00e9 pour aider \u00e0 corriger et pr\u00e9venir tous les types de taches pigmentaires tout en restaurant l\u2019\u00e9clat de la peau.\" \/>\n<meta property=\"og:url\" content=\"https:\/\/pharmadreams.shop\/index.php\/product\/la-roche-posay-pure-niacinamide-10-serum-anti-taches-30ml\/\" \/>\n<meta property=\"og:site_name\" content=\"pharmadreams\" \/>\n<meta property=\"article:modified_time\" content=\"2024-03-15T23:22:21+00:00\" \/>\n<meta property=\"og:image\" content=\"https:\/\/pharmadreams.shop\/wp-content\/uploads\/2023\/12\/roche-posay.jpg\" \/>\n\t<meta property=\"og:image:width\" content=\"600\" \/>\n\t<meta property=\"og:image:height\" content=\"600\" \/>\n\t<meta property=\"og:image:type\" content=\"image\/jpeg\" \/>\n<meta name=\"twitter:card\" content=\"summary_large_image\" \/>\n<meta name=\"twitter:label1\" content=\"Dur\u00e9e de lecture estim\u00e9e\" \/>\n\t<meta name=\"twitter:data1\" content=\"1 minute\" \/>\n<script type=\"application\/ld+json\" class=\"yoast-schema-graph\">{\"@context\":\"https:\/\/schema.org\",\"@graph\":[{\"@type\":\"WebPage\",\"@id\":\"https:\/\/pharmadreams.shop\/index.php\/product\/la-roche-posay-pure-niacinamide-10-serum-anti-taches-30ml\/\",\"url\":\"https:\/\/pharmadreams.shop\/index.php\/product\/la-roche-posay-pure-niacinamide-10-serum-anti-taches-30ml\/\",\"name\":\"La roche posay pure niacinamide 10 s\u00e9rum anti-taches 30ml - pharmadreams\",\"isPartOf\":{\"@id\":\"https:\/\/pharmadreams.shop\/#website\"},\"primaryImageOfPage\":{\"@id\":\"https:\/\/pharmadreams.shop\/index.php\/product\/la-roche-posay-pure-niacinamide-10-serum-anti-taches-30ml\/#primaryimage\"},\"image\":{\"@id\":\"https:\/\/pharmadreams.shop\/index.php\/product\/la-roche-posay-pure-niacinamide-10-serum-anti-taches-30ml\/#primaryimage\"},\"thumbnailUrl\":\"https:\/\/pharmadreams.shop\/wp-content\/uploads\/2023\/12\/roche-posay.jpg\",\"datePublished\":\"2023-12-19T18:28:25+00:00\",\"dateModified\":\"2024-03-15T23:22:21+00:00\",\"breadcrumb\":{\"@id\":\"https:\/\/pharmadreams.shop\/index.php\/product\/la-roche-posay-pure-niacinamide-10-serum-anti-taches-30ml\/#breadcrumb\"},\"inLanguage\":\"fr-FR\",\"potentialAction\":[{\"@type\":\"ReadAction\",\"target\":[\"https:\/\/pharmadreams.shop\/index.php\/product\/la-roche-posay-pure-niacinamide-10-serum-anti-taches-30ml\/\"]}]},{\"@type\":\"ImageObject\",\"inLanguage\":\"fr-FR\",\"@id\":\"https:\/\/pharmadreams.shop\/index.php\/product\/la-roche-posay-pure-niacinamide-10-serum-anti-taches-30ml\/#primaryimage\",\"url\":\"https:\/\/pharmadreams.shop\/wp-content\/uploads\/2023\/12\/roche-posay.jpg\",\"contentUrl\":\"https:\/\/pharmadreams.shop\/wp-content\/uploads\/2023\/12\/roche-posay.jpg\",\"width\":600,\"height\":600},{\"@type\":\"BreadcrumbList\",\"@id\":\"https:\/\/pharmadreams.shop\/index.php\/product\/la-roche-posay-pure-niacinamide-10-serum-anti-taches-30ml\/#breadcrumb\",\"itemListElement\":[{\"@type\":\"ListItem\",\"position\":1,\"name\":\"Accueil\",\"item\":\"https:\/\/pharmadreams.shop\/\"},{\"@type\":\"ListItem\",\"position\":2,\"name\":\"Shop\",\"item\":\"https:\/\/pharmadreams.shop\/index.php\/shop\/\"},{\"@type\":\"ListItem\",\"position\":3,\"name\":\"La roche posay pure niacinamide 10 s\u00e9rum anti-taches 30ml\"}]},{\"@type\":\"WebSite\",\"@id\":\"https:\/\/pharmadreams.shop\/#website\",\"url\":\"https:\/\/pharmadreams.shop\/\",\"name\":\"pharmadreams\",\"description\":\"Parapharmacie en ligne\",\"potentialAction\":[{\"@type\":\"SearchAction\",\"target\":{\"@type\":\"EntryPoint\",\"urlTemplate\":\"https:\/\/pharmadreams.shop\/?s={search_term_string}\"},\"query-input\":\"required name=search_term_string\"}],\"inLanguage\":\"fr-FR\"}]}<\/script>\n<!-- \/ Yoast SEO plugin. -->","yoast_head_json":{"title":"La roche posay pure niacinamide 10 s\u00e9rum anti-taches 30ml - pharmadreams","robots":{"index":"index","follow":"follow","max-snippet":"max-snippet:-1","max-image-preview":"max-image-preview:large","max-video-preview":"max-video-preview:-1"},"canonical":"https:\/\/pharmadreams.shop\/index.php\/product\/la-roche-posay-pure-niacinamide-10-serum-anti-taches-30ml\/","og_locale":"fr_FR","og_type":"article","og_title":"La roche posay pure niacinamide 10 s\u00e9rum anti-taches 30ml - pharmadreams","og_description":"Ce s\u00e9rum \u00e0 la niacinamide est formul\u00e9 avec des actifs dermatologiques haute efficacit\u00e9 pour aider \u00e0 corriger et pr\u00e9venir tous les types de taches pigmentaires tout en restaurant l\u2019\u00e9clat de la peau.","og_url":"https:\/\/pharmadreams.shop\/index.php\/product\/la-roche-posay-pure-niacinamide-10-serum-anti-taches-30ml\/","og_site_name":"pharmadreams","article_modified_time":"2024-03-15T23:22:21+00:00","og_image":[{"width":600,"height":600,"url":"https:\/\/pharmadreams.shop\/wp-content\/uploads\/2023\/12\/roche-posay.jpg","type":"image\/jpeg"}],"twitter_card":"summary_large_image","twitter_misc":{"Dur\u00e9e de lecture estim\u00e9e":"1 minute"},"schema":{"@context":"https:\/\/schema.org","@graph":[{"@type":"WebPage","@id":"https:\/\/pharmadreams.shop\/index.php\/product\/la-roche-posay-pure-niacinamide-10-serum-anti-taches-30ml\/","url":"https:\/\/pharmadreams.shop\/index.php\/product\/la-roche-posay-pure-niacinamide-10-serum-anti-taches-30ml\/","name":"La roche posay pure niacinamide 10 s\u00e9rum anti-taches 30ml - pharmadreams","isPartOf":{"@id":"https:\/\/pharmadreams.shop\/#website"},"primaryImageOfPage":{"@id":"https:\/\/pharmadreams.shop\/index.php\/product\/la-roche-posay-pure-niacinamide-10-serum-anti-taches-30ml\/#primaryimage"},"image":{"@id":"https:\/\/pharmadreams.shop\/index.php\/product\/la-roche-posay-pure-niacinamide-10-serum-anti-taches-30ml\/#primaryimage"},"thumbnailUrl":"https:\/\/pharmadreams.shop\/wp-content\/uploads\/2023\/12\/roche-posay.jpg","datePublished":"2023-12-19T18:28:25+00:00","dateModified":"2024-03-15T23:22:21+00:00","breadcrumb":{"@id":"https:\/\/pharmadreams.shop\/index.php\/product\/la-roche-posay-pure-niacinamide-10-serum-anti-taches-30ml\/#breadcrumb"},"inLanguage":"fr-FR","potentialAction":[{"@type":"ReadAction","target":["https:\/\/pharmadreams.shop\/index.php\/product\/la-roche-posay-pure-niacinamide-10-serum-anti-taches-30ml\/"]}]},{"@type":"ImageObject","inLanguage":"fr-FR","@id":"https:\/\/pharmadreams.shop\/index.php\/product\/la-roche-posay-pure-niacinamide-10-serum-anti-taches-30ml\/#primaryimage","url":"https:\/\/pharmadreams.shop\/wp-content\/uploads\/2023\/12\/roche-posay.jpg","contentUrl":"https:\/\/pharmadreams.shop\/wp-content\/uploads\/2023\/12\/roche-posay.jpg","width":600,"height":600},{"@type":"BreadcrumbList","@id":"https:\/\/pharmadreams.shop\/index.php\/product\/la-roche-posay-pure-niacinamide-10-serum-anti-taches-30ml\/#breadcrumb","itemListElement":[{"@type":"ListItem","position":1,"name":"Accueil","item":"https:\/\/pharmadreams.shop\/"},{"@type":"ListItem","position":2,"name":"Shop","item":"https:\/\/pharmadreams.shop\/index.php\/shop\/"},{"@type":"ListItem","position":3,"name":"La roche posay pure niacinamide 10 s\u00e9rum anti-taches 30ml"}]},{"@type":"WebSite","@id":"https:\/\/pharmadreams.shop\/#website","url":"https:\/\/pharmadreams.shop\/","name":"pharmadreams","description":"Parapharmacie en ligne","potentialAction":[{"@type":"SearchAction","target":{"@type":"EntryPoint","urlTemplate":"https:\/\/pharmadreams.shop\/?s={search_term_string}"},"query-input":"required name=search_term_string"}],"inLanguage":"fr-FR"}]}},"_links":{"self":[{"href":"https:\/\/pharmadreams.shop\/index.php\/wp-json\/wp\/v2\/product\/16075","targetHints":{"allow":["GET"]}}],"collection":[{"href":"https:\/\/pharmadreams.shop\/index.php\/wp-json\/wp\/v2\/product"}],"about":[{"href":"https:\/\/pharmadreams.shop\/index.php\/wp-json\/wp\/v2\/types\/product"}],"replies":[{"embeddable":true,"href":"https:\/\/pharmadreams.shop\/index.php\/wp-json\/wp\/v2\/comments?post=16075"}],"version-history":[{"count":0,"href":"https:\/\/pharmadreams.shop\/index.php\/wp-json\/wp\/v2\/product\/16075\/revisions"}],"wp:featuredmedia":[{"embeddable":true,"href":"https:\/\/pharmadreams.shop\/index.php\/wp-json\/wp\/v2\/media\/16138"}],"wp:attachment":[{"href":"https:\/\/pharmadreams.shop\/index.php\/wp-json\/wp\/v2\/media?parent=16075"}],"wp:term":[{"taxonomy":"product_brand","embeddable":true,"href":"https:\/\/pharmadreams.shop\/index.php\/wp-json\/wp\/v2\/product_brand?post=16075"},{"taxonomy":"product_cat","embeddable":true,"href":"https:\/\/pharmadreams.shop\/index.php\/wp-json\/wp\/v2\/product_cat?post=16075"},{"taxonomy":"product_tag","embeddable":true,"href":"https:\/\/pharmadreams.shop\/index.php\/wp-json\/wp\/v2\/product_tag?post=16075"}],"curies":[{"name":"wp","href":"https:\/\/api.w.org\/{rel}","templated":true}]}}