{"id":16076,"date":"2023-12-19T19:28:25","date_gmt":"2023-12-19T18:28:25","guid":{"rendered":"https:\/\/venuspara.com\/?post_type=product&#038;p=16076"},"modified":"2023-12-19T19:29:36","modified_gmt":"2023-12-19T18:29:36","slug":"creme-moussante-nettoyante-hydratante-236ml","status":"publish","type":"product","link":"https:\/\/pharmadreams.shop\/index.php\/product\/creme-moussante-nettoyante-hydratante-236ml\/","title":{"rendered":"Cr\u00e8me moussante nettoyante hydratante 236ml"},"content":{"rendered":"","protected":false},"excerpt":{"rendered":"<p style=\"font-weight: 400;\">D\u00e9velopp\u00e9e avec des dermatologues la Cr\u00e8me Moussante Nettoyante Hydratante CeraVe Nettoie, d\u00e9maquille et hydrate tout en respectant la barri\u00e8re protectrice des peaux normales \u00e0 s\u00e8ches. Texture cr\u00e8me en mousse onctueuse et enveloppante. Formule visage et yeux. Sans parfum.<\/p>\n","protected":false},"featured_media":16140,"comment_status":"open","ping_status":"closed","template":"","meta":[],"product_brand":[],"product_cat":[78,98,20],"product_tag":[],"class_list":{"0":"post-16076","1":"product","2":"type-product","3":"status-publish","4":"has-post-thumbnail","6":"product_cat-cremes","7":"product_cat-hydratation","8":"product_cat-visage","10":"first","11":"instock","12":"shipping-taxable","13":"purchasable","14":"product-type-simple"},"yoast_head":"<!-- This site is optimized with the Yoast SEO plugin v23.0 - https:\/\/yoast.com\/wordpress\/plugins\/seo\/ -->\n<title>Cr\u00e8me moussante nettoyante hydratante 236ml - pharmadreams<\/title>\n<meta name=\"robots\" content=\"index, follow, max-snippet:-1, max-image-preview:large, max-video-preview:-1\" \/>\n<link rel=\"canonical\" href=\"https:\/\/pharmadreams.shop\/index.php\/product\/creme-moussante-nettoyante-hydratante-236ml\/\" \/>\n<meta property=\"og:locale\" content=\"fr_FR\" \/>\n<meta property=\"og:type\" content=\"article\" \/>\n<meta property=\"og:title\" content=\"Cr\u00e8me moussante nettoyante hydratante 236ml - pharmadreams\" \/>\n<meta property=\"og:description\" content=\"D\u00e9velopp\u00e9e avec des dermatologues la Cr\u00e8me Moussante Nettoyante Hydratante CeraVe Nettoie, d\u00e9maquille et hydrate tout en respectant la barri\u00e8re protectrice des peaux normales \u00e0 s\u00e8ches. Texture cr\u00e8me en mousse onctueuse et enveloppante. Formule visage et yeux. Sans parfum.\" \/>\n<meta property=\"og:url\" content=\"https:\/\/pharmadreams.shop\/index.php\/product\/creme-moussante-nettoyante-hydratante-236ml\/\" \/>\n<meta property=\"og:site_name\" content=\"pharmadreams\" \/>\n<meta property=\"article:modified_time\" content=\"2023-12-19T18:29:36+00:00\" \/>\n<meta property=\"og:image\" content=\"https:\/\/pharmadreams.shop\/wp-content\/uploads\/2023\/12\/cerave-1.png\" \/>\n\t<meta property=\"og:image:width\" content=\"4336\" \/>\n\t<meta property=\"og:image:height\" content=\"4488\" \/>\n\t<meta property=\"og:image:type\" content=\"image\/png\" \/>\n<meta name=\"twitter:card\" content=\"summary_large_image\" \/>\n<script type=\"application\/ld+json\" class=\"yoast-schema-graph\">{\"@context\":\"https:\/\/schema.org\",\"@graph\":[{\"@type\":\"WebPage\",\"@id\":\"https:\/\/pharmadreams.shop\/index.php\/product\/creme-moussante-nettoyante-hydratante-236ml\/\",\"url\":\"https:\/\/pharmadreams.shop\/index.php\/product\/creme-moussante-nettoyante-hydratante-236ml\/\",\"name\":\"Cr\u00e8me moussante nettoyante hydratante 236ml - pharmadreams\",\"isPartOf\":{\"@id\":\"https:\/\/pharmadreams.shop\/#website\"},\"primaryImageOfPage\":{\"@id\":\"https:\/\/pharmadreams.shop\/index.php\/product\/creme-moussante-nettoyante-hydratante-236ml\/#primaryimage\"},\"image\":{\"@id\":\"https:\/\/pharmadreams.shop\/index.php\/product\/creme-moussante-nettoyante-hydratante-236ml\/#primaryimage\"},\"thumbnailUrl\":\"https:\/\/pharmadreams.shop\/wp-content\/uploads\/2023\/12\/cerave-1.png\",\"datePublished\":\"2023-12-19T18:28:25+00:00\",\"dateModified\":\"2023-12-19T18:29:36+00:00\",\"breadcrumb\":{\"@id\":\"https:\/\/pharmadreams.shop\/index.php\/product\/creme-moussante-nettoyante-hydratante-236ml\/#breadcrumb\"},\"inLanguage\":\"fr-FR\",\"potentialAction\":[{\"@type\":\"ReadAction\",\"target\":[\"https:\/\/pharmadreams.shop\/index.php\/product\/creme-moussante-nettoyante-hydratante-236ml\/\"]}]},{\"@type\":\"ImageObject\",\"inLanguage\":\"fr-FR\",\"@id\":\"https:\/\/pharmadreams.shop\/index.php\/product\/creme-moussante-nettoyante-hydratante-236ml\/#primaryimage\",\"url\":\"https:\/\/pharmadreams.shop\/wp-content\/uploads\/2023\/12\/cerave-1.png\",\"contentUrl\":\"https:\/\/pharmadreams.shop\/wp-content\/uploads\/2023\/12\/cerave-1.png\",\"width\":4336,\"height\":4488},{\"@type\":\"BreadcrumbList\",\"@id\":\"https:\/\/pharmadreams.shop\/index.php\/product\/creme-moussante-nettoyante-hydratante-236ml\/#breadcrumb\",\"itemListElement\":[{\"@type\":\"ListItem\",\"position\":1,\"name\":\"Accueil\",\"item\":\"https:\/\/pharmadreams.shop\/\"},{\"@type\":\"ListItem\",\"position\":2,\"name\":\"Shop\",\"item\":\"https:\/\/pharmadreams.shop\/index.php\/shop\/\"},{\"@type\":\"ListItem\",\"position\":3,\"name\":\"Cr\u00e8me moussante nettoyante hydratante 236ml\"}]},{\"@type\":\"WebSite\",\"@id\":\"https:\/\/pharmadreams.shop\/#website\",\"url\":\"https:\/\/pharmadreams.shop\/\",\"name\":\"pharmadreams\",\"description\":\"Parapharmacie en ligne\",\"potentialAction\":[{\"@type\":\"SearchAction\",\"target\":{\"@type\":\"EntryPoint\",\"urlTemplate\":\"https:\/\/pharmadreams.shop\/?s={search_term_string}\"},\"query-input\":\"required name=search_term_string\"}],\"inLanguage\":\"fr-FR\"}]}<\/script>\n<!-- \/ Yoast SEO plugin. -->","yoast_head_json":{"title":"Cr\u00e8me moussante nettoyante hydratante 236ml - pharmadreams","robots":{"index":"index","follow":"follow","max-snippet":"max-snippet:-1","max-image-preview":"max-image-preview:large","max-video-preview":"max-video-preview:-1"},"canonical":"https:\/\/pharmadreams.shop\/index.php\/product\/creme-moussante-nettoyante-hydratante-236ml\/","og_locale":"fr_FR","og_type":"article","og_title":"Cr\u00e8me moussante nettoyante hydratante 236ml - pharmadreams","og_description":"D\u00e9velopp\u00e9e avec des dermatologues la Cr\u00e8me Moussante Nettoyante Hydratante CeraVe Nettoie, d\u00e9maquille et hydrate tout en respectant la barri\u00e8re protectrice des peaux normales \u00e0 s\u00e8ches. Texture cr\u00e8me en mousse onctueuse et enveloppante. Formule visage et yeux. Sans parfum.","og_url":"https:\/\/pharmadreams.shop\/index.php\/product\/creme-moussante-nettoyante-hydratante-236ml\/","og_site_name":"pharmadreams","article_modified_time":"2023-12-19T18:29:36+00:00","og_image":[{"width":4336,"height":4488,"url":"https:\/\/pharmadreams.shop\/wp-content\/uploads\/2023\/12\/cerave-1.png","type":"image\/png"}],"twitter_card":"summary_large_image","schema":{"@context":"https:\/\/schema.org","@graph":[{"@type":"WebPage","@id":"https:\/\/pharmadreams.shop\/index.php\/product\/creme-moussante-nettoyante-hydratante-236ml\/","url":"https:\/\/pharmadreams.shop\/index.php\/product\/creme-moussante-nettoyante-hydratante-236ml\/","name":"Cr\u00e8me moussante nettoyante hydratante 236ml - pharmadreams","isPartOf":{"@id":"https:\/\/pharmadreams.shop\/#website"},"primaryImageOfPage":{"@id":"https:\/\/pharmadreams.shop\/index.php\/product\/creme-moussante-nettoyante-hydratante-236ml\/#primaryimage"},"image":{"@id":"https:\/\/pharmadreams.shop\/index.php\/product\/creme-moussante-nettoyante-hydratante-236ml\/#primaryimage"},"thumbnailUrl":"https:\/\/pharmadreams.shop\/wp-content\/uploads\/2023\/12\/cerave-1.png","datePublished":"2023-12-19T18:28:25+00:00","dateModified":"2023-12-19T18:29:36+00:00","breadcrumb":{"@id":"https:\/\/pharmadreams.shop\/index.php\/product\/creme-moussante-nettoyante-hydratante-236ml\/#breadcrumb"},"inLanguage":"fr-FR","potentialAction":[{"@type":"ReadAction","target":["https:\/\/pharmadreams.shop\/index.php\/product\/creme-moussante-nettoyante-hydratante-236ml\/"]}]},{"@type":"ImageObject","inLanguage":"fr-FR","@id":"https:\/\/pharmadreams.shop\/index.php\/product\/creme-moussante-nettoyante-hydratante-236ml\/#primaryimage","url":"https:\/\/pharmadreams.shop\/wp-content\/uploads\/2023\/12\/cerave-1.png","contentUrl":"https:\/\/pharmadreams.shop\/wp-content\/uploads\/2023\/12\/cerave-1.png","width":4336,"height":4488},{"@type":"BreadcrumbList","@id":"https:\/\/pharmadreams.shop\/index.php\/product\/creme-moussante-nettoyante-hydratante-236ml\/#breadcrumb","itemListElement":[{"@type":"ListItem","position":1,"name":"Accueil","item":"https:\/\/pharmadreams.shop\/"},{"@type":"ListItem","position":2,"name":"Shop","item":"https:\/\/pharmadreams.shop\/index.php\/shop\/"},{"@type":"ListItem","position":3,"name":"Cr\u00e8me moussante nettoyante hydratante 236ml"}]},{"@type":"WebSite","@id":"https:\/\/pharmadreams.shop\/#website","url":"https:\/\/pharmadreams.shop\/","name":"pharmadreams","description":"Parapharmacie en ligne","potentialAction":[{"@type":"SearchAction","target":{"@type":"EntryPoint","urlTemplate":"https:\/\/pharmadreams.shop\/?s={search_term_string}"},"query-input":"required name=search_term_string"}],"inLanguage":"fr-FR"}]}},"_links":{"self":[{"href":"https:\/\/pharmadreams.shop\/index.php\/wp-json\/wp\/v2\/product\/16076","targetHints":{"allow":["GET"]}}],"collection":[{"href":"https:\/\/pharmadreams.shop\/index.php\/wp-json\/wp\/v2\/product"}],"about":[{"href":"https:\/\/pharmadreams.shop\/index.php\/wp-json\/wp\/v2\/types\/product"}],"replies":[{"embeddable":true,"href":"https:\/\/pharmadreams.shop\/index.php\/wp-json\/wp\/v2\/comments?post=16076"}],"version-history":[{"count":0,"href":"https:\/\/pharmadreams.shop\/index.php\/wp-json\/wp\/v2\/product\/16076\/revisions"}],"wp:featuredmedia":[{"embeddable":true,"href":"https:\/\/pharmadreams.shop\/index.php\/wp-json\/wp\/v2\/media\/16140"}],"wp:attachment":[{"href":"https:\/\/pharmadreams.shop\/index.php\/wp-json\/wp\/v2\/media?parent=16076"}],"wp:term":[{"taxonomy":"product_brand","embeddable":true,"href":"https:\/\/pharmadreams.shop\/index.php\/wp-json\/wp\/v2\/product_brand?post=16076"},{"taxonomy":"product_cat","embeddable":true,"href":"https:\/\/pharmadreams.shop\/index.php\/wp-json\/wp\/v2\/product_cat?post=16076"},{"taxonomy":"product_tag","embeddable":true,"href":"https:\/\/pharmadreams.shop\/index.php\/wp-json\/wp\/v2\/product_tag?post=16076"}],"curies":[{"name":"wp","href":"https:\/\/api.w.org\/{rel}","templated":true}]}}