{"id":16077,"date":"2023-12-19T19:28:25","date_gmt":"2023-12-19T18:28:25","guid":{"rendered":"https:\/\/venuspara.com\/?post_type=product&#038;p=16077"},"modified":"2023-12-19T19:29:43","modified_gmt":"2023-12-19T18:29:43","slug":"inoderma-skin-booster-eau-micellaire-biphasee-200ml","status":"publish","type":"product","link":"https:\/\/pharmadreams.shop\/index.php\/product\/inoderma-skin-booster-eau-micellaire-biphasee-200ml\/","title":{"rendered":"Inoderma skin booster eau micellaire biphas\u00e9e 200ml"},"content":{"rendered":"","protected":false},"excerpt":{"rendered":"<p>INODERMA SKIN BOOSTER Eau Micellaire Biphasee nettoie, hydrate et d\u00e9maquille instantan\u00e9ment tous maquillage, m\u00eame waterproof. Respecte l&rsquo;\u00e9quilibre des peaux sensibles.<\/p>\n<p>SKIN BOOSTER Eau Micellaire Biphasee est adapt\u00e9e \u00e0 tous types de peaux (visage, yeux, l\u00e8vres)<\/p>\n","protected":false},"featured_media":16142,"comment_status":"open","ping_status":"closed","template":"","meta":[],"product_brand":[],"product_cat":[98,85,20],"product_tag":[],"class_list":{"0":"post-16077","1":"product","2":"type-product","3":"status-publish","4":"has-post-thumbnail","6":"product_cat-hydratation","7":"product_cat-hydratation-et-nutrition","8":"product_cat-visage","10":"first","11":"instock","12":"shipping-taxable","13":"purchasable","14":"product-type-simple"},"yoast_head":"<!-- This site is optimized with the Yoast SEO plugin v23.0 - https:\/\/yoast.com\/wordpress\/plugins\/seo\/ -->\n<title>Inoderma skin booster eau micellaire biphas\u00e9e 200ml - pharmadreams<\/title>\n<meta name=\"robots\" content=\"index, follow, max-snippet:-1, max-image-preview:large, max-video-preview:-1\" \/>\n<link rel=\"canonical\" href=\"https:\/\/pharmadreams.shop\/index.php\/product\/inoderma-skin-booster-eau-micellaire-biphasee-200ml\/\" \/>\n<meta property=\"og:locale\" content=\"fr_FR\" \/>\n<meta property=\"og:type\" content=\"article\" \/>\n<meta property=\"og:title\" content=\"Inoderma skin booster eau micellaire biphas\u00e9e 200ml - pharmadreams\" \/>\n<meta property=\"og:description\" content=\"INODERMA SKIN BOOSTER Eau Micellaire Biphasee nettoie, hydrate et d\u00e9maquille instantan\u00e9ment tous maquillage, m\u00eame waterproof. Respecte l&#039;\u00e9quilibre des peaux sensibles.  SKIN BOOSTER Eau Micellaire Biphasee est adapt\u00e9e \u00e0 tous types de peaux (visage, yeux, l\u00e8vres)\" \/>\n<meta property=\"og:url\" content=\"https:\/\/pharmadreams.shop\/index.php\/product\/inoderma-skin-booster-eau-micellaire-biphasee-200ml\/\" \/>\n<meta property=\"og:site_name\" content=\"pharmadreams\" \/>\n<meta property=\"article:modified_time\" content=\"2023-12-19T18:29:43+00:00\" \/>\n<meta property=\"og:image\" content=\"https:\/\/pharmadreams.shop\/wp-content\/uploads\/2023\/12\/skin-booster-inoderma.png\" \/>\n\t<meta property=\"og:image:width\" content=\"4336\" \/>\n\t<meta property=\"og:image:height\" content=\"4488\" \/>\n\t<meta property=\"og:image:type\" content=\"image\/png\" \/>\n<meta name=\"twitter:card\" content=\"summary_large_image\" \/>\n<script type=\"application\/ld+json\" class=\"yoast-schema-graph\">{\"@context\":\"https:\/\/schema.org\",\"@graph\":[{\"@type\":\"WebPage\",\"@id\":\"https:\/\/pharmadreams.shop\/index.php\/product\/inoderma-skin-booster-eau-micellaire-biphasee-200ml\/\",\"url\":\"https:\/\/pharmadreams.shop\/index.php\/product\/inoderma-skin-booster-eau-micellaire-biphasee-200ml\/\",\"name\":\"Inoderma skin booster eau micellaire biphas\u00e9e 200ml - pharmadreams\",\"isPartOf\":{\"@id\":\"https:\/\/pharmadreams.shop\/#website\"},\"primaryImageOfPage\":{\"@id\":\"https:\/\/pharmadreams.shop\/index.php\/product\/inoderma-skin-booster-eau-micellaire-biphasee-200ml\/#primaryimage\"},\"image\":{\"@id\":\"https:\/\/pharmadreams.shop\/index.php\/product\/inoderma-skin-booster-eau-micellaire-biphasee-200ml\/#primaryimage\"},\"thumbnailUrl\":\"https:\/\/pharmadreams.shop\/wp-content\/uploads\/2023\/12\/skin-booster-inoderma.png\",\"datePublished\":\"2023-12-19T18:28:25+00:00\",\"dateModified\":\"2023-12-19T18:29:43+00:00\",\"breadcrumb\":{\"@id\":\"https:\/\/pharmadreams.shop\/index.php\/product\/inoderma-skin-booster-eau-micellaire-biphasee-200ml\/#breadcrumb\"},\"inLanguage\":\"fr-FR\",\"potentialAction\":[{\"@type\":\"ReadAction\",\"target\":[\"https:\/\/pharmadreams.shop\/index.php\/product\/inoderma-skin-booster-eau-micellaire-biphasee-200ml\/\"]}]},{\"@type\":\"ImageObject\",\"inLanguage\":\"fr-FR\",\"@id\":\"https:\/\/pharmadreams.shop\/index.php\/product\/inoderma-skin-booster-eau-micellaire-biphasee-200ml\/#primaryimage\",\"url\":\"https:\/\/pharmadreams.shop\/wp-content\/uploads\/2023\/12\/skin-booster-inoderma.png\",\"contentUrl\":\"https:\/\/pharmadreams.shop\/wp-content\/uploads\/2023\/12\/skin-booster-inoderma.png\",\"width\":4336,\"height\":4488},{\"@type\":\"BreadcrumbList\",\"@id\":\"https:\/\/pharmadreams.shop\/index.php\/product\/inoderma-skin-booster-eau-micellaire-biphasee-200ml\/#breadcrumb\",\"itemListElement\":[{\"@type\":\"ListItem\",\"position\":1,\"name\":\"Accueil\",\"item\":\"https:\/\/pharmadreams.shop\/\"},{\"@type\":\"ListItem\",\"position\":2,\"name\":\"Shop\",\"item\":\"https:\/\/pharmadreams.shop\/index.php\/shop\/\"},{\"@type\":\"ListItem\",\"position\":3,\"name\":\"Inoderma skin booster eau micellaire biphas\u00e9e 200ml\"}]},{\"@type\":\"WebSite\",\"@id\":\"https:\/\/pharmadreams.shop\/#website\",\"url\":\"https:\/\/pharmadreams.shop\/\",\"name\":\"pharmadreams\",\"description\":\"Parapharmacie en ligne\",\"potentialAction\":[{\"@type\":\"SearchAction\",\"target\":{\"@type\":\"EntryPoint\",\"urlTemplate\":\"https:\/\/pharmadreams.shop\/?s={search_term_string}\"},\"query-input\":\"required name=search_term_string\"}],\"inLanguage\":\"fr-FR\"}]}<\/script>\n<!-- \/ Yoast SEO plugin. -->","yoast_head_json":{"title":"Inoderma skin booster eau micellaire biphas\u00e9e 200ml - pharmadreams","robots":{"index":"index","follow":"follow","max-snippet":"max-snippet:-1","max-image-preview":"max-image-preview:large","max-video-preview":"max-video-preview:-1"},"canonical":"https:\/\/pharmadreams.shop\/index.php\/product\/inoderma-skin-booster-eau-micellaire-biphasee-200ml\/","og_locale":"fr_FR","og_type":"article","og_title":"Inoderma skin booster eau micellaire biphas\u00e9e 200ml - pharmadreams","og_description":"INODERMA SKIN BOOSTER Eau Micellaire Biphasee nettoie, hydrate et d\u00e9maquille instantan\u00e9ment tous maquillage, m\u00eame waterproof. Respecte l'\u00e9quilibre des peaux sensibles.  SKIN BOOSTER Eau Micellaire Biphasee est adapt\u00e9e \u00e0 tous types de peaux (visage, yeux, l\u00e8vres)","og_url":"https:\/\/pharmadreams.shop\/index.php\/product\/inoderma-skin-booster-eau-micellaire-biphasee-200ml\/","og_site_name":"pharmadreams","article_modified_time":"2023-12-19T18:29:43+00:00","og_image":[{"width":4336,"height":4488,"url":"https:\/\/pharmadreams.shop\/wp-content\/uploads\/2023\/12\/skin-booster-inoderma.png","type":"image\/png"}],"twitter_card":"summary_large_image","schema":{"@context":"https:\/\/schema.org","@graph":[{"@type":"WebPage","@id":"https:\/\/pharmadreams.shop\/index.php\/product\/inoderma-skin-booster-eau-micellaire-biphasee-200ml\/","url":"https:\/\/pharmadreams.shop\/index.php\/product\/inoderma-skin-booster-eau-micellaire-biphasee-200ml\/","name":"Inoderma skin booster eau micellaire biphas\u00e9e 200ml - pharmadreams","isPartOf":{"@id":"https:\/\/pharmadreams.shop\/#website"},"primaryImageOfPage":{"@id":"https:\/\/pharmadreams.shop\/index.php\/product\/inoderma-skin-booster-eau-micellaire-biphasee-200ml\/#primaryimage"},"image":{"@id":"https:\/\/pharmadreams.shop\/index.php\/product\/inoderma-skin-booster-eau-micellaire-biphasee-200ml\/#primaryimage"},"thumbnailUrl":"https:\/\/pharmadreams.shop\/wp-content\/uploads\/2023\/12\/skin-booster-inoderma.png","datePublished":"2023-12-19T18:28:25+00:00","dateModified":"2023-12-19T18:29:43+00:00","breadcrumb":{"@id":"https:\/\/pharmadreams.shop\/index.php\/product\/inoderma-skin-booster-eau-micellaire-biphasee-200ml\/#breadcrumb"},"inLanguage":"fr-FR","potentialAction":[{"@type":"ReadAction","target":["https:\/\/pharmadreams.shop\/index.php\/product\/inoderma-skin-booster-eau-micellaire-biphasee-200ml\/"]}]},{"@type":"ImageObject","inLanguage":"fr-FR","@id":"https:\/\/pharmadreams.shop\/index.php\/product\/inoderma-skin-booster-eau-micellaire-biphasee-200ml\/#primaryimage","url":"https:\/\/pharmadreams.shop\/wp-content\/uploads\/2023\/12\/skin-booster-inoderma.png","contentUrl":"https:\/\/pharmadreams.shop\/wp-content\/uploads\/2023\/12\/skin-booster-inoderma.png","width":4336,"height":4488},{"@type":"BreadcrumbList","@id":"https:\/\/pharmadreams.shop\/index.php\/product\/inoderma-skin-booster-eau-micellaire-biphasee-200ml\/#breadcrumb","itemListElement":[{"@type":"ListItem","position":1,"name":"Accueil","item":"https:\/\/pharmadreams.shop\/"},{"@type":"ListItem","position":2,"name":"Shop","item":"https:\/\/pharmadreams.shop\/index.php\/shop\/"},{"@type":"ListItem","position":3,"name":"Inoderma skin booster eau micellaire biphas\u00e9e 200ml"}]},{"@type":"WebSite","@id":"https:\/\/pharmadreams.shop\/#website","url":"https:\/\/pharmadreams.shop\/","name":"pharmadreams","description":"Parapharmacie en ligne","potentialAction":[{"@type":"SearchAction","target":{"@type":"EntryPoint","urlTemplate":"https:\/\/pharmadreams.shop\/?s={search_term_string}"},"query-input":"required name=search_term_string"}],"inLanguage":"fr-FR"}]}},"_links":{"self":[{"href":"https:\/\/pharmadreams.shop\/index.php\/wp-json\/wp\/v2\/product\/16077","targetHints":{"allow":["GET"]}}],"collection":[{"href":"https:\/\/pharmadreams.shop\/index.php\/wp-json\/wp\/v2\/product"}],"about":[{"href":"https:\/\/pharmadreams.shop\/index.php\/wp-json\/wp\/v2\/types\/product"}],"replies":[{"embeddable":true,"href":"https:\/\/pharmadreams.shop\/index.php\/wp-json\/wp\/v2\/comments?post=16077"}],"version-history":[{"count":0,"href":"https:\/\/pharmadreams.shop\/index.php\/wp-json\/wp\/v2\/product\/16077\/revisions"}],"wp:featuredmedia":[{"embeddable":true,"href":"https:\/\/pharmadreams.shop\/index.php\/wp-json\/wp\/v2\/media\/16142"}],"wp:attachment":[{"href":"https:\/\/pharmadreams.shop\/index.php\/wp-json\/wp\/v2\/media?parent=16077"}],"wp:term":[{"taxonomy":"product_brand","embeddable":true,"href":"https:\/\/pharmadreams.shop\/index.php\/wp-json\/wp\/v2\/product_brand?post=16077"},{"taxonomy":"product_cat","embeddable":true,"href":"https:\/\/pharmadreams.shop\/index.php\/wp-json\/wp\/v2\/product_cat?post=16077"},{"taxonomy":"product_tag","embeddable":true,"href":"https:\/\/pharmadreams.shop\/index.php\/wp-json\/wp\/v2\/product_tag?post=16077"}],"curies":[{"name":"wp","href":"https:\/\/api.w.org\/{rel}","templated":true}]}}