{"id":16078,"date":"2023-12-19T19:28:25","date_gmt":"2023-12-19T18:28:25","guid":{"rendered":"https:\/\/venuspara.com\/?post_type=product&#038;p=16078"},"modified":"2023-12-19T19:29:48","modified_gmt":"2023-12-19T18:29:48","slug":"lirene-ce-vitamin-energy-mousse-nettoyante-150ml","status":"publish","type":"product","link":"https:\/\/pharmadreams.shop\/index.php\/product\/lirene-ce-vitamin-energy-mousse-nettoyante-150ml\/","title":{"rendered":"Lirene c+e vitamin energy mousse nettoyante 150ml"},"content":{"rendered":"","protected":false},"excerpt":{"rendered":"<p style=\"font-weight: 400;\">La mousse nettoyante onctueuse et velout\u00e9e \u00e9limine les r\u00e9sidus de maquillage, l&rsquo;exc\u00e8s de s\u00e9bum et autres impuret\u00e9s d&rsquo;une mani\u00e8re extr\u00eamement agr\u00e9able et douce. La formule vitamin\u00e9e hydrate, nourrit et ajoute de l&rsquo;\u00e9nergie aux peaux ternes.<\/p>\n<p style=\"font-weight: 400;\">Vitamine C+E \u00c9nergie<\/p>\n<p style=\"font-weight: 400;\">Les vitamines C et E se stabilisent et se renforcent mutuellement, cr\u00e9ant un puissant syst\u00e8me antioxydant qui assure une protection et une reconstruction ad\u00e9quates de la peau.<\/p>\n<p style=\"font-weight: 400;\">Vitamine C &#8211; utilis\u00e9e sous l&rsquo;une des formes solubles dans l&rsquo;eau les plus stables et les plus efficaces. Stimule et stimule la peau \u00e0 se r\u00e9g\u00e9n\u00e9rer, lui redonnant sa vitalit\u00e9.<\/p>\n<p style=\"font-weight: 400;\">Vitamine E &#8211; a la capacit\u00e9 de s&rsquo;int\u00e9grer dans les couches profondes de l&rsquo;\u00e9piderme, r\u00e9g\u00e9n\u00e8re et hydrate.<\/p>\n<p style=\"font-weight: 400;\">Acide hyaluronique &#8211; prot\u00e8ge la peau contre la perte d&rsquo;humidit\u00e9, am\u00e9liore le niveau d&rsquo;hydratation et laisse la peau douce au toucher.<\/p>\n","protected":false},"featured_media":16148,"comment_status":"open","ping_status":"closed","template":"","meta":[],"product_brand":[],"product_cat":[98,85,99,79,95,80,20],"product_tag":[],"class_list":{"0":"post-16078","1":"product","2":"type-product","3":"status-publish","4":"has-post-thumbnail","6":"product_cat-hydratation","7":"product_cat-hydratation-et-nutrition","8":"product_cat-mousse","9":"product_cat-peaux-seches","10":"product_cat-skin-care","11":"product_cat-soins","12":"product_cat-visage","14":"first","15":"instock","16":"shipping-taxable","17":"purchasable","18":"product-type-simple"},"yoast_head":"<!-- This site is optimized with the Yoast SEO plugin v23.0 - https:\/\/yoast.com\/wordpress\/plugins\/seo\/ -->\n<title>Lirene c+e vitamin energy mousse nettoyante 150ml - pharmadreams<\/title>\n<meta name=\"robots\" content=\"index, follow, max-snippet:-1, max-image-preview:large, max-video-preview:-1\" \/>\n<link rel=\"canonical\" href=\"https:\/\/pharmadreams.shop\/index.php\/product\/lirene-ce-vitamin-energy-mousse-nettoyante-150ml\/\" \/>\n<meta property=\"og:locale\" content=\"fr_FR\" \/>\n<meta property=\"og:type\" content=\"article\" \/>\n<meta property=\"og:title\" content=\"Lirene c+e vitamin energy mousse nettoyante 150ml - pharmadreams\" \/>\n<meta property=\"og:description\" content=\"La mousse nettoyante onctueuse et velout\u00e9e \u00e9limine les r\u00e9sidus de maquillage, l&#039;exc\u00e8s de s\u00e9bum et autres impuret\u00e9s d&#039;une mani\u00e8re extr\u00eamement agr\u00e9able et douce. La formule vitamin\u00e9e hydrate, nourrit et ajoute de l&#039;\u00e9nergie aux peaux ternes. Vitamine C+E \u00c9nergie Les vitamines C et E se stabilisent et se renforcent mutuellement, cr\u00e9ant un puissant syst\u00e8me antioxydant qui assure une protection et une reconstruction ad\u00e9quates de la peau. Vitamine C - utilis\u00e9e sous l&#039;une des formes solubles dans l&#039;eau les plus stables et les plus efficaces. Stimule et stimule la peau \u00e0 se r\u00e9g\u00e9n\u00e9rer, lui redonnant sa vitalit\u00e9. Vitamine E - a la capacit\u00e9 de s&#039;int\u00e9grer dans les couches profondes de l&#039;\u00e9piderme, r\u00e9g\u00e9n\u00e8re et hydrate. Acide hyaluronique - prot\u00e8ge la peau contre la perte d&#039;humidit\u00e9, am\u00e9liore le niveau d&#039;hydratation et laisse la peau douce au toucher.\" \/>\n<meta property=\"og:url\" content=\"https:\/\/pharmadreams.shop\/index.php\/product\/lirene-ce-vitamin-energy-mousse-nettoyante-150ml\/\" \/>\n<meta property=\"og:site_name\" content=\"pharmadreams\" \/>\n<meta property=\"article:modified_time\" content=\"2023-12-19T18:29:48+00:00\" \/>\n<meta property=\"og:image\" content=\"https:\/\/pharmadreams.shop\/wp-content\/uploads\/2023\/12\/lirene-ce-vitamin-energy-mousse-nettoyante-visage-hydratante-150-ml.png\" \/>\n\t<meta property=\"og:image:width\" content=\"800\" \/>\n\t<meta property=\"og:image:height\" content=\"800\" \/>\n\t<meta property=\"og:image:type\" content=\"image\/png\" \/>\n<meta name=\"twitter:card\" content=\"summary_large_image\" \/>\n<script type=\"application\/ld+json\" class=\"yoast-schema-graph\">{\"@context\":\"https:\/\/schema.org\",\"@graph\":[{\"@type\":\"WebPage\",\"@id\":\"https:\/\/pharmadreams.shop\/index.php\/product\/lirene-ce-vitamin-energy-mousse-nettoyante-150ml\/\",\"url\":\"https:\/\/pharmadreams.shop\/index.php\/product\/lirene-ce-vitamin-energy-mousse-nettoyante-150ml\/\",\"name\":\"Lirene c+e vitamin energy mousse nettoyante 150ml - pharmadreams\",\"isPartOf\":{\"@id\":\"https:\/\/pharmadreams.shop\/#website\"},\"primaryImageOfPage\":{\"@id\":\"https:\/\/pharmadreams.shop\/index.php\/product\/lirene-ce-vitamin-energy-mousse-nettoyante-150ml\/#primaryimage\"},\"image\":{\"@id\":\"https:\/\/pharmadreams.shop\/index.php\/product\/lirene-ce-vitamin-energy-mousse-nettoyante-150ml\/#primaryimage\"},\"thumbnailUrl\":\"https:\/\/pharmadreams.shop\/wp-content\/uploads\/2023\/12\/lirene-ce-vitamin-energy-mousse-nettoyante-visage-hydratante-150-ml.png\",\"datePublished\":\"2023-12-19T18:28:25+00:00\",\"dateModified\":\"2023-12-19T18:29:48+00:00\",\"breadcrumb\":{\"@id\":\"https:\/\/pharmadreams.shop\/index.php\/product\/lirene-ce-vitamin-energy-mousse-nettoyante-150ml\/#breadcrumb\"},\"inLanguage\":\"fr-FR\",\"potentialAction\":[{\"@type\":\"ReadAction\",\"target\":[\"https:\/\/pharmadreams.shop\/index.php\/product\/lirene-ce-vitamin-energy-mousse-nettoyante-150ml\/\"]}]},{\"@type\":\"ImageObject\",\"inLanguage\":\"fr-FR\",\"@id\":\"https:\/\/pharmadreams.shop\/index.php\/product\/lirene-ce-vitamin-energy-mousse-nettoyante-150ml\/#primaryimage\",\"url\":\"https:\/\/pharmadreams.shop\/wp-content\/uploads\/2023\/12\/lirene-ce-vitamin-energy-mousse-nettoyante-visage-hydratante-150-ml.png\",\"contentUrl\":\"https:\/\/pharmadreams.shop\/wp-content\/uploads\/2023\/12\/lirene-ce-vitamin-energy-mousse-nettoyante-visage-hydratante-150-ml.png\",\"width\":800,\"height\":800},{\"@type\":\"BreadcrumbList\",\"@id\":\"https:\/\/pharmadreams.shop\/index.php\/product\/lirene-ce-vitamin-energy-mousse-nettoyante-150ml\/#breadcrumb\",\"itemListElement\":[{\"@type\":\"ListItem\",\"position\":1,\"name\":\"Accueil\",\"item\":\"https:\/\/pharmadreams.shop\/\"},{\"@type\":\"ListItem\",\"position\":2,\"name\":\"Shop\",\"item\":\"https:\/\/pharmadreams.shop\/index.php\/shop\/\"},{\"@type\":\"ListItem\",\"position\":3,\"name\":\"Lirene c+e vitamin energy mousse nettoyante 150ml\"}]},{\"@type\":\"WebSite\",\"@id\":\"https:\/\/pharmadreams.shop\/#website\",\"url\":\"https:\/\/pharmadreams.shop\/\",\"name\":\"pharmadreams\",\"description\":\"Parapharmacie en ligne\",\"potentialAction\":[{\"@type\":\"SearchAction\",\"target\":{\"@type\":\"EntryPoint\",\"urlTemplate\":\"https:\/\/pharmadreams.shop\/?s={search_term_string}\"},\"query-input\":\"required name=search_term_string\"}],\"inLanguage\":\"fr-FR\"}]}<\/script>\n<!-- \/ Yoast SEO plugin. -->","yoast_head_json":{"title":"Lirene c+e vitamin energy mousse nettoyante 150ml - pharmadreams","robots":{"index":"index","follow":"follow","max-snippet":"max-snippet:-1","max-image-preview":"max-image-preview:large","max-video-preview":"max-video-preview:-1"},"canonical":"https:\/\/pharmadreams.shop\/index.php\/product\/lirene-ce-vitamin-energy-mousse-nettoyante-150ml\/","og_locale":"fr_FR","og_type":"article","og_title":"Lirene c+e vitamin energy mousse nettoyante 150ml - pharmadreams","og_description":"La mousse nettoyante onctueuse et velout\u00e9e \u00e9limine les r\u00e9sidus de maquillage, l'exc\u00e8s de s\u00e9bum et autres impuret\u00e9s d'une mani\u00e8re extr\u00eamement agr\u00e9able et douce. La formule vitamin\u00e9e hydrate, nourrit et ajoute de l'\u00e9nergie aux peaux ternes. Vitamine C+E \u00c9nergie Les vitamines C et E se stabilisent et se renforcent mutuellement, cr\u00e9ant un puissant syst\u00e8me antioxydant qui assure une protection et une reconstruction ad\u00e9quates de la peau. Vitamine C - utilis\u00e9e sous l'une des formes solubles dans l'eau les plus stables et les plus efficaces. Stimule et stimule la peau \u00e0 se r\u00e9g\u00e9n\u00e9rer, lui redonnant sa vitalit\u00e9. Vitamine E - a la capacit\u00e9 de s'int\u00e9grer dans les couches profondes de l'\u00e9piderme, r\u00e9g\u00e9n\u00e8re et hydrate. Acide hyaluronique - prot\u00e8ge la peau contre la perte d'humidit\u00e9, am\u00e9liore le niveau d'hydratation et laisse la peau douce au toucher.","og_url":"https:\/\/pharmadreams.shop\/index.php\/product\/lirene-ce-vitamin-energy-mousse-nettoyante-150ml\/","og_site_name":"pharmadreams","article_modified_time":"2023-12-19T18:29:48+00:00","og_image":[{"width":800,"height":800,"url":"https:\/\/pharmadreams.shop\/wp-content\/uploads\/2023\/12\/lirene-ce-vitamin-energy-mousse-nettoyante-visage-hydratante-150-ml.png","type":"image\/png"}],"twitter_card":"summary_large_image","schema":{"@context":"https:\/\/schema.org","@graph":[{"@type":"WebPage","@id":"https:\/\/pharmadreams.shop\/index.php\/product\/lirene-ce-vitamin-energy-mousse-nettoyante-150ml\/","url":"https:\/\/pharmadreams.shop\/index.php\/product\/lirene-ce-vitamin-energy-mousse-nettoyante-150ml\/","name":"Lirene c+e vitamin energy mousse nettoyante 150ml - pharmadreams","isPartOf":{"@id":"https:\/\/pharmadreams.shop\/#website"},"primaryImageOfPage":{"@id":"https:\/\/pharmadreams.shop\/index.php\/product\/lirene-ce-vitamin-energy-mousse-nettoyante-150ml\/#primaryimage"},"image":{"@id":"https:\/\/pharmadreams.shop\/index.php\/product\/lirene-ce-vitamin-energy-mousse-nettoyante-150ml\/#primaryimage"},"thumbnailUrl":"https:\/\/pharmadreams.shop\/wp-content\/uploads\/2023\/12\/lirene-ce-vitamin-energy-mousse-nettoyante-visage-hydratante-150-ml.png","datePublished":"2023-12-19T18:28:25+00:00","dateModified":"2023-12-19T18:29:48+00:00","breadcrumb":{"@id":"https:\/\/pharmadreams.shop\/index.php\/product\/lirene-ce-vitamin-energy-mousse-nettoyante-150ml\/#breadcrumb"},"inLanguage":"fr-FR","potentialAction":[{"@type":"ReadAction","target":["https:\/\/pharmadreams.shop\/index.php\/product\/lirene-ce-vitamin-energy-mousse-nettoyante-150ml\/"]}]},{"@type":"ImageObject","inLanguage":"fr-FR","@id":"https:\/\/pharmadreams.shop\/index.php\/product\/lirene-ce-vitamin-energy-mousse-nettoyante-150ml\/#primaryimage","url":"https:\/\/pharmadreams.shop\/wp-content\/uploads\/2023\/12\/lirene-ce-vitamin-energy-mousse-nettoyante-visage-hydratante-150-ml.png","contentUrl":"https:\/\/pharmadreams.shop\/wp-content\/uploads\/2023\/12\/lirene-ce-vitamin-energy-mousse-nettoyante-visage-hydratante-150-ml.png","width":800,"height":800},{"@type":"BreadcrumbList","@id":"https:\/\/pharmadreams.shop\/index.php\/product\/lirene-ce-vitamin-energy-mousse-nettoyante-150ml\/#breadcrumb","itemListElement":[{"@type":"ListItem","position":1,"name":"Accueil","item":"https:\/\/pharmadreams.shop\/"},{"@type":"ListItem","position":2,"name":"Shop","item":"https:\/\/pharmadreams.shop\/index.php\/shop\/"},{"@type":"ListItem","position":3,"name":"Lirene c+e vitamin energy mousse nettoyante 150ml"}]},{"@type":"WebSite","@id":"https:\/\/pharmadreams.shop\/#website","url":"https:\/\/pharmadreams.shop\/","name":"pharmadreams","description":"Parapharmacie en ligne","potentialAction":[{"@type":"SearchAction","target":{"@type":"EntryPoint","urlTemplate":"https:\/\/pharmadreams.shop\/?s={search_term_string}"},"query-input":"required name=search_term_string"}],"inLanguage":"fr-FR"}]}},"_links":{"self":[{"href":"https:\/\/pharmadreams.shop\/index.php\/wp-json\/wp\/v2\/product\/16078","targetHints":{"allow":["GET"]}}],"collection":[{"href":"https:\/\/pharmadreams.shop\/index.php\/wp-json\/wp\/v2\/product"}],"about":[{"href":"https:\/\/pharmadreams.shop\/index.php\/wp-json\/wp\/v2\/types\/product"}],"replies":[{"embeddable":true,"href":"https:\/\/pharmadreams.shop\/index.php\/wp-json\/wp\/v2\/comments?post=16078"}],"version-history":[{"count":0,"href":"https:\/\/pharmadreams.shop\/index.php\/wp-json\/wp\/v2\/product\/16078\/revisions"}],"wp:featuredmedia":[{"embeddable":true,"href":"https:\/\/pharmadreams.shop\/index.php\/wp-json\/wp\/v2\/media\/16148"}],"wp:attachment":[{"href":"https:\/\/pharmadreams.shop\/index.php\/wp-json\/wp\/v2\/media?parent=16078"}],"wp:term":[{"taxonomy":"product_brand","embeddable":true,"href":"https:\/\/pharmadreams.shop\/index.php\/wp-json\/wp\/v2\/product_brand?post=16078"},{"taxonomy":"product_cat","embeddable":true,"href":"https:\/\/pharmadreams.shop\/index.php\/wp-json\/wp\/v2\/product_cat?post=16078"},{"taxonomy":"product_tag","embeddable":true,"href":"https:\/\/pharmadreams.shop\/index.php\/wp-json\/wp\/v2\/product_tag?post=16078"}],"curies":[{"name":"wp","href":"https:\/\/api.w.org\/{rel}","templated":true}]}}