{"id":16080,"date":"2023-12-19T19:28:26","date_gmt":"2023-12-19T18:28:26","guid":{"rendered":"https:\/\/venuspara.com\/?post_type=product&#038;p=16080"},"modified":"2023-12-19T19:29:52","modified_gmt":"2023-12-19T18:29:52","slug":"lirene-acid-power-serum-hydratant-30ml","status":"publish","type":"product","link":"https:\/\/pharmadreams.shop\/index.php\/product\/lirene-acid-power-serum-hydratant-30ml\/","title":{"rendered":"Lirene acid power s\u00e9rum hydratant 30ml"},"content":{"rendered":"","protected":false},"excerpt":{"rendered":"<p>LIRENE ACID POWER SERUM HYDRATANT est con\u00e7u pour le soin des peaux s\u00e8ches et couperos\u00e9es. Sa composition comprend un complexe d&rsquo;acides qui stimulent les processus de renouvellement de la peau, gr\u00e2ce auxquels elle se r\u00e9g\u00e9n\u00e8re plus rapidement et retrouve son \u00e9lasticit\u00e9 et son aspect jeune.<\/p>\n","protected":false},"featured_media":16152,"comment_status":"open","ping_status":"closed","template":"","meta":[],"product_brand":[],"product_cat":[98,79,94,95,81,20],"product_tag":[],"class_list":{"0":"post-16080","1":"product","2":"type-product","3":"status-publish","4":"has-post-thumbnail","6":"product_cat-hydratation","7":"product_cat-peaux-seches","8":"product_cat-serum","9":"product_cat-skin-care","10":"product_cat-soins-hydratants","11":"product_cat-visage","13":"first","14":"instock","15":"shipping-taxable","16":"purchasable","17":"product-type-simple"},"yoast_head":"<!-- This site is optimized with the Yoast SEO plugin v23.0 - https:\/\/yoast.com\/wordpress\/plugins\/seo\/ -->\n<title>Lirene acid power s\u00e9rum hydratant 30ml - pharmadreams<\/title>\n<meta name=\"robots\" content=\"index, follow, max-snippet:-1, max-image-preview:large, max-video-preview:-1\" \/>\n<link rel=\"canonical\" href=\"https:\/\/pharmadreams.shop\/index.php\/product\/lirene-acid-power-serum-hydratant-30ml\/\" \/>\n<meta property=\"og:locale\" content=\"fr_FR\" \/>\n<meta property=\"og:type\" content=\"article\" \/>\n<meta property=\"og:title\" content=\"Lirene acid power s\u00e9rum hydratant 30ml - pharmadreams\" \/>\n<meta property=\"og:description\" content=\"LIRENE ACID POWER SERUM HYDRATANT est con\u00e7u pour le soin des peaux s\u00e8ches et couperos\u00e9es. Sa composition comprend un complexe d&#039;acides qui stimulent les processus de renouvellement de la peau, gr\u00e2ce auxquels elle se r\u00e9g\u00e9n\u00e8re plus rapidement et retrouve son \u00e9lasticit\u00e9 et son aspect jeune.\" \/>\n<meta property=\"og:url\" content=\"https:\/\/pharmadreams.shop\/index.php\/product\/lirene-acid-power-serum-hydratant-30ml\/\" \/>\n<meta property=\"og:site_name\" content=\"pharmadreams\" \/>\n<meta property=\"article:modified_time\" content=\"2023-12-19T18:29:52+00:00\" \/>\n<meta property=\"og:image\" content=\"https:\/\/pharmadreams.shop\/wp-content\/uploads\/2023\/12\/power-acide.png\" \/>\n\t<meta property=\"og:image:width\" content=\"1288\" \/>\n\t<meta property=\"og:image:height\" content=\"1496\" \/>\n\t<meta property=\"og:image:type\" content=\"image\/png\" \/>\n<meta name=\"twitter:card\" content=\"summary_large_image\" \/>\n<script type=\"application\/ld+json\" class=\"yoast-schema-graph\">{\"@context\":\"https:\/\/schema.org\",\"@graph\":[{\"@type\":\"WebPage\",\"@id\":\"https:\/\/pharmadreams.shop\/index.php\/product\/lirene-acid-power-serum-hydratant-30ml\/\",\"url\":\"https:\/\/pharmadreams.shop\/index.php\/product\/lirene-acid-power-serum-hydratant-30ml\/\",\"name\":\"Lirene acid power s\u00e9rum hydratant 30ml - pharmadreams\",\"isPartOf\":{\"@id\":\"https:\/\/pharmadreams.shop\/#website\"},\"primaryImageOfPage\":{\"@id\":\"https:\/\/pharmadreams.shop\/index.php\/product\/lirene-acid-power-serum-hydratant-30ml\/#primaryimage\"},\"image\":{\"@id\":\"https:\/\/pharmadreams.shop\/index.php\/product\/lirene-acid-power-serum-hydratant-30ml\/#primaryimage\"},\"thumbnailUrl\":\"https:\/\/pharmadreams.shop\/wp-content\/uploads\/2023\/12\/power-acide.png\",\"datePublished\":\"2023-12-19T18:28:26+00:00\",\"dateModified\":\"2023-12-19T18:29:52+00:00\",\"breadcrumb\":{\"@id\":\"https:\/\/pharmadreams.shop\/index.php\/product\/lirene-acid-power-serum-hydratant-30ml\/#breadcrumb\"},\"inLanguage\":\"fr-FR\",\"potentialAction\":[{\"@type\":\"ReadAction\",\"target\":[\"https:\/\/pharmadreams.shop\/index.php\/product\/lirene-acid-power-serum-hydratant-30ml\/\"]}]},{\"@type\":\"ImageObject\",\"inLanguage\":\"fr-FR\",\"@id\":\"https:\/\/pharmadreams.shop\/index.php\/product\/lirene-acid-power-serum-hydratant-30ml\/#primaryimage\",\"url\":\"https:\/\/pharmadreams.shop\/wp-content\/uploads\/2023\/12\/power-acide.png\",\"contentUrl\":\"https:\/\/pharmadreams.shop\/wp-content\/uploads\/2023\/12\/power-acide.png\",\"width\":1288,\"height\":1496},{\"@type\":\"BreadcrumbList\",\"@id\":\"https:\/\/pharmadreams.shop\/index.php\/product\/lirene-acid-power-serum-hydratant-30ml\/#breadcrumb\",\"itemListElement\":[{\"@type\":\"ListItem\",\"position\":1,\"name\":\"Accueil\",\"item\":\"https:\/\/pharmadreams.shop\/\"},{\"@type\":\"ListItem\",\"position\":2,\"name\":\"Shop\",\"item\":\"https:\/\/pharmadreams.shop\/index.php\/shop\/\"},{\"@type\":\"ListItem\",\"position\":3,\"name\":\"Lirene acid power s\u00e9rum hydratant 30ml\"}]},{\"@type\":\"WebSite\",\"@id\":\"https:\/\/pharmadreams.shop\/#website\",\"url\":\"https:\/\/pharmadreams.shop\/\",\"name\":\"pharmadreams\",\"description\":\"Parapharmacie en ligne\",\"potentialAction\":[{\"@type\":\"SearchAction\",\"target\":{\"@type\":\"EntryPoint\",\"urlTemplate\":\"https:\/\/pharmadreams.shop\/?s={search_term_string}\"},\"query-input\":\"required name=search_term_string\"}],\"inLanguage\":\"fr-FR\"}]}<\/script>\n<!-- \/ Yoast SEO plugin. -->","yoast_head_json":{"title":"Lirene acid power s\u00e9rum hydratant 30ml - pharmadreams","robots":{"index":"index","follow":"follow","max-snippet":"max-snippet:-1","max-image-preview":"max-image-preview:large","max-video-preview":"max-video-preview:-1"},"canonical":"https:\/\/pharmadreams.shop\/index.php\/product\/lirene-acid-power-serum-hydratant-30ml\/","og_locale":"fr_FR","og_type":"article","og_title":"Lirene acid power s\u00e9rum hydratant 30ml - pharmadreams","og_description":"LIRENE ACID POWER SERUM HYDRATANT est con\u00e7u pour le soin des peaux s\u00e8ches et couperos\u00e9es. Sa composition comprend un complexe d'acides qui stimulent les processus de renouvellement de la peau, gr\u00e2ce auxquels elle se r\u00e9g\u00e9n\u00e8re plus rapidement et retrouve son \u00e9lasticit\u00e9 et son aspect jeune.","og_url":"https:\/\/pharmadreams.shop\/index.php\/product\/lirene-acid-power-serum-hydratant-30ml\/","og_site_name":"pharmadreams","article_modified_time":"2023-12-19T18:29:52+00:00","og_image":[{"width":1288,"height":1496,"url":"https:\/\/pharmadreams.shop\/wp-content\/uploads\/2023\/12\/power-acide.png","type":"image\/png"}],"twitter_card":"summary_large_image","schema":{"@context":"https:\/\/schema.org","@graph":[{"@type":"WebPage","@id":"https:\/\/pharmadreams.shop\/index.php\/product\/lirene-acid-power-serum-hydratant-30ml\/","url":"https:\/\/pharmadreams.shop\/index.php\/product\/lirene-acid-power-serum-hydratant-30ml\/","name":"Lirene acid power s\u00e9rum hydratant 30ml - pharmadreams","isPartOf":{"@id":"https:\/\/pharmadreams.shop\/#website"},"primaryImageOfPage":{"@id":"https:\/\/pharmadreams.shop\/index.php\/product\/lirene-acid-power-serum-hydratant-30ml\/#primaryimage"},"image":{"@id":"https:\/\/pharmadreams.shop\/index.php\/product\/lirene-acid-power-serum-hydratant-30ml\/#primaryimage"},"thumbnailUrl":"https:\/\/pharmadreams.shop\/wp-content\/uploads\/2023\/12\/power-acide.png","datePublished":"2023-12-19T18:28:26+00:00","dateModified":"2023-12-19T18:29:52+00:00","breadcrumb":{"@id":"https:\/\/pharmadreams.shop\/index.php\/product\/lirene-acid-power-serum-hydratant-30ml\/#breadcrumb"},"inLanguage":"fr-FR","potentialAction":[{"@type":"ReadAction","target":["https:\/\/pharmadreams.shop\/index.php\/product\/lirene-acid-power-serum-hydratant-30ml\/"]}]},{"@type":"ImageObject","inLanguage":"fr-FR","@id":"https:\/\/pharmadreams.shop\/index.php\/product\/lirene-acid-power-serum-hydratant-30ml\/#primaryimage","url":"https:\/\/pharmadreams.shop\/wp-content\/uploads\/2023\/12\/power-acide.png","contentUrl":"https:\/\/pharmadreams.shop\/wp-content\/uploads\/2023\/12\/power-acide.png","width":1288,"height":1496},{"@type":"BreadcrumbList","@id":"https:\/\/pharmadreams.shop\/index.php\/product\/lirene-acid-power-serum-hydratant-30ml\/#breadcrumb","itemListElement":[{"@type":"ListItem","position":1,"name":"Accueil","item":"https:\/\/pharmadreams.shop\/"},{"@type":"ListItem","position":2,"name":"Shop","item":"https:\/\/pharmadreams.shop\/index.php\/shop\/"},{"@type":"ListItem","position":3,"name":"Lirene acid power s\u00e9rum hydratant 30ml"}]},{"@type":"WebSite","@id":"https:\/\/pharmadreams.shop\/#website","url":"https:\/\/pharmadreams.shop\/","name":"pharmadreams","description":"Parapharmacie en ligne","potentialAction":[{"@type":"SearchAction","target":{"@type":"EntryPoint","urlTemplate":"https:\/\/pharmadreams.shop\/?s={search_term_string}"},"query-input":"required name=search_term_string"}],"inLanguage":"fr-FR"}]}},"_links":{"self":[{"href":"https:\/\/pharmadreams.shop\/index.php\/wp-json\/wp\/v2\/product\/16080","targetHints":{"allow":["GET"]}}],"collection":[{"href":"https:\/\/pharmadreams.shop\/index.php\/wp-json\/wp\/v2\/product"}],"about":[{"href":"https:\/\/pharmadreams.shop\/index.php\/wp-json\/wp\/v2\/types\/product"}],"replies":[{"embeddable":true,"href":"https:\/\/pharmadreams.shop\/index.php\/wp-json\/wp\/v2\/comments?post=16080"}],"version-history":[{"count":0,"href":"https:\/\/pharmadreams.shop\/index.php\/wp-json\/wp\/v2\/product\/16080\/revisions"}],"wp:featuredmedia":[{"embeddable":true,"href":"https:\/\/pharmadreams.shop\/index.php\/wp-json\/wp\/v2\/media\/16152"}],"wp:attachment":[{"href":"https:\/\/pharmadreams.shop\/index.php\/wp-json\/wp\/v2\/media?parent=16080"}],"wp:term":[{"taxonomy":"product_brand","embeddable":true,"href":"https:\/\/pharmadreams.shop\/index.php\/wp-json\/wp\/v2\/product_brand?post=16080"},{"taxonomy":"product_cat","embeddable":true,"href":"https:\/\/pharmadreams.shop\/index.php\/wp-json\/wp\/v2\/product_cat?post=16080"},{"taxonomy":"product_tag","embeddable":true,"href":"https:\/\/pharmadreams.shop\/index.php\/wp-json\/wp\/v2\/product_tag?post=16080"}],"curies":[{"name":"wp","href":"https:\/\/api.w.org\/{rel}","templated":true}]}}