{"id":16086,"date":"2023-12-19T19:28:27","date_gmt":"2023-12-19T18:28:27","guid":{"rendered":"https:\/\/venuspara.com\/?post_type=product&#038;p=16086"},"modified":"2023-12-19T19:30:07","modified_gmt":"2023-12-19T18:30:07","slug":"beesline-mousse-visage-blanchissante-et-lifting-150ml","status":"publish","type":"product","link":"https:\/\/pharmadreams.shop\/index.php\/product\/beesline-mousse-visage-blanchissante-et-lifting-150ml\/","title":{"rendered":"Beesline mousse visage blanchissante et lifting 150ml"},"content":{"rendered":"","protected":false},"excerpt":{"rendered":"<p style=\"font-weight: 400;\">Convient \u00e0 la peau normale et sensible du visage.<br \/>\nNettoie et \u00e9claircit la peau.<br \/>\nCibler les taches brunes et \u00e9liminer la matit\u00e9.<br \/>\nHydrate et dynamise la peau pour une sensation douce et soyeuse.<\/p>\n","protected":false},"featured_media":16164,"comment_status":"open","ping_status":"closed","template":"","meta":[],"product_brand":[],"product_cat":[90,99,86,79,95,81,20],"product_tag":[],"class_list":{"0":"post-16086","1":"product","2":"type-product","3":"status-publish","4":"has-post-thumbnail","6":"product_cat-anti-tache","7":"product_cat-mousse","8":"product_cat-peaux-sensibles-et-rougeurs","9":"product_cat-peaux-seches","10":"product_cat-skin-care","11":"product_cat-soins-hydratants","12":"product_cat-visage","14":"first","15":"instock","16":"shipping-taxable","17":"purchasable","18":"product-type-simple"},"yoast_head":"<!-- This site is optimized with the Yoast SEO plugin v23.0 - https:\/\/yoast.com\/wordpress\/plugins\/seo\/ -->\n<title>Beesline mousse visage blanchissante et lifting 150ml - pharmadreams<\/title>\n<meta name=\"robots\" content=\"index, follow, max-snippet:-1, max-image-preview:large, max-video-preview:-1\" \/>\n<link rel=\"canonical\" href=\"https:\/\/pharmadreams.shop\/index.php\/product\/beesline-mousse-visage-blanchissante-et-lifting-150ml\/\" \/>\n<meta property=\"og:locale\" content=\"fr_FR\" \/>\n<meta property=\"og:type\" content=\"article\" \/>\n<meta property=\"og:title\" content=\"Beesline mousse visage blanchissante et lifting 150ml - pharmadreams\" \/>\n<meta property=\"og:description\" content=\"Convient \u00e0 la peau normale et sensible du visage. Nettoie et \u00e9claircit la peau. Cibler les taches brunes et \u00e9liminer la matit\u00e9. Hydrate et dynamise la peau pour une sensation douce et soyeuse.\" \/>\n<meta property=\"og:url\" content=\"https:\/\/pharmadreams.shop\/index.php\/product\/beesline-mousse-visage-blanchissante-et-lifting-150ml\/\" \/>\n<meta property=\"og:site_name\" content=\"pharmadreams\" \/>\n<meta property=\"article:modified_time\" content=\"2023-12-19T18:30:07+00:00\" \/>\n<meta property=\"og:image\" content=\"https:\/\/pharmadreams.shop\/wp-content\/uploads\/2023\/12\/beesline.png\" \/>\n\t<meta property=\"og:image:width\" content=\"1736\" \/>\n\t<meta property=\"og:image:height\" content=\"2400\" \/>\n\t<meta property=\"og:image:type\" content=\"image\/png\" \/>\n<meta name=\"twitter:card\" content=\"summary_large_image\" \/>\n<script type=\"application\/ld+json\" class=\"yoast-schema-graph\">{\"@context\":\"https:\/\/schema.org\",\"@graph\":[{\"@type\":\"WebPage\",\"@id\":\"https:\/\/pharmadreams.shop\/index.php\/product\/beesline-mousse-visage-blanchissante-et-lifting-150ml\/\",\"url\":\"https:\/\/pharmadreams.shop\/index.php\/product\/beesline-mousse-visage-blanchissante-et-lifting-150ml\/\",\"name\":\"Beesline mousse visage blanchissante et lifting 150ml - pharmadreams\",\"isPartOf\":{\"@id\":\"https:\/\/pharmadreams.shop\/#website\"},\"primaryImageOfPage\":{\"@id\":\"https:\/\/pharmadreams.shop\/index.php\/product\/beesline-mousse-visage-blanchissante-et-lifting-150ml\/#primaryimage\"},\"image\":{\"@id\":\"https:\/\/pharmadreams.shop\/index.php\/product\/beesline-mousse-visage-blanchissante-et-lifting-150ml\/#primaryimage\"},\"thumbnailUrl\":\"https:\/\/pharmadreams.shop\/wp-content\/uploads\/2023\/12\/beesline.png\",\"datePublished\":\"2023-12-19T18:28:27+00:00\",\"dateModified\":\"2023-12-19T18:30:07+00:00\",\"breadcrumb\":{\"@id\":\"https:\/\/pharmadreams.shop\/index.php\/product\/beesline-mousse-visage-blanchissante-et-lifting-150ml\/#breadcrumb\"},\"inLanguage\":\"fr-FR\",\"potentialAction\":[{\"@type\":\"ReadAction\",\"target\":[\"https:\/\/pharmadreams.shop\/index.php\/product\/beesline-mousse-visage-blanchissante-et-lifting-150ml\/\"]}]},{\"@type\":\"ImageObject\",\"inLanguage\":\"fr-FR\",\"@id\":\"https:\/\/pharmadreams.shop\/index.php\/product\/beesline-mousse-visage-blanchissante-et-lifting-150ml\/#primaryimage\",\"url\":\"https:\/\/pharmadreams.shop\/wp-content\/uploads\/2023\/12\/beesline.png\",\"contentUrl\":\"https:\/\/pharmadreams.shop\/wp-content\/uploads\/2023\/12\/beesline.png\",\"width\":1736,\"height\":2400},{\"@type\":\"BreadcrumbList\",\"@id\":\"https:\/\/pharmadreams.shop\/index.php\/product\/beesline-mousse-visage-blanchissante-et-lifting-150ml\/#breadcrumb\",\"itemListElement\":[{\"@type\":\"ListItem\",\"position\":1,\"name\":\"Accueil\",\"item\":\"https:\/\/pharmadreams.shop\/\"},{\"@type\":\"ListItem\",\"position\":2,\"name\":\"Shop\",\"item\":\"https:\/\/pharmadreams.shop\/index.php\/shop\/\"},{\"@type\":\"ListItem\",\"position\":3,\"name\":\"Beesline mousse visage blanchissante et lifting 150ml\"}]},{\"@type\":\"WebSite\",\"@id\":\"https:\/\/pharmadreams.shop\/#website\",\"url\":\"https:\/\/pharmadreams.shop\/\",\"name\":\"pharmadreams\",\"description\":\"Parapharmacie en ligne\",\"potentialAction\":[{\"@type\":\"SearchAction\",\"target\":{\"@type\":\"EntryPoint\",\"urlTemplate\":\"https:\/\/pharmadreams.shop\/?s={search_term_string}\"},\"query-input\":\"required name=search_term_string\"}],\"inLanguage\":\"fr-FR\"}]}<\/script>\n<!-- \/ Yoast SEO plugin. -->","yoast_head_json":{"title":"Beesline mousse visage blanchissante et lifting 150ml - pharmadreams","robots":{"index":"index","follow":"follow","max-snippet":"max-snippet:-1","max-image-preview":"max-image-preview:large","max-video-preview":"max-video-preview:-1"},"canonical":"https:\/\/pharmadreams.shop\/index.php\/product\/beesline-mousse-visage-blanchissante-et-lifting-150ml\/","og_locale":"fr_FR","og_type":"article","og_title":"Beesline mousse visage blanchissante et lifting 150ml - pharmadreams","og_description":"Convient \u00e0 la peau normale et sensible du visage. Nettoie et \u00e9claircit la peau. Cibler les taches brunes et \u00e9liminer la matit\u00e9. Hydrate et dynamise la peau pour une sensation douce et soyeuse.","og_url":"https:\/\/pharmadreams.shop\/index.php\/product\/beesline-mousse-visage-blanchissante-et-lifting-150ml\/","og_site_name":"pharmadreams","article_modified_time":"2023-12-19T18:30:07+00:00","og_image":[{"width":1736,"height":2400,"url":"https:\/\/pharmadreams.shop\/wp-content\/uploads\/2023\/12\/beesline.png","type":"image\/png"}],"twitter_card":"summary_large_image","schema":{"@context":"https:\/\/schema.org","@graph":[{"@type":"WebPage","@id":"https:\/\/pharmadreams.shop\/index.php\/product\/beesline-mousse-visage-blanchissante-et-lifting-150ml\/","url":"https:\/\/pharmadreams.shop\/index.php\/product\/beesline-mousse-visage-blanchissante-et-lifting-150ml\/","name":"Beesline mousse visage blanchissante et lifting 150ml - pharmadreams","isPartOf":{"@id":"https:\/\/pharmadreams.shop\/#website"},"primaryImageOfPage":{"@id":"https:\/\/pharmadreams.shop\/index.php\/product\/beesline-mousse-visage-blanchissante-et-lifting-150ml\/#primaryimage"},"image":{"@id":"https:\/\/pharmadreams.shop\/index.php\/product\/beesline-mousse-visage-blanchissante-et-lifting-150ml\/#primaryimage"},"thumbnailUrl":"https:\/\/pharmadreams.shop\/wp-content\/uploads\/2023\/12\/beesline.png","datePublished":"2023-12-19T18:28:27+00:00","dateModified":"2023-12-19T18:30:07+00:00","breadcrumb":{"@id":"https:\/\/pharmadreams.shop\/index.php\/product\/beesline-mousse-visage-blanchissante-et-lifting-150ml\/#breadcrumb"},"inLanguage":"fr-FR","potentialAction":[{"@type":"ReadAction","target":["https:\/\/pharmadreams.shop\/index.php\/product\/beesline-mousse-visage-blanchissante-et-lifting-150ml\/"]}]},{"@type":"ImageObject","inLanguage":"fr-FR","@id":"https:\/\/pharmadreams.shop\/index.php\/product\/beesline-mousse-visage-blanchissante-et-lifting-150ml\/#primaryimage","url":"https:\/\/pharmadreams.shop\/wp-content\/uploads\/2023\/12\/beesline.png","contentUrl":"https:\/\/pharmadreams.shop\/wp-content\/uploads\/2023\/12\/beesline.png","width":1736,"height":2400},{"@type":"BreadcrumbList","@id":"https:\/\/pharmadreams.shop\/index.php\/product\/beesline-mousse-visage-blanchissante-et-lifting-150ml\/#breadcrumb","itemListElement":[{"@type":"ListItem","position":1,"name":"Accueil","item":"https:\/\/pharmadreams.shop\/"},{"@type":"ListItem","position":2,"name":"Shop","item":"https:\/\/pharmadreams.shop\/index.php\/shop\/"},{"@type":"ListItem","position":3,"name":"Beesline mousse visage blanchissante et lifting 150ml"}]},{"@type":"WebSite","@id":"https:\/\/pharmadreams.shop\/#website","url":"https:\/\/pharmadreams.shop\/","name":"pharmadreams","description":"Parapharmacie en ligne","potentialAction":[{"@type":"SearchAction","target":{"@type":"EntryPoint","urlTemplate":"https:\/\/pharmadreams.shop\/?s={search_term_string}"},"query-input":"required name=search_term_string"}],"inLanguage":"fr-FR"}]}},"_links":{"self":[{"href":"https:\/\/pharmadreams.shop\/index.php\/wp-json\/wp\/v2\/product\/16086","targetHints":{"allow":["GET"]}}],"collection":[{"href":"https:\/\/pharmadreams.shop\/index.php\/wp-json\/wp\/v2\/product"}],"about":[{"href":"https:\/\/pharmadreams.shop\/index.php\/wp-json\/wp\/v2\/types\/product"}],"replies":[{"embeddable":true,"href":"https:\/\/pharmadreams.shop\/index.php\/wp-json\/wp\/v2\/comments?post=16086"}],"version-history":[{"count":0,"href":"https:\/\/pharmadreams.shop\/index.php\/wp-json\/wp\/v2\/product\/16086\/revisions"}],"wp:featuredmedia":[{"embeddable":true,"href":"https:\/\/pharmadreams.shop\/index.php\/wp-json\/wp\/v2\/media\/16164"}],"wp:attachment":[{"href":"https:\/\/pharmadreams.shop\/index.php\/wp-json\/wp\/v2\/media?parent=16086"}],"wp:term":[{"taxonomy":"product_brand","embeddable":true,"href":"https:\/\/pharmadreams.shop\/index.php\/wp-json\/wp\/v2\/product_brand?post=16086"},{"taxonomy":"product_cat","embeddable":true,"href":"https:\/\/pharmadreams.shop\/index.php\/wp-json\/wp\/v2\/product_cat?post=16086"},{"taxonomy":"product_tag","embeddable":true,"href":"https:\/\/pharmadreams.shop\/index.php\/wp-json\/wp\/v2\/product_tag?post=16086"}],"curies":[{"name":"wp","href":"https:\/\/api.w.org\/{rel}","templated":true}]}}