{"id":16087,"date":"2023-12-19T19:28:27","date_gmt":"2023-12-19T18:28:27","guid":{"rendered":"https:\/\/venuspara.com\/?post_type=product&#038;p=16087"},"modified":"2023-12-19T19:30:09","modified_gmt":"2023-12-19T18:30:09","slug":"beesline-creme-de-jour-eclaircissante-spf30-50ml","status":"publish","type":"product","link":"https:\/\/pharmadreams.shop\/index.php\/product\/beesline-creme-de-jour-eclaircissante-spf30-50ml\/","title":{"rendered":"Beesline cr\u00e8me de jour \u00e9claircissante spf30, 50ml"},"content":{"rendered":"","protected":false},"excerpt":{"rendered":"<p style=\"font-weight: 400;\">Une cr\u00e8me hydratante qui laisse la peau \u00e9clatante, nourrie et souple. Agit tout au long de la journ\u00e9e pour r\u00e9duire l&rsquo;apparence des imperfections et des rides tout en prot\u00e9geant contre les dommages caus\u00e9s par les UV.<\/p>\n","protected":false},"featured_media":16166,"comment_status":"open","ping_status":"closed","template":"","meta":[],"product_brand":[],"product_cat":[97,90,78,98,86,79,80,20],"product_tag":[],"class_list":{"0":"post-16087","1":"product","2":"type-product","3":"status-publish","4":"has-post-thumbnail","6":"product_cat-anti-imperfection","7":"product_cat-anti-tache","8":"product_cat-cremes","9":"product_cat-hydratation","10":"product_cat-peaux-sensibles-et-rougeurs","11":"product_cat-peaux-seches","12":"product_cat-soins","13":"product_cat-visage","15":"first","16":"instock","17":"shipping-taxable","18":"purchasable","19":"product-type-simple"},"yoast_head":"<!-- This site is optimized with the Yoast SEO plugin v23.0 - https:\/\/yoast.com\/wordpress\/plugins\/seo\/ -->\n<title>Beesline cr\u00e8me de jour \u00e9claircissante spf30, 50ml - pharmadreams<\/title>\n<meta name=\"robots\" content=\"index, follow, max-snippet:-1, max-image-preview:large, max-video-preview:-1\" \/>\n<link rel=\"canonical\" href=\"https:\/\/pharmadreams.shop\/index.php\/product\/beesline-creme-de-jour-eclaircissante-spf30-50ml\/\" \/>\n<meta property=\"og:locale\" content=\"fr_FR\" \/>\n<meta property=\"og:type\" content=\"article\" \/>\n<meta property=\"og:title\" content=\"Beesline cr\u00e8me de jour \u00e9claircissante spf30, 50ml - pharmadreams\" \/>\n<meta property=\"og:description\" content=\"Une cr\u00e8me hydratante qui laisse la peau \u00e9clatante, nourrie et souple. Agit tout au long de la journ\u00e9e pour r\u00e9duire l&#039;apparence des imperfections et des rides tout en prot\u00e9geant contre les dommages caus\u00e9s par les UV.\" \/>\n<meta property=\"og:url\" content=\"https:\/\/pharmadreams.shop\/index.php\/product\/beesline-creme-de-jour-eclaircissante-spf30-50ml\/\" \/>\n<meta property=\"og:site_name\" content=\"pharmadreams\" \/>\n<meta property=\"article:modified_time\" content=\"2023-12-19T18:30:09+00:00\" \/>\n<meta property=\"og:image\" content=\"https:\/\/pharmadreams.shop\/wp-content\/uploads\/2023\/12\/beesline-creme.png\" \/>\n\t<meta property=\"og:image:width\" content=\"1232\" \/>\n\t<meta property=\"og:image:height\" content=\"1184\" \/>\n\t<meta property=\"og:image:type\" content=\"image\/png\" \/>\n<meta name=\"twitter:card\" content=\"summary_large_image\" \/>\n<script type=\"application\/ld+json\" class=\"yoast-schema-graph\">{\"@context\":\"https:\/\/schema.org\",\"@graph\":[{\"@type\":\"WebPage\",\"@id\":\"https:\/\/pharmadreams.shop\/index.php\/product\/beesline-creme-de-jour-eclaircissante-spf30-50ml\/\",\"url\":\"https:\/\/pharmadreams.shop\/index.php\/product\/beesline-creme-de-jour-eclaircissante-spf30-50ml\/\",\"name\":\"Beesline cr\u00e8me de jour \u00e9claircissante spf30, 50ml - pharmadreams\",\"isPartOf\":{\"@id\":\"https:\/\/pharmadreams.shop\/#website\"},\"primaryImageOfPage\":{\"@id\":\"https:\/\/pharmadreams.shop\/index.php\/product\/beesline-creme-de-jour-eclaircissante-spf30-50ml\/#primaryimage\"},\"image\":{\"@id\":\"https:\/\/pharmadreams.shop\/index.php\/product\/beesline-creme-de-jour-eclaircissante-spf30-50ml\/#primaryimage\"},\"thumbnailUrl\":\"https:\/\/pharmadreams.shop\/wp-content\/uploads\/2023\/12\/beesline-creme.png\",\"datePublished\":\"2023-12-19T18:28:27+00:00\",\"dateModified\":\"2023-12-19T18:30:09+00:00\",\"breadcrumb\":{\"@id\":\"https:\/\/pharmadreams.shop\/index.php\/product\/beesline-creme-de-jour-eclaircissante-spf30-50ml\/#breadcrumb\"},\"inLanguage\":\"fr-FR\",\"potentialAction\":[{\"@type\":\"ReadAction\",\"target\":[\"https:\/\/pharmadreams.shop\/index.php\/product\/beesline-creme-de-jour-eclaircissante-spf30-50ml\/\"]}]},{\"@type\":\"ImageObject\",\"inLanguage\":\"fr-FR\",\"@id\":\"https:\/\/pharmadreams.shop\/index.php\/product\/beesline-creme-de-jour-eclaircissante-spf30-50ml\/#primaryimage\",\"url\":\"https:\/\/pharmadreams.shop\/wp-content\/uploads\/2023\/12\/beesline-creme.png\",\"contentUrl\":\"https:\/\/pharmadreams.shop\/wp-content\/uploads\/2023\/12\/beesline-creme.png\",\"width\":1232,\"height\":1184},{\"@type\":\"BreadcrumbList\",\"@id\":\"https:\/\/pharmadreams.shop\/index.php\/product\/beesline-creme-de-jour-eclaircissante-spf30-50ml\/#breadcrumb\",\"itemListElement\":[{\"@type\":\"ListItem\",\"position\":1,\"name\":\"Accueil\",\"item\":\"https:\/\/pharmadreams.shop\/\"},{\"@type\":\"ListItem\",\"position\":2,\"name\":\"Shop\",\"item\":\"https:\/\/pharmadreams.shop\/index.php\/shop\/\"},{\"@type\":\"ListItem\",\"position\":3,\"name\":\"Beesline cr\u00e8me de jour \u00e9claircissante spf30, 50ml\"}]},{\"@type\":\"WebSite\",\"@id\":\"https:\/\/pharmadreams.shop\/#website\",\"url\":\"https:\/\/pharmadreams.shop\/\",\"name\":\"pharmadreams\",\"description\":\"Parapharmacie en ligne\",\"potentialAction\":[{\"@type\":\"SearchAction\",\"target\":{\"@type\":\"EntryPoint\",\"urlTemplate\":\"https:\/\/pharmadreams.shop\/?s={search_term_string}\"},\"query-input\":\"required name=search_term_string\"}],\"inLanguage\":\"fr-FR\"}]}<\/script>\n<!-- \/ Yoast SEO plugin. -->","yoast_head_json":{"title":"Beesline cr\u00e8me de jour \u00e9claircissante spf30, 50ml - pharmadreams","robots":{"index":"index","follow":"follow","max-snippet":"max-snippet:-1","max-image-preview":"max-image-preview:large","max-video-preview":"max-video-preview:-1"},"canonical":"https:\/\/pharmadreams.shop\/index.php\/product\/beesline-creme-de-jour-eclaircissante-spf30-50ml\/","og_locale":"fr_FR","og_type":"article","og_title":"Beesline cr\u00e8me de jour \u00e9claircissante spf30, 50ml - pharmadreams","og_description":"Une cr\u00e8me hydratante qui laisse la peau \u00e9clatante, nourrie et souple. Agit tout au long de la journ\u00e9e pour r\u00e9duire l'apparence des imperfections et des rides tout en prot\u00e9geant contre les dommages caus\u00e9s par les UV.","og_url":"https:\/\/pharmadreams.shop\/index.php\/product\/beesline-creme-de-jour-eclaircissante-spf30-50ml\/","og_site_name":"pharmadreams","article_modified_time":"2023-12-19T18:30:09+00:00","og_image":[{"width":1232,"height":1184,"url":"https:\/\/pharmadreams.shop\/wp-content\/uploads\/2023\/12\/beesline-creme.png","type":"image\/png"}],"twitter_card":"summary_large_image","schema":{"@context":"https:\/\/schema.org","@graph":[{"@type":"WebPage","@id":"https:\/\/pharmadreams.shop\/index.php\/product\/beesline-creme-de-jour-eclaircissante-spf30-50ml\/","url":"https:\/\/pharmadreams.shop\/index.php\/product\/beesline-creme-de-jour-eclaircissante-spf30-50ml\/","name":"Beesline cr\u00e8me de jour \u00e9claircissante spf30, 50ml - pharmadreams","isPartOf":{"@id":"https:\/\/pharmadreams.shop\/#website"},"primaryImageOfPage":{"@id":"https:\/\/pharmadreams.shop\/index.php\/product\/beesline-creme-de-jour-eclaircissante-spf30-50ml\/#primaryimage"},"image":{"@id":"https:\/\/pharmadreams.shop\/index.php\/product\/beesline-creme-de-jour-eclaircissante-spf30-50ml\/#primaryimage"},"thumbnailUrl":"https:\/\/pharmadreams.shop\/wp-content\/uploads\/2023\/12\/beesline-creme.png","datePublished":"2023-12-19T18:28:27+00:00","dateModified":"2023-12-19T18:30:09+00:00","breadcrumb":{"@id":"https:\/\/pharmadreams.shop\/index.php\/product\/beesline-creme-de-jour-eclaircissante-spf30-50ml\/#breadcrumb"},"inLanguage":"fr-FR","potentialAction":[{"@type":"ReadAction","target":["https:\/\/pharmadreams.shop\/index.php\/product\/beesline-creme-de-jour-eclaircissante-spf30-50ml\/"]}]},{"@type":"ImageObject","inLanguage":"fr-FR","@id":"https:\/\/pharmadreams.shop\/index.php\/product\/beesline-creme-de-jour-eclaircissante-spf30-50ml\/#primaryimage","url":"https:\/\/pharmadreams.shop\/wp-content\/uploads\/2023\/12\/beesline-creme.png","contentUrl":"https:\/\/pharmadreams.shop\/wp-content\/uploads\/2023\/12\/beesline-creme.png","width":1232,"height":1184},{"@type":"BreadcrumbList","@id":"https:\/\/pharmadreams.shop\/index.php\/product\/beesline-creme-de-jour-eclaircissante-spf30-50ml\/#breadcrumb","itemListElement":[{"@type":"ListItem","position":1,"name":"Accueil","item":"https:\/\/pharmadreams.shop\/"},{"@type":"ListItem","position":2,"name":"Shop","item":"https:\/\/pharmadreams.shop\/index.php\/shop\/"},{"@type":"ListItem","position":3,"name":"Beesline cr\u00e8me de jour \u00e9claircissante spf30, 50ml"}]},{"@type":"WebSite","@id":"https:\/\/pharmadreams.shop\/#website","url":"https:\/\/pharmadreams.shop\/","name":"pharmadreams","description":"Parapharmacie en ligne","potentialAction":[{"@type":"SearchAction","target":{"@type":"EntryPoint","urlTemplate":"https:\/\/pharmadreams.shop\/?s={search_term_string}"},"query-input":"required name=search_term_string"}],"inLanguage":"fr-FR"}]}},"_links":{"self":[{"href":"https:\/\/pharmadreams.shop\/index.php\/wp-json\/wp\/v2\/product\/16087","targetHints":{"allow":["GET"]}}],"collection":[{"href":"https:\/\/pharmadreams.shop\/index.php\/wp-json\/wp\/v2\/product"}],"about":[{"href":"https:\/\/pharmadreams.shop\/index.php\/wp-json\/wp\/v2\/types\/product"}],"replies":[{"embeddable":true,"href":"https:\/\/pharmadreams.shop\/index.php\/wp-json\/wp\/v2\/comments?post=16087"}],"version-history":[{"count":0,"href":"https:\/\/pharmadreams.shop\/index.php\/wp-json\/wp\/v2\/product\/16087\/revisions"}],"wp:featuredmedia":[{"embeddable":true,"href":"https:\/\/pharmadreams.shop\/index.php\/wp-json\/wp\/v2\/media\/16166"}],"wp:attachment":[{"href":"https:\/\/pharmadreams.shop\/index.php\/wp-json\/wp\/v2\/media?parent=16087"}],"wp:term":[{"taxonomy":"product_brand","embeddable":true,"href":"https:\/\/pharmadreams.shop\/index.php\/wp-json\/wp\/v2\/product_brand?post=16087"},{"taxonomy":"product_cat","embeddable":true,"href":"https:\/\/pharmadreams.shop\/index.php\/wp-json\/wp\/v2\/product_cat?post=16087"},{"taxonomy":"product_tag","embeddable":true,"href":"https:\/\/pharmadreams.shop\/index.php\/wp-json\/wp\/v2\/product_tag?post=16087"}],"curies":[{"name":"wp","href":"https:\/\/api.w.org\/{rel}","templated":true}]}}