{"id":16111,"date":"2023-12-19T19:28:50","date_gmt":"2023-12-19T18:28:50","guid":{"rendered":"https:\/\/venuspara.com\/?post_type=product&#038;p=16111"},"modified":"2023-12-19T19:30:22","modified_gmt":"2023-12-19T18:30:22","slug":"nuxe-merveillance-lift-creme-velours-effet-liftant-50ml","status":"publish","type":"product","link":"https:\/\/pharmadreams.shop\/index.php\/product\/nuxe-merveillance-lift-creme-velours-effet-liftant-50ml\/","title":{"rendered":"Nuxe merveillance lift cr\u00e8me velours effet liftant 50ml"},"content":{"rendered":"","protected":false},"excerpt":{"rendered":"<p>NUXE Merveillance Lift Cr\u00e8me Velours Effet Liftant\u00a0aide \u00e0 raffermir et \u00e0 retendre votre peau, gr\u00e2ce \u00e0 sa texture enveloppante qui apporte souplesse et tonicit\u00e9 instantan\u00e9es. Ses d\u00e9licates notes florales et musqu\u00e9es procurent un plaisir indispensable \u00e0 la routine de soin.<\/p>\n<p>Id\u00e9ale pour les peaux normales \u00e0 s\u00e8ches, la texture enveloppante de NUXE MERVEILLANCE LIFT apporte souplesse et tonicit\u00e9 instantan\u00e9ment.<\/p>\n<ul>\n<li>Les traits sont comme retendus pour 64% des femmes.<\/li>\n<li>Les rides sont liss\u00e9es, la peau est plus ferme, comme lift\u00e9e.<\/li>\n<li>Apr\u00e8s 2 mois, 100% des femmes trouvent leur peau plus belle et plus souple.<\/li>\n<li>Plus forte, elle parait visiblement plus jeune.<\/li>\n<\/ul>\n","protected":false},"featured_media":16180,"comment_status":"open","ping_status":"closed","template":"","meta":[],"product_brand":[],"product_cat":[100,97,90,78,85,95,80],"product_tag":[],"class_list":{"0":"post-16111","1":"product","2":"type-product","3":"status-publish","4":"has-post-thumbnail","6":"product_cat-anti-age","7":"product_cat-anti-imperfection","8":"product_cat-anti-tache","9":"product_cat-cremes","10":"product_cat-hydratation-et-nutrition","11":"product_cat-skin-care","12":"product_cat-soins","14":"first","15":"instock","16":"shipping-taxable","17":"purchasable","18":"product-type-simple"},"yoast_head":"<!-- This site is optimized with the Yoast SEO plugin v23.0 - https:\/\/yoast.com\/wordpress\/plugins\/seo\/ -->\n<title>Nuxe merveillance lift cr\u00e8me velours effet liftant 50ml - pharmadreams<\/title>\n<meta name=\"robots\" content=\"index, follow, max-snippet:-1, max-image-preview:large, max-video-preview:-1\" \/>\n<link rel=\"canonical\" href=\"https:\/\/pharmadreams.shop\/index.php\/product\/nuxe-merveillance-lift-creme-velours-effet-liftant-50ml\/\" \/>\n<meta property=\"og:locale\" content=\"fr_FR\" \/>\n<meta property=\"og:type\" content=\"article\" \/>\n<meta property=\"og:title\" content=\"Nuxe merveillance lift cr\u00e8me velours effet liftant 50ml - pharmadreams\" \/>\n<meta property=\"og:description\" content=\"NUXE Merveillance Lift Cr\u00e8me Velours Effet Liftant\u00a0aide \u00e0 raffermir et \u00e0 retendre votre peau, gr\u00e2ce \u00e0 sa texture enveloppante qui apporte souplesse et tonicit\u00e9 instantan\u00e9es. Ses d\u00e9licates notes florales et musqu\u00e9es procurent un plaisir indispensable \u00e0 la routine de soin.  Id\u00e9ale pour les peaux normales \u00e0 s\u00e8ches, la texture enveloppante de NUXE MERVEILLANCE LIFT apporte souplesse et tonicit\u00e9 instantan\u00e9ment.   Les traits sont comme retendus pour 64% des femmes.  Les rides sont liss\u00e9es, la peau est plus ferme, comme lift\u00e9e.  Apr\u00e8s 2 mois, 100% des femmes trouvent leur peau plus belle et plus souple.  Plus forte, elle parait visiblement plus jeune.\" \/>\n<meta property=\"og:url\" content=\"https:\/\/pharmadreams.shop\/index.php\/product\/nuxe-merveillance-lift-creme-velours-effet-liftant-50ml\/\" \/>\n<meta property=\"og:site_name\" content=\"pharmadreams\" \/>\n<meta property=\"article:modified_time\" content=\"2023-12-19T18:30:22+00:00\" \/>\n<meta property=\"og:image\" content=\"https:\/\/pharmadreams.shop\/wp-content\/uploads\/2023\/12\/nuxe-creme.png\" \/>\n\t<meta property=\"og:image:width\" content=\"880\" \/>\n\t<meta property=\"og:image:height\" content=\"760\" \/>\n\t<meta property=\"og:image:type\" content=\"image\/png\" \/>\n<meta name=\"twitter:card\" content=\"summary_large_image\" \/>\n<script type=\"application\/ld+json\" class=\"yoast-schema-graph\">{\"@context\":\"https:\/\/schema.org\",\"@graph\":[{\"@type\":\"WebPage\",\"@id\":\"https:\/\/pharmadreams.shop\/index.php\/product\/nuxe-merveillance-lift-creme-velours-effet-liftant-50ml\/\",\"url\":\"https:\/\/pharmadreams.shop\/index.php\/product\/nuxe-merveillance-lift-creme-velours-effet-liftant-50ml\/\",\"name\":\"Nuxe merveillance lift cr\u00e8me velours effet liftant 50ml - pharmadreams\",\"isPartOf\":{\"@id\":\"https:\/\/pharmadreams.shop\/#website\"},\"primaryImageOfPage\":{\"@id\":\"https:\/\/pharmadreams.shop\/index.php\/product\/nuxe-merveillance-lift-creme-velours-effet-liftant-50ml\/#primaryimage\"},\"image\":{\"@id\":\"https:\/\/pharmadreams.shop\/index.php\/product\/nuxe-merveillance-lift-creme-velours-effet-liftant-50ml\/#primaryimage\"},\"thumbnailUrl\":\"https:\/\/pharmadreams.shop\/wp-content\/uploads\/2023\/12\/nuxe-creme.png\",\"datePublished\":\"2023-12-19T18:28:50+00:00\",\"dateModified\":\"2023-12-19T18:30:22+00:00\",\"breadcrumb\":{\"@id\":\"https:\/\/pharmadreams.shop\/index.php\/product\/nuxe-merveillance-lift-creme-velours-effet-liftant-50ml\/#breadcrumb\"},\"inLanguage\":\"fr-FR\",\"potentialAction\":[{\"@type\":\"ReadAction\",\"target\":[\"https:\/\/pharmadreams.shop\/index.php\/product\/nuxe-merveillance-lift-creme-velours-effet-liftant-50ml\/\"]}]},{\"@type\":\"ImageObject\",\"inLanguage\":\"fr-FR\",\"@id\":\"https:\/\/pharmadreams.shop\/index.php\/product\/nuxe-merveillance-lift-creme-velours-effet-liftant-50ml\/#primaryimage\",\"url\":\"https:\/\/pharmadreams.shop\/wp-content\/uploads\/2023\/12\/nuxe-creme.png\",\"contentUrl\":\"https:\/\/pharmadreams.shop\/wp-content\/uploads\/2023\/12\/nuxe-creme.png\",\"width\":880,\"height\":760},{\"@type\":\"BreadcrumbList\",\"@id\":\"https:\/\/pharmadreams.shop\/index.php\/product\/nuxe-merveillance-lift-creme-velours-effet-liftant-50ml\/#breadcrumb\",\"itemListElement\":[{\"@type\":\"ListItem\",\"position\":1,\"name\":\"Accueil\",\"item\":\"https:\/\/pharmadreams.shop\/\"},{\"@type\":\"ListItem\",\"position\":2,\"name\":\"Shop\",\"item\":\"https:\/\/pharmadreams.shop\/index.php\/shop\/\"},{\"@type\":\"ListItem\",\"position\":3,\"name\":\"Nuxe merveillance lift cr\u00e8me velours effet liftant 50ml\"}]},{\"@type\":\"WebSite\",\"@id\":\"https:\/\/pharmadreams.shop\/#website\",\"url\":\"https:\/\/pharmadreams.shop\/\",\"name\":\"pharmadreams\",\"description\":\"Parapharmacie en ligne\",\"potentialAction\":[{\"@type\":\"SearchAction\",\"target\":{\"@type\":\"EntryPoint\",\"urlTemplate\":\"https:\/\/pharmadreams.shop\/?s={search_term_string}\"},\"query-input\":\"required name=search_term_string\"}],\"inLanguage\":\"fr-FR\"}]}<\/script>\n<!-- \/ Yoast SEO plugin. -->","yoast_head_json":{"title":"Nuxe merveillance lift cr\u00e8me velours effet liftant 50ml - pharmadreams","robots":{"index":"index","follow":"follow","max-snippet":"max-snippet:-1","max-image-preview":"max-image-preview:large","max-video-preview":"max-video-preview:-1"},"canonical":"https:\/\/pharmadreams.shop\/index.php\/product\/nuxe-merveillance-lift-creme-velours-effet-liftant-50ml\/","og_locale":"fr_FR","og_type":"article","og_title":"Nuxe merveillance lift cr\u00e8me velours effet liftant 50ml - pharmadreams","og_description":"NUXE Merveillance Lift Cr\u00e8me Velours Effet Liftant\u00a0aide \u00e0 raffermir et \u00e0 retendre votre peau, gr\u00e2ce \u00e0 sa texture enveloppante qui apporte souplesse et tonicit\u00e9 instantan\u00e9es. Ses d\u00e9licates notes florales et musqu\u00e9es procurent un plaisir indispensable \u00e0 la routine de soin.  Id\u00e9ale pour les peaux normales \u00e0 s\u00e8ches, la texture enveloppante de NUXE MERVEILLANCE LIFT apporte souplesse et tonicit\u00e9 instantan\u00e9ment.   Les traits sont comme retendus pour 64% des femmes.  Les rides sont liss\u00e9es, la peau est plus ferme, comme lift\u00e9e.  Apr\u00e8s 2 mois, 100% des femmes trouvent leur peau plus belle et plus souple.  Plus forte, elle parait visiblement plus jeune.","og_url":"https:\/\/pharmadreams.shop\/index.php\/product\/nuxe-merveillance-lift-creme-velours-effet-liftant-50ml\/","og_site_name":"pharmadreams","article_modified_time":"2023-12-19T18:30:22+00:00","og_image":[{"width":880,"height":760,"url":"https:\/\/pharmadreams.shop\/wp-content\/uploads\/2023\/12\/nuxe-creme.png","type":"image\/png"}],"twitter_card":"summary_large_image","schema":{"@context":"https:\/\/schema.org","@graph":[{"@type":"WebPage","@id":"https:\/\/pharmadreams.shop\/index.php\/product\/nuxe-merveillance-lift-creme-velours-effet-liftant-50ml\/","url":"https:\/\/pharmadreams.shop\/index.php\/product\/nuxe-merveillance-lift-creme-velours-effet-liftant-50ml\/","name":"Nuxe merveillance lift cr\u00e8me velours effet liftant 50ml - pharmadreams","isPartOf":{"@id":"https:\/\/pharmadreams.shop\/#website"},"primaryImageOfPage":{"@id":"https:\/\/pharmadreams.shop\/index.php\/product\/nuxe-merveillance-lift-creme-velours-effet-liftant-50ml\/#primaryimage"},"image":{"@id":"https:\/\/pharmadreams.shop\/index.php\/product\/nuxe-merveillance-lift-creme-velours-effet-liftant-50ml\/#primaryimage"},"thumbnailUrl":"https:\/\/pharmadreams.shop\/wp-content\/uploads\/2023\/12\/nuxe-creme.png","datePublished":"2023-12-19T18:28:50+00:00","dateModified":"2023-12-19T18:30:22+00:00","breadcrumb":{"@id":"https:\/\/pharmadreams.shop\/index.php\/product\/nuxe-merveillance-lift-creme-velours-effet-liftant-50ml\/#breadcrumb"},"inLanguage":"fr-FR","potentialAction":[{"@type":"ReadAction","target":["https:\/\/pharmadreams.shop\/index.php\/product\/nuxe-merveillance-lift-creme-velours-effet-liftant-50ml\/"]}]},{"@type":"ImageObject","inLanguage":"fr-FR","@id":"https:\/\/pharmadreams.shop\/index.php\/product\/nuxe-merveillance-lift-creme-velours-effet-liftant-50ml\/#primaryimage","url":"https:\/\/pharmadreams.shop\/wp-content\/uploads\/2023\/12\/nuxe-creme.png","contentUrl":"https:\/\/pharmadreams.shop\/wp-content\/uploads\/2023\/12\/nuxe-creme.png","width":880,"height":760},{"@type":"BreadcrumbList","@id":"https:\/\/pharmadreams.shop\/index.php\/product\/nuxe-merveillance-lift-creme-velours-effet-liftant-50ml\/#breadcrumb","itemListElement":[{"@type":"ListItem","position":1,"name":"Accueil","item":"https:\/\/pharmadreams.shop\/"},{"@type":"ListItem","position":2,"name":"Shop","item":"https:\/\/pharmadreams.shop\/index.php\/shop\/"},{"@type":"ListItem","position":3,"name":"Nuxe merveillance lift cr\u00e8me velours effet liftant 50ml"}]},{"@type":"WebSite","@id":"https:\/\/pharmadreams.shop\/#website","url":"https:\/\/pharmadreams.shop\/","name":"pharmadreams","description":"Parapharmacie en ligne","potentialAction":[{"@type":"SearchAction","target":{"@type":"EntryPoint","urlTemplate":"https:\/\/pharmadreams.shop\/?s={search_term_string}"},"query-input":"required name=search_term_string"}],"inLanguage":"fr-FR"}]}},"_links":{"self":[{"href":"https:\/\/pharmadreams.shop\/index.php\/wp-json\/wp\/v2\/product\/16111","targetHints":{"allow":["GET"]}}],"collection":[{"href":"https:\/\/pharmadreams.shop\/index.php\/wp-json\/wp\/v2\/product"}],"about":[{"href":"https:\/\/pharmadreams.shop\/index.php\/wp-json\/wp\/v2\/types\/product"}],"replies":[{"embeddable":true,"href":"https:\/\/pharmadreams.shop\/index.php\/wp-json\/wp\/v2\/comments?post=16111"}],"version-history":[{"count":0,"href":"https:\/\/pharmadreams.shop\/index.php\/wp-json\/wp\/v2\/product\/16111\/revisions"}],"wp:featuredmedia":[{"embeddable":true,"href":"https:\/\/pharmadreams.shop\/index.php\/wp-json\/wp\/v2\/media\/16180"}],"wp:attachment":[{"href":"https:\/\/pharmadreams.shop\/index.php\/wp-json\/wp\/v2\/media?parent=16111"}],"wp:term":[{"taxonomy":"product_brand","embeddable":true,"href":"https:\/\/pharmadreams.shop\/index.php\/wp-json\/wp\/v2\/product_brand?post=16111"},{"taxonomy":"product_cat","embeddable":true,"href":"https:\/\/pharmadreams.shop\/index.php\/wp-json\/wp\/v2\/product_cat?post=16111"},{"taxonomy":"product_tag","embeddable":true,"href":"https:\/\/pharmadreams.shop\/index.php\/wp-json\/wp\/v2\/product_tag?post=16111"}],"curies":[{"name":"wp","href":"https:\/\/api.w.org\/{rel}","templated":true}]}}