{"id":16114,"date":"2023-12-19T19:28:51","date_gmt":"2023-12-19T18:28:51","guid":{"rendered":"https:\/\/venuspara.com\/?post_type=product&#038;p=16114"},"modified":"2023-12-19T19:30:34","modified_gmt":"2023-12-19T18:30:34","slug":"nuxe-prodigieux-floral-le-parfum-50ml","status":"publish","type":"product","link":"https:\/\/pharmadreams.shop\/index.php\/product\/nuxe-prodigieux-floral-le-parfum-50ml\/","title":{"rendered":"Nuxe prodigieux floral le parfum 50ml"},"content":{"rendered":"","protected":false},"excerpt":{"rendered":"<p>NUXE Prodigieux Floral Le parfum\u00a0rappelle les notes fra\u00eeches et d\u00e9licates de l&rsquo;huile Floral Prodigieux.<\/p>\n<p>Le parfum Prodigieux Nuxe Floral est un bouquet de sensations compos\u00e9 pour offrir un moment de bonheur inoubliable.\u00a0Ce parfum d\u00e9licat s&rsquo;ouvre sur l&rsquo;effervescence p\u00e9tillante du pamplemousse et du magnolia.<\/p>\n","protected":false},"featured_media":16186,"comment_status":"open","ping_status":"closed","template":"","meta":[],"product_brand":[],"product_cat":[88],"product_tag":[],"class_list":{"0":"post-16114","1":"product","2":"type-product","3":"status-publish","4":"has-post-thumbnail","6":"product_cat-parfum","8":"first","9":"instock","10":"shipping-taxable","11":"purchasable","12":"product-type-simple"},"yoast_head":"<!-- This site is optimized with the Yoast SEO plugin v23.0 - https:\/\/yoast.com\/wordpress\/plugins\/seo\/ -->\n<title>Nuxe prodigieux floral le parfum 50ml - pharmadreams<\/title>\n<meta name=\"robots\" content=\"index, follow, max-snippet:-1, max-image-preview:large, max-video-preview:-1\" \/>\n<link rel=\"canonical\" href=\"https:\/\/pharmadreams.shop\/index.php\/product\/nuxe-prodigieux-floral-le-parfum-50ml\/\" \/>\n<meta property=\"og:locale\" content=\"fr_FR\" \/>\n<meta property=\"og:type\" content=\"article\" \/>\n<meta property=\"og:title\" content=\"Nuxe prodigieux floral le parfum 50ml - pharmadreams\" \/>\n<meta property=\"og:description\" content=\"NUXE Prodigieux Floral Le parfum\u00a0rappelle les notes fra\u00eeches et d\u00e9licates de l&#039;huile Floral Prodigieux.  Le parfum Prodigieux Nuxe Floral est un bouquet de sensations compos\u00e9 pour offrir un moment de bonheur inoubliable.\u00a0Ce parfum d\u00e9licat s&#039;ouvre sur l&#039;effervescence p\u00e9tillante du pamplemousse et du magnolia.\" \/>\n<meta property=\"og:url\" content=\"https:\/\/pharmadreams.shop\/index.php\/product\/nuxe-prodigieux-floral-le-parfum-50ml\/\" \/>\n<meta property=\"og:site_name\" content=\"pharmadreams\" \/>\n<meta property=\"article:modified_time\" content=\"2023-12-19T18:30:34+00:00\" \/>\n<meta property=\"og:image\" content=\"https:\/\/pharmadreams.shop\/wp-content\/uploads\/2023\/12\/nuxe-parfum-4.png\" \/>\n\t<meta property=\"og:image:width\" content=\"2152\" \/>\n\t<meta property=\"og:image:height\" content=\"2240\" \/>\n\t<meta property=\"og:image:type\" content=\"image\/png\" \/>\n<meta name=\"twitter:card\" content=\"summary_large_image\" \/>\n<script type=\"application\/ld+json\" class=\"yoast-schema-graph\">{\"@context\":\"https:\/\/schema.org\",\"@graph\":[{\"@type\":\"WebPage\",\"@id\":\"https:\/\/pharmadreams.shop\/index.php\/product\/nuxe-prodigieux-floral-le-parfum-50ml\/\",\"url\":\"https:\/\/pharmadreams.shop\/index.php\/product\/nuxe-prodigieux-floral-le-parfum-50ml\/\",\"name\":\"Nuxe prodigieux floral le parfum 50ml - pharmadreams\",\"isPartOf\":{\"@id\":\"https:\/\/pharmadreams.shop\/#website\"},\"primaryImageOfPage\":{\"@id\":\"https:\/\/pharmadreams.shop\/index.php\/product\/nuxe-prodigieux-floral-le-parfum-50ml\/#primaryimage\"},\"image\":{\"@id\":\"https:\/\/pharmadreams.shop\/index.php\/product\/nuxe-prodigieux-floral-le-parfum-50ml\/#primaryimage\"},\"thumbnailUrl\":\"https:\/\/pharmadreams.shop\/wp-content\/uploads\/2023\/12\/nuxe-parfum-4.png\",\"datePublished\":\"2023-12-19T18:28:51+00:00\",\"dateModified\":\"2023-12-19T18:30:34+00:00\",\"breadcrumb\":{\"@id\":\"https:\/\/pharmadreams.shop\/index.php\/product\/nuxe-prodigieux-floral-le-parfum-50ml\/#breadcrumb\"},\"inLanguage\":\"fr-FR\",\"potentialAction\":[{\"@type\":\"ReadAction\",\"target\":[\"https:\/\/pharmadreams.shop\/index.php\/product\/nuxe-prodigieux-floral-le-parfum-50ml\/\"]}]},{\"@type\":\"ImageObject\",\"inLanguage\":\"fr-FR\",\"@id\":\"https:\/\/pharmadreams.shop\/index.php\/product\/nuxe-prodigieux-floral-le-parfum-50ml\/#primaryimage\",\"url\":\"https:\/\/pharmadreams.shop\/wp-content\/uploads\/2023\/12\/nuxe-parfum-4.png\",\"contentUrl\":\"https:\/\/pharmadreams.shop\/wp-content\/uploads\/2023\/12\/nuxe-parfum-4.png\",\"width\":2152,\"height\":2240},{\"@type\":\"BreadcrumbList\",\"@id\":\"https:\/\/pharmadreams.shop\/index.php\/product\/nuxe-prodigieux-floral-le-parfum-50ml\/#breadcrumb\",\"itemListElement\":[{\"@type\":\"ListItem\",\"position\":1,\"name\":\"Accueil\",\"item\":\"https:\/\/pharmadreams.shop\/\"},{\"@type\":\"ListItem\",\"position\":2,\"name\":\"Shop\",\"item\":\"https:\/\/pharmadreams.shop\/index.php\/shop\/\"},{\"@type\":\"ListItem\",\"position\":3,\"name\":\"Nuxe prodigieux floral le parfum 50ml\"}]},{\"@type\":\"WebSite\",\"@id\":\"https:\/\/pharmadreams.shop\/#website\",\"url\":\"https:\/\/pharmadreams.shop\/\",\"name\":\"pharmadreams\",\"description\":\"Parapharmacie en ligne\",\"potentialAction\":[{\"@type\":\"SearchAction\",\"target\":{\"@type\":\"EntryPoint\",\"urlTemplate\":\"https:\/\/pharmadreams.shop\/?s={search_term_string}\"},\"query-input\":\"required name=search_term_string\"}],\"inLanguage\":\"fr-FR\"}]}<\/script>\n<!-- \/ Yoast SEO plugin. -->","yoast_head_json":{"title":"Nuxe prodigieux floral le parfum 50ml - pharmadreams","robots":{"index":"index","follow":"follow","max-snippet":"max-snippet:-1","max-image-preview":"max-image-preview:large","max-video-preview":"max-video-preview:-1"},"canonical":"https:\/\/pharmadreams.shop\/index.php\/product\/nuxe-prodigieux-floral-le-parfum-50ml\/","og_locale":"fr_FR","og_type":"article","og_title":"Nuxe prodigieux floral le parfum 50ml - pharmadreams","og_description":"NUXE Prodigieux Floral Le parfum\u00a0rappelle les notes fra\u00eeches et d\u00e9licates de l'huile Floral Prodigieux.  Le parfum Prodigieux Nuxe Floral est un bouquet de sensations compos\u00e9 pour offrir un moment de bonheur inoubliable.\u00a0Ce parfum d\u00e9licat s'ouvre sur l'effervescence p\u00e9tillante du pamplemousse et du magnolia.","og_url":"https:\/\/pharmadreams.shop\/index.php\/product\/nuxe-prodigieux-floral-le-parfum-50ml\/","og_site_name":"pharmadreams","article_modified_time":"2023-12-19T18:30:34+00:00","og_image":[{"width":2152,"height":2240,"url":"https:\/\/pharmadreams.shop\/wp-content\/uploads\/2023\/12\/nuxe-parfum-4.png","type":"image\/png"}],"twitter_card":"summary_large_image","schema":{"@context":"https:\/\/schema.org","@graph":[{"@type":"WebPage","@id":"https:\/\/pharmadreams.shop\/index.php\/product\/nuxe-prodigieux-floral-le-parfum-50ml\/","url":"https:\/\/pharmadreams.shop\/index.php\/product\/nuxe-prodigieux-floral-le-parfum-50ml\/","name":"Nuxe prodigieux floral le parfum 50ml - pharmadreams","isPartOf":{"@id":"https:\/\/pharmadreams.shop\/#website"},"primaryImageOfPage":{"@id":"https:\/\/pharmadreams.shop\/index.php\/product\/nuxe-prodigieux-floral-le-parfum-50ml\/#primaryimage"},"image":{"@id":"https:\/\/pharmadreams.shop\/index.php\/product\/nuxe-prodigieux-floral-le-parfum-50ml\/#primaryimage"},"thumbnailUrl":"https:\/\/pharmadreams.shop\/wp-content\/uploads\/2023\/12\/nuxe-parfum-4.png","datePublished":"2023-12-19T18:28:51+00:00","dateModified":"2023-12-19T18:30:34+00:00","breadcrumb":{"@id":"https:\/\/pharmadreams.shop\/index.php\/product\/nuxe-prodigieux-floral-le-parfum-50ml\/#breadcrumb"},"inLanguage":"fr-FR","potentialAction":[{"@type":"ReadAction","target":["https:\/\/pharmadreams.shop\/index.php\/product\/nuxe-prodigieux-floral-le-parfum-50ml\/"]}]},{"@type":"ImageObject","inLanguage":"fr-FR","@id":"https:\/\/pharmadreams.shop\/index.php\/product\/nuxe-prodigieux-floral-le-parfum-50ml\/#primaryimage","url":"https:\/\/pharmadreams.shop\/wp-content\/uploads\/2023\/12\/nuxe-parfum-4.png","contentUrl":"https:\/\/pharmadreams.shop\/wp-content\/uploads\/2023\/12\/nuxe-parfum-4.png","width":2152,"height":2240},{"@type":"BreadcrumbList","@id":"https:\/\/pharmadreams.shop\/index.php\/product\/nuxe-prodigieux-floral-le-parfum-50ml\/#breadcrumb","itemListElement":[{"@type":"ListItem","position":1,"name":"Accueil","item":"https:\/\/pharmadreams.shop\/"},{"@type":"ListItem","position":2,"name":"Shop","item":"https:\/\/pharmadreams.shop\/index.php\/shop\/"},{"@type":"ListItem","position":3,"name":"Nuxe prodigieux floral le parfum 50ml"}]},{"@type":"WebSite","@id":"https:\/\/pharmadreams.shop\/#website","url":"https:\/\/pharmadreams.shop\/","name":"pharmadreams","description":"Parapharmacie en ligne","potentialAction":[{"@type":"SearchAction","target":{"@type":"EntryPoint","urlTemplate":"https:\/\/pharmadreams.shop\/?s={search_term_string}"},"query-input":"required name=search_term_string"}],"inLanguage":"fr-FR"}]}},"_links":{"self":[{"href":"https:\/\/pharmadreams.shop\/index.php\/wp-json\/wp\/v2\/product\/16114","targetHints":{"allow":["GET"]}}],"collection":[{"href":"https:\/\/pharmadreams.shop\/index.php\/wp-json\/wp\/v2\/product"}],"about":[{"href":"https:\/\/pharmadreams.shop\/index.php\/wp-json\/wp\/v2\/types\/product"}],"replies":[{"embeddable":true,"href":"https:\/\/pharmadreams.shop\/index.php\/wp-json\/wp\/v2\/comments?post=16114"}],"version-history":[{"count":0,"href":"https:\/\/pharmadreams.shop\/index.php\/wp-json\/wp\/v2\/product\/16114\/revisions"}],"wp:featuredmedia":[{"embeddable":true,"href":"https:\/\/pharmadreams.shop\/index.php\/wp-json\/wp\/v2\/media\/16186"}],"wp:attachment":[{"href":"https:\/\/pharmadreams.shop\/index.php\/wp-json\/wp\/v2\/media?parent=16114"}],"wp:term":[{"taxonomy":"product_brand","embeddable":true,"href":"https:\/\/pharmadreams.shop\/index.php\/wp-json\/wp\/v2\/product_brand?post=16114"},{"taxonomy":"product_cat","embeddable":true,"href":"https:\/\/pharmadreams.shop\/index.php\/wp-json\/wp\/v2\/product_cat?post=16114"},{"taxonomy":"product_tag","embeddable":true,"href":"https:\/\/pharmadreams.shop\/index.php\/wp-json\/wp\/v2\/product_tag?post=16114"}],"curies":[{"name":"wp","href":"https:\/\/api.w.org\/{rel}","templated":true}]}}