{"id":16116,"date":"2023-12-19T19:28:51","date_gmt":"2023-12-19T18:28:51","guid":{"rendered":"https:\/\/venuspara.com\/?post_type=product&#038;p=16116"},"modified":"2023-12-19T19:30:42","modified_gmt":"2023-12-19T18:30:42","slug":"nuxe-prodigieux-floral-gelee-de-douche-200ml","status":"publish","type":"product","link":"https:\/\/pharmadreams.shop\/index.php\/product\/nuxe-prodigieux-floral-gelee-de-douche-200ml\/","title":{"rendered":"Nuxe prodigieux floral gel\u00e9e de douche 200ml"},"content":{"rendered":"","protected":false},"excerpt":{"rendered":"<p>Ce gel douche parfum\u00e9 procure une douceur addictive gr\u00e2ce \u00e0 sa d\u00e9licate base lavante d\u2019origine v\u00e9g\u00e9tale infus\u00e9e d\u2019huile d\u2019Amande douce. Il nettoie la peau tout en finesse et la laisse douce et souple. Sa texture onctueuse au subtil parfum floral, aux notes fra\u00eeches de Pamplemousse, Magnolia et Musc, transforme la douche en une exp\u00e9rience ultra-sensorielle au quotidien.<\/p>\n","protected":false},"featured_media":16196,"comment_status":"open","ping_status":"closed","template":"","meta":[],"product_brand":[],"product_cat":[28,105],"product_tag":[],"class_list":{"0":"post-16116","1":"product","2":"type-product","3":"status-publish","4":"has-post-thumbnail","6":"product_cat-corps","7":"product_cat-gel-douche","9":"first","10":"instock","11":"shipping-taxable","12":"purchasable","13":"product-type-simple"},"yoast_head":"<!-- This site is optimized with the Yoast SEO plugin v23.0 - https:\/\/yoast.com\/wordpress\/plugins\/seo\/ -->\n<title>Nuxe prodigieux floral gel\u00e9e de douche 200ml - pharmadreams<\/title>\n<meta name=\"robots\" content=\"index, follow, max-snippet:-1, max-image-preview:large, max-video-preview:-1\" \/>\n<link rel=\"canonical\" href=\"https:\/\/pharmadreams.shop\/index.php\/product\/nuxe-prodigieux-floral-gelee-de-douche-200ml\/\" \/>\n<meta property=\"og:locale\" content=\"fr_FR\" \/>\n<meta property=\"og:type\" content=\"article\" \/>\n<meta property=\"og:title\" content=\"Nuxe prodigieux floral gel\u00e9e de douche 200ml - pharmadreams\" \/>\n<meta property=\"og:description\" content=\"Ce gel douche parfum\u00e9 procure une douceur addictive gr\u00e2ce \u00e0 sa d\u00e9licate base lavante d\u2019origine v\u00e9g\u00e9tale infus\u00e9e d\u2019huile d\u2019Amande douce. Il nettoie la peau tout en finesse et la laisse douce et souple. Sa texture onctueuse au subtil parfum floral, aux notes fra\u00eeches de Pamplemousse, Magnolia et Musc, transforme la douche en une exp\u00e9rience ultra-sensorielle au quotidien.\" \/>\n<meta property=\"og:url\" content=\"https:\/\/pharmadreams.shop\/index.php\/product\/nuxe-prodigieux-floral-gelee-de-douche-200ml\/\" \/>\n<meta property=\"og:site_name\" content=\"pharmadreams\" \/>\n<meta property=\"article:modified_time\" content=\"2023-12-19T18:30:42+00:00\" \/>\n<meta property=\"og:image\" content=\"https:\/\/pharmadreams.shop\/wp-content\/uploads\/2023\/12\/nuxe-gel-douche-1.png\" \/>\n\t<meta property=\"og:image:width\" content=\"896\" \/>\n\t<meta property=\"og:image:height\" content=\"1440\" \/>\n\t<meta property=\"og:image:type\" content=\"image\/png\" \/>\n<meta name=\"twitter:card\" content=\"summary_large_image\" \/>\n<script type=\"application\/ld+json\" class=\"yoast-schema-graph\">{\"@context\":\"https:\/\/schema.org\",\"@graph\":[{\"@type\":\"WebPage\",\"@id\":\"https:\/\/pharmadreams.shop\/index.php\/product\/nuxe-prodigieux-floral-gelee-de-douche-200ml\/\",\"url\":\"https:\/\/pharmadreams.shop\/index.php\/product\/nuxe-prodigieux-floral-gelee-de-douche-200ml\/\",\"name\":\"Nuxe prodigieux floral gel\u00e9e de douche 200ml - pharmadreams\",\"isPartOf\":{\"@id\":\"https:\/\/pharmadreams.shop\/#website\"},\"primaryImageOfPage\":{\"@id\":\"https:\/\/pharmadreams.shop\/index.php\/product\/nuxe-prodigieux-floral-gelee-de-douche-200ml\/#primaryimage\"},\"image\":{\"@id\":\"https:\/\/pharmadreams.shop\/index.php\/product\/nuxe-prodigieux-floral-gelee-de-douche-200ml\/#primaryimage\"},\"thumbnailUrl\":\"https:\/\/pharmadreams.shop\/wp-content\/uploads\/2023\/12\/nuxe-gel-douche-1.png\",\"datePublished\":\"2023-12-19T18:28:51+00:00\",\"dateModified\":\"2023-12-19T18:30:42+00:00\",\"breadcrumb\":{\"@id\":\"https:\/\/pharmadreams.shop\/index.php\/product\/nuxe-prodigieux-floral-gelee-de-douche-200ml\/#breadcrumb\"},\"inLanguage\":\"fr-FR\",\"potentialAction\":[{\"@type\":\"ReadAction\",\"target\":[\"https:\/\/pharmadreams.shop\/index.php\/product\/nuxe-prodigieux-floral-gelee-de-douche-200ml\/\"]}]},{\"@type\":\"ImageObject\",\"inLanguage\":\"fr-FR\",\"@id\":\"https:\/\/pharmadreams.shop\/index.php\/product\/nuxe-prodigieux-floral-gelee-de-douche-200ml\/#primaryimage\",\"url\":\"https:\/\/pharmadreams.shop\/wp-content\/uploads\/2023\/12\/nuxe-gel-douche-1.png\",\"contentUrl\":\"https:\/\/pharmadreams.shop\/wp-content\/uploads\/2023\/12\/nuxe-gel-douche-1.png\",\"width\":896,\"height\":1440},{\"@type\":\"BreadcrumbList\",\"@id\":\"https:\/\/pharmadreams.shop\/index.php\/product\/nuxe-prodigieux-floral-gelee-de-douche-200ml\/#breadcrumb\",\"itemListElement\":[{\"@type\":\"ListItem\",\"position\":1,\"name\":\"Accueil\",\"item\":\"https:\/\/pharmadreams.shop\/\"},{\"@type\":\"ListItem\",\"position\":2,\"name\":\"Shop\",\"item\":\"https:\/\/pharmadreams.shop\/index.php\/shop\/\"},{\"@type\":\"ListItem\",\"position\":3,\"name\":\"Nuxe prodigieux floral gel\u00e9e de douche 200ml\"}]},{\"@type\":\"WebSite\",\"@id\":\"https:\/\/pharmadreams.shop\/#website\",\"url\":\"https:\/\/pharmadreams.shop\/\",\"name\":\"pharmadreams\",\"description\":\"Parapharmacie en ligne\",\"potentialAction\":[{\"@type\":\"SearchAction\",\"target\":{\"@type\":\"EntryPoint\",\"urlTemplate\":\"https:\/\/pharmadreams.shop\/?s={search_term_string}\"},\"query-input\":\"required name=search_term_string\"}],\"inLanguage\":\"fr-FR\"}]}<\/script>\n<!-- \/ Yoast SEO plugin. -->","yoast_head_json":{"title":"Nuxe prodigieux floral gel\u00e9e de douche 200ml - pharmadreams","robots":{"index":"index","follow":"follow","max-snippet":"max-snippet:-1","max-image-preview":"max-image-preview:large","max-video-preview":"max-video-preview:-1"},"canonical":"https:\/\/pharmadreams.shop\/index.php\/product\/nuxe-prodigieux-floral-gelee-de-douche-200ml\/","og_locale":"fr_FR","og_type":"article","og_title":"Nuxe prodigieux floral gel\u00e9e de douche 200ml - pharmadreams","og_description":"Ce gel douche parfum\u00e9 procure une douceur addictive gr\u00e2ce \u00e0 sa d\u00e9licate base lavante d\u2019origine v\u00e9g\u00e9tale infus\u00e9e d\u2019huile d\u2019Amande douce. Il nettoie la peau tout en finesse et la laisse douce et souple. Sa texture onctueuse au subtil parfum floral, aux notes fra\u00eeches de Pamplemousse, Magnolia et Musc, transforme la douche en une exp\u00e9rience ultra-sensorielle au quotidien.","og_url":"https:\/\/pharmadreams.shop\/index.php\/product\/nuxe-prodigieux-floral-gelee-de-douche-200ml\/","og_site_name":"pharmadreams","article_modified_time":"2023-12-19T18:30:42+00:00","og_image":[{"width":896,"height":1440,"url":"https:\/\/pharmadreams.shop\/wp-content\/uploads\/2023\/12\/nuxe-gel-douche-1.png","type":"image\/png"}],"twitter_card":"summary_large_image","schema":{"@context":"https:\/\/schema.org","@graph":[{"@type":"WebPage","@id":"https:\/\/pharmadreams.shop\/index.php\/product\/nuxe-prodigieux-floral-gelee-de-douche-200ml\/","url":"https:\/\/pharmadreams.shop\/index.php\/product\/nuxe-prodigieux-floral-gelee-de-douche-200ml\/","name":"Nuxe prodigieux floral gel\u00e9e de douche 200ml - pharmadreams","isPartOf":{"@id":"https:\/\/pharmadreams.shop\/#website"},"primaryImageOfPage":{"@id":"https:\/\/pharmadreams.shop\/index.php\/product\/nuxe-prodigieux-floral-gelee-de-douche-200ml\/#primaryimage"},"image":{"@id":"https:\/\/pharmadreams.shop\/index.php\/product\/nuxe-prodigieux-floral-gelee-de-douche-200ml\/#primaryimage"},"thumbnailUrl":"https:\/\/pharmadreams.shop\/wp-content\/uploads\/2023\/12\/nuxe-gel-douche-1.png","datePublished":"2023-12-19T18:28:51+00:00","dateModified":"2023-12-19T18:30:42+00:00","breadcrumb":{"@id":"https:\/\/pharmadreams.shop\/index.php\/product\/nuxe-prodigieux-floral-gelee-de-douche-200ml\/#breadcrumb"},"inLanguage":"fr-FR","potentialAction":[{"@type":"ReadAction","target":["https:\/\/pharmadreams.shop\/index.php\/product\/nuxe-prodigieux-floral-gelee-de-douche-200ml\/"]}]},{"@type":"ImageObject","inLanguage":"fr-FR","@id":"https:\/\/pharmadreams.shop\/index.php\/product\/nuxe-prodigieux-floral-gelee-de-douche-200ml\/#primaryimage","url":"https:\/\/pharmadreams.shop\/wp-content\/uploads\/2023\/12\/nuxe-gel-douche-1.png","contentUrl":"https:\/\/pharmadreams.shop\/wp-content\/uploads\/2023\/12\/nuxe-gel-douche-1.png","width":896,"height":1440},{"@type":"BreadcrumbList","@id":"https:\/\/pharmadreams.shop\/index.php\/product\/nuxe-prodigieux-floral-gelee-de-douche-200ml\/#breadcrumb","itemListElement":[{"@type":"ListItem","position":1,"name":"Accueil","item":"https:\/\/pharmadreams.shop\/"},{"@type":"ListItem","position":2,"name":"Shop","item":"https:\/\/pharmadreams.shop\/index.php\/shop\/"},{"@type":"ListItem","position":3,"name":"Nuxe prodigieux floral gel\u00e9e de douche 200ml"}]},{"@type":"WebSite","@id":"https:\/\/pharmadreams.shop\/#website","url":"https:\/\/pharmadreams.shop\/","name":"pharmadreams","description":"Parapharmacie en ligne","potentialAction":[{"@type":"SearchAction","target":{"@type":"EntryPoint","urlTemplate":"https:\/\/pharmadreams.shop\/?s={search_term_string}"},"query-input":"required name=search_term_string"}],"inLanguage":"fr-FR"}]}},"_links":{"self":[{"href":"https:\/\/pharmadreams.shop\/index.php\/wp-json\/wp\/v2\/product\/16116","targetHints":{"allow":["GET"]}}],"collection":[{"href":"https:\/\/pharmadreams.shop\/index.php\/wp-json\/wp\/v2\/product"}],"about":[{"href":"https:\/\/pharmadreams.shop\/index.php\/wp-json\/wp\/v2\/types\/product"}],"replies":[{"embeddable":true,"href":"https:\/\/pharmadreams.shop\/index.php\/wp-json\/wp\/v2\/comments?post=16116"}],"version-history":[{"count":0,"href":"https:\/\/pharmadreams.shop\/index.php\/wp-json\/wp\/v2\/product\/16116\/revisions"}],"wp:featuredmedia":[{"embeddable":true,"href":"https:\/\/pharmadreams.shop\/index.php\/wp-json\/wp\/v2\/media\/16196"}],"wp:attachment":[{"href":"https:\/\/pharmadreams.shop\/index.php\/wp-json\/wp\/v2\/media?parent=16116"}],"wp:term":[{"taxonomy":"product_brand","embeddable":true,"href":"https:\/\/pharmadreams.shop\/index.php\/wp-json\/wp\/v2\/product_brand?post=16116"},{"taxonomy":"product_cat","embeddable":true,"href":"https:\/\/pharmadreams.shop\/index.php\/wp-json\/wp\/v2\/product_cat?post=16116"},{"taxonomy":"product_tag","embeddable":true,"href":"https:\/\/pharmadreams.shop\/index.php\/wp-json\/wp\/v2\/product_tag?post=16116"}],"curies":[{"name":"wp","href":"https:\/\/api.w.org\/{rel}","templated":true}]}}