{"id":16118,"date":"2023-12-19T19:28:51","date_gmt":"2023-12-19T18:28:51","guid":{"rendered":"https:\/\/venuspara.com\/?post_type=product&#038;p=16118"},"modified":"2024-05-10T13:20:11","modified_gmt":"2024-05-10T12:20:11","slug":"isdin-isdinceutics-flavo-c-serum-30ml","status":"publish","type":"product","link":"https:\/\/pharmadreams.shop\/index.php\/product\/isdin-isdinceutics-flavo-c-serum-30ml\/","title":{"rendered":"Isdin isdinceutics flavo-c s\u00e9rum 30ml"},"content":{"rendered":"","protected":false},"excerpt":{"rendered":"<p>ISDIN Flavo c le S\u00e9rum anti-\u00e2ge r\u00e9v\u00e9lateur d\u2019\u00e9clat permet de l&rsquo;Hydratation, prevenir et eliminer les rides, homog\u00e9n\u00e9iser teint terne et irr\u00e9gulier. Le s\u00e9rum Flavo C offre une protection avanc\u00e9e contre les radicaux libres nocifs caus\u00e9s par les rayons UVA et UVB et la pollution, pour une peau d&rsquo;apparence jeune.<\/p>\n<p>La combinaison extr\u00eamement puissante de deux antioxydants, la vitamine C et le gingko biloba, aide votre peau \u00e0 retrouver sa luminosit\u00e9 et son \u00e9lasticit\u00e9, la laissant radieuse et revitalis\u00e9e.<\/p>\n","protected":false},"featured_media":16200,"comment_status":"open","ping_status":"closed","template":"","meta":[],"product_brand":[],"product_cat":[100,98,104,94,95,81,20],"product_tag":[],"class_list":{"0":"post-16118","1":"product","2":"type-product","3":"status-publish","4":"has-post-thumbnail","6":"product_cat-anti-age","7":"product_cat-hydratation","8":"product_cat-protection","9":"product_cat-serum","10":"product_cat-skin-care","11":"product_cat-soins-hydratants","12":"product_cat-visage","14":"first","15":"instock","16":"shipping-taxable","17":"purchasable","18":"product-type-simple"},"yoast_head":"<!-- This site is optimized with the Yoast SEO plugin v23.0 - https:\/\/yoast.com\/wordpress\/plugins\/seo\/ -->\n<title>Isdin isdinceutics flavo-c s\u00e9rum 30ml - pharmadreams<\/title>\n<meta name=\"robots\" content=\"index, follow, max-snippet:-1, max-image-preview:large, max-video-preview:-1\" \/>\n<link rel=\"canonical\" href=\"https:\/\/pharmadreams.shop\/index.php\/product\/isdin-isdinceutics-flavo-c-serum-30ml\/\" \/>\n<meta property=\"og:locale\" content=\"fr_FR\" \/>\n<meta property=\"og:type\" content=\"article\" \/>\n<meta property=\"og:title\" content=\"Isdin isdinceutics flavo-c s\u00e9rum 30ml - pharmadreams\" \/>\n<meta property=\"og:description\" content=\"ISDIN Flavo c le S\u00e9rum anti-\u00e2ge r\u00e9v\u00e9lateur d\u2019\u00e9clat permet de l&#039;Hydratation, prevenir et eliminer les rides, homog\u00e9n\u00e9iser teint terne et irr\u00e9gulier. Le s\u00e9rum Flavo C offre une protection avanc\u00e9e contre les radicaux libres nocifs caus\u00e9s par les rayons UVA et UVB et la pollution, pour une peau d&#039;apparence jeune.  La combinaison extr\u00eamement puissante de deux antioxydants, la vitamine C et le gingko biloba, aide votre peau \u00e0 retrouver sa luminosit\u00e9 et son \u00e9lasticit\u00e9, la laissant radieuse et revitalis\u00e9e.\" \/>\n<meta property=\"og:url\" content=\"https:\/\/pharmadreams.shop\/index.php\/product\/isdin-isdinceutics-flavo-c-serum-30ml\/\" \/>\n<meta property=\"og:site_name\" content=\"pharmadreams\" \/>\n<meta property=\"article:modified_time\" content=\"2024-05-10T12:20:11+00:00\" \/>\n<meta property=\"og:image\" content=\"https:\/\/pharmadreams.shop\/wp-content\/uploads\/2023\/12\/isdin-FLAVO-C.png\" \/>\n\t<meta property=\"og:image:width\" content=\"1288\" \/>\n\t<meta property=\"og:image:height\" content=\"1416\" \/>\n\t<meta property=\"og:image:type\" content=\"image\/png\" \/>\n<meta name=\"twitter:card\" content=\"summary_large_image\" \/>\n<script type=\"application\/ld+json\" class=\"yoast-schema-graph\">{\"@context\":\"https:\/\/schema.org\",\"@graph\":[{\"@type\":\"WebPage\",\"@id\":\"https:\/\/pharmadreams.shop\/index.php\/product\/isdin-isdinceutics-flavo-c-serum-30ml\/\",\"url\":\"https:\/\/pharmadreams.shop\/index.php\/product\/isdin-isdinceutics-flavo-c-serum-30ml\/\",\"name\":\"Isdin isdinceutics flavo-c s\u00e9rum 30ml - pharmadreams\",\"isPartOf\":{\"@id\":\"https:\/\/pharmadreams.shop\/#website\"},\"primaryImageOfPage\":{\"@id\":\"https:\/\/pharmadreams.shop\/index.php\/product\/isdin-isdinceutics-flavo-c-serum-30ml\/#primaryimage\"},\"image\":{\"@id\":\"https:\/\/pharmadreams.shop\/index.php\/product\/isdin-isdinceutics-flavo-c-serum-30ml\/#primaryimage\"},\"thumbnailUrl\":\"https:\/\/pharmadreams.shop\/wp-content\/uploads\/2023\/12\/isdin-FLAVO-C.png\",\"datePublished\":\"2023-12-19T18:28:51+00:00\",\"dateModified\":\"2024-05-10T12:20:11+00:00\",\"breadcrumb\":{\"@id\":\"https:\/\/pharmadreams.shop\/index.php\/product\/isdin-isdinceutics-flavo-c-serum-30ml\/#breadcrumb\"},\"inLanguage\":\"fr-FR\",\"potentialAction\":[{\"@type\":\"ReadAction\",\"target\":[\"https:\/\/pharmadreams.shop\/index.php\/product\/isdin-isdinceutics-flavo-c-serum-30ml\/\"]}]},{\"@type\":\"ImageObject\",\"inLanguage\":\"fr-FR\",\"@id\":\"https:\/\/pharmadreams.shop\/index.php\/product\/isdin-isdinceutics-flavo-c-serum-30ml\/#primaryimage\",\"url\":\"https:\/\/pharmadreams.shop\/wp-content\/uploads\/2023\/12\/isdin-FLAVO-C.png\",\"contentUrl\":\"https:\/\/pharmadreams.shop\/wp-content\/uploads\/2023\/12\/isdin-FLAVO-C.png\",\"width\":1288,\"height\":1416},{\"@type\":\"BreadcrumbList\",\"@id\":\"https:\/\/pharmadreams.shop\/index.php\/product\/isdin-isdinceutics-flavo-c-serum-30ml\/#breadcrumb\",\"itemListElement\":[{\"@type\":\"ListItem\",\"position\":1,\"name\":\"Accueil\",\"item\":\"https:\/\/pharmadreams.shop\/\"},{\"@type\":\"ListItem\",\"position\":2,\"name\":\"Shop\",\"item\":\"https:\/\/pharmadreams.shop\/index.php\/shop\/\"},{\"@type\":\"ListItem\",\"position\":3,\"name\":\"Isdin isdinceutics flavo-c s\u00e9rum 30ml\"}]},{\"@type\":\"WebSite\",\"@id\":\"https:\/\/pharmadreams.shop\/#website\",\"url\":\"https:\/\/pharmadreams.shop\/\",\"name\":\"pharmadreams\",\"description\":\"Parapharmacie en ligne\",\"potentialAction\":[{\"@type\":\"SearchAction\",\"target\":{\"@type\":\"EntryPoint\",\"urlTemplate\":\"https:\/\/pharmadreams.shop\/?s={search_term_string}\"},\"query-input\":\"required name=search_term_string\"}],\"inLanguage\":\"fr-FR\"}]}<\/script>\n<!-- \/ Yoast SEO plugin. -->","yoast_head_json":{"title":"Isdin isdinceutics flavo-c s\u00e9rum 30ml - pharmadreams","robots":{"index":"index","follow":"follow","max-snippet":"max-snippet:-1","max-image-preview":"max-image-preview:large","max-video-preview":"max-video-preview:-1"},"canonical":"https:\/\/pharmadreams.shop\/index.php\/product\/isdin-isdinceutics-flavo-c-serum-30ml\/","og_locale":"fr_FR","og_type":"article","og_title":"Isdin isdinceutics flavo-c s\u00e9rum 30ml - pharmadreams","og_description":"ISDIN Flavo c le S\u00e9rum anti-\u00e2ge r\u00e9v\u00e9lateur d\u2019\u00e9clat permet de l'Hydratation, prevenir et eliminer les rides, homog\u00e9n\u00e9iser teint terne et irr\u00e9gulier. Le s\u00e9rum Flavo C offre une protection avanc\u00e9e contre les radicaux libres nocifs caus\u00e9s par les rayons UVA et UVB et la pollution, pour une peau d'apparence jeune.  La combinaison extr\u00eamement puissante de deux antioxydants, la vitamine C et le gingko biloba, aide votre peau \u00e0 retrouver sa luminosit\u00e9 et son \u00e9lasticit\u00e9, la laissant radieuse et revitalis\u00e9e.","og_url":"https:\/\/pharmadreams.shop\/index.php\/product\/isdin-isdinceutics-flavo-c-serum-30ml\/","og_site_name":"pharmadreams","article_modified_time":"2024-05-10T12:20:11+00:00","og_image":[{"width":1288,"height":1416,"url":"https:\/\/pharmadreams.shop\/wp-content\/uploads\/2023\/12\/isdin-FLAVO-C.png","type":"image\/png"}],"twitter_card":"summary_large_image","schema":{"@context":"https:\/\/schema.org","@graph":[{"@type":"WebPage","@id":"https:\/\/pharmadreams.shop\/index.php\/product\/isdin-isdinceutics-flavo-c-serum-30ml\/","url":"https:\/\/pharmadreams.shop\/index.php\/product\/isdin-isdinceutics-flavo-c-serum-30ml\/","name":"Isdin isdinceutics flavo-c s\u00e9rum 30ml - pharmadreams","isPartOf":{"@id":"https:\/\/pharmadreams.shop\/#website"},"primaryImageOfPage":{"@id":"https:\/\/pharmadreams.shop\/index.php\/product\/isdin-isdinceutics-flavo-c-serum-30ml\/#primaryimage"},"image":{"@id":"https:\/\/pharmadreams.shop\/index.php\/product\/isdin-isdinceutics-flavo-c-serum-30ml\/#primaryimage"},"thumbnailUrl":"https:\/\/pharmadreams.shop\/wp-content\/uploads\/2023\/12\/isdin-FLAVO-C.png","datePublished":"2023-12-19T18:28:51+00:00","dateModified":"2024-05-10T12:20:11+00:00","breadcrumb":{"@id":"https:\/\/pharmadreams.shop\/index.php\/product\/isdin-isdinceutics-flavo-c-serum-30ml\/#breadcrumb"},"inLanguage":"fr-FR","potentialAction":[{"@type":"ReadAction","target":["https:\/\/pharmadreams.shop\/index.php\/product\/isdin-isdinceutics-flavo-c-serum-30ml\/"]}]},{"@type":"ImageObject","inLanguage":"fr-FR","@id":"https:\/\/pharmadreams.shop\/index.php\/product\/isdin-isdinceutics-flavo-c-serum-30ml\/#primaryimage","url":"https:\/\/pharmadreams.shop\/wp-content\/uploads\/2023\/12\/isdin-FLAVO-C.png","contentUrl":"https:\/\/pharmadreams.shop\/wp-content\/uploads\/2023\/12\/isdin-FLAVO-C.png","width":1288,"height":1416},{"@type":"BreadcrumbList","@id":"https:\/\/pharmadreams.shop\/index.php\/product\/isdin-isdinceutics-flavo-c-serum-30ml\/#breadcrumb","itemListElement":[{"@type":"ListItem","position":1,"name":"Accueil","item":"https:\/\/pharmadreams.shop\/"},{"@type":"ListItem","position":2,"name":"Shop","item":"https:\/\/pharmadreams.shop\/index.php\/shop\/"},{"@type":"ListItem","position":3,"name":"Isdin isdinceutics flavo-c s\u00e9rum 30ml"}]},{"@type":"WebSite","@id":"https:\/\/pharmadreams.shop\/#website","url":"https:\/\/pharmadreams.shop\/","name":"pharmadreams","description":"Parapharmacie en ligne","potentialAction":[{"@type":"SearchAction","target":{"@type":"EntryPoint","urlTemplate":"https:\/\/pharmadreams.shop\/?s={search_term_string}"},"query-input":"required name=search_term_string"}],"inLanguage":"fr-FR"}]}},"_links":{"self":[{"href":"https:\/\/pharmadreams.shop\/index.php\/wp-json\/wp\/v2\/product\/16118","targetHints":{"allow":["GET"]}}],"collection":[{"href":"https:\/\/pharmadreams.shop\/index.php\/wp-json\/wp\/v2\/product"}],"about":[{"href":"https:\/\/pharmadreams.shop\/index.php\/wp-json\/wp\/v2\/types\/product"}],"replies":[{"embeddable":true,"href":"https:\/\/pharmadreams.shop\/index.php\/wp-json\/wp\/v2\/comments?post=16118"}],"version-history":[{"count":0,"href":"https:\/\/pharmadreams.shop\/index.php\/wp-json\/wp\/v2\/product\/16118\/revisions"}],"wp:featuredmedia":[{"embeddable":true,"href":"https:\/\/pharmadreams.shop\/index.php\/wp-json\/wp\/v2\/media\/16200"}],"wp:attachment":[{"href":"https:\/\/pharmadreams.shop\/index.php\/wp-json\/wp\/v2\/media?parent=16118"}],"wp:term":[{"taxonomy":"product_brand","embeddable":true,"href":"https:\/\/pharmadreams.shop\/index.php\/wp-json\/wp\/v2\/product_brand?post=16118"},{"taxonomy":"product_cat","embeddable":true,"href":"https:\/\/pharmadreams.shop\/index.php\/wp-json\/wp\/v2\/product_cat?post=16118"},{"taxonomy":"product_tag","embeddable":true,"href":"https:\/\/pharmadreams.shop\/index.php\/wp-json\/wp\/v2\/product_tag?post=16118"}],"curies":[{"name":"wp","href":"https:\/\/api.w.org\/{rel}","templated":true}]}}