{"id":16119,"date":"2023-12-19T19:28:51","date_gmt":"2023-12-19T18:28:51","guid":{"rendered":"https:\/\/venuspara.com\/?post_type=product&#038;p=16119"},"modified":"2024-05-10T13:19:44","modified_gmt":"2024-05-10T12:19:44","slug":"isdin-isdinceutics-brighten-melaclear-serum-15ml","status":"publish","type":"product","link":"https:\/\/pharmadreams.shop\/index.php\/product\/isdin-isdinceutics-brighten-melaclear-serum-15ml\/","title":{"rendered":"Isdin isdinceutics brighten melaclear s\u00e9rum 15ml"},"content":{"rendered":"","protected":false},"excerpt":{"rendered":"<p>S\u00e9rum correcteur taches fonc\u00e9es.<\/p>\n<p>Perfectionnez votre teint et am\u00e9liorez l&rsquo;apparence des taches brunes avec ce puissant s\u00e9rum \u00e9claircissant \u00e0 la vitamine C et \u00e0 l&rsquo;acide phytique. Il peut \u00eatre utilis\u00e9 \u00e0 tout moment de la journ\u00e9e et tout au long de l&rsquo;ann\u00e9e.<\/p>\n<p>La formule r\u00e9volutionnaire de Melaclear est con\u00e7ue pour aider \u00e0 am\u00e9liorer la d\u00e9coloration de la peau sans irritation et mieux encore; vous pouvez l&rsquo;utiliser toute l&rsquo;ann\u00e9e, m\u00eame en \u00e9t\u00e9.<\/p>\n<p>L&rsquo;effet synergique de la vitamine C et de l&rsquo;acide phytique am\u00e9liore l&rsquo;apparence des taches brunes en exfoliant l\u00e9g\u00e8rement; il favorise un teint de peau plus brillant et plus uniforme et a un puissant effet antioxydant pour un teint \u00e9clatant.<\/p>\n","protected":false},"featured_media":16202,"comment_status":"open","ping_status":"closed","template":"","meta":[],"product_brand":[],"product_cat":[97,90,106,94,95,80,20],"product_tag":[],"class_list":{"0":"post-16119","1":"product","2":"type-product","3":"status-publish","4":"has-post-thumbnail","6":"product_cat-anti-imperfection","7":"product_cat-anti-tache","8":"product_cat-brillance","9":"product_cat-serum","10":"product_cat-skin-care","11":"product_cat-soins","12":"product_cat-visage","14":"first","15":"instock","16":"shipping-taxable","17":"purchasable","18":"product-type-simple"},"yoast_head":"<!-- This site is optimized with the Yoast SEO plugin v23.0 - https:\/\/yoast.com\/wordpress\/plugins\/seo\/ -->\n<title>Isdin isdinceutics brighten melaclear s\u00e9rum 15ml - pharmadreams<\/title>\n<meta name=\"robots\" content=\"index, follow, max-snippet:-1, max-image-preview:large, max-video-preview:-1\" \/>\n<link rel=\"canonical\" href=\"https:\/\/pharmadreams.shop\/index.php\/product\/isdin-isdinceutics-brighten-melaclear-serum-15ml\/\" \/>\n<meta property=\"og:locale\" content=\"fr_FR\" \/>\n<meta property=\"og:type\" content=\"article\" \/>\n<meta property=\"og:title\" content=\"Isdin isdinceutics brighten melaclear s\u00e9rum 15ml - pharmadreams\" \/>\n<meta property=\"og:description\" content=\"S\u00e9rum correcteur taches fonc\u00e9es.  Perfectionnez votre teint et am\u00e9liorez l&#039;apparence des taches brunes avec ce puissant s\u00e9rum \u00e9claircissant \u00e0 la vitamine C et \u00e0 l&#039;acide phytique. Il peut \u00eatre utilis\u00e9 \u00e0 tout moment de la journ\u00e9e et tout au long de l&#039;ann\u00e9e.  La formule r\u00e9volutionnaire de Melaclear est con\u00e7ue pour aider \u00e0 am\u00e9liorer la d\u00e9coloration de la peau sans irritation et mieux encore; vous pouvez l&#039;utiliser toute l&#039;ann\u00e9e, m\u00eame en \u00e9t\u00e9.  L&#039;effet synergique de la vitamine C et de l&#039;acide phytique am\u00e9liore l&#039;apparence des taches brunes en exfoliant l\u00e9g\u00e8rement; il favorise un teint de peau plus brillant et plus uniforme et a un puissant effet antioxydant pour un teint \u00e9clatant.\" \/>\n<meta property=\"og:url\" content=\"https:\/\/pharmadreams.shop\/index.php\/product\/isdin-isdinceutics-brighten-melaclear-serum-15ml\/\" \/>\n<meta property=\"og:site_name\" content=\"pharmadreams\" \/>\n<meta property=\"article:modified_time\" content=\"2024-05-10T12:19:44+00:00\" \/>\n<meta property=\"og:image\" content=\"https:\/\/pharmadreams.shop\/wp-content\/uploads\/2023\/12\/isdin-melaclear.png\" \/>\n\t<meta property=\"og:image:width\" content=\"1472\" \/>\n\t<meta property=\"og:image:height\" content=\"1552\" \/>\n\t<meta property=\"og:image:type\" content=\"image\/png\" \/>\n<meta name=\"twitter:card\" content=\"summary_large_image\" \/>\n<script type=\"application\/ld+json\" class=\"yoast-schema-graph\">{\"@context\":\"https:\/\/schema.org\",\"@graph\":[{\"@type\":\"WebPage\",\"@id\":\"https:\/\/pharmadreams.shop\/index.php\/product\/isdin-isdinceutics-brighten-melaclear-serum-15ml\/\",\"url\":\"https:\/\/pharmadreams.shop\/index.php\/product\/isdin-isdinceutics-brighten-melaclear-serum-15ml\/\",\"name\":\"Isdin isdinceutics brighten melaclear s\u00e9rum 15ml - pharmadreams\",\"isPartOf\":{\"@id\":\"https:\/\/pharmadreams.shop\/#website\"},\"primaryImageOfPage\":{\"@id\":\"https:\/\/pharmadreams.shop\/index.php\/product\/isdin-isdinceutics-brighten-melaclear-serum-15ml\/#primaryimage\"},\"image\":{\"@id\":\"https:\/\/pharmadreams.shop\/index.php\/product\/isdin-isdinceutics-brighten-melaclear-serum-15ml\/#primaryimage\"},\"thumbnailUrl\":\"https:\/\/pharmadreams.shop\/wp-content\/uploads\/2023\/12\/isdin-melaclear.png\",\"datePublished\":\"2023-12-19T18:28:51+00:00\",\"dateModified\":\"2024-05-10T12:19:44+00:00\",\"breadcrumb\":{\"@id\":\"https:\/\/pharmadreams.shop\/index.php\/product\/isdin-isdinceutics-brighten-melaclear-serum-15ml\/#breadcrumb\"},\"inLanguage\":\"fr-FR\",\"potentialAction\":[{\"@type\":\"ReadAction\",\"target\":[\"https:\/\/pharmadreams.shop\/index.php\/product\/isdin-isdinceutics-brighten-melaclear-serum-15ml\/\"]}]},{\"@type\":\"ImageObject\",\"inLanguage\":\"fr-FR\",\"@id\":\"https:\/\/pharmadreams.shop\/index.php\/product\/isdin-isdinceutics-brighten-melaclear-serum-15ml\/#primaryimage\",\"url\":\"https:\/\/pharmadreams.shop\/wp-content\/uploads\/2023\/12\/isdin-melaclear.png\",\"contentUrl\":\"https:\/\/pharmadreams.shop\/wp-content\/uploads\/2023\/12\/isdin-melaclear.png\",\"width\":1472,\"height\":1552},{\"@type\":\"BreadcrumbList\",\"@id\":\"https:\/\/pharmadreams.shop\/index.php\/product\/isdin-isdinceutics-brighten-melaclear-serum-15ml\/#breadcrumb\",\"itemListElement\":[{\"@type\":\"ListItem\",\"position\":1,\"name\":\"Accueil\",\"item\":\"https:\/\/pharmadreams.shop\/\"},{\"@type\":\"ListItem\",\"position\":2,\"name\":\"Shop\",\"item\":\"https:\/\/pharmadreams.shop\/index.php\/shop\/\"},{\"@type\":\"ListItem\",\"position\":3,\"name\":\"Isdin isdinceutics brighten melaclear s\u00e9rum 15ml\"}]},{\"@type\":\"WebSite\",\"@id\":\"https:\/\/pharmadreams.shop\/#website\",\"url\":\"https:\/\/pharmadreams.shop\/\",\"name\":\"pharmadreams\",\"description\":\"Parapharmacie en ligne\",\"potentialAction\":[{\"@type\":\"SearchAction\",\"target\":{\"@type\":\"EntryPoint\",\"urlTemplate\":\"https:\/\/pharmadreams.shop\/?s={search_term_string}\"},\"query-input\":\"required name=search_term_string\"}],\"inLanguage\":\"fr-FR\"}]}<\/script>\n<!-- \/ Yoast SEO plugin. -->","yoast_head_json":{"title":"Isdin isdinceutics brighten melaclear s\u00e9rum 15ml - pharmadreams","robots":{"index":"index","follow":"follow","max-snippet":"max-snippet:-1","max-image-preview":"max-image-preview:large","max-video-preview":"max-video-preview:-1"},"canonical":"https:\/\/pharmadreams.shop\/index.php\/product\/isdin-isdinceutics-brighten-melaclear-serum-15ml\/","og_locale":"fr_FR","og_type":"article","og_title":"Isdin isdinceutics brighten melaclear s\u00e9rum 15ml - pharmadreams","og_description":"S\u00e9rum correcteur taches fonc\u00e9es.  Perfectionnez votre teint et am\u00e9liorez l'apparence des taches brunes avec ce puissant s\u00e9rum \u00e9claircissant \u00e0 la vitamine C et \u00e0 l'acide phytique. Il peut \u00eatre utilis\u00e9 \u00e0 tout moment de la journ\u00e9e et tout au long de l'ann\u00e9e.  La formule r\u00e9volutionnaire de Melaclear est con\u00e7ue pour aider \u00e0 am\u00e9liorer la d\u00e9coloration de la peau sans irritation et mieux encore; vous pouvez l'utiliser toute l'ann\u00e9e, m\u00eame en \u00e9t\u00e9.  L'effet synergique de la vitamine C et de l'acide phytique am\u00e9liore l'apparence des taches brunes en exfoliant l\u00e9g\u00e8rement; il favorise un teint de peau plus brillant et plus uniforme et a un puissant effet antioxydant pour un teint \u00e9clatant.","og_url":"https:\/\/pharmadreams.shop\/index.php\/product\/isdin-isdinceutics-brighten-melaclear-serum-15ml\/","og_site_name":"pharmadreams","article_modified_time":"2024-05-10T12:19:44+00:00","og_image":[{"width":1472,"height":1552,"url":"https:\/\/pharmadreams.shop\/wp-content\/uploads\/2023\/12\/isdin-melaclear.png","type":"image\/png"}],"twitter_card":"summary_large_image","schema":{"@context":"https:\/\/schema.org","@graph":[{"@type":"WebPage","@id":"https:\/\/pharmadreams.shop\/index.php\/product\/isdin-isdinceutics-brighten-melaclear-serum-15ml\/","url":"https:\/\/pharmadreams.shop\/index.php\/product\/isdin-isdinceutics-brighten-melaclear-serum-15ml\/","name":"Isdin isdinceutics brighten melaclear s\u00e9rum 15ml - pharmadreams","isPartOf":{"@id":"https:\/\/pharmadreams.shop\/#website"},"primaryImageOfPage":{"@id":"https:\/\/pharmadreams.shop\/index.php\/product\/isdin-isdinceutics-brighten-melaclear-serum-15ml\/#primaryimage"},"image":{"@id":"https:\/\/pharmadreams.shop\/index.php\/product\/isdin-isdinceutics-brighten-melaclear-serum-15ml\/#primaryimage"},"thumbnailUrl":"https:\/\/pharmadreams.shop\/wp-content\/uploads\/2023\/12\/isdin-melaclear.png","datePublished":"2023-12-19T18:28:51+00:00","dateModified":"2024-05-10T12:19:44+00:00","breadcrumb":{"@id":"https:\/\/pharmadreams.shop\/index.php\/product\/isdin-isdinceutics-brighten-melaclear-serum-15ml\/#breadcrumb"},"inLanguage":"fr-FR","potentialAction":[{"@type":"ReadAction","target":["https:\/\/pharmadreams.shop\/index.php\/product\/isdin-isdinceutics-brighten-melaclear-serum-15ml\/"]}]},{"@type":"ImageObject","inLanguage":"fr-FR","@id":"https:\/\/pharmadreams.shop\/index.php\/product\/isdin-isdinceutics-brighten-melaclear-serum-15ml\/#primaryimage","url":"https:\/\/pharmadreams.shop\/wp-content\/uploads\/2023\/12\/isdin-melaclear.png","contentUrl":"https:\/\/pharmadreams.shop\/wp-content\/uploads\/2023\/12\/isdin-melaclear.png","width":1472,"height":1552},{"@type":"BreadcrumbList","@id":"https:\/\/pharmadreams.shop\/index.php\/product\/isdin-isdinceutics-brighten-melaclear-serum-15ml\/#breadcrumb","itemListElement":[{"@type":"ListItem","position":1,"name":"Accueil","item":"https:\/\/pharmadreams.shop\/"},{"@type":"ListItem","position":2,"name":"Shop","item":"https:\/\/pharmadreams.shop\/index.php\/shop\/"},{"@type":"ListItem","position":3,"name":"Isdin isdinceutics brighten melaclear s\u00e9rum 15ml"}]},{"@type":"WebSite","@id":"https:\/\/pharmadreams.shop\/#website","url":"https:\/\/pharmadreams.shop\/","name":"pharmadreams","description":"Parapharmacie en ligne","potentialAction":[{"@type":"SearchAction","target":{"@type":"EntryPoint","urlTemplate":"https:\/\/pharmadreams.shop\/?s={search_term_string}"},"query-input":"required name=search_term_string"}],"inLanguage":"fr-FR"}]}},"_links":{"self":[{"href":"https:\/\/pharmadreams.shop\/index.php\/wp-json\/wp\/v2\/product\/16119","targetHints":{"allow":["GET"]}}],"collection":[{"href":"https:\/\/pharmadreams.shop\/index.php\/wp-json\/wp\/v2\/product"}],"about":[{"href":"https:\/\/pharmadreams.shop\/index.php\/wp-json\/wp\/v2\/types\/product"}],"replies":[{"embeddable":true,"href":"https:\/\/pharmadreams.shop\/index.php\/wp-json\/wp\/v2\/comments?post=16119"}],"version-history":[{"count":0,"href":"https:\/\/pharmadreams.shop\/index.php\/wp-json\/wp\/v2\/product\/16119\/revisions"}],"wp:featuredmedia":[{"embeddable":true,"href":"https:\/\/pharmadreams.shop\/index.php\/wp-json\/wp\/v2\/media\/16202"}],"wp:attachment":[{"href":"https:\/\/pharmadreams.shop\/index.php\/wp-json\/wp\/v2\/media?parent=16119"}],"wp:term":[{"taxonomy":"product_brand","embeddable":true,"href":"https:\/\/pharmadreams.shop\/index.php\/wp-json\/wp\/v2\/product_brand?post=16119"},{"taxonomy":"product_cat","embeddable":true,"href":"https:\/\/pharmadreams.shop\/index.php\/wp-json\/wp\/v2\/product_cat?post=16119"},{"taxonomy":"product_tag","embeddable":true,"href":"https:\/\/pharmadreams.shop\/index.php\/wp-json\/wp\/v2\/product_tag?post=16119"}],"curies":[{"name":"wp","href":"https:\/\/api.w.org\/{rel}","templated":true}]}}