{"id":16131,"date":"2023-12-19T19:29:17","date_gmt":"2023-12-19T18:29:17","guid":{"rendered":"https:\/\/venuspara.com\/?post_type=product&#038;p=16131"},"modified":"2024-03-16T00:42:26","modified_gmt":"2024-03-15T23:42:26","slug":"avene-intense-protect-spf50150ml","status":"publish","type":"product","link":"https:\/\/pharmadreams.shop\/index.php\/product\/avene-intense-protect-spf50150ml\/","title":{"rendered":"Av\u00e8ne intense protect spf50+150ml"},"content":{"rendered":"","protected":false},"excerpt":{"rendered":"<p>Le fluide Intense Protect d&rsquo;AVENE est un soin solaire ultra large spectre r\u00e9pondant aux plus hautes exigences pour la peau tout en minimisant l&rsquo;impact sur l&rsquo;environnement.<\/p>\n<p>Avene 50 intense protect\u00a0est une cr\u00e8me de protection solaire ultra-fluide, anti-dess\u00e8chement, au fini transparent et invisible. Elle offre une protection \u00e0 large spectre HEV au-dela des UVA et les UVB, ainsi que de puissants antioxydants qui prot\u00e8gent des dommages caus\u00e9s par les radicaux libres et la lumi\u00e8re visible \u00e0 haute \u00e9nergie.<\/p>\n<p>AVENE Intense Protect est adapt\u00e9 aux conditions d\u2019ensoleillement les plus intenses, ainsi qu&rsquo;aux peaux les plus vuln\u00e9rables. Sa texture hybride permet une p\u00e9n\u00e9tration en 3 secondes, une hydratation intense durant 8H et une action anti-dess\u00e8chement.<\/p>\n<p>Intense Protect poss\u00e8de une teinte nude qui offre un fini transparent, invisible, sans traces blanches, m\u00eame sur peaux fonc\u00e9es. Il est ultra-r\u00e9sistant \u00e0 l\u2019eau et r\u00e9sistant \u00e0 la sueur.<\/p>\n","protected":false},"featured_media":16206,"comment_status":"open","ping_status":"closed","template":"","meta":[],"product_brand":[],"product_cat":[78,79,104,107,81],"product_tag":[],"class_list":{"0":"post-16131","1":"product","2":"type-product","3":"status-publish","4":"has-post-thumbnail","6":"product_cat-cremes","7":"product_cat-peaux-seches","8":"product_cat-protection","9":"product_cat-soin-solaire","10":"product_cat-soins-hydratants","12":"first","13":"instock","14":"shipping-taxable","15":"purchasable","16":"product-type-simple"},"yoast_head":"<!-- This site is optimized with the Yoast SEO plugin v23.0 - https:\/\/yoast.com\/wordpress\/plugins\/seo\/ -->\n<title>Av\u00e8ne intense protect spf50+150ml - pharmadreams<\/title>\n<meta name=\"robots\" content=\"index, follow, max-snippet:-1, max-image-preview:large, max-video-preview:-1\" \/>\n<link rel=\"canonical\" href=\"https:\/\/pharmadreams.shop\/index.php\/product\/avene-intense-protect-spf50150ml\/\" \/>\n<meta property=\"og:locale\" content=\"fr_FR\" \/>\n<meta property=\"og:type\" content=\"article\" \/>\n<meta property=\"og:title\" content=\"Av\u00e8ne intense protect spf50+150ml - pharmadreams\" \/>\n<meta property=\"og:description\" content=\"Le fluide Intense Protect d&#039;AVENE est un soin solaire ultra large spectre r\u00e9pondant aux plus hautes exigences pour la peau tout en minimisant l&#039;impact sur l&#039;environnement.  Avene 50 intense protect\u00a0est une cr\u00e8me de protection solaire ultra-fluide, anti-dess\u00e8chement, au fini transparent et invisible. Elle offre une protection \u00e0 large spectre HEV au-dela des UVA et les UVB, ainsi que de puissants antioxydants qui prot\u00e8gent des dommages caus\u00e9s par les radicaux libres et la lumi\u00e8re visible \u00e0 haute \u00e9nergie.  AVENE Intense Protect est adapt\u00e9 aux conditions d\u2019ensoleillement les plus intenses, ainsi qu&#039;aux peaux les plus vuln\u00e9rables. Sa texture hybride permet une p\u00e9n\u00e9tration en 3 secondes, une hydratation intense durant 8H et une action anti-dess\u00e8chement.  Intense Protect poss\u00e8de une teinte nude qui offre un fini transparent, invisible, sans traces blanches, m\u00eame sur peaux fonc\u00e9es. Il est ultra-r\u00e9sistant \u00e0 l\u2019eau et r\u00e9sistant \u00e0 la sueur.\" \/>\n<meta property=\"og:url\" content=\"https:\/\/pharmadreams.shop\/index.php\/product\/avene-intense-protect-spf50150ml\/\" \/>\n<meta property=\"og:site_name\" content=\"pharmadreams\" \/>\n<meta property=\"article:modified_time\" content=\"2024-03-15T23:42:26+00:00\" \/>\n<meta property=\"og:image\" content=\"https:\/\/pharmadreams.shop\/wp-content\/uploads\/2023\/12\/avene-50.png\" \/>\n\t<meta property=\"og:image:width\" content=\"1480\" \/>\n\t<meta property=\"og:image:height\" content=\"2144\" \/>\n\t<meta property=\"og:image:type\" content=\"image\/png\" \/>\n<meta name=\"twitter:card\" content=\"summary_large_image\" \/>\n<meta name=\"twitter:label1\" content=\"Dur\u00e9e de lecture estim\u00e9e\" \/>\n\t<meta name=\"twitter:data1\" content=\"1 minute\" \/>\n<script type=\"application\/ld+json\" class=\"yoast-schema-graph\">{\"@context\":\"https:\/\/schema.org\",\"@graph\":[{\"@type\":\"WebPage\",\"@id\":\"https:\/\/pharmadreams.shop\/index.php\/product\/avene-intense-protect-spf50150ml\/\",\"url\":\"https:\/\/pharmadreams.shop\/index.php\/product\/avene-intense-protect-spf50150ml\/\",\"name\":\"Av\u00e8ne intense protect spf50+150ml - pharmadreams\",\"isPartOf\":{\"@id\":\"https:\/\/pharmadreams.shop\/#website\"},\"primaryImageOfPage\":{\"@id\":\"https:\/\/pharmadreams.shop\/index.php\/product\/avene-intense-protect-spf50150ml\/#primaryimage\"},\"image\":{\"@id\":\"https:\/\/pharmadreams.shop\/index.php\/product\/avene-intense-protect-spf50150ml\/#primaryimage\"},\"thumbnailUrl\":\"https:\/\/pharmadreams.shop\/wp-content\/uploads\/2023\/12\/avene-50.png\",\"datePublished\":\"2023-12-19T18:29:17+00:00\",\"dateModified\":\"2024-03-15T23:42:26+00:00\",\"breadcrumb\":{\"@id\":\"https:\/\/pharmadreams.shop\/index.php\/product\/avene-intense-protect-spf50150ml\/#breadcrumb\"},\"inLanguage\":\"fr-FR\",\"potentialAction\":[{\"@type\":\"ReadAction\",\"target\":[\"https:\/\/pharmadreams.shop\/index.php\/product\/avene-intense-protect-spf50150ml\/\"]}]},{\"@type\":\"ImageObject\",\"inLanguage\":\"fr-FR\",\"@id\":\"https:\/\/pharmadreams.shop\/index.php\/product\/avene-intense-protect-spf50150ml\/#primaryimage\",\"url\":\"https:\/\/pharmadreams.shop\/wp-content\/uploads\/2023\/12\/avene-50.png\",\"contentUrl\":\"https:\/\/pharmadreams.shop\/wp-content\/uploads\/2023\/12\/avene-50.png\",\"width\":1480,\"height\":2144},{\"@type\":\"BreadcrumbList\",\"@id\":\"https:\/\/pharmadreams.shop\/index.php\/product\/avene-intense-protect-spf50150ml\/#breadcrumb\",\"itemListElement\":[{\"@type\":\"ListItem\",\"position\":1,\"name\":\"Accueil\",\"item\":\"https:\/\/pharmadreams.shop\/\"},{\"@type\":\"ListItem\",\"position\":2,\"name\":\"Shop\",\"item\":\"https:\/\/pharmadreams.shop\/index.php\/shop\/\"},{\"@type\":\"ListItem\",\"position\":3,\"name\":\"Av\u00e8ne intense protect spf50+150ml\"}]},{\"@type\":\"WebSite\",\"@id\":\"https:\/\/pharmadreams.shop\/#website\",\"url\":\"https:\/\/pharmadreams.shop\/\",\"name\":\"pharmadreams\",\"description\":\"Parapharmacie en ligne\",\"potentialAction\":[{\"@type\":\"SearchAction\",\"target\":{\"@type\":\"EntryPoint\",\"urlTemplate\":\"https:\/\/pharmadreams.shop\/?s={search_term_string}\"},\"query-input\":\"required name=search_term_string\"}],\"inLanguage\":\"fr-FR\"}]}<\/script>\n<!-- \/ Yoast SEO plugin. -->","yoast_head_json":{"title":"Av\u00e8ne intense protect spf50+150ml - pharmadreams","robots":{"index":"index","follow":"follow","max-snippet":"max-snippet:-1","max-image-preview":"max-image-preview:large","max-video-preview":"max-video-preview:-1"},"canonical":"https:\/\/pharmadreams.shop\/index.php\/product\/avene-intense-protect-spf50150ml\/","og_locale":"fr_FR","og_type":"article","og_title":"Av\u00e8ne intense protect spf50+150ml - pharmadreams","og_description":"Le fluide Intense Protect d'AVENE est un soin solaire ultra large spectre r\u00e9pondant aux plus hautes exigences pour la peau tout en minimisant l'impact sur l'environnement.  Avene 50 intense protect\u00a0est une cr\u00e8me de protection solaire ultra-fluide, anti-dess\u00e8chement, au fini transparent et invisible. Elle offre une protection \u00e0 large spectre HEV au-dela des UVA et les UVB, ainsi que de puissants antioxydants qui prot\u00e8gent des dommages caus\u00e9s par les radicaux libres et la lumi\u00e8re visible \u00e0 haute \u00e9nergie.  AVENE Intense Protect est adapt\u00e9 aux conditions d\u2019ensoleillement les plus intenses, ainsi qu'aux peaux les plus vuln\u00e9rables. Sa texture hybride permet une p\u00e9n\u00e9tration en 3 secondes, une hydratation intense durant 8H et une action anti-dess\u00e8chement.  Intense Protect poss\u00e8de une teinte nude qui offre un fini transparent, invisible, sans traces blanches, m\u00eame sur peaux fonc\u00e9es. Il est ultra-r\u00e9sistant \u00e0 l\u2019eau et r\u00e9sistant \u00e0 la sueur.","og_url":"https:\/\/pharmadreams.shop\/index.php\/product\/avene-intense-protect-spf50150ml\/","og_site_name":"pharmadreams","article_modified_time":"2024-03-15T23:42:26+00:00","og_image":[{"width":1480,"height":2144,"url":"https:\/\/pharmadreams.shop\/wp-content\/uploads\/2023\/12\/avene-50.png","type":"image\/png"}],"twitter_card":"summary_large_image","twitter_misc":{"Dur\u00e9e de lecture estim\u00e9e":"1 minute"},"schema":{"@context":"https:\/\/schema.org","@graph":[{"@type":"WebPage","@id":"https:\/\/pharmadreams.shop\/index.php\/product\/avene-intense-protect-spf50150ml\/","url":"https:\/\/pharmadreams.shop\/index.php\/product\/avene-intense-protect-spf50150ml\/","name":"Av\u00e8ne intense protect spf50+150ml - pharmadreams","isPartOf":{"@id":"https:\/\/pharmadreams.shop\/#website"},"primaryImageOfPage":{"@id":"https:\/\/pharmadreams.shop\/index.php\/product\/avene-intense-protect-spf50150ml\/#primaryimage"},"image":{"@id":"https:\/\/pharmadreams.shop\/index.php\/product\/avene-intense-protect-spf50150ml\/#primaryimage"},"thumbnailUrl":"https:\/\/pharmadreams.shop\/wp-content\/uploads\/2023\/12\/avene-50.png","datePublished":"2023-12-19T18:29:17+00:00","dateModified":"2024-03-15T23:42:26+00:00","breadcrumb":{"@id":"https:\/\/pharmadreams.shop\/index.php\/product\/avene-intense-protect-spf50150ml\/#breadcrumb"},"inLanguage":"fr-FR","potentialAction":[{"@type":"ReadAction","target":["https:\/\/pharmadreams.shop\/index.php\/product\/avene-intense-protect-spf50150ml\/"]}]},{"@type":"ImageObject","inLanguage":"fr-FR","@id":"https:\/\/pharmadreams.shop\/index.php\/product\/avene-intense-protect-spf50150ml\/#primaryimage","url":"https:\/\/pharmadreams.shop\/wp-content\/uploads\/2023\/12\/avene-50.png","contentUrl":"https:\/\/pharmadreams.shop\/wp-content\/uploads\/2023\/12\/avene-50.png","width":1480,"height":2144},{"@type":"BreadcrumbList","@id":"https:\/\/pharmadreams.shop\/index.php\/product\/avene-intense-protect-spf50150ml\/#breadcrumb","itemListElement":[{"@type":"ListItem","position":1,"name":"Accueil","item":"https:\/\/pharmadreams.shop\/"},{"@type":"ListItem","position":2,"name":"Shop","item":"https:\/\/pharmadreams.shop\/index.php\/shop\/"},{"@type":"ListItem","position":3,"name":"Av\u00e8ne intense protect spf50+150ml"}]},{"@type":"WebSite","@id":"https:\/\/pharmadreams.shop\/#website","url":"https:\/\/pharmadreams.shop\/","name":"pharmadreams","description":"Parapharmacie en ligne","potentialAction":[{"@type":"SearchAction","target":{"@type":"EntryPoint","urlTemplate":"https:\/\/pharmadreams.shop\/?s={search_term_string}"},"query-input":"required name=search_term_string"}],"inLanguage":"fr-FR"}]}},"_links":{"self":[{"href":"https:\/\/pharmadreams.shop\/index.php\/wp-json\/wp\/v2\/product\/16131","targetHints":{"allow":["GET"]}}],"collection":[{"href":"https:\/\/pharmadreams.shop\/index.php\/wp-json\/wp\/v2\/product"}],"about":[{"href":"https:\/\/pharmadreams.shop\/index.php\/wp-json\/wp\/v2\/types\/product"}],"replies":[{"embeddable":true,"href":"https:\/\/pharmadreams.shop\/index.php\/wp-json\/wp\/v2\/comments?post=16131"}],"version-history":[{"count":0,"href":"https:\/\/pharmadreams.shop\/index.php\/wp-json\/wp\/v2\/product\/16131\/revisions"}],"wp:featuredmedia":[{"embeddable":true,"href":"https:\/\/pharmadreams.shop\/index.php\/wp-json\/wp\/v2\/media\/16206"}],"wp:attachment":[{"href":"https:\/\/pharmadreams.shop\/index.php\/wp-json\/wp\/v2\/media?parent=16131"}],"wp:term":[{"taxonomy":"product_brand","embeddable":true,"href":"https:\/\/pharmadreams.shop\/index.php\/wp-json\/wp\/v2\/product_brand?post=16131"},{"taxonomy":"product_cat","embeddable":true,"href":"https:\/\/pharmadreams.shop\/index.php\/wp-json\/wp\/v2\/product_cat?post=16131"},{"taxonomy":"product_tag","embeddable":true,"href":"https:\/\/pharmadreams.shop\/index.php\/wp-json\/wp\/v2\/product_tag?post=16131"}],"curies":[{"name":"wp","href":"https:\/\/api.w.org\/{rel}","templated":true}]}}