{"id":16132,"date":"2023-12-19T19:29:17","date_gmt":"2023-12-19T18:29:17","guid":{"rendered":"https:\/\/venuspara.com\/?post_type=product&#038;p=16132"},"modified":"2023-12-19T19:31:08","modified_gmt":"2023-12-19T18:31:08","slug":"cereza-creme-solaire-3en1-anti-age-et-anti-tache-50ml","status":"publish","type":"product","link":"https:\/\/pharmadreams.shop\/index.php\/product\/cereza-creme-solaire-3en1-anti-age-et-anti-tache-50ml\/","title":{"rendered":"Cereza cr\u00e8me solaire 3en1 anti \u00e2ge et anti tache 50ml"},"content":{"rendered":"","protected":false},"excerpt":{"rendered":"<p style=\"font-weight: 400;\"><b><strong>Cr\u00e8me Solaire 3en1 Anti \u00e2ge et Anti t\u00e2che &#8211; CEREZA &#8211; 50ml<\/strong><\/b><\/p>\n<p style=\"font-weight: 400;\">Destin\u00e9e \u00e0 tous les types de peau, m\u00eame sensibles, la cr\u00e8me solaire visage SPF 50+ poss\u00e8de une texture ultra l\u00e9g\u00e8re au fini invisible.<\/p>\n<p style=\"font-weight: 400;\">Offre une tr\u00e8s haute protection anti-UVA et UVB qui permet de pr\u00e9venir les coups de soleil, les dommages cellulaires et le photovieillissement, un ph\u00e9nom\u00e8ne qui se manifeste par l&rsquo;apparition pr\u00e9coce de rides, de taches brunes et d&rsquo;un rel\u00e2chement cutan\u00e9.<\/p>\n","protected":false},"featured_media":16214,"comment_status":"open","ping_status":"closed","template":"","meta":[],"product_brand":[],"product_cat":[100,90,78,104,107],"product_tag":[],"class_list":{"0":"post-16132","1":"product","2":"type-product","3":"status-publish","4":"has-post-thumbnail","6":"product_cat-anti-age","7":"product_cat-anti-tache","8":"product_cat-cremes","9":"product_cat-protection","10":"product_cat-soin-solaire","12":"first","13":"instock","14":"shipping-taxable","15":"purchasable","16":"product-type-simple"},"yoast_head":"<!-- This site is optimized with the Yoast SEO plugin v23.0 - https:\/\/yoast.com\/wordpress\/plugins\/seo\/ -->\n<title>Cereza cr\u00e8me solaire 3en1 anti \u00e2ge et anti tache 50ml - pharmadreams<\/title>\n<meta name=\"robots\" content=\"index, follow, max-snippet:-1, max-image-preview:large, max-video-preview:-1\" \/>\n<link rel=\"canonical\" href=\"https:\/\/pharmadreams.shop\/index.php\/product\/cereza-creme-solaire-3en1-anti-age-et-anti-tache-50ml\/\" \/>\n<meta property=\"og:locale\" content=\"fr_FR\" \/>\n<meta property=\"og:type\" content=\"article\" \/>\n<meta property=\"og:title\" content=\"Cereza cr\u00e8me solaire 3en1 anti \u00e2ge et anti tache 50ml - pharmadreams\" \/>\n<meta property=\"og:description\" content=\"Cr\u00e8me Solaire 3en1 Anti \u00e2ge et Anti t\u00e2che - CEREZA - 50ml Destin\u00e9e \u00e0 tous les types de peau, m\u00eame sensibles, la cr\u00e8me solaire visage SPF 50+ poss\u00e8de une texture ultra l\u00e9g\u00e8re au fini invisible. Offre une tr\u00e8s haute protection anti-UVA et UVB qui permet de pr\u00e9venir les coups de soleil, les dommages cellulaires et le photovieillissement, un ph\u00e9nom\u00e8ne qui se manifeste par l&#039;apparition pr\u00e9coce de rides, de taches brunes et d&#039;un rel\u00e2chement cutan\u00e9.\" \/>\n<meta property=\"og:url\" content=\"https:\/\/pharmadreams.shop\/index.php\/product\/cereza-creme-solaire-3en1-anti-age-et-anti-tache-50ml\/\" \/>\n<meta property=\"og:site_name\" content=\"pharmadreams\" \/>\n<meta property=\"article:modified_time\" content=\"2023-12-19T18:31:08+00:00\" \/>\n<meta property=\"og:image\" content=\"https:\/\/pharmadreams.shop\/wp-content\/uploads\/2023\/12\/cereza.png\" \/>\n\t<meta property=\"og:image:width\" content=\"1352\" \/>\n\t<meta property=\"og:image:height\" content=\"1696\" \/>\n\t<meta property=\"og:image:type\" content=\"image\/png\" \/>\n<meta name=\"twitter:card\" content=\"summary_large_image\" \/>\n<script type=\"application\/ld+json\" class=\"yoast-schema-graph\">{\"@context\":\"https:\/\/schema.org\",\"@graph\":[{\"@type\":\"WebPage\",\"@id\":\"https:\/\/pharmadreams.shop\/index.php\/product\/cereza-creme-solaire-3en1-anti-age-et-anti-tache-50ml\/\",\"url\":\"https:\/\/pharmadreams.shop\/index.php\/product\/cereza-creme-solaire-3en1-anti-age-et-anti-tache-50ml\/\",\"name\":\"Cereza cr\u00e8me solaire 3en1 anti \u00e2ge et anti tache 50ml - pharmadreams\",\"isPartOf\":{\"@id\":\"https:\/\/pharmadreams.shop\/#website\"},\"primaryImageOfPage\":{\"@id\":\"https:\/\/pharmadreams.shop\/index.php\/product\/cereza-creme-solaire-3en1-anti-age-et-anti-tache-50ml\/#primaryimage\"},\"image\":{\"@id\":\"https:\/\/pharmadreams.shop\/index.php\/product\/cereza-creme-solaire-3en1-anti-age-et-anti-tache-50ml\/#primaryimage\"},\"thumbnailUrl\":\"https:\/\/pharmadreams.shop\/wp-content\/uploads\/2023\/12\/cereza.png\",\"datePublished\":\"2023-12-19T18:29:17+00:00\",\"dateModified\":\"2023-12-19T18:31:08+00:00\",\"breadcrumb\":{\"@id\":\"https:\/\/pharmadreams.shop\/index.php\/product\/cereza-creme-solaire-3en1-anti-age-et-anti-tache-50ml\/#breadcrumb\"},\"inLanguage\":\"fr-FR\",\"potentialAction\":[{\"@type\":\"ReadAction\",\"target\":[\"https:\/\/pharmadreams.shop\/index.php\/product\/cereza-creme-solaire-3en1-anti-age-et-anti-tache-50ml\/\"]}]},{\"@type\":\"ImageObject\",\"inLanguage\":\"fr-FR\",\"@id\":\"https:\/\/pharmadreams.shop\/index.php\/product\/cereza-creme-solaire-3en1-anti-age-et-anti-tache-50ml\/#primaryimage\",\"url\":\"https:\/\/pharmadreams.shop\/wp-content\/uploads\/2023\/12\/cereza.png\",\"contentUrl\":\"https:\/\/pharmadreams.shop\/wp-content\/uploads\/2023\/12\/cereza.png\",\"width\":1352,\"height\":1696},{\"@type\":\"BreadcrumbList\",\"@id\":\"https:\/\/pharmadreams.shop\/index.php\/product\/cereza-creme-solaire-3en1-anti-age-et-anti-tache-50ml\/#breadcrumb\",\"itemListElement\":[{\"@type\":\"ListItem\",\"position\":1,\"name\":\"Accueil\",\"item\":\"https:\/\/pharmadreams.shop\/\"},{\"@type\":\"ListItem\",\"position\":2,\"name\":\"Shop\",\"item\":\"https:\/\/pharmadreams.shop\/index.php\/shop\/\"},{\"@type\":\"ListItem\",\"position\":3,\"name\":\"Cereza cr\u00e8me solaire 3en1 anti \u00e2ge et anti tache 50ml\"}]},{\"@type\":\"WebSite\",\"@id\":\"https:\/\/pharmadreams.shop\/#website\",\"url\":\"https:\/\/pharmadreams.shop\/\",\"name\":\"pharmadreams\",\"description\":\"Parapharmacie en ligne\",\"potentialAction\":[{\"@type\":\"SearchAction\",\"target\":{\"@type\":\"EntryPoint\",\"urlTemplate\":\"https:\/\/pharmadreams.shop\/?s={search_term_string}\"},\"query-input\":\"required name=search_term_string\"}],\"inLanguage\":\"fr-FR\"}]}<\/script>\n<!-- \/ Yoast SEO plugin. -->","yoast_head_json":{"title":"Cereza cr\u00e8me solaire 3en1 anti \u00e2ge et anti tache 50ml - pharmadreams","robots":{"index":"index","follow":"follow","max-snippet":"max-snippet:-1","max-image-preview":"max-image-preview:large","max-video-preview":"max-video-preview:-1"},"canonical":"https:\/\/pharmadreams.shop\/index.php\/product\/cereza-creme-solaire-3en1-anti-age-et-anti-tache-50ml\/","og_locale":"fr_FR","og_type":"article","og_title":"Cereza cr\u00e8me solaire 3en1 anti \u00e2ge et anti tache 50ml - pharmadreams","og_description":"Cr\u00e8me Solaire 3en1 Anti \u00e2ge et Anti t\u00e2che - CEREZA - 50ml Destin\u00e9e \u00e0 tous les types de peau, m\u00eame sensibles, la cr\u00e8me solaire visage SPF 50+ poss\u00e8de une texture ultra l\u00e9g\u00e8re au fini invisible. Offre une tr\u00e8s haute protection anti-UVA et UVB qui permet de pr\u00e9venir les coups de soleil, les dommages cellulaires et le photovieillissement, un ph\u00e9nom\u00e8ne qui se manifeste par l'apparition pr\u00e9coce de rides, de taches brunes et d'un rel\u00e2chement cutan\u00e9.","og_url":"https:\/\/pharmadreams.shop\/index.php\/product\/cereza-creme-solaire-3en1-anti-age-et-anti-tache-50ml\/","og_site_name":"pharmadreams","article_modified_time":"2023-12-19T18:31:08+00:00","og_image":[{"width":1352,"height":1696,"url":"https:\/\/pharmadreams.shop\/wp-content\/uploads\/2023\/12\/cereza.png","type":"image\/png"}],"twitter_card":"summary_large_image","schema":{"@context":"https:\/\/schema.org","@graph":[{"@type":"WebPage","@id":"https:\/\/pharmadreams.shop\/index.php\/product\/cereza-creme-solaire-3en1-anti-age-et-anti-tache-50ml\/","url":"https:\/\/pharmadreams.shop\/index.php\/product\/cereza-creme-solaire-3en1-anti-age-et-anti-tache-50ml\/","name":"Cereza cr\u00e8me solaire 3en1 anti \u00e2ge et anti tache 50ml - pharmadreams","isPartOf":{"@id":"https:\/\/pharmadreams.shop\/#website"},"primaryImageOfPage":{"@id":"https:\/\/pharmadreams.shop\/index.php\/product\/cereza-creme-solaire-3en1-anti-age-et-anti-tache-50ml\/#primaryimage"},"image":{"@id":"https:\/\/pharmadreams.shop\/index.php\/product\/cereza-creme-solaire-3en1-anti-age-et-anti-tache-50ml\/#primaryimage"},"thumbnailUrl":"https:\/\/pharmadreams.shop\/wp-content\/uploads\/2023\/12\/cereza.png","datePublished":"2023-12-19T18:29:17+00:00","dateModified":"2023-12-19T18:31:08+00:00","breadcrumb":{"@id":"https:\/\/pharmadreams.shop\/index.php\/product\/cereza-creme-solaire-3en1-anti-age-et-anti-tache-50ml\/#breadcrumb"},"inLanguage":"fr-FR","potentialAction":[{"@type":"ReadAction","target":["https:\/\/pharmadreams.shop\/index.php\/product\/cereza-creme-solaire-3en1-anti-age-et-anti-tache-50ml\/"]}]},{"@type":"ImageObject","inLanguage":"fr-FR","@id":"https:\/\/pharmadreams.shop\/index.php\/product\/cereza-creme-solaire-3en1-anti-age-et-anti-tache-50ml\/#primaryimage","url":"https:\/\/pharmadreams.shop\/wp-content\/uploads\/2023\/12\/cereza.png","contentUrl":"https:\/\/pharmadreams.shop\/wp-content\/uploads\/2023\/12\/cereza.png","width":1352,"height":1696},{"@type":"BreadcrumbList","@id":"https:\/\/pharmadreams.shop\/index.php\/product\/cereza-creme-solaire-3en1-anti-age-et-anti-tache-50ml\/#breadcrumb","itemListElement":[{"@type":"ListItem","position":1,"name":"Accueil","item":"https:\/\/pharmadreams.shop\/"},{"@type":"ListItem","position":2,"name":"Shop","item":"https:\/\/pharmadreams.shop\/index.php\/shop\/"},{"@type":"ListItem","position":3,"name":"Cereza cr\u00e8me solaire 3en1 anti \u00e2ge et anti tache 50ml"}]},{"@type":"WebSite","@id":"https:\/\/pharmadreams.shop\/#website","url":"https:\/\/pharmadreams.shop\/","name":"pharmadreams","description":"Parapharmacie en ligne","potentialAction":[{"@type":"SearchAction","target":{"@type":"EntryPoint","urlTemplate":"https:\/\/pharmadreams.shop\/?s={search_term_string}"},"query-input":"required name=search_term_string"}],"inLanguage":"fr-FR"}]}},"_links":{"self":[{"href":"https:\/\/pharmadreams.shop\/index.php\/wp-json\/wp\/v2\/product\/16132","targetHints":{"allow":["GET"]}}],"collection":[{"href":"https:\/\/pharmadreams.shop\/index.php\/wp-json\/wp\/v2\/product"}],"about":[{"href":"https:\/\/pharmadreams.shop\/index.php\/wp-json\/wp\/v2\/types\/product"}],"replies":[{"embeddable":true,"href":"https:\/\/pharmadreams.shop\/index.php\/wp-json\/wp\/v2\/comments?post=16132"}],"version-history":[{"count":0,"href":"https:\/\/pharmadreams.shop\/index.php\/wp-json\/wp\/v2\/product\/16132\/revisions"}],"wp:featuredmedia":[{"embeddable":true,"href":"https:\/\/pharmadreams.shop\/index.php\/wp-json\/wp\/v2\/media\/16214"}],"wp:attachment":[{"href":"https:\/\/pharmadreams.shop\/index.php\/wp-json\/wp\/v2\/media?parent=16132"}],"wp:term":[{"taxonomy":"product_brand","embeddable":true,"href":"https:\/\/pharmadreams.shop\/index.php\/wp-json\/wp\/v2\/product_brand?post=16132"},{"taxonomy":"product_cat","embeddable":true,"href":"https:\/\/pharmadreams.shop\/index.php\/wp-json\/wp\/v2\/product_cat?post=16132"},{"taxonomy":"product_tag","embeddable":true,"href":"https:\/\/pharmadreams.shop\/index.php\/wp-json\/wp\/v2\/product_tag?post=16132"}],"curies":[{"name":"wp","href":"https:\/\/api.w.org\/{rel}","templated":true}]}}