{"id":16134,"date":"2023-12-19T19:29:17","date_gmt":"2023-12-19T18:29:17","guid":{"rendered":"https:\/\/venuspara.com\/?post_type=product&#038;p=16134"},"modified":"2023-12-19T19:31:11","modified_gmt":"2023-12-19T18:31:11","slug":"cereza-perfect-mousse-nettoyante-purifiante-150ml","status":"publish","type":"product","link":"https:\/\/pharmadreams.shop\/index.php\/product\/cereza-perfect-mousse-nettoyante-purifiante-150ml\/","title":{"rendered":"Cereza perfect mousse nettoyante purifiante 150ml"},"content":{"rendered":"","protected":false},"excerpt":{"rendered":"<p>Nettoie resserre les pores, r\u00e9duit l&rsquo;exc\u00e8s de s\u00e9bum sans dess\u00e9cher. Peau nette fraiche et lumineuse.<br \/>\nMatin et soir, masser sur peau humide jusqu&rsquo;\u00e0 l&rsquo;obtention d&rsquo;une fine mousse.<br \/>\nRincer \u00e0 l&rsquo;eau. \u00c9viter le contour des yeux.<\/p>\n","protected":false},"featured_media":16218,"comment_status":"open","ping_status":"closed","template":"","meta":[],"product_brand":[],"product_cat":[106,85,99,79],"product_tag":[],"class_list":{"0":"post-16134","1":"product","2":"type-product","3":"status-publish","4":"has-post-thumbnail","6":"product_cat-brillance","7":"product_cat-hydratation-et-nutrition","8":"product_cat-mousse","9":"product_cat-peaux-seches","11":"first","12":"instock","13":"shipping-taxable","14":"purchasable","15":"product-type-simple"},"yoast_head":"<!-- This site is optimized with the Yoast SEO plugin v23.0 - https:\/\/yoast.com\/wordpress\/plugins\/seo\/ -->\n<title>Cereza perfect mousse nettoyante purifiante 150ml - pharmadreams<\/title>\n<meta name=\"robots\" content=\"index, follow, max-snippet:-1, max-image-preview:large, max-video-preview:-1\" \/>\n<link rel=\"canonical\" href=\"https:\/\/pharmadreams.shop\/index.php\/product\/cereza-perfect-mousse-nettoyante-purifiante-150ml\/\" \/>\n<meta property=\"og:locale\" content=\"fr_FR\" \/>\n<meta property=\"og:type\" content=\"article\" \/>\n<meta property=\"og:title\" content=\"Cereza perfect mousse nettoyante purifiante 150ml - pharmadreams\" \/>\n<meta property=\"og:description\" content=\"Nettoie resserre les pores, r\u00e9duit l&#039;exc\u00e8s de s\u00e9bum sans dess\u00e9cher. Peau nette fraiche et lumineuse. Matin et soir, masser sur peau humide jusqu&#039;\u00e0 l&#039;obtention d&#039;une fine mousse. Rincer \u00e0 l&#039;eau. \u00c9viter le contour des yeux.\" \/>\n<meta property=\"og:url\" content=\"https:\/\/pharmadreams.shop\/index.php\/product\/cereza-perfect-mousse-nettoyante-purifiante-150ml\/\" \/>\n<meta property=\"og:site_name\" content=\"pharmadreams\" \/>\n<meta property=\"article:modified_time\" content=\"2023-12-19T18:31:11+00:00\" \/>\n<meta property=\"og:image\" content=\"https:\/\/pharmadreams.shop\/wp-content\/uploads\/2023\/12\/purt.png\" \/>\n\t<meta property=\"og:image:width\" content=\"432\" \/>\n\t<meta property=\"og:image:height\" content=\"720\" \/>\n\t<meta property=\"og:image:type\" content=\"image\/png\" \/>\n<meta name=\"twitter:card\" content=\"summary_large_image\" \/>\n<script type=\"application\/ld+json\" class=\"yoast-schema-graph\">{\"@context\":\"https:\/\/schema.org\",\"@graph\":[{\"@type\":\"WebPage\",\"@id\":\"https:\/\/pharmadreams.shop\/index.php\/product\/cereza-perfect-mousse-nettoyante-purifiante-150ml\/\",\"url\":\"https:\/\/pharmadreams.shop\/index.php\/product\/cereza-perfect-mousse-nettoyante-purifiante-150ml\/\",\"name\":\"Cereza perfect mousse nettoyante purifiante 150ml - pharmadreams\",\"isPartOf\":{\"@id\":\"https:\/\/pharmadreams.shop\/#website\"},\"primaryImageOfPage\":{\"@id\":\"https:\/\/pharmadreams.shop\/index.php\/product\/cereza-perfect-mousse-nettoyante-purifiante-150ml\/#primaryimage\"},\"image\":{\"@id\":\"https:\/\/pharmadreams.shop\/index.php\/product\/cereza-perfect-mousse-nettoyante-purifiante-150ml\/#primaryimage\"},\"thumbnailUrl\":\"https:\/\/pharmadreams.shop\/wp-content\/uploads\/2023\/12\/purt.png\",\"datePublished\":\"2023-12-19T18:29:17+00:00\",\"dateModified\":\"2023-12-19T18:31:11+00:00\",\"breadcrumb\":{\"@id\":\"https:\/\/pharmadreams.shop\/index.php\/product\/cereza-perfect-mousse-nettoyante-purifiante-150ml\/#breadcrumb\"},\"inLanguage\":\"fr-FR\",\"potentialAction\":[{\"@type\":\"ReadAction\",\"target\":[\"https:\/\/pharmadreams.shop\/index.php\/product\/cereza-perfect-mousse-nettoyante-purifiante-150ml\/\"]}]},{\"@type\":\"ImageObject\",\"inLanguage\":\"fr-FR\",\"@id\":\"https:\/\/pharmadreams.shop\/index.php\/product\/cereza-perfect-mousse-nettoyante-purifiante-150ml\/#primaryimage\",\"url\":\"https:\/\/pharmadreams.shop\/wp-content\/uploads\/2023\/12\/purt.png\",\"contentUrl\":\"https:\/\/pharmadreams.shop\/wp-content\/uploads\/2023\/12\/purt.png\",\"width\":432,\"height\":720},{\"@type\":\"BreadcrumbList\",\"@id\":\"https:\/\/pharmadreams.shop\/index.php\/product\/cereza-perfect-mousse-nettoyante-purifiante-150ml\/#breadcrumb\",\"itemListElement\":[{\"@type\":\"ListItem\",\"position\":1,\"name\":\"Accueil\",\"item\":\"https:\/\/pharmadreams.shop\/\"},{\"@type\":\"ListItem\",\"position\":2,\"name\":\"Shop\",\"item\":\"https:\/\/pharmadreams.shop\/index.php\/shop\/\"},{\"@type\":\"ListItem\",\"position\":3,\"name\":\"Cereza perfect mousse nettoyante purifiante 150ml\"}]},{\"@type\":\"WebSite\",\"@id\":\"https:\/\/pharmadreams.shop\/#website\",\"url\":\"https:\/\/pharmadreams.shop\/\",\"name\":\"pharmadreams\",\"description\":\"Parapharmacie en ligne\",\"potentialAction\":[{\"@type\":\"SearchAction\",\"target\":{\"@type\":\"EntryPoint\",\"urlTemplate\":\"https:\/\/pharmadreams.shop\/?s={search_term_string}\"},\"query-input\":\"required name=search_term_string\"}],\"inLanguage\":\"fr-FR\"}]}<\/script>\n<!-- \/ Yoast SEO plugin. -->","yoast_head_json":{"title":"Cereza perfect mousse nettoyante purifiante 150ml - pharmadreams","robots":{"index":"index","follow":"follow","max-snippet":"max-snippet:-1","max-image-preview":"max-image-preview:large","max-video-preview":"max-video-preview:-1"},"canonical":"https:\/\/pharmadreams.shop\/index.php\/product\/cereza-perfect-mousse-nettoyante-purifiante-150ml\/","og_locale":"fr_FR","og_type":"article","og_title":"Cereza perfect mousse nettoyante purifiante 150ml - pharmadreams","og_description":"Nettoie resserre les pores, r\u00e9duit l'exc\u00e8s de s\u00e9bum sans dess\u00e9cher. Peau nette fraiche et lumineuse. Matin et soir, masser sur peau humide jusqu'\u00e0 l'obtention d'une fine mousse. Rincer \u00e0 l'eau. \u00c9viter le contour des yeux.","og_url":"https:\/\/pharmadreams.shop\/index.php\/product\/cereza-perfect-mousse-nettoyante-purifiante-150ml\/","og_site_name":"pharmadreams","article_modified_time":"2023-12-19T18:31:11+00:00","og_image":[{"width":432,"height":720,"url":"https:\/\/pharmadreams.shop\/wp-content\/uploads\/2023\/12\/purt.png","type":"image\/png"}],"twitter_card":"summary_large_image","schema":{"@context":"https:\/\/schema.org","@graph":[{"@type":"WebPage","@id":"https:\/\/pharmadreams.shop\/index.php\/product\/cereza-perfect-mousse-nettoyante-purifiante-150ml\/","url":"https:\/\/pharmadreams.shop\/index.php\/product\/cereza-perfect-mousse-nettoyante-purifiante-150ml\/","name":"Cereza perfect mousse nettoyante purifiante 150ml - pharmadreams","isPartOf":{"@id":"https:\/\/pharmadreams.shop\/#website"},"primaryImageOfPage":{"@id":"https:\/\/pharmadreams.shop\/index.php\/product\/cereza-perfect-mousse-nettoyante-purifiante-150ml\/#primaryimage"},"image":{"@id":"https:\/\/pharmadreams.shop\/index.php\/product\/cereza-perfect-mousse-nettoyante-purifiante-150ml\/#primaryimage"},"thumbnailUrl":"https:\/\/pharmadreams.shop\/wp-content\/uploads\/2023\/12\/purt.png","datePublished":"2023-12-19T18:29:17+00:00","dateModified":"2023-12-19T18:31:11+00:00","breadcrumb":{"@id":"https:\/\/pharmadreams.shop\/index.php\/product\/cereza-perfect-mousse-nettoyante-purifiante-150ml\/#breadcrumb"},"inLanguage":"fr-FR","potentialAction":[{"@type":"ReadAction","target":["https:\/\/pharmadreams.shop\/index.php\/product\/cereza-perfect-mousse-nettoyante-purifiante-150ml\/"]}]},{"@type":"ImageObject","inLanguage":"fr-FR","@id":"https:\/\/pharmadreams.shop\/index.php\/product\/cereza-perfect-mousse-nettoyante-purifiante-150ml\/#primaryimage","url":"https:\/\/pharmadreams.shop\/wp-content\/uploads\/2023\/12\/purt.png","contentUrl":"https:\/\/pharmadreams.shop\/wp-content\/uploads\/2023\/12\/purt.png","width":432,"height":720},{"@type":"BreadcrumbList","@id":"https:\/\/pharmadreams.shop\/index.php\/product\/cereza-perfect-mousse-nettoyante-purifiante-150ml\/#breadcrumb","itemListElement":[{"@type":"ListItem","position":1,"name":"Accueil","item":"https:\/\/pharmadreams.shop\/"},{"@type":"ListItem","position":2,"name":"Shop","item":"https:\/\/pharmadreams.shop\/index.php\/shop\/"},{"@type":"ListItem","position":3,"name":"Cereza perfect mousse nettoyante purifiante 150ml"}]},{"@type":"WebSite","@id":"https:\/\/pharmadreams.shop\/#website","url":"https:\/\/pharmadreams.shop\/","name":"pharmadreams","description":"Parapharmacie en ligne","potentialAction":[{"@type":"SearchAction","target":{"@type":"EntryPoint","urlTemplate":"https:\/\/pharmadreams.shop\/?s={search_term_string}"},"query-input":"required name=search_term_string"}],"inLanguage":"fr-FR"}]}},"_links":{"self":[{"href":"https:\/\/pharmadreams.shop\/index.php\/wp-json\/wp\/v2\/product\/16134","targetHints":{"allow":["GET"]}}],"collection":[{"href":"https:\/\/pharmadreams.shop\/index.php\/wp-json\/wp\/v2\/product"}],"about":[{"href":"https:\/\/pharmadreams.shop\/index.php\/wp-json\/wp\/v2\/types\/product"}],"replies":[{"embeddable":true,"href":"https:\/\/pharmadreams.shop\/index.php\/wp-json\/wp\/v2\/comments?post=16134"}],"version-history":[{"count":0,"href":"https:\/\/pharmadreams.shop\/index.php\/wp-json\/wp\/v2\/product\/16134\/revisions"}],"wp:featuredmedia":[{"embeddable":true,"href":"https:\/\/pharmadreams.shop\/index.php\/wp-json\/wp\/v2\/media\/16218"}],"wp:attachment":[{"href":"https:\/\/pharmadreams.shop\/index.php\/wp-json\/wp\/v2\/media?parent=16134"}],"wp:term":[{"taxonomy":"product_brand","embeddable":true,"href":"https:\/\/pharmadreams.shop\/index.php\/wp-json\/wp\/v2\/product_brand?post=16134"},{"taxonomy":"product_cat","embeddable":true,"href":"https:\/\/pharmadreams.shop\/index.php\/wp-json\/wp\/v2\/product_cat?post=16134"},{"taxonomy":"product_tag","embeddable":true,"href":"https:\/\/pharmadreams.shop\/index.php\/wp-json\/wp\/v2\/product_tag?post=16134"}],"curies":[{"name":"wp","href":"https:\/\/api.w.org\/{rel}","templated":true}]}}