{"id":16145,"date":"2023-12-19T19:29:47","date_gmt":"2023-12-19T18:29:47","guid":{"rendered":"https:\/\/venuspara.com\/?post_type=product&#038;p=16145"},"modified":"2024-06-11T11:27:17","modified_gmt":"2024-06-11T10:27:17","slug":"lirene-ce-vitamine-energy-eau-micellaire-3en1-400ml","status":"publish","type":"product","link":"https:\/\/pharmadreams.shop\/index.php\/product\/lirene-ce-vitamine-energy-eau-micellaire-3en1-400ml\/","title":{"rendered":"Lirene c+e vitamine energy eau micellaire 3en1 400ml"},"content":{"rendered":"","protected":false},"excerpt":{"rendered":"<p style=\"font-weight: 400;\">L&rsquo;eau micellaire multifonctionnelle 3 en 1 d\u00e9maquille, nettoie et tonifie d&rsquo;un simple mouvement de tampon ! Le complexe de 3 vitamines compl\u00e9mentaires qu&rsquo;il contient r\u00e9g\u00e9n\u00e8re fortement, renforce, unifie la couleur et redonne de l&rsquo;\u00e9nergie aux peaux ternes.<\/p>\n<p style=\"font-weight: 400;\">Vitamine C+E \u00c9nergie<\/p>\n<p style=\"font-weight: 400;\">Les vitamines C et E se stabilisent et se renforcent mutuellement, cr\u00e9ant un puissant syst\u00e8me antioxydant qui assure une protection et une reconstruction ad\u00e9quates de la peau.<\/p>\n<p style=\"font-weight: 400;\">Vitamine C &#8211; utilis\u00e9e sous l&rsquo;une des formes solubles dans l&rsquo;eau les plus stables et les plus efficaces. Stimule fortement et stimule la peau \u00e0 se r\u00e9g\u00e9n\u00e9rer, lui redonnant son \u00e9clat sain et sa vitalit\u00e9.<\/p>\n<p style=\"font-weight: 400;\">Vitamine E &#8211; a la capacit\u00e9 de s&rsquo;int\u00e9grer dans les couches profondes de l&rsquo;\u00e9piderme, combat efficacement les signes du vieillissement, r\u00e9g\u00e9n\u00e8re et hydrate.<\/p>\n<p style=\"font-weight: 400;\">Niacinamide (Vit. B3) &#8211; stimule la synth\u00e8se de collag\u00e8ne, unifie le teint et r\u00e9duit les rougeurs.<\/p>\n","protected":false},"featured_media":16224,"comment_status":"open","ping_status":"closed","template":"","meta":[],"product_brand":[],"product_cat":[108,85,80,20],"product_tag":[],"class_list":{"0":"post-16145","1":"product","2":"type-product","3":"status-publish","4":"has-post-thumbnail","6":"product_cat-eau-micellaire","7":"product_cat-hydratation-et-nutrition","8":"product_cat-soins","9":"product_cat-visage","11":"first","12":"instock","13":"sale","14":"shipping-taxable","15":"purchasable","16":"product-type-simple"},"yoast_head":"<!-- This site is optimized with the Yoast SEO plugin v23.0 - https:\/\/yoast.com\/wordpress\/plugins\/seo\/ -->\n<title>Lirene c+e vitamine energy eau micellaire 3en1 400ml - pharmadreams<\/title>\n<meta name=\"robots\" content=\"index, follow, max-snippet:-1, max-image-preview:large, max-video-preview:-1\" \/>\n<link rel=\"canonical\" href=\"https:\/\/pharmadreams.shop\/index.php\/product\/lirene-ce-vitamine-energy-eau-micellaire-3en1-400ml\/\" \/>\n<meta property=\"og:locale\" content=\"fr_FR\" \/>\n<meta property=\"og:type\" content=\"article\" \/>\n<meta property=\"og:title\" content=\"Lirene c+e vitamine energy eau micellaire 3en1 400ml - pharmadreams\" \/>\n<meta property=\"og:description\" content=\"L&#039;eau micellaire multifonctionnelle 3 en 1 d\u00e9maquille, nettoie et tonifie d&#039;un simple mouvement de tampon ! Le complexe de 3 vitamines compl\u00e9mentaires qu&#039;il contient r\u00e9g\u00e9n\u00e8re fortement, renforce, unifie la couleur et redonne de l&#039;\u00e9nergie aux peaux ternes. Vitamine C+E \u00c9nergie Les vitamines C et E se stabilisent et se renforcent mutuellement, cr\u00e9ant un puissant syst\u00e8me antioxydant qui assure une protection et une reconstruction ad\u00e9quates de la peau. Vitamine C - utilis\u00e9e sous l&#039;une des formes solubles dans l&#039;eau les plus stables et les plus efficaces. Stimule fortement et stimule la peau \u00e0 se r\u00e9g\u00e9n\u00e9rer, lui redonnant son \u00e9clat sain et sa vitalit\u00e9. Vitamine E - a la capacit\u00e9 de s&#039;int\u00e9grer dans les couches profondes de l&#039;\u00e9piderme, combat efficacement les signes du vieillissement, r\u00e9g\u00e9n\u00e8re et hydrate. Niacinamide (Vit. B3) - stimule la synth\u00e8se de collag\u00e8ne, unifie le teint et r\u00e9duit les rougeurs.\" \/>\n<meta property=\"og:url\" content=\"https:\/\/pharmadreams.shop\/index.php\/product\/lirene-ce-vitamine-energy-eau-micellaire-3en1-400ml\/\" \/>\n<meta property=\"og:site_name\" content=\"pharmadreams\" \/>\n<meta property=\"article:modified_time\" content=\"2024-06-11T10:27:17+00:00\" \/>\n<meta property=\"og:image\" content=\"https:\/\/pharmadreams.shop\/wp-content\/uploads\/2023\/12\/ce-eau-1.png\" \/>\n\t<meta property=\"og:image:width\" content=\"552\" \/>\n\t<meta property=\"og:image:height\" content=\"768\" \/>\n\t<meta property=\"og:image:type\" content=\"image\/png\" \/>\n<meta name=\"twitter:card\" content=\"summary_large_image\" \/>\n<script type=\"application\/ld+json\" class=\"yoast-schema-graph\">{\"@context\":\"https:\/\/schema.org\",\"@graph\":[{\"@type\":\"WebPage\",\"@id\":\"https:\/\/pharmadreams.shop\/index.php\/product\/lirene-ce-vitamine-energy-eau-micellaire-3en1-400ml\/\",\"url\":\"https:\/\/pharmadreams.shop\/index.php\/product\/lirene-ce-vitamine-energy-eau-micellaire-3en1-400ml\/\",\"name\":\"Lirene c+e vitamine energy eau micellaire 3en1 400ml - pharmadreams\",\"isPartOf\":{\"@id\":\"https:\/\/pharmadreams.shop\/#website\"},\"primaryImageOfPage\":{\"@id\":\"https:\/\/pharmadreams.shop\/index.php\/product\/lirene-ce-vitamine-energy-eau-micellaire-3en1-400ml\/#primaryimage\"},\"image\":{\"@id\":\"https:\/\/pharmadreams.shop\/index.php\/product\/lirene-ce-vitamine-energy-eau-micellaire-3en1-400ml\/#primaryimage\"},\"thumbnailUrl\":\"https:\/\/pharmadreams.shop\/wp-content\/uploads\/2023\/12\/ce-eau-1.png\",\"datePublished\":\"2023-12-19T18:29:47+00:00\",\"dateModified\":\"2024-06-11T10:27:17+00:00\",\"breadcrumb\":{\"@id\":\"https:\/\/pharmadreams.shop\/index.php\/product\/lirene-ce-vitamine-energy-eau-micellaire-3en1-400ml\/#breadcrumb\"},\"inLanguage\":\"fr-FR\",\"potentialAction\":[{\"@type\":\"ReadAction\",\"target\":[\"https:\/\/pharmadreams.shop\/index.php\/product\/lirene-ce-vitamine-energy-eau-micellaire-3en1-400ml\/\"]}]},{\"@type\":\"ImageObject\",\"inLanguage\":\"fr-FR\",\"@id\":\"https:\/\/pharmadreams.shop\/index.php\/product\/lirene-ce-vitamine-energy-eau-micellaire-3en1-400ml\/#primaryimage\",\"url\":\"https:\/\/pharmadreams.shop\/wp-content\/uploads\/2023\/12\/ce-eau-1.png\",\"contentUrl\":\"https:\/\/pharmadreams.shop\/wp-content\/uploads\/2023\/12\/ce-eau-1.png\",\"width\":552,\"height\":768},{\"@type\":\"BreadcrumbList\",\"@id\":\"https:\/\/pharmadreams.shop\/index.php\/product\/lirene-ce-vitamine-energy-eau-micellaire-3en1-400ml\/#breadcrumb\",\"itemListElement\":[{\"@type\":\"ListItem\",\"position\":1,\"name\":\"Accueil\",\"item\":\"https:\/\/pharmadreams.shop\/\"},{\"@type\":\"ListItem\",\"position\":2,\"name\":\"Shop\",\"item\":\"https:\/\/pharmadreams.shop\/index.php\/shop\/\"},{\"@type\":\"ListItem\",\"position\":3,\"name\":\"Lirene c+e vitamine energy eau micellaire 3en1 400ml\"}]},{\"@type\":\"WebSite\",\"@id\":\"https:\/\/pharmadreams.shop\/#website\",\"url\":\"https:\/\/pharmadreams.shop\/\",\"name\":\"pharmadreams\",\"description\":\"Parapharmacie en ligne\",\"potentialAction\":[{\"@type\":\"SearchAction\",\"target\":{\"@type\":\"EntryPoint\",\"urlTemplate\":\"https:\/\/pharmadreams.shop\/?s={search_term_string}\"},\"query-input\":\"required name=search_term_string\"}],\"inLanguage\":\"fr-FR\"}]}<\/script>\n<!-- \/ Yoast SEO plugin. -->","yoast_head_json":{"title":"Lirene c+e vitamine energy eau micellaire 3en1 400ml - pharmadreams","robots":{"index":"index","follow":"follow","max-snippet":"max-snippet:-1","max-image-preview":"max-image-preview:large","max-video-preview":"max-video-preview:-1"},"canonical":"https:\/\/pharmadreams.shop\/index.php\/product\/lirene-ce-vitamine-energy-eau-micellaire-3en1-400ml\/","og_locale":"fr_FR","og_type":"article","og_title":"Lirene c+e vitamine energy eau micellaire 3en1 400ml - pharmadreams","og_description":"L'eau micellaire multifonctionnelle 3 en 1 d\u00e9maquille, nettoie et tonifie d'un simple mouvement de tampon ! Le complexe de 3 vitamines compl\u00e9mentaires qu'il contient r\u00e9g\u00e9n\u00e8re fortement, renforce, unifie la couleur et redonne de l'\u00e9nergie aux peaux ternes. Vitamine C+E \u00c9nergie Les vitamines C et E se stabilisent et se renforcent mutuellement, cr\u00e9ant un puissant syst\u00e8me antioxydant qui assure une protection et une reconstruction ad\u00e9quates de la peau. Vitamine C - utilis\u00e9e sous l'une des formes solubles dans l'eau les plus stables et les plus efficaces. Stimule fortement et stimule la peau \u00e0 se r\u00e9g\u00e9n\u00e9rer, lui redonnant son \u00e9clat sain et sa vitalit\u00e9. Vitamine E - a la capacit\u00e9 de s'int\u00e9grer dans les couches profondes de l'\u00e9piderme, combat efficacement les signes du vieillissement, r\u00e9g\u00e9n\u00e8re et hydrate. Niacinamide (Vit. B3) - stimule la synth\u00e8se de collag\u00e8ne, unifie le teint et r\u00e9duit les rougeurs.","og_url":"https:\/\/pharmadreams.shop\/index.php\/product\/lirene-ce-vitamine-energy-eau-micellaire-3en1-400ml\/","og_site_name":"pharmadreams","article_modified_time":"2024-06-11T10:27:17+00:00","og_image":[{"width":552,"height":768,"url":"https:\/\/pharmadreams.shop\/wp-content\/uploads\/2023\/12\/ce-eau-1.png","type":"image\/png"}],"twitter_card":"summary_large_image","schema":{"@context":"https:\/\/schema.org","@graph":[{"@type":"WebPage","@id":"https:\/\/pharmadreams.shop\/index.php\/product\/lirene-ce-vitamine-energy-eau-micellaire-3en1-400ml\/","url":"https:\/\/pharmadreams.shop\/index.php\/product\/lirene-ce-vitamine-energy-eau-micellaire-3en1-400ml\/","name":"Lirene c+e vitamine energy eau micellaire 3en1 400ml - pharmadreams","isPartOf":{"@id":"https:\/\/pharmadreams.shop\/#website"},"primaryImageOfPage":{"@id":"https:\/\/pharmadreams.shop\/index.php\/product\/lirene-ce-vitamine-energy-eau-micellaire-3en1-400ml\/#primaryimage"},"image":{"@id":"https:\/\/pharmadreams.shop\/index.php\/product\/lirene-ce-vitamine-energy-eau-micellaire-3en1-400ml\/#primaryimage"},"thumbnailUrl":"https:\/\/pharmadreams.shop\/wp-content\/uploads\/2023\/12\/ce-eau-1.png","datePublished":"2023-12-19T18:29:47+00:00","dateModified":"2024-06-11T10:27:17+00:00","breadcrumb":{"@id":"https:\/\/pharmadreams.shop\/index.php\/product\/lirene-ce-vitamine-energy-eau-micellaire-3en1-400ml\/#breadcrumb"},"inLanguage":"fr-FR","potentialAction":[{"@type":"ReadAction","target":["https:\/\/pharmadreams.shop\/index.php\/product\/lirene-ce-vitamine-energy-eau-micellaire-3en1-400ml\/"]}]},{"@type":"ImageObject","inLanguage":"fr-FR","@id":"https:\/\/pharmadreams.shop\/index.php\/product\/lirene-ce-vitamine-energy-eau-micellaire-3en1-400ml\/#primaryimage","url":"https:\/\/pharmadreams.shop\/wp-content\/uploads\/2023\/12\/ce-eau-1.png","contentUrl":"https:\/\/pharmadreams.shop\/wp-content\/uploads\/2023\/12\/ce-eau-1.png","width":552,"height":768},{"@type":"BreadcrumbList","@id":"https:\/\/pharmadreams.shop\/index.php\/product\/lirene-ce-vitamine-energy-eau-micellaire-3en1-400ml\/#breadcrumb","itemListElement":[{"@type":"ListItem","position":1,"name":"Accueil","item":"https:\/\/pharmadreams.shop\/"},{"@type":"ListItem","position":2,"name":"Shop","item":"https:\/\/pharmadreams.shop\/index.php\/shop\/"},{"@type":"ListItem","position":3,"name":"Lirene c+e vitamine energy eau micellaire 3en1 400ml"}]},{"@type":"WebSite","@id":"https:\/\/pharmadreams.shop\/#website","url":"https:\/\/pharmadreams.shop\/","name":"pharmadreams","description":"Parapharmacie en ligne","potentialAction":[{"@type":"SearchAction","target":{"@type":"EntryPoint","urlTemplate":"https:\/\/pharmadreams.shop\/?s={search_term_string}"},"query-input":"required name=search_term_string"}],"inLanguage":"fr-FR"}]}},"_links":{"self":[{"href":"https:\/\/pharmadreams.shop\/index.php\/wp-json\/wp\/v2\/product\/16145","targetHints":{"allow":["GET"]}}],"collection":[{"href":"https:\/\/pharmadreams.shop\/index.php\/wp-json\/wp\/v2\/product"}],"about":[{"href":"https:\/\/pharmadreams.shop\/index.php\/wp-json\/wp\/v2\/types\/product"}],"replies":[{"embeddable":true,"href":"https:\/\/pharmadreams.shop\/index.php\/wp-json\/wp\/v2\/comments?post=16145"}],"version-history":[{"count":0,"href":"https:\/\/pharmadreams.shop\/index.php\/wp-json\/wp\/v2\/product\/16145\/revisions"}],"wp:featuredmedia":[{"embeddable":true,"href":"https:\/\/pharmadreams.shop\/index.php\/wp-json\/wp\/v2\/media\/16224"}],"wp:attachment":[{"href":"https:\/\/pharmadreams.shop\/index.php\/wp-json\/wp\/v2\/media?parent=16145"}],"wp:term":[{"taxonomy":"product_brand","embeddable":true,"href":"https:\/\/pharmadreams.shop\/index.php\/wp-json\/wp\/v2\/product_brand?post=16145"},{"taxonomy":"product_cat","embeddable":true,"href":"https:\/\/pharmadreams.shop\/index.php\/wp-json\/wp\/v2\/product_cat?post=16145"},{"taxonomy":"product_tag","embeddable":true,"href":"https:\/\/pharmadreams.shop\/index.php\/wp-json\/wp\/v2\/product_tag?post=16145"}],"curies":[{"name":"wp","href":"https:\/\/api.w.org\/{rel}","templated":true}]}}