{"id":16146,"date":"2023-12-19T19:29:47","date_gmt":"2023-12-19T18:29:47","guid":{"rendered":"https:\/\/venuspara.com\/?post_type=product&#038;p=16146"},"modified":"2023-12-19T19:31:18","modified_gmt":"2023-12-19T18:31:18","slug":"apothica-kera-liss-creme-protectrice-100ml","status":"publish","type":"product","link":"https:\/\/pharmadreams.shop\/index.php\/product\/apothica-kera-liss-creme-protectrice-100ml\/","title":{"rendered":"Apothica kera-liss cr\u00e8me protectrice 100ml"},"content":{"rendered":"","protected":false},"excerpt":{"rendered":"<p><strong>APOTHICA KERA LISS CREME PROTECTRICE 100ML :<\/strong><\/p>\n<p>Pour une chevelure saine et prot\u00e9g\u00e9e gr\u00e2ce aux analogues de silicones d\u2019origine v\u00e9g\u00e9tale utilis\u00e9s dans toute la gamme capillaire Apothica.<\/p>\n<p>APOTHICA KERA LISS CREME PROTECTRICE est ont formul\u00e9 avec de l\u2019acide hyaluronique et de la k\u00e9ratine pour un effet irr\u00e9prochable tout en restant dans le clean et le green.<\/p>\n","protected":false},"featured_media":16226,"comment_status":"open","ping_status":"closed","template":"","meta":[],"product_brand":[],"product_cat":[106,109,104],"product_tag":[],"class_list":{"0":"post-16146","1":"product","2":"type-product","3":"status-publish","4":"has-post-thumbnail","6":"product_cat-brillance","7":"product_cat-creme-cheveux","8":"product_cat-protection","10":"first","11":"instock","12":"shipping-taxable","13":"purchasable","14":"product-type-simple"},"yoast_head":"<!-- This site is optimized with the Yoast SEO plugin v23.0 - https:\/\/yoast.com\/wordpress\/plugins\/seo\/ -->\n<title>Apothica kera-liss cr\u00e8me protectrice 100ml - pharmadreams<\/title>\n<meta name=\"robots\" content=\"index, follow, max-snippet:-1, max-image-preview:large, max-video-preview:-1\" \/>\n<link rel=\"canonical\" href=\"https:\/\/pharmadreams.shop\/index.php\/product\/apothica-kera-liss-creme-protectrice-100ml\/\" \/>\n<meta property=\"og:locale\" content=\"fr_FR\" \/>\n<meta property=\"og:type\" content=\"article\" \/>\n<meta property=\"og:title\" content=\"Apothica kera-liss cr\u00e8me protectrice 100ml - pharmadreams\" \/>\n<meta property=\"og:description\" content=\"APOTHICA KERA LISS CREME PROTECTRICE 100ML :  Pour une chevelure saine et prot\u00e9g\u00e9e gr\u00e2ce aux analogues de silicones d\u2019origine v\u00e9g\u00e9tale utilis\u00e9s dans toute la gamme capillaire Apothica.  APOTHICA KERA LISS CREME PROTECTRICE est ont formul\u00e9 avec de l\u2019acide hyaluronique et de la k\u00e9ratine pour un effet irr\u00e9prochable tout en restant dans le clean et le green.\" \/>\n<meta property=\"og:url\" content=\"https:\/\/pharmadreams.shop\/index.php\/product\/apothica-kera-liss-creme-protectrice-100ml\/\" \/>\n<meta property=\"og:site_name\" content=\"pharmadreams\" \/>\n<meta property=\"article:modified_time\" content=\"2023-12-19T18:31:18+00:00\" \/>\n<meta property=\"og:image\" content=\"https:\/\/pharmadreams.shop\/wp-content\/uploads\/2023\/12\/apothica.png\" \/>\n\t<meta property=\"og:image:width\" content=\"704\" \/>\n\t<meta property=\"og:image:height\" content=\"1096\" \/>\n\t<meta property=\"og:image:type\" content=\"image\/png\" \/>\n<meta name=\"twitter:card\" content=\"summary_large_image\" \/>\n<script type=\"application\/ld+json\" class=\"yoast-schema-graph\">{\"@context\":\"https:\/\/schema.org\",\"@graph\":[{\"@type\":\"WebPage\",\"@id\":\"https:\/\/pharmadreams.shop\/index.php\/product\/apothica-kera-liss-creme-protectrice-100ml\/\",\"url\":\"https:\/\/pharmadreams.shop\/index.php\/product\/apothica-kera-liss-creme-protectrice-100ml\/\",\"name\":\"Apothica kera-liss cr\u00e8me protectrice 100ml - pharmadreams\",\"isPartOf\":{\"@id\":\"https:\/\/pharmadreams.shop\/#website\"},\"primaryImageOfPage\":{\"@id\":\"https:\/\/pharmadreams.shop\/index.php\/product\/apothica-kera-liss-creme-protectrice-100ml\/#primaryimage\"},\"image\":{\"@id\":\"https:\/\/pharmadreams.shop\/index.php\/product\/apothica-kera-liss-creme-protectrice-100ml\/#primaryimage\"},\"thumbnailUrl\":\"https:\/\/pharmadreams.shop\/wp-content\/uploads\/2023\/12\/apothica.png\",\"datePublished\":\"2023-12-19T18:29:47+00:00\",\"dateModified\":\"2023-12-19T18:31:18+00:00\",\"breadcrumb\":{\"@id\":\"https:\/\/pharmadreams.shop\/index.php\/product\/apothica-kera-liss-creme-protectrice-100ml\/#breadcrumb\"},\"inLanguage\":\"fr-FR\",\"potentialAction\":[{\"@type\":\"ReadAction\",\"target\":[\"https:\/\/pharmadreams.shop\/index.php\/product\/apothica-kera-liss-creme-protectrice-100ml\/\"]}]},{\"@type\":\"ImageObject\",\"inLanguage\":\"fr-FR\",\"@id\":\"https:\/\/pharmadreams.shop\/index.php\/product\/apothica-kera-liss-creme-protectrice-100ml\/#primaryimage\",\"url\":\"https:\/\/pharmadreams.shop\/wp-content\/uploads\/2023\/12\/apothica.png\",\"contentUrl\":\"https:\/\/pharmadreams.shop\/wp-content\/uploads\/2023\/12\/apothica.png\",\"width\":704,\"height\":1096},{\"@type\":\"BreadcrumbList\",\"@id\":\"https:\/\/pharmadreams.shop\/index.php\/product\/apothica-kera-liss-creme-protectrice-100ml\/#breadcrumb\",\"itemListElement\":[{\"@type\":\"ListItem\",\"position\":1,\"name\":\"Accueil\",\"item\":\"https:\/\/pharmadreams.shop\/\"},{\"@type\":\"ListItem\",\"position\":2,\"name\":\"Shop\",\"item\":\"https:\/\/pharmadreams.shop\/index.php\/shop\/\"},{\"@type\":\"ListItem\",\"position\":3,\"name\":\"Apothica kera-liss cr\u00e8me protectrice 100ml\"}]},{\"@type\":\"WebSite\",\"@id\":\"https:\/\/pharmadreams.shop\/#website\",\"url\":\"https:\/\/pharmadreams.shop\/\",\"name\":\"pharmadreams\",\"description\":\"Parapharmacie en ligne\",\"potentialAction\":[{\"@type\":\"SearchAction\",\"target\":{\"@type\":\"EntryPoint\",\"urlTemplate\":\"https:\/\/pharmadreams.shop\/?s={search_term_string}\"},\"query-input\":\"required name=search_term_string\"}],\"inLanguage\":\"fr-FR\"}]}<\/script>\n<!-- \/ Yoast SEO plugin. -->","yoast_head_json":{"title":"Apothica kera-liss cr\u00e8me protectrice 100ml - pharmadreams","robots":{"index":"index","follow":"follow","max-snippet":"max-snippet:-1","max-image-preview":"max-image-preview:large","max-video-preview":"max-video-preview:-1"},"canonical":"https:\/\/pharmadreams.shop\/index.php\/product\/apothica-kera-liss-creme-protectrice-100ml\/","og_locale":"fr_FR","og_type":"article","og_title":"Apothica kera-liss cr\u00e8me protectrice 100ml - pharmadreams","og_description":"APOTHICA KERA LISS CREME PROTECTRICE 100ML :  Pour une chevelure saine et prot\u00e9g\u00e9e gr\u00e2ce aux analogues de silicones d\u2019origine v\u00e9g\u00e9tale utilis\u00e9s dans toute la gamme capillaire Apothica.  APOTHICA KERA LISS CREME PROTECTRICE est ont formul\u00e9 avec de l\u2019acide hyaluronique et de la k\u00e9ratine pour un effet irr\u00e9prochable tout en restant dans le clean et le green.","og_url":"https:\/\/pharmadreams.shop\/index.php\/product\/apothica-kera-liss-creme-protectrice-100ml\/","og_site_name":"pharmadreams","article_modified_time":"2023-12-19T18:31:18+00:00","og_image":[{"width":704,"height":1096,"url":"https:\/\/pharmadreams.shop\/wp-content\/uploads\/2023\/12\/apothica.png","type":"image\/png"}],"twitter_card":"summary_large_image","schema":{"@context":"https:\/\/schema.org","@graph":[{"@type":"WebPage","@id":"https:\/\/pharmadreams.shop\/index.php\/product\/apothica-kera-liss-creme-protectrice-100ml\/","url":"https:\/\/pharmadreams.shop\/index.php\/product\/apothica-kera-liss-creme-protectrice-100ml\/","name":"Apothica kera-liss cr\u00e8me protectrice 100ml - pharmadreams","isPartOf":{"@id":"https:\/\/pharmadreams.shop\/#website"},"primaryImageOfPage":{"@id":"https:\/\/pharmadreams.shop\/index.php\/product\/apothica-kera-liss-creme-protectrice-100ml\/#primaryimage"},"image":{"@id":"https:\/\/pharmadreams.shop\/index.php\/product\/apothica-kera-liss-creme-protectrice-100ml\/#primaryimage"},"thumbnailUrl":"https:\/\/pharmadreams.shop\/wp-content\/uploads\/2023\/12\/apothica.png","datePublished":"2023-12-19T18:29:47+00:00","dateModified":"2023-12-19T18:31:18+00:00","breadcrumb":{"@id":"https:\/\/pharmadreams.shop\/index.php\/product\/apothica-kera-liss-creme-protectrice-100ml\/#breadcrumb"},"inLanguage":"fr-FR","potentialAction":[{"@type":"ReadAction","target":["https:\/\/pharmadreams.shop\/index.php\/product\/apothica-kera-liss-creme-protectrice-100ml\/"]}]},{"@type":"ImageObject","inLanguage":"fr-FR","@id":"https:\/\/pharmadreams.shop\/index.php\/product\/apothica-kera-liss-creme-protectrice-100ml\/#primaryimage","url":"https:\/\/pharmadreams.shop\/wp-content\/uploads\/2023\/12\/apothica.png","contentUrl":"https:\/\/pharmadreams.shop\/wp-content\/uploads\/2023\/12\/apothica.png","width":704,"height":1096},{"@type":"BreadcrumbList","@id":"https:\/\/pharmadreams.shop\/index.php\/product\/apothica-kera-liss-creme-protectrice-100ml\/#breadcrumb","itemListElement":[{"@type":"ListItem","position":1,"name":"Accueil","item":"https:\/\/pharmadreams.shop\/"},{"@type":"ListItem","position":2,"name":"Shop","item":"https:\/\/pharmadreams.shop\/index.php\/shop\/"},{"@type":"ListItem","position":3,"name":"Apothica kera-liss cr\u00e8me protectrice 100ml"}]},{"@type":"WebSite","@id":"https:\/\/pharmadreams.shop\/#website","url":"https:\/\/pharmadreams.shop\/","name":"pharmadreams","description":"Parapharmacie en ligne","potentialAction":[{"@type":"SearchAction","target":{"@type":"EntryPoint","urlTemplate":"https:\/\/pharmadreams.shop\/?s={search_term_string}"},"query-input":"required name=search_term_string"}],"inLanguage":"fr-FR"}]}},"_links":{"self":[{"href":"https:\/\/pharmadreams.shop\/index.php\/wp-json\/wp\/v2\/product\/16146","targetHints":{"allow":["GET"]}}],"collection":[{"href":"https:\/\/pharmadreams.shop\/index.php\/wp-json\/wp\/v2\/product"}],"about":[{"href":"https:\/\/pharmadreams.shop\/index.php\/wp-json\/wp\/v2\/types\/product"}],"replies":[{"embeddable":true,"href":"https:\/\/pharmadreams.shop\/index.php\/wp-json\/wp\/v2\/comments?post=16146"}],"version-history":[{"count":0,"href":"https:\/\/pharmadreams.shop\/index.php\/wp-json\/wp\/v2\/product\/16146\/revisions"}],"wp:featuredmedia":[{"embeddable":true,"href":"https:\/\/pharmadreams.shop\/index.php\/wp-json\/wp\/v2\/media\/16226"}],"wp:attachment":[{"href":"https:\/\/pharmadreams.shop\/index.php\/wp-json\/wp\/v2\/media?parent=16146"}],"wp:term":[{"taxonomy":"product_brand","embeddable":true,"href":"https:\/\/pharmadreams.shop\/index.php\/wp-json\/wp\/v2\/product_brand?post=16146"},{"taxonomy":"product_cat","embeddable":true,"href":"https:\/\/pharmadreams.shop\/index.php\/wp-json\/wp\/v2\/product_cat?post=16146"},{"taxonomy":"product_tag","embeddable":true,"href":"https:\/\/pharmadreams.shop\/index.php\/wp-json\/wp\/v2\/product_tag?post=16146"}],"curies":[{"name":"wp","href":"https:\/\/api.w.org\/{rel}","templated":true}]}}