{"id":16168,"date":"2023-12-19T19:30:14","date_gmt":"2023-12-19T18:30:14","guid":{"rendered":"https:\/\/venuspara.com\/?post_type=product&#038;p=16168"},"modified":"2023-12-19T19:31:22","modified_gmt":"2023-12-19T18:31:22","slug":"ducray-anacaps-reactiv-complement-alimentaire-30-capsules","status":"publish","type":"product","link":"https:\/\/pharmadreams.shop\/index.php\/product\/ducray-anacaps-reactiv-complement-alimentaire-30-capsules\/","title":{"rendered":"Ducray anacaps reactiv compl\u00e9ment alimentaire 30 capsules"},"content":{"rendered":"","protected":false},"excerpt":{"rendered":"<p>Anacaps Reactiv de Ducray est un compl\u00e9ment alimentaire pr\u00e9sent\u00e9 sous forme de g\u00e9lules et qui permet de redonner de la vitalit\u00e9 aux cheveux. Ce produit contient plusieurs sels min\u00e9raux et vitamines ayant des vertus nourrissantes et tonifiantes sur le bulbe capillaire.<\/p>\n","protected":false},"featured_media":16230,"comment_status":"open","ping_status":"closed","template":"","meta":[],"product_brand":[],"product_cat":[32,110],"product_tag":[],"class_list":{"0":"post-16168","1":"product","2":"type-product","3":"status-publish","4":"has-post-thumbnail","6":"product_cat-complements-alimentaires","7":"product_cat-soin-cheveux","9":"first","10":"instock","11":"shipping-taxable","12":"purchasable","13":"product-type-simple"},"yoast_head":"<!-- This site is optimized with the Yoast SEO plugin v23.0 - https:\/\/yoast.com\/wordpress\/plugins\/seo\/ -->\n<title>Ducray anacaps reactiv compl\u00e9ment alimentaire 30 capsules - pharmadreams<\/title>\n<meta name=\"robots\" content=\"index, follow, max-snippet:-1, max-image-preview:large, max-video-preview:-1\" \/>\n<link rel=\"canonical\" href=\"https:\/\/pharmadreams.shop\/index.php\/product\/ducray-anacaps-reactiv-complement-alimentaire-30-capsules\/\" \/>\n<meta property=\"og:locale\" content=\"fr_FR\" \/>\n<meta property=\"og:type\" content=\"article\" \/>\n<meta property=\"og:title\" content=\"Ducray anacaps reactiv compl\u00e9ment alimentaire 30 capsules - pharmadreams\" \/>\n<meta property=\"og:description\" content=\"Anacaps Reactiv de Ducray est un compl\u00e9ment alimentaire pr\u00e9sent\u00e9 sous forme de g\u00e9lules et qui permet de redonner de la vitalit\u00e9 aux cheveux. Ce produit contient plusieurs sels min\u00e9raux et vitamines ayant des vertus nourrissantes et tonifiantes sur le bulbe capillaire.\" \/>\n<meta property=\"og:url\" content=\"https:\/\/pharmadreams.shop\/index.php\/product\/ducray-anacaps-reactiv-complement-alimentaire-30-capsules\/\" \/>\n<meta property=\"og:site_name\" content=\"pharmadreams\" \/>\n<meta property=\"article:modified_time\" content=\"2023-12-19T18:31:22+00:00\" \/>\n<meta property=\"og:image\" content=\"https:\/\/pharmadreams.shop\/wp-content\/uploads\/2023\/12\/ducray-complement.png\" \/>\n\t<meta property=\"og:image:width\" content=\"1200\" \/>\n\t<meta property=\"og:image:height\" content=\"1400\" \/>\n\t<meta property=\"og:image:type\" content=\"image\/png\" \/>\n<meta name=\"twitter:card\" content=\"summary_large_image\" \/>\n<script type=\"application\/ld+json\" class=\"yoast-schema-graph\">{\"@context\":\"https:\/\/schema.org\",\"@graph\":[{\"@type\":\"WebPage\",\"@id\":\"https:\/\/pharmadreams.shop\/index.php\/product\/ducray-anacaps-reactiv-complement-alimentaire-30-capsules\/\",\"url\":\"https:\/\/pharmadreams.shop\/index.php\/product\/ducray-anacaps-reactiv-complement-alimentaire-30-capsules\/\",\"name\":\"Ducray anacaps reactiv compl\u00e9ment alimentaire 30 capsules - pharmadreams\",\"isPartOf\":{\"@id\":\"https:\/\/pharmadreams.shop\/#website\"},\"primaryImageOfPage\":{\"@id\":\"https:\/\/pharmadreams.shop\/index.php\/product\/ducray-anacaps-reactiv-complement-alimentaire-30-capsules\/#primaryimage\"},\"image\":{\"@id\":\"https:\/\/pharmadreams.shop\/index.php\/product\/ducray-anacaps-reactiv-complement-alimentaire-30-capsules\/#primaryimage\"},\"thumbnailUrl\":\"https:\/\/pharmadreams.shop\/wp-content\/uploads\/2023\/12\/ducray-complement.png\",\"datePublished\":\"2023-12-19T18:30:14+00:00\",\"dateModified\":\"2023-12-19T18:31:22+00:00\",\"breadcrumb\":{\"@id\":\"https:\/\/pharmadreams.shop\/index.php\/product\/ducray-anacaps-reactiv-complement-alimentaire-30-capsules\/#breadcrumb\"},\"inLanguage\":\"fr-FR\",\"potentialAction\":[{\"@type\":\"ReadAction\",\"target\":[\"https:\/\/pharmadreams.shop\/index.php\/product\/ducray-anacaps-reactiv-complement-alimentaire-30-capsules\/\"]}]},{\"@type\":\"ImageObject\",\"inLanguage\":\"fr-FR\",\"@id\":\"https:\/\/pharmadreams.shop\/index.php\/product\/ducray-anacaps-reactiv-complement-alimentaire-30-capsules\/#primaryimage\",\"url\":\"https:\/\/pharmadreams.shop\/wp-content\/uploads\/2023\/12\/ducray-complement.png\",\"contentUrl\":\"https:\/\/pharmadreams.shop\/wp-content\/uploads\/2023\/12\/ducray-complement.png\",\"width\":1200,\"height\":1400},{\"@type\":\"BreadcrumbList\",\"@id\":\"https:\/\/pharmadreams.shop\/index.php\/product\/ducray-anacaps-reactiv-complement-alimentaire-30-capsules\/#breadcrumb\",\"itemListElement\":[{\"@type\":\"ListItem\",\"position\":1,\"name\":\"Accueil\",\"item\":\"https:\/\/pharmadreams.shop\/\"},{\"@type\":\"ListItem\",\"position\":2,\"name\":\"Shop\",\"item\":\"https:\/\/pharmadreams.shop\/index.php\/shop\/\"},{\"@type\":\"ListItem\",\"position\":3,\"name\":\"Ducray anacaps reactiv compl\u00e9ment alimentaire 30 capsules\"}]},{\"@type\":\"WebSite\",\"@id\":\"https:\/\/pharmadreams.shop\/#website\",\"url\":\"https:\/\/pharmadreams.shop\/\",\"name\":\"pharmadreams\",\"description\":\"Parapharmacie en ligne\",\"potentialAction\":[{\"@type\":\"SearchAction\",\"target\":{\"@type\":\"EntryPoint\",\"urlTemplate\":\"https:\/\/pharmadreams.shop\/?s={search_term_string}\"},\"query-input\":\"required name=search_term_string\"}],\"inLanguage\":\"fr-FR\"}]}<\/script>\n<!-- \/ Yoast SEO plugin. -->","yoast_head_json":{"title":"Ducray anacaps reactiv compl\u00e9ment alimentaire 30 capsules - pharmadreams","robots":{"index":"index","follow":"follow","max-snippet":"max-snippet:-1","max-image-preview":"max-image-preview:large","max-video-preview":"max-video-preview:-1"},"canonical":"https:\/\/pharmadreams.shop\/index.php\/product\/ducray-anacaps-reactiv-complement-alimentaire-30-capsules\/","og_locale":"fr_FR","og_type":"article","og_title":"Ducray anacaps reactiv compl\u00e9ment alimentaire 30 capsules - pharmadreams","og_description":"Anacaps Reactiv de Ducray est un compl\u00e9ment alimentaire pr\u00e9sent\u00e9 sous forme de g\u00e9lules et qui permet de redonner de la vitalit\u00e9 aux cheveux. Ce produit contient plusieurs sels min\u00e9raux et vitamines ayant des vertus nourrissantes et tonifiantes sur le bulbe capillaire.","og_url":"https:\/\/pharmadreams.shop\/index.php\/product\/ducray-anacaps-reactiv-complement-alimentaire-30-capsules\/","og_site_name":"pharmadreams","article_modified_time":"2023-12-19T18:31:22+00:00","og_image":[{"width":1200,"height":1400,"url":"https:\/\/pharmadreams.shop\/wp-content\/uploads\/2023\/12\/ducray-complement.png","type":"image\/png"}],"twitter_card":"summary_large_image","schema":{"@context":"https:\/\/schema.org","@graph":[{"@type":"WebPage","@id":"https:\/\/pharmadreams.shop\/index.php\/product\/ducray-anacaps-reactiv-complement-alimentaire-30-capsules\/","url":"https:\/\/pharmadreams.shop\/index.php\/product\/ducray-anacaps-reactiv-complement-alimentaire-30-capsules\/","name":"Ducray anacaps reactiv compl\u00e9ment alimentaire 30 capsules - pharmadreams","isPartOf":{"@id":"https:\/\/pharmadreams.shop\/#website"},"primaryImageOfPage":{"@id":"https:\/\/pharmadreams.shop\/index.php\/product\/ducray-anacaps-reactiv-complement-alimentaire-30-capsules\/#primaryimage"},"image":{"@id":"https:\/\/pharmadreams.shop\/index.php\/product\/ducray-anacaps-reactiv-complement-alimentaire-30-capsules\/#primaryimage"},"thumbnailUrl":"https:\/\/pharmadreams.shop\/wp-content\/uploads\/2023\/12\/ducray-complement.png","datePublished":"2023-12-19T18:30:14+00:00","dateModified":"2023-12-19T18:31:22+00:00","breadcrumb":{"@id":"https:\/\/pharmadreams.shop\/index.php\/product\/ducray-anacaps-reactiv-complement-alimentaire-30-capsules\/#breadcrumb"},"inLanguage":"fr-FR","potentialAction":[{"@type":"ReadAction","target":["https:\/\/pharmadreams.shop\/index.php\/product\/ducray-anacaps-reactiv-complement-alimentaire-30-capsules\/"]}]},{"@type":"ImageObject","inLanguage":"fr-FR","@id":"https:\/\/pharmadreams.shop\/index.php\/product\/ducray-anacaps-reactiv-complement-alimentaire-30-capsules\/#primaryimage","url":"https:\/\/pharmadreams.shop\/wp-content\/uploads\/2023\/12\/ducray-complement.png","contentUrl":"https:\/\/pharmadreams.shop\/wp-content\/uploads\/2023\/12\/ducray-complement.png","width":1200,"height":1400},{"@type":"BreadcrumbList","@id":"https:\/\/pharmadreams.shop\/index.php\/product\/ducray-anacaps-reactiv-complement-alimentaire-30-capsules\/#breadcrumb","itemListElement":[{"@type":"ListItem","position":1,"name":"Accueil","item":"https:\/\/pharmadreams.shop\/"},{"@type":"ListItem","position":2,"name":"Shop","item":"https:\/\/pharmadreams.shop\/index.php\/shop\/"},{"@type":"ListItem","position":3,"name":"Ducray anacaps reactiv compl\u00e9ment alimentaire 30 capsules"}]},{"@type":"WebSite","@id":"https:\/\/pharmadreams.shop\/#website","url":"https:\/\/pharmadreams.shop\/","name":"pharmadreams","description":"Parapharmacie en ligne","potentialAction":[{"@type":"SearchAction","target":{"@type":"EntryPoint","urlTemplate":"https:\/\/pharmadreams.shop\/?s={search_term_string}"},"query-input":"required name=search_term_string"}],"inLanguage":"fr-FR"}]}},"_links":{"self":[{"href":"https:\/\/pharmadreams.shop\/index.php\/wp-json\/wp\/v2\/product\/16168","targetHints":{"allow":["GET"]}}],"collection":[{"href":"https:\/\/pharmadreams.shop\/index.php\/wp-json\/wp\/v2\/product"}],"about":[{"href":"https:\/\/pharmadreams.shop\/index.php\/wp-json\/wp\/v2\/types\/product"}],"replies":[{"embeddable":true,"href":"https:\/\/pharmadreams.shop\/index.php\/wp-json\/wp\/v2\/comments?post=16168"}],"version-history":[{"count":0,"href":"https:\/\/pharmadreams.shop\/index.php\/wp-json\/wp\/v2\/product\/16168\/revisions"}],"wp:featuredmedia":[{"embeddable":true,"href":"https:\/\/pharmadreams.shop\/index.php\/wp-json\/wp\/v2\/media\/16230"}],"wp:attachment":[{"href":"https:\/\/pharmadreams.shop\/index.php\/wp-json\/wp\/v2\/media?parent=16168"}],"wp:term":[{"taxonomy":"product_brand","embeddable":true,"href":"https:\/\/pharmadreams.shop\/index.php\/wp-json\/wp\/v2\/product_brand?post=16168"},{"taxonomy":"product_cat","embeddable":true,"href":"https:\/\/pharmadreams.shop\/index.php\/wp-json\/wp\/v2\/product_cat?post=16168"},{"taxonomy":"product_tag","embeddable":true,"href":"https:\/\/pharmadreams.shop\/index.php\/wp-json\/wp\/v2\/product_tag?post=16168"}],"curies":[{"name":"wp","href":"https:\/\/api.w.org\/{rel}","templated":true}]}}