{"id":16170,"date":"2023-12-19T19:30:14","date_gmt":"2023-12-19T18:30:14","guid":{"rendered":"https:\/\/venuspara.com\/?post_type=product&#038;p=16170"},"modified":"2023-12-19T19:31:35","modified_gmt":"2023-12-19T18:31:35","slug":"liperol-huile-shampooing-150ml","status":"publish","type":"product","link":"https:\/\/pharmadreams.shop\/index.php\/product\/liperol-huile-shampooing-150ml\/","title":{"rendered":"Liperol huile shampooing 150ml"},"content":{"rendered":"","protected":false},"excerpt":{"rendered":"<p>Liperol Huile Shampooing est un shampoing Hydratant aux Lipo-Aminoacides et \u00e0 l&rsquo;ur\u00e9e &#8211; Nettoyagae physiologique traitement Naturel.<\/p>\n<p>Sp\u00e9cifique pour un nettoyage physiologique, hydratant et apaisant du cuir chevelu. il est indiqu\u00e9 pour tous les types de cheveux et plus particuli\u00e8rement pour les cuirs chevelus sensibles, fins et facilement irritables.<\/p>\n<p>Les fonctions hydratante, apaisante et anti-radicalaire de Liperol\u00a0r\u00e9duisent physiologiquement la formation de pellicules. Pour un nettoyage quotidien d\u00e9licat et physiologique des cheveux cassants et fins. Pour ceux qui ne tol\u00e8rent pas les shampooings moussants courants \u00e0 base de tensioactifs.<\/p>\n","protected":false},"featured_media":16244,"comment_status":"open","ping_status":"closed","template":"","meta":[],"product_brand":[],"product_cat":[111,98,82,110,112],"product_tag":[],"class_list":{"0":"post-16170","1":"product","2":"type-product","3":"status-publish","4":"has-post-thumbnail","6":"product_cat-huil-shampooing","7":"product_cat-hydratation","8":"product_cat-shampooing","9":"product_cat-soin-cheveux","10":"product_cat-traitement-cheveux","12":"first","13":"instock","14":"shipping-taxable","15":"purchasable","16":"product-type-simple"},"yoast_head":"<!-- This site is optimized with the Yoast SEO plugin v23.0 - https:\/\/yoast.com\/wordpress\/plugins\/seo\/ -->\n<title>Liperol huile shampooing 150ml - pharmadreams<\/title>\n<meta name=\"robots\" content=\"index, follow, max-snippet:-1, max-image-preview:large, max-video-preview:-1\" \/>\n<link rel=\"canonical\" href=\"https:\/\/pharmadreams.shop\/index.php\/product\/liperol-huile-shampooing-150ml\/\" \/>\n<meta property=\"og:locale\" content=\"fr_FR\" \/>\n<meta property=\"og:type\" content=\"article\" \/>\n<meta property=\"og:title\" content=\"Liperol huile shampooing 150ml - pharmadreams\" \/>\n<meta property=\"og:description\" content=\"Liperol Huile Shampooing est un shampoing Hydratant aux Lipo-Aminoacides et \u00e0 l&#039;ur\u00e9e - Nettoyagae physiologique traitement Naturel.  Sp\u00e9cifique pour un nettoyage physiologique, hydratant et apaisant du cuir chevelu. il est indiqu\u00e9 pour tous les types de cheveux et plus particuli\u00e8rement pour les cuirs chevelus sensibles, fins et facilement irritables.  Les fonctions hydratante, apaisante et anti-radicalaire de Liperol\u00a0r\u00e9duisent physiologiquement la formation de pellicules. Pour un nettoyage quotidien d\u00e9licat et physiologique des cheveux cassants et fins. Pour ceux qui ne tol\u00e8rent pas les shampooings moussants courants \u00e0 base de tensioactifs.\" \/>\n<meta property=\"og:url\" content=\"https:\/\/pharmadreams.shop\/index.php\/product\/liperol-huile-shampooing-150ml\/\" \/>\n<meta property=\"og:site_name\" content=\"pharmadreams\" \/>\n<meta property=\"article:modified_time\" content=\"2023-12-19T18:31:35+00:00\" \/>\n<meta property=\"og:image\" content=\"https:\/\/pharmadreams.shop\/wp-content\/uploads\/2023\/12\/liperol-OLIO.png\" \/>\n\t<meta property=\"og:image:width\" content=\"2288\" \/>\n\t<meta property=\"og:image:height\" content=\"2304\" \/>\n\t<meta property=\"og:image:type\" content=\"image\/png\" \/>\n<meta name=\"twitter:card\" content=\"summary_large_image\" \/>\n<script type=\"application\/ld+json\" class=\"yoast-schema-graph\">{\"@context\":\"https:\/\/schema.org\",\"@graph\":[{\"@type\":\"WebPage\",\"@id\":\"https:\/\/pharmadreams.shop\/index.php\/product\/liperol-huile-shampooing-150ml\/\",\"url\":\"https:\/\/pharmadreams.shop\/index.php\/product\/liperol-huile-shampooing-150ml\/\",\"name\":\"Liperol huile shampooing 150ml - pharmadreams\",\"isPartOf\":{\"@id\":\"https:\/\/pharmadreams.shop\/#website\"},\"primaryImageOfPage\":{\"@id\":\"https:\/\/pharmadreams.shop\/index.php\/product\/liperol-huile-shampooing-150ml\/#primaryimage\"},\"image\":{\"@id\":\"https:\/\/pharmadreams.shop\/index.php\/product\/liperol-huile-shampooing-150ml\/#primaryimage\"},\"thumbnailUrl\":\"https:\/\/pharmadreams.shop\/wp-content\/uploads\/2023\/12\/liperol-OLIO.png\",\"datePublished\":\"2023-12-19T18:30:14+00:00\",\"dateModified\":\"2023-12-19T18:31:35+00:00\",\"breadcrumb\":{\"@id\":\"https:\/\/pharmadreams.shop\/index.php\/product\/liperol-huile-shampooing-150ml\/#breadcrumb\"},\"inLanguage\":\"fr-FR\",\"potentialAction\":[{\"@type\":\"ReadAction\",\"target\":[\"https:\/\/pharmadreams.shop\/index.php\/product\/liperol-huile-shampooing-150ml\/\"]}]},{\"@type\":\"ImageObject\",\"inLanguage\":\"fr-FR\",\"@id\":\"https:\/\/pharmadreams.shop\/index.php\/product\/liperol-huile-shampooing-150ml\/#primaryimage\",\"url\":\"https:\/\/pharmadreams.shop\/wp-content\/uploads\/2023\/12\/liperol-OLIO.png\",\"contentUrl\":\"https:\/\/pharmadreams.shop\/wp-content\/uploads\/2023\/12\/liperol-OLIO.png\",\"width\":2288,\"height\":2304},{\"@type\":\"BreadcrumbList\",\"@id\":\"https:\/\/pharmadreams.shop\/index.php\/product\/liperol-huile-shampooing-150ml\/#breadcrumb\",\"itemListElement\":[{\"@type\":\"ListItem\",\"position\":1,\"name\":\"Accueil\",\"item\":\"https:\/\/pharmadreams.shop\/\"},{\"@type\":\"ListItem\",\"position\":2,\"name\":\"Shop\",\"item\":\"https:\/\/pharmadreams.shop\/index.php\/shop\/\"},{\"@type\":\"ListItem\",\"position\":3,\"name\":\"Liperol huile shampooing 150ml\"}]},{\"@type\":\"WebSite\",\"@id\":\"https:\/\/pharmadreams.shop\/#website\",\"url\":\"https:\/\/pharmadreams.shop\/\",\"name\":\"pharmadreams\",\"description\":\"Parapharmacie en ligne\",\"potentialAction\":[{\"@type\":\"SearchAction\",\"target\":{\"@type\":\"EntryPoint\",\"urlTemplate\":\"https:\/\/pharmadreams.shop\/?s={search_term_string}\"},\"query-input\":\"required name=search_term_string\"}],\"inLanguage\":\"fr-FR\"}]}<\/script>\n<!-- \/ Yoast SEO plugin. -->","yoast_head_json":{"title":"Liperol huile shampooing 150ml - pharmadreams","robots":{"index":"index","follow":"follow","max-snippet":"max-snippet:-1","max-image-preview":"max-image-preview:large","max-video-preview":"max-video-preview:-1"},"canonical":"https:\/\/pharmadreams.shop\/index.php\/product\/liperol-huile-shampooing-150ml\/","og_locale":"fr_FR","og_type":"article","og_title":"Liperol huile shampooing 150ml - pharmadreams","og_description":"Liperol Huile Shampooing est un shampoing Hydratant aux Lipo-Aminoacides et \u00e0 l'ur\u00e9e - Nettoyagae physiologique traitement Naturel.  Sp\u00e9cifique pour un nettoyage physiologique, hydratant et apaisant du cuir chevelu. il est indiqu\u00e9 pour tous les types de cheveux et plus particuli\u00e8rement pour les cuirs chevelus sensibles, fins et facilement irritables.  Les fonctions hydratante, apaisante et anti-radicalaire de Liperol\u00a0r\u00e9duisent physiologiquement la formation de pellicules. Pour un nettoyage quotidien d\u00e9licat et physiologique des cheveux cassants et fins. Pour ceux qui ne tol\u00e8rent pas les shampooings moussants courants \u00e0 base de tensioactifs.","og_url":"https:\/\/pharmadreams.shop\/index.php\/product\/liperol-huile-shampooing-150ml\/","og_site_name":"pharmadreams","article_modified_time":"2023-12-19T18:31:35+00:00","og_image":[{"width":2288,"height":2304,"url":"https:\/\/pharmadreams.shop\/wp-content\/uploads\/2023\/12\/liperol-OLIO.png","type":"image\/png"}],"twitter_card":"summary_large_image","schema":{"@context":"https:\/\/schema.org","@graph":[{"@type":"WebPage","@id":"https:\/\/pharmadreams.shop\/index.php\/product\/liperol-huile-shampooing-150ml\/","url":"https:\/\/pharmadreams.shop\/index.php\/product\/liperol-huile-shampooing-150ml\/","name":"Liperol huile shampooing 150ml - pharmadreams","isPartOf":{"@id":"https:\/\/pharmadreams.shop\/#website"},"primaryImageOfPage":{"@id":"https:\/\/pharmadreams.shop\/index.php\/product\/liperol-huile-shampooing-150ml\/#primaryimage"},"image":{"@id":"https:\/\/pharmadreams.shop\/index.php\/product\/liperol-huile-shampooing-150ml\/#primaryimage"},"thumbnailUrl":"https:\/\/pharmadreams.shop\/wp-content\/uploads\/2023\/12\/liperol-OLIO.png","datePublished":"2023-12-19T18:30:14+00:00","dateModified":"2023-12-19T18:31:35+00:00","breadcrumb":{"@id":"https:\/\/pharmadreams.shop\/index.php\/product\/liperol-huile-shampooing-150ml\/#breadcrumb"},"inLanguage":"fr-FR","potentialAction":[{"@type":"ReadAction","target":["https:\/\/pharmadreams.shop\/index.php\/product\/liperol-huile-shampooing-150ml\/"]}]},{"@type":"ImageObject","inLanguage":"fr-FR","@id":"https:\/\/pharmadreams.shop\/index.php\/product\/liperol-huile-shampooing-150ml\/#primaryimage","url":"https:\/\/pharmadreams.shop\/wp-content\/uploads\/2023\/12\/liperol-OLIO.png","contentUrl":"https:\/\/pharmadreams.shop\/wp-content\/uploads\/2023\/12\/liperol-OLIO.png","width":2288,"height":2304},{"@type":"BreadcrumbList","@id":"https:\/\/pharmadreams.shop\/index.php\/product\/liperol-huile-shampooing-150ml\/#breadcrumb","itemListElement":[{"@type":"ListItem","position":1,"name":"Accueil","item":"https:\/\/pharmadreams.shop\/"},{"@type":"ListItem","position":2,"name":"Shop","item":"https:\/\/pharmadreams.shop\/index.php\/shop\/"},{"@type":"ListItem","position":3,"name":"Liperol huile shampooing 150ml"}]},{"@type":"WebSite","@id":"https:\/\/pharmadreams.shop\/#website","url":"https:\/\/pharmadreams.shop\/","name":"pharmadreams","description":"Parapharmacie en ligne","potentialAction":[{"@type":"SearchAction","target":{"@type":"EntryPoint","urlTemplate":"https:\/\/pharmadreams.shop\/?s={search_term_string}"},"query-input":"required name=search_term_string"}],"inLanguage":"fr-FR"}]}},"_links":{"self":[{"href":"https:\/\/pharmadreams.shop\/index.php\/wp-json\/wp\/v2\/product\/16170","targetHints":{"allow":["GET"]}}],"collection":[{"href":"https:\/\/pharmadreams.shop\/index.php\/wp-json\/wp\/v2\/product"}],"about":[{"href":"https:\/\/pharmadreams.shop\/index.php\/wp-json\/wp\/v2\/types\/product"}],"replies":[{"embeddable":true,"href":"https:\/\/pharmadreams.shop\/index.php\/wp-json\/wp\/v2\/comments?post=16170"}],"version-history":[{"count":0,"href":"https:\/\/pharmadreams.shop\/index.php\/wp-json\/wp\/v2\/product\/16170\/revisions"}],"wp:featuredmedia":[{"embeddable":true,"href":"https:\/\/pharmadreams.shop\/index.php\/wp-json\/wp\/v2\/media\/16244"}],"wp:attachment":[{"href":"https:\/\/pharmadreams.shop\/index.php\/wp-json\/wp\/v2\/media?parent=16170"}],"wp:term":[{"taxonomy":"product_brand","embeddable":true,"href":"https:\/\/pharmadreams.shop\/index.php\/wp-json\/wp\/v2\/product_brand?post=16170"},{"taxonomy":"product_cat","embeddable":true,"href":"https:\/\/pharmadreams.shop\/index.php\/wp-json\/wp\/v2\/product_cat?post=16170"},{"taxonomy":"product_tag","embeddable":true,"href":"https:\/\/pharmadreams.shop\/index.php\/wp-json\/wp\/v2\/product_tag?post=16170"}],"curies":[{"name":"wp","href":"https:\/\/api.w.org\/{rel}","templated":true}]}}