{"id":16171,"date":"2023-12-19T19:30:15","date_gmt":"2023-12-19T18:30:15","guid":{"rendered":"https:\/\/venuspara.com\/?post_type=product&#038;p=16171"},"modified":"2023-12-19T19:31:38","modified_gmt":"2023-12-19T18:31:38","slug":"pharmaceris-p-gel-nettoyant-pour-le-corps-et-le-cuir-chevelu","status":"publish","type":"product","link":"https:\/\/pharmadreams.shop\/index.php\/product\/pharmaceris-p-gel-nettoyant-pour-le-corps-et-le-cuir-chevelu\/","title":{"rendered":"Pharmaceris p gel nettoyant pour le corps et le cuir chevelu"},"content":{"rendered":"","protected":false},"excerpt":{"rendered":"<ul>\n<li>Gel sp\u00e9cialis\u00e9 recommand\u00e9 pour le nettoyage quotidien du corps et du cuir chevelu avec l\u00e9sions psoriasiques et lors d\u2019exacerbations de dermatite atopique (DA).<\/li>\n<li>Recommand\u00e9 pour l\u2019exfoliation des couches excessives des squames et pour la pr\u00e9vention de la gravit\u00e9 et de la r\u00e9currence de l\u00e9sions psoriasiques.<\/li>\n<li>\u00c9galement recommand\u00e9 aux personnes pr\u00e9sentant une s\u00e9cheresse excessive de la peau, une sensation de tension, des d\u00e9mangeaisons et une desquamation de l\u2019\u00e9piderme<\/li>\n<\/ul>\n","protected":false},"featured_media":16246,"comment_status":"open","ping_status":"closed","template":"","meta":[],"product_brand":[],"product_cat":[28,113,114,98,79,80],"product_tag":[],"class_list":{"0":"post-16171","1":"product","2":"type-product","3":"status-publish","4":"has-post-thumbnail","6":"product_cat-corps","7":"product_cat-cuir-chevelu","8":"product_cat-gel","9":"product_cat-hydratation","10":"product_cat-peaux-seches","11":"product_cat-soins","13":"first","14":"instock","15":"shipping-taxable","16":"purchasable","17":"product-type-simple"},"yoast_head":"<!-- This site is optimized with the Yoast SEO plugin v23.0 - https:\/\/yoast.com\/wordpress\/plugins\/seo\/ -->\n<title>Pharmaceris p gel nettoyant pour le corps et le cuir chevelu - pharmadreams<\/title>\n<meta name=\"robots\" content=\"index, follow, max-snippet:-1, max-image-preview:large, max-video-preview:-1\" \/>\n<link rel=\"canonical\" href=\"https:\/\/pharmadreams.shop\/index.php\/product\/pharmaceris-p-gel-nettoyant-pour-le-corps-et-le-cuir-chevelu\/\" \/>\n<meta property=\"og:locale\" content=\"fr_FR\" \/>\n<meta property=\"og:type\" content=\"article\" \/>\n<meta property=\"og:title\" content=\"Pharmaceris p gel nettoyant pour le corps et le cuir chevelu - pharmadreams\" \/>\n<meta property=\"og:description\" content=\"Gel sp\u00e9cialis\u00e9 recommand\u00e9 pour le nettoyage quotidien du corps et du cuir chevelu avec l\u00e9sions psoriasiques et lors d\u2019exacerbations de dermatite atopique (DA).  Recommand\u00e9 pour l\u2019exfoliation des couches excessives des squames et pour la pr\u00e9vention de la gravit\u00e9 et de la r\u00e9currence de l\u00e9sions psoriasiques.  \u00c9galement recommand\u00e9 aux personnes pr\u00e9sentant une s\u00e9cheresse excessive de la peau, une sensation de tension, des d\u00e9mangeaisons et une desquamation de l\u2019\u00e9piderme\" \/>\n<meta property=\"og:url\" content=\"https:\/\/pharmadreams.shop\/index.php\/product\/pharmaceris-p-gel-nettoyant-pour-le-corps-et-le-cuir-chevelu\/\" \/>\n<meta property=\"og:site_name\" content=\"pharmadreams\" \/>\n<meta property=\"article:modified_time\" content=\"2023-12-19T18:31:38+00:00\" \/>\n<meta property=\"og:image\" content=\"https:\/\/pharmadreams.shop\/wp-content\/uploads\/2023\/12\/pharmaceris.png\" \/>\n\t<meta property=\"og:image:width\" content=\"1272\" \/>\n\t<meta property=\"og:image:height\" content=\"1320\" \/>\n\t<meta property=\"og:image:type\" content=\"image\/png\" \/>\n<meta name=\"twitter:card\" content=\"summary_large_image\" \/>\n<script type=\"application\/ld+json\" class=\"yoast-schema-graph\">{\"@context\":\"https:\/\/schema.org\",\"@graph\":[{\"@type\":\"WebPage\",\"@id\":\"https:\/\/pharmadreams.shop\/index.php\/product\/pharmaceris-p-gel-nettoyant-pour-le-corps-et-le-cuir-chevelu\/\",\"url\":\"https:\/\/pharmadreams.shop\/index.php\/product\/pharmaceris-p-gel-nettoyant-pour-le-corps-et-le-cuir-chevelu\/\",\"name\":\"Pharmaceris p gel nettoyant pour le corps et le cuir chevelu - pharmadreams\",\"isPartOf\":{\"@id\":\"https:\/\/pharmadreams.shop\/#website\"},\"primaryImageOfPage\":{\"@id\":\"https:\/\/pharmadreams.shop\/index.php\/product\/pharmaceris-p-gel-nettoyant-pour-le-corps-et-le-cuir-chevelu\/#primaryimage\"},\"image\":{\"@id\":\"https:\/\/pharmadreams.shop\/index.php\/product\/pharmaceris-p-gel-nettoyant-pour-le-corps-et-le-cuir-chevelu\/#primaryimage\"},\"thumbnailUrl\":\"https:\/\/pharmadreams.shop\/wp-content\/uploads\/2023\/12\/pharmaceris.png\",\"datePublished\":\"2023-12-19T18:30:15+00:00\",\"dateModified\":\"2023-12-19T18:31:38+00:00\",\"breadcrumb\":{\"@id\":\"https:\/\/pharmadreams.shop\/index.php\/product\/pharmaceris-p-gel-nettoyant-pour-le-corps-et-le-cuir-chevelu\/#breadcrumb\"},\"inLanguage\":\"fr-FR\",\"potentialAction\":[{\"@type\":\"ReadAction\",\"target\":[\"https:\/\/pharmadreams.shop\/index.php\/product\/pharmaceris-p-gel-nettoyant-pour-le-corps-et-le-cuir-chevelu\/\"]}]},{\"@type\":\"ImageObject\",\"inLanguage\":\"fr-FR\",\"@id\":\"https:\/\/pharmadreams.shop\/index.php\/product\/pharmaceris-p-gel-nettoyant-pour-le-corps-et-le-cuir-chevelu\/#primaryimage\",\"url\":\"https:\/\/pharmadreams.shop\/wp-content\/uploads\/2023\/12\/pharmaceris.png\",\"contentUrl\":\"https:\/\/pharmadreams.shop\/wp-content\/uploads\/2023\/12\/pharmaceris.png\",\"width\":1272,\"height\":1320},{\"@type\":\"BreadcrumbList\",\"@id\":\"https:\/\/pharmadreams.shop\/index.php\/product\/pharmaceris-p-gel-nettoyant-pour-le-corps-et-le-cuir-chevelu\/#breadcrumb\",\"itemListElement\":[{\"@type\":\"ListItem\",\"position\":1,\"name\":\"Accueil\",\"item\":\"https:\/\/pharmadreams.shop\/\"},{\"@type\":\"ListItem\",\"position\":2,\"name\":\"Shop\",\"item\":\"https:\/\/pharmadreams.shop\/index.php\/shop\/\"},{\"@type\":\"ListItem\",\"position\":3,\"name\":\"Pharmaceris p gel nettoyant pour le corps et le cuir chevelu\"}]},{\"@type\":\"WebSite\",\"@id\":\"https:\/\/pharmadreams.shop\/#website\",\"url\":\"https:\/\/pharmadreams.shop\/\",\"name\":\"pharmadreams\",\"description\":\"Parapharmacie en ligne\",\"potentialAction\":[{\"@type\":\"SearchAction\",\"target\":{\"@type\":\"EntryPoint\",\"urlTemplate\":\"https:\/\/pharmadreams.shop\/?s={search_term_string}\"},\"query-input\":\"required name=search_term_string\"}],\"inLanguage\":\"fr-FR\"}]}<\/script>\n<!-- \/ Yoast SEO plugin. -->","yoast_head_json":{"title":"Pharmaceris p gel nettoyant pour le corps et le cuir chevelu - pharmadreams","robots":{"index":"index","follow":"follow","max-snippet":"max-snippet:-1","max-image-preview":"max-image-preview:large","max-video-preview":"max-video-preview:-1"},"canonical":"https:\/\/pharmadreams.shop\/index.php\/product\/pharmaceris-p-gel-nettoyant-pour-le-corps-et-le-cuir-chevelu\/","og_locale":"fr_FR","og_type":"article","og_title":"Pharmaceris p gel nettoyant pour le corps et le cuir chevelu - pharmadreams","og_description":"Gel sp\u00e9cialis\u00e9 recommand\u00e9 pour le nettoyage quotidien du corps et du cuir chevelu avec l\u00e9sions psoriasiques et lors d\u2019exacerbations de dermatite atopique (DA).  Recommand\u00e9 pour l\u2019exfoliation des couches excessives des squames et pour la pr\u00e9vention de la gravit\u00e9 et de la r\u00e9currence de l\u00e9sions psoriasiques.  \u00c9galement recommand\u00e9 aux personnes pr\u00e9sentant une s\u00e9cheresse excessive de la peau, une sensation de tension, des d\u00e9mangeaisons et une desquamation de l\u2019\u00e9piderme","og_url":"https:\/\/pharmadreams.shop\/index.php\/product\/pharmaceris-p-gel-nettoyant-pour-le-corps-et-le-cuir-chevelu\/","og_site_name":"pharmadreams","article_modified_time":"2023-12-19T18:31:38+00:00","og_image":[{"width":1272,"height":1320,"url":"https:\/\/pharmadreams.shop\/wp-content\/uploads\/2023\/12\/pharmaceris.png","type":"image\/png"}],"twitter_card":"summary_large_image","schema":{"@context":"https:\/\/schema.org","@graph":[{"@type":"WebPage","@id":"https:\/\/pharmadreams.shop\/index.php\/product\/pharmaceris-p-gel-nettoyant-pour-le-corps-et-le-cuir-chevelu\/","url":"https:\/\/pharmadreams.shop\/index.php\/product\/pharmaceris-p-gel-nettoyant-pour-le-corps-et-le-cuir-chevelu\/","name":"Pharmaceris p gel nettoyant pour le corps et le cuir chevelu - pharmadreams","isPartOf":{"@id":"https:\/\/pharmadreams.shop\/#website"},"primaryImageOfPage":{"@id":"https:\/\/pharmadreams.shop\/index.php\/product\/pharmaceris-p-gel-nettoyant-pour-le-corps-et-le-cuir-chevelu\/#primaryimage"},"image":{"@id":"https:\/\/pharmadreams.shop\/index.php\/product\/pharmaceris-p-gel-nettoyant-pour-le-corps-et-le-cuir-chevelu\/#primaryimage"},"thumbnailUrl":"https:\/\/pharmadreams.shop\/wp-content\/uploads\/2023\/12\/pharmaceris.png","datePublished":"2023-12-19T18:30:15+00:00","dateModified":"2023-12-19T18:31:38+00:00","breadcrumb":{"@id":"https:\/\/pharmadreams.shop\/index.php\/product\/pharmaceris-p-gel-nettoyant-pour-le-corps-et-le-cuir-chevelu\/#breadcrumb"},"inLanguage":"fr-FR","potentialAction":[{"@type":"ReadAction","target":["https:\/\/pharmadreams.shop\/index.php\/product\/pharmaceris-p-gel-nettoyant-pour-le-corps-et-le-cuir-chevelu\/"]}]},{"@type":"ImageObject","inLanguage":"fr-FR","@id":"https:\/\/pharmadreams.shop\/index.php\/product\/pharmaceris-p-gel-nettoyant-pour-le-corps-et-le-cuir-chevelu\/#primaryimage","url":"https:\/\/pharmadreams.shop\/wp-content\/uploads\/2023\/12\/pharmaceris.png","contentUrl":"https:\/\/pharmadreams.shop\/wp-content\/uploads\/2023\/12\/pharmaceris.png","width":1272,"height":1320},{"@type":"BreadcrumbList","@id":"https:\/\/pharmadreams.shop\/index.php\/product\/pharmaceris-p-gel-nettoyant-pour-le-corps-et-le-cuir-chevelu\/#breadcrumb","itemListElement":[{"@type":"ListItem","position":1,"name":"Accueil","item":"https:\/\/pharmadreams.shop\/"},{"@type":"ListItem","position":2,"name":"Shop","item":"https:\/\/pharmadreams.shop\/index.php\/shop\/"},{"@type":"ListItem","position":3,"name":"Pharmaceris p gel nettoyant pour le corps et le cuir chevelu"}]},{"@type":"WebSite","@id":"https:\/\/pharmadreams.shop\/#website","url":"https:\/\/pharmadreams.shop\/","name":"pharmadreams","description":"Parapharmacie en ligne","potentialAction":[{"@type":"SearchAction","target":{"@type":"EntryPoint","urlTemplate":"https:\/\/pharmadreams.shop\/?s={search_term_string}"},"query-input":"required name=search_term_string"}],"inLanguage":"fr-FR"}]}},"_links":{"self":[{"href":"https:\/\/pharmadreams.shop\/index.php\/wp-json\/wp\/v2\/product\/16171","targetHints":{"allow":["GET"]}}],"collection":[{"href":"https:\/\/pharmadreams.shop\/index.php\/wp-json\/wp\/v2\/product"}],"about":[{"href":"https:\/\/pharmadreams.shop\/index.php\/wp-json\/wp\/v2\/types\/product"}],"replies":[{"embeddable":true,"href":"https:\/\/pharmadreams.shop\/index.php\/wp-json\/wp\/v2\/comments?post=16171"}],"version-history":[{"count":0,"href":"https:\/\/pharmadreams.shop\/index.php\/wp-json\/wp\/v2\/product\/16171\/revisions"}],"wp:featuredmedia":[{"embeddable":true,"href":"https:\/\/pharmadreams.shop\/index.php\/wp-json\/wp\/v2\/media\/16246"}],"wp:attachment":[{"href":"https:\/\/pharmadreams.shop\/index.php\/wp-json\/wp\/v2\/media?parent=16171"}],"wp:term":[{"taxonomy":"product_brand","embeddable":true,"href":"https:\/\/pharmadreams.shop\/index.php\/wp-json\/wp\/v2\/product_brand?post=16171"},{"taxonomy":"product_cat","embeddable":true,"href":"https:\/\/pharmadreams.shop\/index.php\/wp-json\/wp\/v2\/product_cat?post=16171"},{"taxonomy":"product_tag","embeddable":true,"href":"https:\/\/pharmadreams.shop\/index.php\/wp-json\/wp\/v2\/product_tag?post=16171"}],"curies":[{"name":"wp","href":"https:\/\/api.w.org\/{rel}","templated":true}]}}