{"id":16172,"date":"2023-12-19T19:30:15","date_gmt":"2023-12-19T18:30:15","guid":{"rendered":"https:\/\/venuspara.com\/?post_type=product&#038;p=16172"},"modified":"2023-12-19T19:31:40","modified_gmt":"2023-12-19T18:31:40","slug":"ducray-neoptide-lotion-antichute-femmes-3-flacons-spray-30ml","status":"publish","type":"product","link":"https:\/\/pharmadreams.shop\/index.php\/product\/ducray-neoptide-lotion-antichute-femmes-3-flacons-spray-30ml\/","title":{"rendered":"Ducray neoptide lotion antichute femmes 3 flacons spray 30ml"},"content":{"rendered":"","protected":false},"excerpt":{"rendered":"<div class=\"row\">\n<div class=\"tabs\">\n<div id=\"tab-content\" class=\"tab-content\">\n<div id=\"description\" class=\"tab-pane fade in active\" role=\"tabpanel\">\n<div class=\"product-description\">\n<p>Ducray neoptide Lotion anti-chute femmes Gr\u00e2ce \u00e0 son action cibl\u00e9e sur la phase de croissance du cheveu chez les femmes, cette lotion stimulante freine la chute des cheveux et stimule leur croissance. Sa texture l\u00e9g\u00e8re permet un usage quotidien sans graisser les cheveux. La perte de cheveux chronique se caract\u00e9rise par une diminution progressive de la masse capillaire. Moins connue chez les femmes que chez les hommes, la chute de cheveux chronique est un ph\u00e9nom\u00e8ne en nette augmentation ces derni\u00e8res ann\u00e9es. Progressive, la chute des cheveux chronique est particuli\u00e8rement difficile \u00e0 vivre pour les femmes. Son retentissement psychologique est important&#8230; Un traitement local sp\u00e9cifiquement con\u00e7u pour les femmes doit \u00eatre envisag\u00e9. R\u00e9sultats : Croissance : +75%* Cheveux souples et doux Bonne tol\u00e9rance<\/p>\n<\/div>\n<\/div>\n<\/div>\n<\/div>\n<\/div>\n<p id=\"loyalty_product\" class=\"align_justify\">\n","protected":false},"featured_media":16248,"comment_status":"open","ping_status":"closed","template":"","meta":[],"product_brand":[],"product_cat":[116,112],"product_tag":[],"class_list":{"0":"post-16172","1":"product","2":"type-product","3":"status-publish","4":"has-post-thumbnail","6":"product_cat-anti-chute-anti-chute","7":"product_cat-traitement-cheveux","9":"first","10":"instock","11":"shipping-taxable","12":"purchasable","13":"product-type-simple"},"yoast_head":"<!-- This site is optimized with the Yoast SEO plugin v23.0 - https:\/\/yoast.com\/wordpress\/plugins\/seo\/ -->\n<title>Ducray neoptide lotion antichute femmes 3 flacons spray 30ml - pharmadreams<\/title>\n<meta name=\"robots\" content=\"index, follow, max-snippet:-1, max-image-preview:large, max-video-preview:-1\" \/>\n<link rel=\"canonical\" href=\"https:\/\/pharmadreams.shop\/index.php\/product\/ducray-neoptide-lotion-antichute-femmes-3-flacons-spray-30ml\/\" \/>\n<meta property=\"og:locale\" content=\"fr_FR\" \/>\n<meta property=\"og:type\" content=\"article\" \/>\n<meta property=\"og:title\" content=\"Ducray neoptide lotion antichute femmes 3 flacons spray 30ml - pharmadreams\" \/>\n<meta property=\"og:description\" content=\"Ducray neoptide Lotion anti-chute femmes Gr\u00e2ce \u00e0 son action cibl\u00e9e sur la phase de croissance du cheveu chez les femmes, cette lotion stimulante freine la chute des cheveux et stimule leur croissance. Sa texture l\u00e9g\u00e8re permet un usage quotidien sans graisser les cheveux. La perte de cheveux chronique se caract\u00e9rise par une diminution progressive de la masse capillaire. Moins connue chez les femmes que chez les hommes, la chute de cheveux chronique est un ph\u00e9nom\u00e8ne en nette augmentation ces derni\u00e8res ann\u00e9es. Progressive, la chute des cheveux chronique est particuli\u00e8rement difficile \u00e0 vivre pour les femmes. Son retentissement psychologique est important... Un traitement local sp\u00e9cifiquement con\u00e7u pour les femmes doit \u00eatre envisag\u00e9. R\u00e9sultats : Croissance : +75%* Cheveux souples et doux Bonne tol\u00e9rance\" \/>\n<meta property=\"og:url\" content=\"https:\/\/pharmadreams.shop\/index.php\/product\/ducray-neoptide-lotion-antichute-femmes-3-flacons-spray-30ml\/\" \/>\n<meta property=\"og:site_name\" content=\"pharmadreams\" \/>\n<meta property=\"article:modified_time\" content=\"2023-12-19T18:31:40+00:00\" \/>\n<meta property=\"og:image\" content=\"https:\/\/pharmadreams.shop\/wp-content\/uploads\/2023\/12\/ducray-3.png\" \/>\n\t<meta property=\"og:image:width\" content=\"1232\" \/>\n\t<meta property=\"og:image:height\" content=\"1144\" \/>\n\t<meta property=\"og:image:type\" content=\"image\/png\" \/>\n<meta name=\"twitter:card\" content=\"summary_large_image\" \/>\n<script type=\"application\/ld+json\" class=\"yoast-schema-graph\">{\"@context\":\"https:\/\/schema.org\",\"@graph\":[{\"@type\":\"WebPage\",\"@id\":\"https:\/\/pharmadreams.shop\/index.php\/product\/ducray-neoptide-lotion-antichute-femmes-3-flacons-spray-30ml\/\",\"url\":\"https:\/\/pharmadreams.shop\/index.php\/product\/ducray-neoptide-lotion-antichute-femmes-3-flacons-spray-30ml\/\",\"name\":\"Ducray neoptide lotion antichute femmes 3 flacons spray 30ml - pharmadreams\",\"isPartOf\":{\"@id\":\"https:\/\/pharmadreams.shop\/#website\"},\"primaryImageOfPage\":{\"@id\":\"https:\/\/pharmadreams.shop\/index.php\/product\/ducray-neoptide-lotion-antichute-femmes-3-flacons-spray-30ml\/#primaryimage\"},\"image\":{\"@id\":\"https:\/\/pharmadreams.shop\/index.php\/product\/ducray-neoptide-lotion-antichute-femmes-3-flacons-spray-30ml\/#primaryimage\"},\"thumbnailUrl\":\"https:\/\/pharmadreams.shop\/wp-content\/uploads\/2023\/12\/ducray-3.png\",\"datePublished\":\"2023-12-19T18:30:15+00:00\",\"dateModified\":\"2023-12-19T18:31:40+00:00\",\"breadcrumb\":{\"@id\":\"https:\/\/pharmadreams.shop\/index.php\/product\/ducray-neoptide-lotion-antichute-femmes-3-flacons-spray-30ml\/#breadcrumb\"},\"inLanguage\":\"fr-FR\",\"potentialAction\":[{\"@type\":\"ReadAction\",\"target\":[\"https:\/\/pharmadreams.shop\/index.php\/product\/ducray-neoptide-lotion-antichute-femmes-3-flacons-spray-30ml\/\"]}]},{\"@type\":\"ImageObject\",\"inLanguage\":\"fr-FR\",\"@id\":\"https:\/\/pharmadreams.shop\/index.php\/product\/ducray-neoptide-lotion-antichute-femmes-3-flacons-spray-30ml\/#primaryimage\",\"url\":\"https:\/\/pharmadreams.shop\/wp-content\/uploads\/2023\/12\/ducray-3.png\",\"contentUrl\":\"https:\/\/pharmadreams.shop\/wp-content\/uploads\/2023\/12\/ducray-3.png\",\"width\":1232,\"height\":1144},{\"@type\":\"BreadcrumbList\",\"@id\":\"https:\/\/pharmadreams.shop\/index.php\/product\/ducray-neoptide-lotion-antichute-femmes-3-flacons-spray-30ml\/#breadcrumb\",\"itemListElement\":[{\"@type\":\"ListItem\",\"position\":1,\"name\":\"Accueil\",\"item\":\"https:\/\/pharmadreams.shop\/\"},{\"@type\":\"ListItem\",\"position\":2,\"name\":\"Shop\",\"item\":\"https:\/\/pharmadreams.shop\/index.php\/shop\/\"},{\"@type\":\"ListItem\",\"position\":3,\"name\":\"Ducray neoptide lotion antichute femmes 3 flacons spray 30ml\"}]},{\"@type\":\"WebSite\",\"@id\":\"https:\/\/pharmadreams.shop\/#website\",\"url\":\"https:\/\/pharmadreams.shop\/\",\"name\":\"pharmadreams\",\"description\":\"Parapharmacie en ligne\",\"potentialAction\":[{\"@type\":\"SearchAction\",\"target\":{\"@type\":\"EntryPoint\",\"urlTemplate\":\"https:\/\/pharmadreams.shop\/?s={search_term_string}\"},\"query-input\":\"required name=search_term_string\"}],\"inLanguage\":\"fr-FR\"}]}<\/script>\n<!-- \/ Yoast SEO plugin. -->","yoast_head_json":{"title":"Ducray neoptide lotion antichute femmes 3 flacons spray 30ml - pharmadreams","robots":{"index":"index","follow":"follow","max-snippet":"max-snippet:-1","max-image-preview":"max-image-preview:large","max-video-preview":"max-video-preview:-1"},"canonical":"https:\/\/pharmadreams.shop\/index.php\/product\/ducray-neoptide-lotion-antichute-femmes-3-flacons-spray-30ml\/","og_locale":"fr_FR","og_type":"article","og_title":"Ducray neoptide lotion antichute femmes 3 flacons spray 30ml - pharmadreams","og_description":"Ducray neoptide Lotion anti-chute femmes Gr\u00e2ce \u00e0 son action cibl\u00e9e sur la phase de croissance du cheveu chez les femmes, cette lotion stimulante freine la chute des cheveux et stimule leur croissance. Sa texture l\u00e9g\u00e8re permet un usage quotidien sans graisser les cheveux. La perte de cheveux chronique se caract\u00e9rise par une diminution progressive de la masse capillaire. Moins connue chez les femmes que chez les hommes, la chute de cheveux chronique est un ph\u00e9nom\u00e8ne en nette augmentation ces derni\u00e8res ann\u00e9es. Progressive, la chute des cheveux chronique est particuli\u00e8rement difficile \u00e0 vivre pour les femmes. Son retentissement psychologique est important... Un traitement local sp\u00e9cifiquement con\u00e7u pour les femmes doit \u00eatre envisag\u00e9. R\u00e9sultats : Croissance : +75%* Cheveux souples et doux Bonne tol\u00e9rance","og_url":"https:\/\/pharmadreams.shop\/index.php\/product\/ducray-neoptide-lotion-antichute-femmes-3-flacons-spray-30ml\/","og_site_name":"pharmadreams","article_modified_time":"2023-12-19T18:31:40+00:00","og_image":[{"width":1232,"height":1144,"url":"https:\/\/pharmadreams.shop\/wp-content\/uploads\/2023\/12\/ducray-3.png","type":"image\/png"}],"twitter_card":"summary_large_image","schema":{"@context":"https:\/\/schema.org","@graph":[{"@type":"WebPage","@id":"https:\/\/pharmadreams.shop\/index.php\/product\/ducray-neoptide-lotion-antichute-femmes-3-flacons-spray-30ml\/","url":"https:\/\/pharmadreams.shop\/index.php\/product\/ducray-neoptide-lotion-antichute-femmes-3-flacons-spray-30ml\/","name":"Ducray neoptide lotion antichute femmes 3 flacons spray 30ml - pharmadreams","isPartOf":{"@id":"https:\/\/pharmadreams.shop\/#website"},"primaryImageOfPage":{"@id":"https:\/\/pharmadreams.shop\/index.php\/product\/ducray-neoptide-lotion-antichute-femmes-3-flacons-spray-30ml\/#primaryimage"},"image":{"@id":"https:\/\/pharmadreams.shop\/index.php\/product\/ducray-neoptide-lotion-antichute-femmes-3-flacons-spray-30ml\/#primaryimage"},"thumbnailUrl":"https:\/\/pharmadreams.shop\/wp-content\/uploads\/2023\/12\/ducray-3.png","datePublished":"2023-12-19T18:30:15+00:00","dateModified":"2023-12-19T18:31:40+00:00","breadcrumb":{"@id":"https:\/\/pharmadreams.shop\/index.php\/product\/ducray-neoptide-lotion-antichute-femmes-3-flacons-spray-30ml\/#breadcrumb"},"inLanguage":"fr-FR","potentialAction":[{"@type":"ReadAction","target":["https:\/\/pharmadreams.shop\/index.php\/product\/ducray-neoptide-lotion-antichute-femmes-3-flacons-spray-30ml\/"]}]},{"@type":"ImageObject","inLanguage":"fr-FR","@id":"https:\/\/pharmadreams.shop\/index.php\/product\/ducray-neoptide-lotion-antichute-femmes-3-flacons-spray-30ml\/#primaryimage","url":"https:\/\/pharmadreams.shop\/wp-content\/uploads\/2023\/12\/ducray-3.png","contentUrl":"https:\/\/pharmadreams.shop\/wp-content\/uploads\/2023\/12\/ducray-3.png","width":1232,"height":1144},{"@type":"BreadcrumbList","@id":"https:\/\/pharmadreams.shop\/index.php\/product\/ducray-neoptide-lotion-antichute-femmes-3-flacons-spray-30ml\/#breadcrumb","itemListElement":[{"@type":"ListItem","position":1,"name":"Accueil","item":"https:\/\/pharmadreams.shop\/"},{"@type":"ListItem","position":2,"name":"Shop","item":"https:\/\/pharmadreams.shop\/index.php\/shop\/"},{"@type":"ListItem","position":3,"name":"Ducray neoptide lotion antichute femmes 3 flacons spray 30ml"}]},{"@type":"WebSite","@id":"https:\/\/pharmadreams.shop\/#website","url":"https:\/\/pharmadreams.shop\/","name":"pharmadreams","description":"Parapharmacie en ligne","potentialAction":[{"@type":"SearchAction","target":{"@type":"EntryPoint","urlTemplate":"https:\/\/pharmadreams.shop\/?s={search_term_string}"},"query-input":"required name=search_term_string"}],"inLanguage":"fr-FR"}]}},"_links":{"self":[{"href":"https:\/\/pharmadreams.shop\/index.php\/wp-json\/wp\/v2\/product\/16172","targetHints":{"allow":["GET"]}}],"collection":[{"href":"https:\/\/pharmadreams.shop\/index.php\/wp-json\/wp\/v2\/product"}],"about":[{"href":"https:\/\/pharmadreams.shop\/index.php\/wp-json\/wp\/v2\/types\/product"}],"replies":[{"embeddable":true,"href":"https:\/\/pharmadreams.shop\/index.php\/wp-json\/wp\/v2\/comments?post=16172"}],"version-history":[{"count":0,"href":"https:\/\/pharmadreams.shop\/index.php\/wp-json\/wp\/v2\/product\/16172\/revisions"}],"wp:featuredmedia":[{"embeddable":true,"href":"https:\/\/pharmadreams.shop\/index.php\/wp-json\/wp\/v2\/media\/16248"}],"wp:attachment":[{"href":"https:\/\/pharmadreams.shop\/index.php\/wp-json\/wp\/v2\/media?parent=16172"}],"wp:term":[{"taxonomy":"product_brand","embeddable":true,"href":"https:\/\/pharmadreams.shop\/index.php\/wp-json\/wp\/v2\/product_brand?post=16172"},{"taxonomy":"product_cat","embeddable":true,"href":"https:\/\/pharmadreams.shop\/index.php\/wp-json\/wp\/v2\/product_cat?post=16172"},{"taxonomy":"product_tag","embeddable":true,"href":"https:\/\/pharmadreams.shop\/index.php\/wp-json\/wp\/v2\/product_tag?post=16172"}],"curies":[{"name":"wp","href":"https:\/\/api.w.org\/{rel}","templated":true}]}}