{"id":16173,"date":"2023-12-19T19:30:15","date_gmt":"2023-12-19T18:30:15","guid":{"rendered":"https:\/\/venuspara.com\/?post_type=product&#038;p=16173"},"modified":"2023-12-19T19:31:44","modified_gmt":"2023-12-19T18:31:44","slug":"phyto-phytolium-shampooing-stimulant-antichute-250ml","status":"publish","type":"product","link":"https:\/\/pharmadreams.shop\/index.php\/product\/phyto-phytolium-shampooing-stimulant-antichute-250ml\/","title":{"rendered":"Phyto phytolium+ shampooing stimulant antichute 250ML"},"content":{"rendered":"","protected":false},"excerpt":{"rendered":"<p>PHYTO PHYTOLIUM SHAMPOOING STIMULANT avec une formule compl\u00e8te et originale 82% naturelle\u00a0stimule le cuir chevelu pour relancer la circulation gr\u00e2ce \u00e0 ses propri\u00e9t\u00e9s antichute, renforce la racine des cheveux et facilite l&rsquo;activit\u00e9 de regneration des cheveux.<\/p>\n<p>Sa texture fluide, translucide, se masse et se transforme en une mousse onctueuse.<\/p>\n<p>Son effet froid revigorant vivifie le cuir chevelu pour le pr\u00e9parer \u00e0 recevoir pleinement le Traitement Antichute PHYTOLIUM+<\/p>\n","protected":false},"featured_media":16250,"comment_status":"open","ping_status":"closed","template":"","meta":[],"product_brand":[],"product_cat":[116,82,110],"product_tag":[],"class_list":{"0":"post-16173","1":"product","2":"type-product","3":"status-publish","4":"has-post-thumbnail","6":"product_cat-anti-chute-anti-chute","7":"product_cat-shampooing","8":"product_cat-soin-cheveux","10":"first","11":"instock","12":"shipping-taxable","13":"purchasable","14":"product-type-simple"},"yoast_head":"<!-- This site is optimized with the Yoast SEO plugin v23.0 - https:\/\/yoast.com\/wordpress\/plugins\/seo\/ -->\n<title>Phyto phytolium+ shampooing stimulant antichute 250ML - pharmadreams<\/title>\n<meta name=\"robots\" content=\"index, follow, max-snippet:-1, max-image-preview:large, max-video-preview:-1\" \/>\n<link rel=\"canonical\" href=\"https:\/\/pharmadreams.shop\/index.php\/product\/phyto-phytolium-shampooing-stimulant-antichute-250ml\/\" \/>\n<meta property=\"og:locale\" content=\"fr_FR\" \/>\n<meta property=\"og:type\" content=\"article\" \/>\n<meta property=\"og:title\" content=\"Phyto phytolium+ shampooing stimulant antichute 250ML - pharmadreams\" \/>\n<meta property=\"og:description\" content=\"PHYTO PHYTOLIUM SHAMPOOING STIMULANT avec une formule compl\u00e8te et originale 82% naturelle\u00a0stimule le cuir chevelu pour relancer la circulation gr\u00e2ce \u00e0 ses propri\u00e9t\u00e9s antichute, renforce la racine des cheveux et facilite l&#039;activit\u00e9 de regneration des cheveux.  Sa texture fluide, translucide, se masse et se transforme en une mousse onctueuse.  Son effet froid revigorant vivifie le cuir chevelu pour le pr\u00e9parer \u00e0 recevoir pleinement le Traitement Antichute PHYTOLIUM+\" \/>\n<meta property=\"og:url\" content=\"https:\/\/pharmadreams.shop\/index.php\/product\/phyto-phytolium-shampooing-stimulant-antichute-250ml\/\" \/>\n<meta property=\"og:site_name\" content=\"pharmadreams\" \/>\n<meta property=\"article:modified_time\" content=\"2023-12-19T18:31:44+00:00\" \/>\n<meta property=\"og:image\" content=\"https:\/\/pharmadreams.shop\/wp-content\/uploads\/2023\/12\/phyto.png\" \/>\n\t<meta property=\"og:image:width\" content=\"1648\" \/>\n\t<meta property=\"og:image:height\" content=\"2224\" \/>\n\t<meta property=\"og:image:type\" content=\"image\/png\" \/>\n<meta name=\"twitter:card\" content=\"summary_large_image\" \/>\n<script type=\"application\/ld+json\" class=\"yoast-schema-graph\">{\"@context\":\"https:\/\/schema.org\",\"@graph\":[{\"@type\":\"WebPage\",\"@id\":\"https:\/\/pharmadreams.shop\/index.php\/product\/phyto-phytolium-shampooing-stimulant-antichute-250ml\/\",\"url\":\"https:\/\/pharmadreams.shop\/index.php\/product\/phyto-phytolium-shampooing-stimulant-antichute-250ml\/\",\"name\":\"Phyto phytolium+ shampooing stimulant antichute 250ML - pharmadreams\",\"isPartOf\":{\"@id\":\"https:\/\/pharmadreams.shop\/#website\"},\"primaryImageOfPage\":{\"@id\":\"https:\/\/pharmadreams.shop\/index.php\/product\/phyto-phytolium-shampooing-stimulant-antichute-250ml\/#primaryimage\"},\"image\":{\"@id\":\"https:\/\/pharmadreams.shop\/index.php\/product\/phyto-phytolium-shampooing-stimulant-antichute-250ml\/#primaryimage\"},\"thumbnailUrl\":\"https:\/\/pharmadreams.shop\/wp-content\/uploads\/2023\/12\/phyto.png\",\"datePublished\":\"2023-12-19T18:30:15+00:00\",\"dateModified\":\"2023-12-19T18:31:44+00:00\",\"breadcrumb\":{\"@id\":\"https:\/\/pharmadreams.shop\/index.php\/product\/phyto-phytolium-shampooing-stimulant-antichute-250ml\/#breadcrumb\"},\"inLanguage\":\"fr-FR\",\"potentialAction\":[{\"@type\":\"ReadAction\",\"target\":[\"https:\/\/pharmadreams.shop\/index.php\/product\/phyto-phytolium-shampooing-stimulant-antichute-250ml\/\"]}]},{\"@type\":\"ImageObject\",\"inLanguage\":\"fr-FR\",\"@id\":\"https:\/\/pharmadreams.shop\/index.php\/product\/phyto-phytolium-shampooing-stimulant-antichute-250ml\/#primaryimage\",\"url\":\"https:\/\/pharmadreams.shop\/wp-content\/uploads\/2023\/12\/phyto.png\",\"contentUrl\":\"https:\/\/pharmadreams.shop\/wp-content\/uploads\/2023\/12\/phyto.png\",\"width\":1648,\"height\":2224},{\"@type\":\"BreadcrumbList\",\"@id\":\"https:\/\/pharmadreams.shop\/index.php\/product\/phyto-phytolium-shampooing-stimulant-antichute-250ml\/#breadcrumb\",\"itemListElement\":[{\"@type\":\"ListItem\",\"position\":1,\"name\":\"Accueil\",\"item\":\"https:\/\/pharmadreams.shop\/\"},{\"@type\":\"ListItem\",\"position\":2,\"name\":\"Shop\",\"item\":\"https:\/\/pharmadreams.shop\/index.php\/shop\/\"},{\"@type\":\"ListItem\",\"position\":3,\"name\":\"Phyto phytolium+ shampooing stimulant antichute 250ML\"}]},{\"@type\":\"WebSite\",\"@id\":\"https:\/\/pharmadreams.shop\/#website\",\"url\":\"https:\/\/pharmadreams.shop\/\",\"name\":\"pharmadreams\",\"description\":\"Parapharmacie en ligne\",\"potentialAction\":[{\"@type\":\"SearchAction\",\"target\":{\"@type\":\"EntryPoint\",\"urlTemplate\":\"https:\/\/pharmadreams.shop\/?s={search_term_string}\"},\"query-input\":\"required name=search_term_string\"}],\"inLanguage\":\"fr-FR\"}]}<\/script>\n<!-- \/ Yoast SEO plugin. -->","yoast_head_json":{"title":"Phyto phytolium+ shampooing stimulant antichute 250ML - pharmadreams","robots":{"index":"index","follow":"follow","max-snippet":"max-snippet:-1","max-image-preview":"max-image-preview:large","max-video-preview":"max-video-preview:-1"},"canonical":"https:\/\/pharmadreams.shop\/index.php\/product\/phyto-phytolium-shampooing-stimulant-antichute-250ml\/","og_locale":"fr_FR","og_type":"article","og_title":"Phyto phytolium+ shampooing stimulant antichute 250ML - pharmadreams","og_description":"PHYTO PHYTOLIUM SHAMPOOING STIMULANT avec une formule compl\u00e8te et originale 82% naturelle\u00a0stimule le cuir chevelu pour relancer la circulation gr\u00e2ce \u00e0 ses propri\u00e9t\u00e9s antichute, renforce la racine des cheveux et facilite l'activit\u00e9 de regneration des cheveux.  Sa texture fluide, translucide, se masse et se transforme en une mousse onctueuse.  Son effet froid revigorant vivifie le cuir chevelu pour le pr\u00e9parer \u00e0 recevoir pleinement le Traitement Antichute PHYTOLIUM+","og_url":"https:\/\/pharmadreams.shop\/index.php\/product\/phyto-phytolium-shampooing-stimulant-antichute-250ml\/","og_site_name":"pharmadreams","article_modified_time":"2023-12-19T18:31:44+00:00","og_image":[{"width":1648,"height":2224,"url":"https:\/\/pharmadreams.shop\/wp-content\/uploads\/2023\/12\/phyto.png","type":"image\/png"}],"twitter_card":"summary_large_image","schema":{"@context":"https:\/\/schema.org","@graph":[{"@type":"WebPage","@id":"https:\/\/pharmadreams.shop\/index.php\/product\/phyto-phytolium-shampooing-stimulant-antichute-250ml\/","url":"https:\/\/pharmadreams.shop\/index.php\/product\/phyto-phytolium-shampooing-stimulant-antichute-250ml\/","name":"Phyto phytolium+ shampooing stimulant antichute 250ML - pharmadreams","isPartOf":{"@id":"https:\/\/pharmadreams.shop\/#website"},"primaryImageOfPage":{"@id":"https:\/\/pharmadreams.shop\/index.php\/product\/phyto-phytolium-shampooing-stimulant-antichute-250ml\/#primaryimage"},"image":{"@id":"https:\/\/pharmadreams.shop\/index.php\/product\/phyto-phytolium-shampooing-stimulant-antichute-250ml\/#primaryimage"},"thumbnailUrl":"https:\/\/pharmadreams.shop\/wp-content\/uploads\/2023\/12\/phyto.png","datePublished":"2023-12-19T18:30:15+00:00","dateModified":"2023-12-19T18:31:44+00:00","breadcrumb":{"@id":"https:\/\/pharmadreams.shop\/index.php\/product\/phyto-phytolium-shampooing-stimulant-antichute-250ml\/#breadcrumb"},"inLanguage":"fr-FR","potentialAction":[{"@type":"ReadAction","target":["https:\/\/pharmadreams.shop\/index.php\/product\/phyto-phytolium-shampooing-stimulant-antichute-250ml\/"]}]},{"@type":"ImageObject","inLanguage":"fr-FR","@id":"https:\/\/pharmadreams.shop\/index.php\/product\/phyto-phytolium-shampooing-stimulant-antichute-250ml\/#primaryimage","url":"https:\/\/pharmadreams.shop\/wp-content\/uploads\/2023\/12\/phyto.png","contentUrl":"https:\/\/pharmadreams.shop\/wp-content\/uploads\/2023\/12\/phyto.png","width":1648,"height":2224},{"@type":"BreadcrumbList","@id":"https:\/\/pharmadreams.shop\/index.php\/product\/phyto-phytolium-shampooing-stimulant-antichute-250ml\/#breadcrumb","itemListElement":[{"@type":"ListItem","position":1,"name":"Accueil","item":"https:\/\/pharmadreams.shop\/"},{"@type":"ListItem","position":2,"name":"Shop","item":"https:\/\/pharmadreams.shop\/index.php\/shop\/"},{"@type":"ListItem","position":3,"name":"Phyto phytolium+ shampooing stimulant antichute 250ML"}]},{"@type":"WebSite","@id":"https:\/\/pharmadreams.shop\/#website","url":"https:\/\/pharmadreams.shop\/","name":"pharmadreams","description":"Parapharmacie en ligne","potentialAction":[{"@type":"SearchAction","target":{"@type":"EntryPoint","urlTemplate":"https:\/\/pharmadreams.shop\/?s={search_term_string}"},"query-input":"required name=search_term_string"}],"inLanguage":"fr-FR"}]}},"_links":{"self":[{"href":"https:\/\/pharmadreams.shop\/index.php\/wp-json\/wp\/v2\/product\/16173","targetHints":{"allow":["GET"]}}],"collection":[{"href":"https:\/\/pharmadreams.shop\/index.php\/wp-json\/wp\/v2\/product"}],"about":[{"href":"https:\/\/pharmadreams.shop\/index.php\/wp-json\/wp\/v2\/types\/product"}],"replies":[{"embeddable":true,"href":"https:\/\/pharmadreams.shop\/index.php\/wp-json\/wp\/v2\/comments?post=16173"}],"version-history":[{"count":0,"href":"https:\/\/pharmadreams.shop\/index.php\/wp-json\/wp\/v2\/product\/16173\/revisions"}],"wp:featuredmedia":[{"embeddable":true,"href":"https:\/\/pharmadreams.shop\/index.php\/wp-json\/wp\/v2\/media\/16250"}],"wp:attachment":[{"href":"https:\/\/pharmadreams.shop\/index.php\/wp-json\/wp\/v2\/media?parent=16173"}],"wp:term":[{"taxonomy":"product_brand","embeddable":true,"href":"https:\/\/pharmadreams.shop\/index.php\/wp-json\/wp\/v2\/product_brand?post=16173"},{"taxonomy":"product_cat","embeddable":true,"href":"https:\/\/pharmadreams.shop\/index.php\/wp-json\/wp\/v2\/product_cat?post=16173"},{"taxonomy":"product_tag","embeddable":true,"href":"https:\/\/pharmadreams.shop\/index.php\/wp-json\/wp\/v2\/product_tag?post=16173"}],"curies":[{"name":"wp","href":"https:\/\/api.w.org\/{rel}","templated":true}]}}