{"id":16174,"date":"2023-12-19T19:30:15","date_gmt":"2023-12-19T18:30:15","guid":{"rendered":"https:\/\/venuspara.com\/?post_type=product&#038;p=16174"},"modified":"2023-12-19T19:31:46","modified_gmt":"2023-12-19T18:31:46","slug":"phyto-phyto-panama-shampooing-traitant-equilibrant-250ml","status":"publish","type":"product","link":"https:\/\/pharmadreams.shop\/index.php\/product\/phyto-phyto-panama-shampooing-traitant-equilibrant-250ml\/","title":{"rendered":"Phyto phyto panama shampooing traitant \u00e9quilibrant 250ml"},"content":{"rendered":"","protected":false},"excerpt":{"rendered":"<p>PHYTOPANAMA Shampoing Traitant Equilibrant est un soin \u00e0 la base moussante douce et astringente, sp\u00e9cialement con\u00e7u pour \u00e9quilibrer la production de s\u00e9bum des cuirs chevelus \u00e0 tendance grasse et retrouver des cheveux l\u00e9gers. Sa formule associe des extraits de plantes s\u00e9lectionn\u00e9es pour leurs propri\u00e9t\u00e9s astringentes et s\u00e9bo-r\u00e9gulatrices dont\u00a0: un extrait de Poivre du Sichuan et une extraction de Bois de Panama pour gainer la tige capillaire et \u00e9viter la surproduction et r\u00e9apparition du s\u00e9bum sur le cheveu et cuir chevelu. Le cuir chevelu est sain, les cheveux sont l\u00e9gers et souples.<\/p>\n","protected":false},"featured_media":16252,"comment_status":"open","ping_status":"closed","template":"","meta":[],"product_brand":[],"product_cat":[113,110],"product_tag":[],"class_list":{"0":"post-16174","1":"product","2":"type-product","3":"status-publish","4":"has-post-thumbnail","6":"product_cat-cuir-chevelu","7":"product_cat-soin-cheveux","9":"first","10":"instock","11":"shipping-taxable","12":"purchasable","13":"product-type-simple"},"yoast_head":"<!-- This site is optimized with the Yoast SEO plugin v23.0 - https:\/\/yoast.com\/wordpress\/plugins\/seo\/ -->\n<title>Phyto phyto panama shampooing traitant \u00e9quilibrant 250ml - pharmadreams<\/title>\n<meta name=\"robots\" content=\"index, follow, max-snippet:-1, max-image-preview:large, max-video-preview:-1\" \/>\n<link rel=\"canonical\" href=\"https:\/\/pharmadreams.shop\/index.php\/product\/phyto-phyto-panama-shampooing-traitant-equilibrant-250ml\/\" \/>\n<meta property=\"og:locale\" content=\"fr_FR\" \/>\n<meta property=\"og:type\" content=\"article\" \/>\n<meta property=\"og:title\" content=\"Phyto phyto panama shampooing traitant \u00e9quilibrant 250ml - pharmadreams\" \/>\n<meta property=\"og:description\" content=\"PHYTOPANAMA Shampoing Traitant Equilibrant est un soin \u00e0 la base moussante douce et astringente, sp\u00e9cialement con\u00e7u pour \u00e9quilibrer la production de s\u00e9bum des cuirs chevelus \u00e0 tendance grasse et retrouver des cheveux l\u00e9gers. Sa formule associe des extraits de plantes s\u00e9lectionn\u00e9es pour leurs propri\u00e9t\u00e9s astringentes et s\u00e9bo-r\u00e9gulatrices dont\u00a0: un extrait de Poivre du Sichuan et une extraction de Bois de Panama pour gainer la tige capillaire et \u00e9viter la surproduction et r\u00e9apparition du s\u00e9bum sur le cheveu et cuir chevelu. Le cuir chevelu est sain, les cheveux sont l\u00e9gers et souples.\" \/>\n<meta property=\"og:url\" content=\"https:\/\/pharmadreams.shop\/index.php\/product\/phyto-phyto-panama-shampooing-traitant-equilibrant-250ml\/\" \/>\n<meta property=\"og:site_name\" content=\"pharmadreams\" \/>\n<meta property=\"article:modified_time\" content=\"2023-12-19T18:31:46+00:00\" \/>\n<meta property=\"og:image\" content=\"https:\/\/pharmadreams.shop\/wp-content\/uploads\/2023\/12\/PANAMA.png\" \/>\n\t<meta property=\"og:image:width\" content=\"1200\" \/>\n\t<meta property=\"og:image:height\" content=\"1824\" \/>\n\t<meta property=\"og:image:type\" content=\"image\/png\" \/>\n<meta name=\"twitter:card\" content=\"summary_large_image\" \/>\n<script type=\"application\/ld+json\" class=\"yoast-schema-graph\">{\"@context\":\"https:\/\/schema.org\",\"@graph\":[{\"@type\":\"WebPage\",\"@id\":\"https:\/\/pharmadreams.shop\/index.php\/product\/phyto-phyto-panama-shampooing-traitant-equilibrant-250ml\/\",\"url\":\"https:\/\/pharmadreams.shop\/index.php\/product\/phyto-phyto-panama-shampooing-traitant-equilibrant-250ml\/\",\"name\":\"Phyto phyto panama shampooing traitant \u00e9quilibrant 250ml - pharmadreams\",\"isPartOf\":{\"@id\":\"https:\/\/pharmadreams.shop\/#website\"},\"primaryImageOfPage\":{\"@id\":\"https:\/\/pharmadreams.shop\/index.php\/product\/phyto-phyto-panama-shampooing-traitant-equilibrant-250ml\/#primaryimage\"},\"image\":{\"@id\":\"https:\/\/pharmadreams.shop\/index.php\/product\/phyto-phyto-panama-shampooing-traitant-equilibrant-250ml\/#primaryimage\"},\"thumbnailUrl\":\"https:\/\/pharmadreams.shop\/wp-content\/uploads\/2023\/12\/PANAMA.png\",\"datePublished\":\"2023-12-19T18:30:15+00:00\",\"dateModified\":\"2023-12-19T18:31:46+00:00\",\"breadcrumb\":{\"@id\":\"https:\/\/pharmadreams.shop\/index.php\/product\/phyto-phyto-panama-shampooing-traitant-equilibrant-250ml\/#breadcrumb\"},\"inLanguage\":\"fr-FR\",\"potentialAction\":[{\"@type\":\"ReadAction\",\"target\":[\"https:\/\/pharmadreams.shop\/index.php\/product\/phyto-phyto-panama-shampooing-traitant-equilibrant-250ml\/\"]}]},{\"@type\":\"ImageObject\",\"inLanguage\":\"fr-FR\",\"@id\":\"https:\/\/pharmadreams.shop\/index.php\/product\/phyto-phyto-panama-shampooing-traitant-equilibrant-250ml\/#primaryimage\",\"url\":\"https:\/\/pharmadreams.shop\/wp-content\/uploads\/2023\/12\/PANAMA.png\",\"contentUrl\":\"https:\/\/pharmadreams.shop\/wp-content\/uploads\/2023\/12\/PANAMA.png\",\"width\":1200,\"height\":1824},{\"@type\":\"BreadcrumbList\",\"@id\":\"https:\/\/pharmadreams.shop\/index.php\/product\/phyto-phyto-panama-shampooing-traitant-equilibrant-250ml\/#breadcrumb\",\"itemListElement\":[{\"@type\":\"ListItem\",\"position\":1,\"name\":\"Accueil\",\"item\":\"https:\/\/pharmadreams.shop\/\"},{\"@type\":\"ListItem\",\"position\":2,\"name\":\"Shop\",\"item\":\"https:\/\/pharmadreams.shop\/index.php\/shop\/\"},{\"@type\":\"ListItem\",\"position\":3,\"name\":\"Phyto phyto panama shampooing traitant \u00e9quilibrant 250ml\"}]},{\"@type\":\"WebSite\",\"@id\":\"https:\/\/pharmadreams.shop\/#website\",\"url\":\"https:\/\/pharmadreams.shop\/\",\"name\":\"pharmadreams\",\"description\":\"Parapharmacie en ligne\",\"potentialAction\":[{\"@type\":\"SearchAction\",\"target\":{\"@type\":\"EntryPoint\",\"urlTemplate\":\"https:\/\/pharmadreams.shop\/?s={search_term_string}\"},\"query-input\":\"required name=search_term_string\"}],\"inLanguage\":\"fr-FR\"}]}<\/script>\n<!-- \/ Yoast SEO plugin. -->","yoast_head_json":{"title":"Phyto phyto panama shampooing traitant \u00e9quilibrant 250ml - pharmadreams","robots":{"index":"index","follow":"follow","max-snippet":"max-snippet:-1","max-image-preview":"max-image-preview:large","max-video-preview":"max-video-preview:-1"},"canonical":"https:\/\/pharmadreams.shop\/index.php\/product\/phyto-phyto-panama-shampooing-traitant-equilibrant-250ml\/","og_locale":"fr_FR","og_type":"article","og_title":"Phyto phyto panama shampooing traitant \u00e9quilibrant 250ml - pharmadreams","og_description":"PHYTOPANAMA Shampoing Traitant Equilibrant est un soin \u00e0 la base moussante douce et astringente, sp\u00e9cialement con\u00e7u pour \u00e9quilibrer la production de s\u00e9bum des cuirs chevelus \u00e0 tendance grasse et retrouver des cheveux l\u00e9gers. Sa formule associe des extraits de plantes s\u00e9lectionn\u00e9es pour leurs propri\u00e9t\u00e9s astringentes et s\u00e9bo-r\u00e9gulatrices dont\u00a0: un extrait de Poivre du Sichuan et une extraction de Bois de Panama pour gainer la tige capillaire et \u00e9viter la surproduction et r\u00e9apparition du s\u00e9bum sur le cheveu et cuir chevelu. Le cuir chevelu est sain, les cheveux sont l\u00e9gers et souples.","og_url":"https:\/\/pharmadreams.shop\/index.php\/product\/phyto-phyto-panama-shampooing-traitant-equilibrant-250ml\/","og_site_name":"pharmadreams","article_modified_time":"2023-12-19T18:31:46+00:00","og_image":[{"width":1200,"height":1824,"url":"https:\/\/pharmadreams.shop\/wp-content\/uploads\/2023\/12\/PANAMA.png","type":"image\/png"}],"twitter_card":"summary_large_image","schema":{"@context":"https:\/\/schema.org","@graph":[{"@type":"WebPage","@id":"https:\/\/pharmadreams.shop\/index.php\/product\/phyto-phyto-panama-shampooing-traitant-equilibrant-250ml\/","url":"https:\/\/pharmadreams.shop\/index.php\/product\/phyto-phyto-panama-shampooing-traitant-equilibrant-250ml\/","name":"Phyto phyto panama shampooing traitant \u00e9quilibrant 250ml - pharmadreams","isPartOf":{"@id":"https:\/\/pharmadreams.shop\/#website"},"primaryImageOfPage":{"@id":"https:\/\/pharmadreams.shop\/index.php\/product\/phyto-phyto-panama-shampooing-traitant-equilibrant-250ml\/#primaryimage"},"image":{"@id":"https:\/\/pharmadreams.shop\/index.php\/product\/phyto-phyto-panama-shampooing-traitant-equilibrant-250ml\/#primaryimage"},"thumbnailUrl":"https:\/\/pharmadreams.shop\/wp-content\/uploads\/2023\/12\/PANAMA.png","datePublished":"2023-12-19T18:30:15+00:00","dateModified":"2023-12-19T18:31:46+00:00","breadcrumb":{"@id":"https:\/\/pharmadreams.shop\/index.php\/product\/phyto-phyto-panama-shampooing-traitant-equilibrant-250ml\/#breadcrumb"},"inLanguage":"fr-FR","potentialAction":[{"@type":"ReadAction","target":["https:\/\/pharmadreams.shop\/index.php\/product\/phyto-phyto-panama-shampooing-traitant-equilibrant-250ml\/"]}]},{"@type":"ImageObject","inLanguage":"fr-FR","@id":"https:\/\/pharmadreams.shop\/index.php\/product\/phyto-phyto-panama-shampooing-traitant-equilibrant-250ml\/#primaryimage","url":"https:\/\/pharmadreams.shop\/wp-content\/uploads\/2023\/12\/PANAMA.png","contentUrl":"https:\/\/pharmadreams.shop\/wp-content\/uploads\/2023\/12\/PANAMA.png","width":1200,"height":1824},{"@type":"BreadcrumbList","@id":"https:\/\/pharmadreams.shop\/index.php\/product\/phyto-phyto-panama-shampooing-traitant-equilibrant-250ml\/#breadcrumb","itemListElement":[{"@type":"ListItem","position":1,"name":"Accueil","item":"https:\/\/pharmadreams.shop\/"},{"@type":"ListItem","position":2,"name":"Shop","item":"https:\/\/pharmadreams.shop\/index.php\/shop\/"},{"@type":"ListItem","position":3,"name":"Phyto phyto panama shampooing traitant \u00e9quilibrant 250ml"}]},{"@type":"WebSite","@id":"https:\/\/pharmadreams.shop\/#website","url":"https:\/\/pharmadreams.shop\/","name":"pharmadreams","description":"Parapharmacie en ligne","potentialAction":[{"@type":"SearchAction","target":{"@type":"EntryPoint","urlTemplate":"https:\/\/pharmadreams.shop\/?s={search_term_string}"},"query-input":"required name=search_term_string"}],"inLanguage":"fr-FR"}]}},"_links":{"self":[{"href":"https:\/\/pharmadreams.shop\/index.php\/wp-json\/wp\/v2\/product\/16174","targetHints":{"allow":["GET"]}}],"collection":[{"href":"https:\/\/pharmadreams.shop\/index.php\/wp-json\/wp\/v2\/product"}],"about":[{"href":"https:\/\/pharmadreams.shop\/index.php\/wp-json\/wp\/v2\/types\/product"}],"replies":[{"embeddable":true,"href":"https:\/\/pharmadreams.shop\/index.php\/wp-json\/wp\/v2\/comments?post=16174"}],"version-history":[{"count":0,"href":"https:\/\/pharmadreams.shop\/index.php\/wp-json\/wp\/v2\/product\/16174\/revisions"}],"wp:featuredmedia":[{"embeddable":true,"href":"https:\/\/pharmadreams.shop\/index.php\/wp-json\/wp\/v2\/media\/16252"}],"wp:attachment":[{"href":"https:\/\/pharmadreams.shop\/index.php\/wp-json\/wp\/v2\/media?parent=16174"}],"wp:term":[{"taxonomy":"product_brand","embeddable":true,"href":"https:\/\/pharmadreams.shop\/index.php\/wp-json\/wp\/v2\/product_brand?post=16174"},{"taxonomy":"product_cat","embeddable":true,"href":"https:\/\/pharmadreams.shop\/index.php\/wp-json\/wp\/v2\/product_cat?post=16174"},{"taxonomy":"product_tag","embeddable":true,"href":"https:\/\/pharmadreams.shop\/index.php\/wp-json\/wp\/v2\/product_tag?post=16174"}],"curies":[{"name":"wp","href":"https:\/\/api.w.org\/{rel}","templated":true}]}}