{"id":16176,"date":"2023-12-19T19:30:15","date_gmt":"2023-12-19T18:30:15","guid":{"rendered":"https:\/\/venuspara.com\/?post_type=product&#038;p=16176"},"modified":"2023-12-19T19:31:50","modified_gmt":"2023-12-19T18:31:50","slug":"sesderma-seskavel-plus-60-capsules","status":"publish","type":"product","link":"https:\/\/pharmadreams.shop\/index.php\/product\/sesderma-seskavel-plus-60-capsules\/","title":{"rendered":"Sesderma seskavel plus 60 capsules"},"content":{"rendered":"","protected":false},"excerpt":{"rendered":"<p>SESDERMA SESKAVEL PLUS est un compl\u00e9ment alimentaire \u00e0 base d&rsquo;acides amin\u00e9s soufr\u00e9s, Vitamines et Min\u00e9raux. Avec Biotine, Acides amin\u00e9s soufr\u00e9s.<\/p>\n<p>SESKAVEL PLUS\u00a0 permet de\u00a0renforcer les cheveux, particuli\u00e8rement, les cheveux fragiles, cassants ainsi que les ongles fragiles.<\/p>\n<p>C&rsquo;est un excellent traitement antichute lors des changements de saison, apr\u00e8s un accouchement<\/p>\n","protected":false},"featured_media":16256,"comment_status":"open","ping_status":"closed","template":"","meta":[],"product_brand":[],"product_cat":[115,32],"product_tag":[],"class_list":{"0":"post-16176","1":"product","2":"type-product","3":"status-publish","4":"has-post-thumbnail","6":"product_cat-anti-chute","7":"product_cat-complements-alimentaires","9":"first","10":"instock","11":"shipping-taxable","12":"purchasable","13":"product-type-simple"},"yoast_head":"<!-- This site is optimized with the Yoast SEO plugin v23.0 - https:\/\/yoast.com\/wordpress\/plugins\/seo\/ -->\n<title>Sesderma seskavel plus 60 capsules - pharmadreams<\/title>\n<meta name=\"robots\" content=\"index, follow, max-snippet:-1, max-image-preview:large, max-video-preview:-1\" \/>\n<link rel=\"canonical\" href=\"https:\/\/pharmadreams.shop\/index.php\/product\/sesderma-seskavel-plus-60-capsules\/\" \/>\n<meta property=\"og:locale\" content=\"fr_FR\" \/>\n<meta property=\"og:type\" content=\"article\" \/>\n<meta property=\"og:title\" content=\"Sesderma seskavel plus 60 capsules - pharmadreams\" \/>\n<meta property=\"og:description\" content=\"SESDERMA SESKAVEL PLUS est un compl\u00e9ment alimentaire \u00e0 base d&#039;acides amin\u00e9s soufr\u00e9s, Vitamines et Min\u00e9raux. Avec Biotine, Acides amin\u00e9s soufr\u00e9s.  SESKAVEL PLUS\u00a0 permet de\u00a0renforcer les cheveux, particuli\u00e8rement, les cheveux fragiles, cassants ainsi que les ongles fragiles.  C&#039;est un excellent traitement antichute lors des changements de saison, apr\u00e8s un accouchement\" \/>\n<meta property=\"og:url\" content=\"https:\/\/pharmadreams.shop\/index.php\/product\/sesderma-seskavel-plus-60-capsules\/\" \/>\n<meta property=\"og:site_name\" content=\"pharmadreams\" \/>\n<meta property=\"article:modified_time\" content=\"2023-12-19T18:31:50+00:00\" \/>\n<meta property=\"og:image\" content=\"https:\/\/pharmadreams.shop\/wp-content\/uploads\/2023\/12\/ses.png\" \/>\n\t<meta property=\"og:image:width\" content=\"1280\" \/>\n\t<meta property=\"og:image:height\" content=\"1312\" \/>\n\t<meta property=\"og:image:type\" content=\"image\/png\" \/>\n<meta name=\"twitter:card\" content=\"summary_large_image\" \/>\n<script type=\"application\/ld+json\" class=\"yoast-schema-graph\">{\"@context\":\"https:\/\/schema.org\",\"@graph\":[{\"@type\":\"WebPage\",\"@id\":\"https:\/\/pharmadreams.shop\/index.php\/product\/sesderma-seskavel-plus-60-capsules\/\",\"url\":\"https:\/\/pharmadreams.shop\/index.php\/product\/sesderma-seskavel-plus-60-capsules\/\",\"name\":\"Sesderma seskavel plus 60 capsules - pharmadreams\",\"isPartOf\":{\"@id\":\"https:\/\/pharmadreams.shop\/#website\"},\"primaryImageOfPage\":{\"@id\":\"https:\/\/pharmadreams.shop\/index.php\/product\/sesderma-seskavel-plus-60-capsules\/#primaryimage\"},\"image\":{\"@id\":\"https:\/\/pharmadreams.shop\/index.php\/product\/sesderma-seskavel-plus-60-capsules\/#primaryimage\"},\"thumbnailUrl\":\"https:\/\/pharmadreams.shop\/wp-content\/uploads\/2023\/12\/ses.png\",\"datePublished\":\"2023-12-19T18:30:15+00:00\",\"dateModified\":\"2023-12-19T18:31:50+00:00\",\"breadcrumb\":{\"@id\":\"https:\/\/pharmadreams.shop\/index.php\/product\/sesderma-seskavel-plus-60-capsules\/#breadcrumb\"},\"inLanguage\":\"fr-FR\",\"potentialAction\":[{\"@type\":\"ReadAction\",\"target\":[\"https:\/\/pharmadreams.shop\/index.php\/product\/sesderma-seskavel-plus-60-capsules\/\"]}]},{\"@type\":\"ImageObject\",\"inLanguage\":\"fr-FR\",\"@id\":\"https:\/\/pharmadreams.shop\/index.php\/product\/sesderma-seskavel-plus-60-capsules\/#primaryimage\",\"url\":\"https:\/\/pharmadreams.shop\/wp-content\/uploads\/2023\/12\/ses.png\",\"contentUrl\":\"https:\/\/pharmadreams.shop\/wp-content\/uploads\/2023\/12\/ses.png\",\"width\":1280,\"height\":1312},{\"@type\":\"BreadcrumbList\",\"@id\":\"https:\/\/pharmadreams.shop\/index.php\/product\/sesderma-seskavel-plus-60-capsules\/#breadcrumb\",\"itemListElement\":[{\"@type\":\"ListItem\",\"position\":1,\"name\":\"Accueil\",\"item\":\"https:\/\/pharmadreams.shop\/\"},{\"@type\":\"ListItem\",\"position\":2,\"name\":\"Shop\",\"item\":\"https:\/\/pharmadreams.shop\/index.php\/shop\/\"},{\"@type\":\"ListItem\",\"position\":3,\"name\":\"Sesderma seskavel plus 60 capsules\"}]},{\"@type\":\"WebSite\",\"@id\":\"https:\/\/pharmadreams.shop\/#website\",\"url\":\"https:\/\/pharmadreams.shop\/\",\"name\":\"pharmadreams\",\"description\":\"Parapharmacie en ligne\",\"potentialAction\":[{\"@type\":\"SearchAction\",\"target\":{\"@type\":\"EntryPoint\",\"urlTemplate\":\"https:\/\/pharmadreams.shop\/?s={search_term_string}\"},\"query-input\":\"required name=search_term_string\"}],\"inLanguage\":\"fr-FR\"}]}<\/script>\n<!-- \/ Yoast SEO plugin. -->","yoast_head_json":{"title":"Sesderma seskavel plus 60 capsules - pharmadreams","robots":{"index":"index","follow":"follow","max-snippet":"max-snippet:-1","max-image-preview":"max-image-preview:large","max-video-preview":"max-video-preview:-1"},"canonical":"https:\/\/pharmadreams.shop\/index.php\/product\/sesderma-seskavel-plus-60-capsules\/","og_locale":"fr_FR","og_type":"article","og_title":"Sesderma seskavel plus 60 capsules - pharmadreams","og_description":"SESDERMA SESKAVEL PLUS est un compl\u00e9ment alimentaire \u00e0 base d'acides amin\u00e9s soufr\u00e9s, Vitamines et Min\u00e9raux. Avec Biotine, Acides amin\u00e9s soufr\u00e9s.  SESKAVEL PLUS\u00a0 permet de\u00a0renforcer les cheveux, particuli\u00e8rement, les cheveux fragiles, cassants ainsi que les ongles fragiles.  C'est un excellent traitement antichute lors des changements de saison, apr\u00e8s un accouchement","og_url":"https:\/\/pharmadreams.shop\/index.php\/product\/sesderma-seskavel-plus-60-capsules\/","og_site_name":"pharmadreams","article_modified_time":"2023-12-19T18:31:50+00:00","og_image":[{"width":1280,"height":1312,"url":"https:\/\/pharmadreams.shop\/wp-content\/uploads\/2023\/12\/ses.png","type":"image\/png"}],"twitter_card":"summary_large_image","schema":{"@context":"https:\/\/schema.org","@graph":[{"@type":"WebPage","@id":"https:\/\/pharmadreams.shop\/index.php\/product\/sesderma-seskavel-plus-60-capsules\/","url":"https:\/\/pharmadreams.shop\/index.php\/product\/sesderma-seskavel-plus-60-capsules\/","name":"Sesderma seskavel plus 60 capsules - pharmadreams","isPartOf":{"@id":"https:\/\/pharmadreams.shop\/#website"},"primaryImageOfPage":{"@id":"https:\/\/pharmadreams.shop\/index.php\/product\/sesderma-seskavel-plus-60-capsules\/#primaryimage"},"image":{"@id":"https:\/\/pharmadreams.shop\/index.php\/product\/sesderma-seskavel-plus-60-capsules\/#primaryimage"},"thumbnailUrl":"https:\/\/pharmadreams.shop\/wp-content\/uploads\/2023\/12\/ses.png","datePublished":"2023-12-19T18:30:15+00:00","dateModified":"2023-12-19T18:31:50+00:00","breadcrumb":{"@id":"https:\/\/pharmadreams.shop\/index.php\/product\/sesderma-seskavel-plus-60-capsules\/#breadcrumb"},"inLanguage":"fr-FR","potentialAction":[{"@type":"ReadAction","target":["https:\/\/pharmadreams.shop\/index.php\/product\/sesderma-seskavel-plus-60-capsules\/"]}]},{"@type":"ImageObject","inLanguage":"fr-FR","@id":"https:\/\/pharmadreams.shop\/index.php\/product\/sesderma-seskavel-plus-60-capsules\/#primaryimage","url":"https:\/\/pharmadreams.shop\/wp-content\/uploads\/2023\/12\/ses.png","contentUrl":"https:\/\/pharmadreams.shop\/wp-content\/uploads\/2023\/12\/ses.png","width":1280,"height":1312},{"@type":"BreadcrumbList","@id":"https:\/\/pharmadreams.shop\/index.php\/product\/sesderma-seskavel-plus-60-capsules\/#breadcrumb","itemListElement":[{"@type":"ListItem","position":1,"name":"Accueil","item":"https:\/\/pharmadreams.shop\/"},{"@type":"ListItem","position":2,"name":"Shop","item":"https:\/\/pharmadreams.shop\/index.php\/shop\/"},{"@type":"ListItem","position":3,"name":"Sesderma seskavel plus 60 capsules"}]},{"@type":"WebSite","@id":"https:\/\/pharmadreams.shop\/#website","url":"https:\/\/pharmadreams.shop\/","name":"pharmadreams","description":"Parapharmacie en ligne","potentialAction":[{"@type":"SearchAction","target":{"@type":"EntryPoint","urlTemplate":"https:\/\/pharmadreams.shop\/?s={search_term_string}"},"query-input":"required name=search_term_string"}],"inLanguage":"fr-FR"}]}},"_links":{"self":[{"href":"https:\/\/pharmadreams.shop\/index.php\/wp-json\/wp\/v2\/product\/16176","targetHints":{"allow":["GET"]}}],"collection":[{"href":"https:\/\/pharmadreams.shop\/index.php\/wp-json\/wp\/v2\/product"}],"about":[{"href":"https:\/\/pharmadreams.shop\/index.php\/wp-json\/wp\/v2\/types\/product"}],"replies":[{"embeddable":true,"href":"https:\/\/pharmadreams.shop\/index.php\/wp-json\/wp\/v2\/comments?post=16176"}],"version-history":[{"count":0,"href":"https:\/\/pharmadreams.shop\/index.php\/wp-json\/wp\/v2\/product\/16176\/revisions"}],"wp:featuredmedia":[{"embeddable":true,"href":"https:\/\/pharmadreams.shop\/index.php\/wp-json\/wp\/v2\/media\/16256"}],"wp:attachment":[{"href":"https:\/\/pharmadreams.shop\/index.php\/wp-json\/wp\/v2\/media?parent=16176"}],"wp:term":[{"taxonomy":"product_brand","embeddable":true,"href":"https:\/\/pharmadreams.shop\/index.php\/wp-json\/wp\/v2\/product_brand?post=16176"},{"taxonomy":"product_cat","embeddable":true,"href":"https:\/\/pharmadreams.shop\/index.php\/wp-json\/wp\/v2\/product_cat?post=16176"},{"taxonomy":"product_tag","embeddable":true,"href":"https:\/\/pharmadreams.shop\/index.php\/wp-json\/wp\/v2\/product_tag?post=16176"}],"curies":[{"name":"wp","href":"https:\/\/api.w.org\/{rel}","templated":true}]}}