{"id":16177,"date":"2023-12-19T19:30:16","date_gmt":"2023-12-19T18:30:16","guid":{"rendered":"https:\/\/venuspara.com\/?post_type=product&#038;p=16177"},"modified":"2023-12-19T19:31:57","modified_gmt":"2023-12-19T18:31:57","slug":"klorane-shampooing-anti-pollution-detox-a-la-menthe-aquatique-bio-200ml","status":"publish","type":"product","link":"https:\/\/pharmadreams.shop\/index.php\/product\/klorane-shampooing-anti-pollution-detox-a-la-menthe-aquatique-bio-200ml\/","title":{"rendered":"Klorane shampooing anti-pollution d\u00e9tox \u00e0 la menthe aquatique bio 200ml"},"content":{"rendered":"","protected":false},"excerpt":{"rendered":"<div id=\"nasa-single-product-tabs\" class=\"product-details\">\n<div class=\"nasa-tabs-content woocommerce-tabs\">\n<div class=\"nasa-panels nasa-desc-wrap\">\n<div id=\"nasa-tab-description\" class=\"nasa-panel nasa-content-description active\">\n<div class=\"row\">\n<div class=\"large-12 columns nasa-content-panel\">\n<div class=\"product-description-description\">\n<p>Tous les jours, les cheveux sont soumis \u00e0 des agressions invisibles. Fum\u00e9e de cigarette, de cuissons, pots d\u2019\u00e9chappement\u2026la pollution rend les cheveux ternes, lourds, ils manquent de fraicheur. A long terme, elle sensibilise le cuir chevelu.<\/p>\n<p>Ce shampooing biod\u00e9gradable nettoie intens\u00e9ment la chevelure, \u00e9liminant les impuret\u00e9s et particules polluantes tout en respectant l\u2019\u00e9quilibre du cuir chevelu. Il vous procure d\u00e8s l\u2019application une v\u00e9ritable sensation de fra\u00eecheur. Convient \u00e0 tous les types de cheveux. Id\u00e9al pour les sportifs et ceux qui vivent en ville<\/p>\n<\/div>\n<\/div>\n<\/div>\n<\/div>\n<div id=\"nasa-tab-reviews\" class=\"nasa-panel nasa-content-reviews\">\n<div class=\"row\">\n<div class=\"large-12 columns nasa-content-panel\">\n<div id=\"reviews\" class=\"woocommerce-Reviews\">\n<div id=\"review_form_wrapper\">\n<div id=\"review_form\">\n<div id=\"respond\" class=\"comment-respond\">\n<form id=\"commentform\" class=\"comment-form\" action=\"https:\/\/www.tunisiepara.com\/wp-comments-post.php\" enctype=\"multipart\/form-data\" method=\"post\">\n<div class=\"comment-form-rating\"><label for=\"rating\"><\/label><\/p>\n<p class=\"stars\">\n<p><select id=\"rating\" name=\"rating\" required=\"\"><option value=\"\">Rate\u2026<\/option><option value=\"5\">Perfect<\/option><option value=\"4\">Good<\/option><option value=\"3\">Note<\/option><option value=\"2\">Not that bad<\/option><option value=\"1\">Very poor<\/option><\/select><label for=\"comment\"><\/label><\/div>\n<\/form>\n<\/div>\n<\/div>\n<\/div>\n<\/div>\n<\/div>\n<\/div>\n<\/div>\n<\/div>\n<\/div>\n<\/div>\n","protected":false},"featured_media":16265,"comment_status":"open","ping_status":"closed","template":"","meta":[],"product_brand":[],"product_cat":[106,104,82,110],"product_tag":[],"class_list":{"0":"post-16177","1":"product","2":"type-product","3":"status-publish","4":"has-post-thumbnail","6":"product_cat-brillance","7":"product_cat-protection","8":"product_cat-shampooing","9":"product_cat-soin-cheveux","11":"first","12":"instock","13":"shipping-taxable","14":"purchasable","15":"product-type-simple"},"yoast_head":"<!-- This site is optimized with the Yoast SEO plugin v23.0 - https:\/\/yoast.com\/wordpress\/plugins\/seo\/ -->\n<title>Klorane shampooing anti-pollution d\u00e9tox \u00e0 la menthe aquatique bio 200ml - pharmadreams<\/title>\n<meta name=\"robots\" content=\"index, follow, max-snippet:-1, max-image-preview:large, max-video-preview:-1\" \/>\n<link rel=\"canonical\" href=\"https:\/\/pharmadreams.shop\/index.php\/product\/klorane-shampooing-anti-pollution-detox-a-la-menthe-aquatique-bio-200ml\/\" \/>\n<meta property=\"og:locale\" content=\"fr_FR\" \/>\n<meta property=\"og:type\" content=\"article\" \/>\n<meta property=\"og:title\" content=\"Klorane shampooing anti-pollution d\u00e9tox \u00e0 la menthe aquatique bio 200ml - pharmadreams\" \/>\n<meta property=\"og:description\" content=\"Tous les jours, les cheveux sont soumis \u00e0 des agressions invisibles. Fum\u00e9e de cigarette, de cuissons, pots d\u2019\u00e9chappement\u2026la pollution rend les cheveux ternes, lourds, ils manquent de fraicheur. A long terme, elle sensibilise le cuir chevelu.  Ce shampooing biod\u00e9gradable nettoie intens\u00e9ment la chevelure, \u00e9liminant les impuret\u00e9s et particules polluantes tout en respectant l\u2019\u00e9quilibre du cuir chevelu. Il vous procure d\u00e8s l\u2019application une v\u00e9ritable sensation de fra\u00eecheur. Convient \u00e0 tous les types de cheveux. Id\u00e9al pour les sportifs et ceux qui vivent en ville                 Rate\u2026 Perfect Good Note Not that bad Very poor\" \/>\n<meta property=\"og:url\" content=\"https:\/\/pharmadreams.shop\/index.php\/product\/klorane-shampooing-anti-pollution-detox-a-la-menthe-aquatique-bio-200ml\/\" \/>\n<meta property=\"og:site_name\" content=\"pharmadreams\" \/>\n<meta property=\"article:modified_time\" content=\"2023-12-19T18:31:57+00:00\" \/>\n<meta property=\"og:image\" content=\"https:\/\/pharmadreams.shop\/wp-content\/uploads\/2023\/12\/klorancve.png\" \/>\n\t<meta property=\"og:image:width\" content=\"1368\" \/>\n\t<meta property=\"og:image:height\" content=\"1304\" \/>\n\t<meta property=\"og:image:type\" content=\"image\/png\" \/>\n<meta name=\"twitter:card\" content=\"summary_large_image\" \/>\n<script type=\"application\/ld+json\" class=\"yoast-schema-graph\">{\"@context\":\"https:\/\/schema.org\",\"@graph\":[{\"@type\":\"WebPage\",\"@id\":\"https:\/\/pharmadreams.shop\/index.php\/product\/klorane-shampooing-anti-pollution-detox-a-la-menthe-aquatique-bio-200ml\/\",\"url\":\"https:\/\/pharmadreams.shop\/index.php\/product\/klorane-shampooing-anti-pollution-detox-a-la-menthe-aquatique-bio-200ml\/\",\"name\":\"Klorane shampooing anti-pollution d\u00e9tox \u00e0 la menthe aquatique bio 200ml - pharmadreams\",\"isPartOf\":{\"@id\":\"https:\/\/pharmadreams.shop\/#website\"},\"primaryImageOfPage\":{\"@id\":\"https:\/\/pharmadreams.shop\/index.php\/product\/klorane-shampooing-anti-pollution-detox-a-la-menthe-aquatique-bio-200ml\/#primaryimage\"},\"image\":{\"@id\":\"https:\/\/pharmadreams.shop\/index.php\/product\/klorane-shampooing-anti-pollution-detox-a-la-menthe-aquatique-bio-200ml\/#primaryimage\"},\"thumbnailUrl\":\"https:\/\/pharmadreams.shop\/wp-content\/uploads\/2023\/12\/klorancve.png\",\"datePublished\":\"2023-12-19T18:30:16+00:00\",\"dateModified\":\"2023-12-19T18:31:57+00:00\",\"breadcrumb\":{\"@id\":\"https:\/\/pharmadreams.shop\/index.php\/product\/klorane-shampooing-anti-pollution-detox-a-la-menthe-aquatique-bio-200ml\/#breadcrumb\"},\"inLanguage\":\"fr-FR\",\"potentialAction\":[{\"@type\":\"ReadAction\",\"target\":[\"https:\/\/pharmadreams.shop\/index.php\/product\/klorane-shampooing-anti-pollution-detox-a-la-menthe-aquatique-bio-200ml\/\"]}]},{\"@type\":\"ImageObject\",\"inLanguage\":\"fr-FR\",\"@id\":\"https:\/\/pharmadreams.shop\/index.php\/product\/klorane-shampooing-anti-pollution-detox-a-la-menthe-aquatique-bio-200ml\/#primaryimage\",\"url\":\"https:\/\/pharmadreams.shop\/wp-content\/uploads\/2023\/12\/klorancve.png\",\"contentUrl\":\"https:\/\/pharmadreams.shop\/wp-content\/uploads\/2023\/12\/klorancve.png\",\"width\":1368,\"height\":1304},{\"@type\":\"BreadcrumbList\",\"@id\":\"https:\/\/pharmadreams.shop\/index.php\/product\/klorane-shampooing-anti-pollution-detox-a-la-menthe-aquatique-bio-200ml\/#breadcrumb\",\"itemListElement\":[{\"@type\":\"ListItem\",\"position\":1,\"name\":\"Accueil\",\"item\":\"https:\/\/pharmadreams.shop\/\"},{\"@type\":\"ListItem\",\"position\":2,\"name\":\"Shop\",\"item\":\"https:\/\/pharmadreams.shop\/index.php\/shop\/\"},{\"@type\":\"ListItem\",\"position\":3,\"name\":\"Klorane shampooing anti-pollution d\u00e9tox \u00e0 la menthe aquatique bio 200ml\"}]},{\"@type\":\"WebSite\",\"@id\":\"https:\/\/pharmadreams.shop\/#website\",\"url\":\"https:\/\/pharmadreams.shop\/\",\"name\":\"pharmadreams\",\"description\":\"Parapharmacie en ligne\",\"potentialAction\":[{\"@type\":\"SearchAction\",\"target\":{\"@type\":\"EntryPoint\",\"urlTemplate\":\"https:\/\/pharmadreams.shop\/?s={search_term_string}\"},\"query-input\":\"required name=search_term_string\"}],\"inLanguage\":\"fr-FR\"}]}<\/script>\n<!-- \/ Yoast SEO plugin. -->","yoast_head_json":{"title":"Klorane shampooing anti-pollution d\u00e9tox \u00e0 la menthe aquatique bio 200ml - pharmadreams","robots":{"index":"index","follow":"follow","max-snippet":"max-snippet:-1","max-image-preview":"max-image-preview:large","max-video-preview":"max-video-preview:-1"},"canonical":"https:\/\/pharmadreams.shop\/index.php\/product\/klorane-shampooing-anti-pollution-detox-a-la-menthe-aquatique-bio-200ml\/","og_locale":"fr_FR","og_type":"article","og_title":"Klorane shampooing anti-pollution d\u00e9tox \u00e0 la menthe aquatique bio 200ml - pharmadreams","og_description":"Tous les jours, les cheveux sont soumis \u00e0 des agressions invisibles. Fum\u00e9e de cigarette, de cuissons, pots d\u2019\u00e9chappement\u2026la pollution rend les cheveux ternes, lourds, ils manquent de fraicheur. A long terme, elle sensibilise le cuir chevelu.  Ce shampooing biod\u00e9gradable nettoie intens\u00e9ment la chevelure, \u00e9liminant les impuret\u00e9s et particules polluantes tout en respectant l\u2019\u00e9quilibre du cuir chevelu. Il vous procure d\u00e8s l\u2019application une v\u00e9ritable sensation de fra\u00eecheur. Convient \u00e0 tous les types de cheveux. Id\u00e9al pour les sportifs et ceux qui vivent en ville                 Rate\u2026 Perfect Good Note Not that bad Very poor","og_url":"https:\/\/pharmadreams.shop\/index.php\/product\/klorane-shampooing-anti-pollution-detox-a-la-menthe-aquatique-bio-200ml\/","og_site_name":"pharmadreams","article_modified_time":"2023-12-19T18:31:57+00:00","og_image":[{"width":1368,"height":1304,"url":"https:\/\/pharmadreams.shop\/wp-content\/uploads\/2023\/12\/klorancve.png","type":"image\/png"}],"twitter_card":"summary_large_image","schema":{"@context":"https:\/\/schema.org","@graph":[{"@type":"WebPage","@id":"https:\/\/pharmadreams.shop\/index.php\/product\/klorane-shampooing-anti-pollution-detox-a-la-menthe-aquatique-bio-200ml\/","url":"https:\/\/pharmadreams.shop\/index.php\/product\/klorane-shampooing-anti-pollution-detox-a-la-menthe-aquatique-bio-200ml\/","name":"Klorane shampooing anti-pollution d\u00e9tox \u00e0 la menthe aquatique bio 200ml - pharmadreams","isPartOf":{"@id":"https:\/\/pharmadreams.shop\/#website"},"primaryImageOfPage":{"@id":"https:\/\/pharmadreams.shop\/index.php\/product\/klorane-shampooing-anti-pollution-detox-a-la-menthe-aquatique-bio-200ml\/#primaryimage"},"image":{"@id":"https:\/\/pharmadreams.shop\/index.php\/product\/klorane-shampooing-anti-pollution-detox-a-la-menthe-aquatique-bio-200ml\/#primaryimage"},"thumbnailUrl":"https:\/\/pharmadreams.shop\/wp-content\/uploads\/2023\/12\/klorancve.png","datePublished":"2023-12-19T18:30:16+00:00","dateModified":"2023-12-19T18:31:57+00:00","breadcrumb":{"@id":"https:\/\/pharmadreams.shop\/index.php\/product\/klorane-shampooing-anti-pollution-detox-a-la-menthe-aquatique-bio-200ml\/#breadcrumb"},"inLanguage":"fr-FR","potentialAction":[{"@type":"ReadAction","target":["https:\/\/pharmadreams.shop\/index.php\/product\/klorane-shampooing-anti-pollution-detox-a-la-menthe-aquatique-bio-200ml\/"]}]},{"@type":"ImageObject","inLanguage":"fr-FR","@id":"https:\/\/pharmadreams.shop\/index.php\/product\/klorane-shampooing-anti-pollution-detox-a-la-menthe-aquatique-bio-200ml\/#primaryimage","url":"https:\/\/pharmadreams.shop\/wp-content\/uploads\/2023\/12\/klorancve.png","contentUrl":"https:\/\/pharmadreams.shop\/wp-content\/uploads\/2023\/12\/klorancve.png","width":1368,"height":1304},{"@type":"BreadcrumbList","@id":"https:\/\/pharmadreams.shop\/index.php\/product\/klorane-shampooing-anti-pollution-detox-a-la-menthe-aquatique-bio-200ml\/#breadcrumb","itemListElement":[{"@type":"ListItem","position":1,"name":"Accueil","item":"https:\/\/pharmadreams.shop\/"},{"@type":"ListItem","position":2,"name":"Shop","item":"https:\/\/pharmadreams.shop\/index.php\/shop\/"},{"@type":"ListItem","position":3,"name":"Klorane shampooing anti-pollution d\u00e9tox \u00e0 la menthe aquatique bio 200ml"}]},{"@type":"WebSite","@id":"https:\/\/pharmadreams.shop\/#website","url":"https:\/\/pharmadreams.shop\/","name":"pharmadreams","description":"Parapharmacie en ligne","potentialAction":[{"@type":"SearchAction","target":{"@type":"EntryPoint","urlTemplate":"https:\/\/pharmadreams.shop\/?s={search_term_string}"},"query-input":"required name=search_term_string"}],"inLanguage":"fr-FR"}]}},"_links":{"self":[{"href":"https:\/\/pharmadreams.shop\/index.php\/wp-json\/wp\/v2\/product\/16177","targetHints":{"allow":["GET"]}}],"collection":[{"href":"https:\/\/pharmadreams.shop\/index.php\/wp-json\/wp\/v2\/product"}],"about":[{"href":"https:\/\/pharmadreams.shop\/index.php\/wp-json\/wp\/v2\/types\/product"}],"replies":[{"embeddable":true,"href":"https:\/\/pharmadreams.shop\/index.php\/wp-json\/wp\/v2\/comments?post=16177"}],"version-history":[{"count":0,"href":"https:\/\/pharmadreams.shop\/index.php\/wp-json\/wp\/v2\/product\/16177\/revisions"}],"wp:featuredmedia":[{"embeddable":true,"href":"https:\/\/pharmadreams.shop\/index.php\/wp-json\/wp\/v2\/media\/16265"}],"wp:attachment":[{"href":"https:\/\/pharmadreams.shop\/index.php\/wp-json\/wp\/v2\/media?parent=16177"}],"wp:term":[{"taxonomy":"product_brand","embeddable":true,"href":"https:\/\/pharmadreams.shop\/index.php\/wp-json\/wp\/v2\/product_brand?post=16177"},{"taxonomy":"product_cat","embeddable":true,"href":"https:\/\/pharmadreams.shop\/index.php\/wp-json\/wp\/v2\/product_cat?post=16177"},{"taxonomy":"product_tag","embeddable":true,"href":"https:\/\/pharmadreams.shop\/index.php\/wp-json\/wp\/v2\/product_tag?post=16177"}],"curies":[{"name":"wp","href":"https:\/\/api.w.org\/{rel}","templated":true}]}}