{"id":16190,"date":"2023-12-19T19:30:39","date_gmt":"2023-12-19T18:30:39","guid":{"rendered":"https:\/\/venuspara.com\/?post_type=product&#038;p=16190"},"modified":"2023-12-19T19:31:58","modified_gmt":"2023-12-19T18:31:58","slug":"kuora-shampoing-anti-chute-250ml","status":"publish","type":"product","link":"https:\/\/pharmadreams.shop\/index.php\/product\/kuora-shampoing-anti-chute-250ml\/","title":{"rendered":"Kuora shampoing anti chute 250ml"},"content":{"rendered":"","protected":false},"excerpt":{"rendered":"<div id=\"content-wrapper\">\n<section id=\"main\">\n<div class=\"tabs\">\n<div id=\"tab-content\" class=\"tab-content\">\n<div id=\"description\" class=\"tab-pane fade in active\" role=\"tabpanel\">\n<div class=\"product-description\">\n<p>Sp\u00e9cialement con\u00e7u pour stimuler la circulation capillaire, il revitalise et renforce les follicules pileux. Sa base \u00e9mulsifiante douce et lisse n&rsquo;est pas grasse et ne contient aucun colorant, ce produit peut donc \u00eatre utilis\u00e9 aussi souvent que n\u00e9cessaire. Il pr\u00e9vient la chute des cheveux et augmente la brillance et le volume ainsi que le renforcement de la fibre capillaire. Convient aux deux types de cheveux gras ou secs.<\/p>\n<\/div>\n<\/div>\n<\/div>\n<\/div>\n<\/section>\n<\/div>\n<section>\n<h2 class=\"recommandation\"><\/h2>\n<\/section>\n","protected":false},"featured_media":16267,"comment_status":"open","ping_status":"closed","template":"","meta":[],"product_brand":[],"product_cat":[115,106,82],"product_tag":[],"class_list":{"0":"post-16190","1":"product","2":"type-product","3":"status-publish","4":"has-post-thumbnail","6":"product_cat-anti-chute","7":"product_cat-brillance","8":"product_cat-shampooing","10":"first","11":"instock","12":"shipping-taxable","13":"purchasable","14":"product-type-simple"},"yoast_head":"<!-- This site is optimized with the Yoast SEO plugin v23.0 - https:\/\/yoast.com\/wordpress\/plugins\/seo\/ -->\n<title>Kuora shampoing anti chute 250ml - pharmadreams<\/title>\n<meta name=\"robots\" content=\"index, follow, max-snippet:-1, max-image-preview:large, max-video-preview:-1\" \/>\n<link rel=\"canonical\" href=\"https:\/\/pharmadreams.shop\/index.php\/product\/kuora-shampoing-anti-chute-250ml\/\" \/>\n<meta property=\"og:locale\" content=\"fr_FR\" \/>\n<meta property=\"og:type\" content=\"article\" \/>\n<meta property=\"og:title\" content=\"Kuora shampoing anti chute 250ml - pharmadreams\" \/>\n<meta property=\"og:description\" content=\"Sp\u00e9cialement con\u00e7u pour stimuler la circulation capillaire, il revitalise et renforce les follicules pileux. Sa base \u00e9mulsifiante douce et lisse n&#039;est pas grasse et ne contient aucun colorant, ce produit peut donc \u00eatre utilis\u00e9 aussi souvent que n\u00e9cessaire. Il pr\u00e9vient la chute des cheveux et augmente la brillance et le volume ainsi que le renforcement de la fibre capillaire. Convient aux deux types de cheveux gras ou secs.\" \/>\n<meta property=\"og:url\" content=\"https:\/\/pharmadreams.shop\/index.php\/product\/kuora-shampoing-anti-chute-250ml\/\" \/>\n<meta property=\"og:site_name\" content=\"pharmadreams\" \/>\n<meta property=\"article:modified_time\" content=\"2023-12-19T18:31:58+00:00\" \/>\n<meta property=\"og:image\" content=\"https:\/\/pharmadreams.shop\/wp-content\/uploads\/2023\/12\/KUORA.png\" \/>\n\t<meta property=\"og:image:width\" content=\"504\" \/>\n\t<meta property=\"og:image:height\" content=\"648\" \/>\n\t<meta property=\"og:image:type\" content=\"image\/png\" \/>\n<meta name=\"twitter:card\" content=\"summary_large_image\" \/>\n<script type=\"application\/ld+json\" class=\"yoast-schema-graph\">{\"@context\":\"https:\/\/schema.org\",\"@graph\":[{\"@type\":\"WebPage\",\"@id\":\"https:\/\/pharmadreams.shop\/index.php\/product\/kuora-shampoing-anti-chute-250ml\/\",\"url\":\"https:\/\/pharmadreams.shop\/index.php\/product\/kuora-shampoing-anti-chute-250ml\/\",\"name\":\"Kuora shampoing anti chute 250ml - pharmadreams\",\"isPartOf\":{\"@id\":\"https:\/\/pharmadreams.shop\/#website\"},\"primaryImageOfPage\":{\"@id\":\"https:\/\/pharmadreams.shop\/index.php\/product\/kuora-shampoing-anti-chute-250ml\/#primaryimage\"},\"image\":{\"@id\":\"https:\/\/pharmadreams.shop\/index.php\/product\/kuora-shampoing-anti-chute-250ml\/#primaryimage\"},\"thumbnailUrl\":\"https:\/\/pharmadreams.shop\/wp-content\/uploads\/2023\/12\/KUORA.png\",\"datePublished\":\"2023-12-19T18:30:39+00:00\",\"dateModified\":\"2023-12-19T18:31:58+00:00\",\"breadcrumb\":{\"@id\":\"https:\/\/pharmadreams.shop\/index.php\/product\/kuora-shampoing-anti-chute-250ml\/#breadcrumb\"},\"inLanguage\":\"fr-FR\",\"potentialAction\":[{\"@type\":\"ReadAction\",\"target\":[\"https:\/\/pharmadreams.shop\/index.php\/product\/kuora-shampoing-anti-chute-250ml\/\"]}]},{\"@type\":\"ImageObject\",\"inLanguage\":\"fr-FR\",\"@id\":\"https:\/\/pharmadreams.shop\/index.php\/product\/kuora-shampoing-anti-chute-250ml\/#primaryimage\",\"url\":\"https:\/\/pharmadreams.shop\/wp-content\/uploads\/2023\/12\/KUORA.png\",\"contentUrl\":\"https:\/\/pharmadreams.shop\/wp-content\/uploads\/2023\/12\/KUORA.png\",\"width\":504,\"height\":648},{\"@type\":\"BreadcrumbList\",\"@id\":\"https:\/\/pharmadreams.shop\/index.php\/product\/kuora-shampoing-anti-chute-250ml\/#breadcrumb\",\"itemListElement\":[{\"@type\":\"ListItem\",\"position\":1,\"name\":\"Accueil\",\"item\":\"https:\/\/pharmadreams.shop\/\"},{\"@type\":\"ListItem\",\"position\":2,\"name\":\"Shop\",\"item\":\"https:\/\/pharmadreams.shop\/index.php\/shop\/\"},{\"@type\":\"ListItem\",\"position\":3,\"name\":\"Kuora shampoing anti chute 250ml\"}]},{\"@type\":\"WebSite\",\"@id\":\"https:\/\/pharmadreams.shop\/#website\",\"url\":\"https:\/\/pharmadreams.shop\/\",\"name\":\"pharmadreams\",\"description\":\"Parapharmacie en ligne\",\"potentialAction\":[{\"@type\":\"SearchAction\",\"target\":{\"@type\":\"EntryPoint\",\"urlTemplate\":\"https:\/\/pharmadreams.shop\/?s={search_term_string}\"},\"query-input\":\"required name=search_term_string\"}],\"inLanguage\":\"fr-FR\"}]}<\/script>\n<!-- \/ Yoast SEO plugin. -->","yoast_head_json":{"title":"Kuora shampoing anti chute 250ml - pharmadreams","robots":{"index":"index","follow":"follow","max-snippet":"max-snippet:-1","max-image-preview":"max-image-preview:large","max-video-preview":"max-video-preview:-1"},"canonical":"https:\/\/pharmadreams.shop\/index.php\/product\/kuora-shampoing-anti-chute-250ml\/","og_locale":"fr_FR","og_type":"article","og_title":"Kuora shampoing anti chute 250ml - pharmadreams","og_description":"Sp\u00e9cialement con\u00e7u pour stimuler la circulation capillaire, il revitalise et renforce les follicules pileux. Sa base \u00e9mulsifiante douce et lisse n'est pas grasse et ne contient aucun colorant, ce produit peut donc \u00eatre utilis\u00e9 aussi souvent que n\u00e9cessaire. Il pr\u00e9vient la chute des cheveux et augmente la brillance et le volume ainsi que le renforcement de la fibre capillaire. Convient aux deux types de cheveux gras ou secs.","og_url":"https:\/\/pharmadreams.shop\/index.php\/product\/kuora-shampoing-anti-chute-250ml\/","og_site_name":"pharmadreams","article_modified_time":"2023-12-19T18:31:58+00:00","og_image":[{"width":504,"height":648,"url":"https:\/\/pharmadreams.shop\/wp-content\/uploads\/2023\/12\/KUORA.png","type":"image\/png"}],"twitter_card":"summary_large_image","schema":{"@context":"https:\/\/schema.org","@graph":[{"@type":"WebPage","@id":"https:\/\/pharmadreams.shop\/index.php\/product\/kuora-shampoing-anti-chute-250ml\/","url":"https:\/\/pharmadreams.shop\/index.php\/product\/kuora-shampoing-anti-chute-250ml\/","name":"Kuora shampoing anti chute 250ml - pharmadreams","isPartOf":{"@id":"https:\/\/pharmadreams.shop\/#website"},"primaryImageOfPage":{"@id":"https:\/\/pharmadreams.shop\/index.php\/product\/kuora-shampoing-anti-chute-250ml\/#primaryimage"},"image":{"@id":"https:\/\/pharmadreams.shop\/index.php\/product\/kuora-shampoing-anti-chute-250ml\/#primaryimage"},"thumbnailUrl":"https:\/\/pharmadreams.shop\/wp-content\/uploads\/2023\/12\/KUORA.png","datePublished":"2023-12-19T18:30:39+00:00","dateModified":"2023-12-19T18:31:58+00:00","breadcrumb":{"@id":"https:\/\/pharmadreams.shop\/index.php\/product\/kuora-shampoing-anti-chute-250ml\/#breadcrumb"},"inLanguage":"fr-FR","potentialAction":[{"@type":"ReadAction","target":["https:\/\/pharmadreams.shop\/index.php\/product\/kuora-shampoing-anti-chute-250ml\/"]}]},{"@type":"ImageObject","inLanguage":"fr-FR","@id":"https:\/\/pharmadreams.shop\/index.php\/product\/kuora-shampoing-anti-chute-250ml\/#primaryimage","url":"https:\/\/pharmadreams.shop\/wp-content\/uploads\/2023\/12\/KUORA.png","contentUrl":"https:\/\/pharmadreams.shop\/wp-content\/uploads\/2023\/12\/KUORA.png","width":504,"height":648},{"@type":"BreadcrumbList","@id":"https:\/\/pharmadreams.shop\/index.php\/product\/kuora-shampoing-anti-chute-250ml\/#breadcrumb","itemListElement":[{"@type":"ListItem","position":1,"name":"Accueil","item":"https:\/\/pharmadreams.shop\/"},{"@type":"ListItem","position":2,"name":"Shop","item":"https:\/\/pharmadreams.shop\/index.php\/shop\/"},{"@type":"ListItem","position":3,"name":"Kuora shampoing anti chute 250ml"}]},{"@type":"WebSite","@id":"https:\/\/pharmadreams.shop\/#website","url":"https:\/\/pharmadreams.shop\/","name":"pharmadreams","description":"Parapharmacie en ligne","potentialAction":[{"@type":"SearchAction","target":{"@type":"EntryPoint","urlTemplate":"https:\/\/pharmadreams.shop\/?s={search_term_string}"},"query-input":"required name=search_term_string"}],"inLanguage":"fr-FR"}]}},"_links":{"self":[{"href":"https:\/\/pharmadreams.shop\/index.php\/wp-json\/wp\/v2\/product\/16190","targetHints":{"allow":["GET"]}}],"collection":[{"href":"https:\/\/pharmadreams.shop\/index.php\/wp-json\/wp\/v2\/product"}],"about":[{"href":"https:\/\/pharmadreams.shop\/index.php\/wp-json\/wp\/v2\/types\/product"}],"replies":[{"embeddable":true,"href":"https:\/\/pharmadreams.shop\/index.php\/wp-json\/wp\/v2\/comments?post=16190"}],"version-history":[{"count":0,"href":"https:\/\/pharmadreams.shop\/index.php\/wp-json\/wp\/v2\/product\/16190\/revisions"}],"wp:featuredmedia":[{"embeddable":true,"href":"https:\/\/pharmadreams.shop\/index.php\/wp-json\/wp\/v2\/media\/16267"}],"wp:attachment":[{"href":"https:\/\/pharmadreams.shop\/index.php\/wp-json\/wp\/v2\/media?parent=16190"}],"wp:term":[{"taxonomy":"product_brand","embeddable":true,"href":"https:\/\/pharmadreams.shop\/index.php\/wp-json\/wp\/v2\/product_brand?post=16190"},{"taxonomy":"product_cat","embeddable":true,"href":"https:\/\/pharmadreams.shop\/index.php\/wp-json\/wp\/v2\/product_cat?post=16190"},{"taxonomy":"product_tag","embeddable":true,"href":"https:\/\/pharmadreams.shop\/index.php\/wp-json\/wp\/v2\/product_tag?post=16190"}],"curies":[{"name":"wp","href":"https:\/\/api.w.org\/{rel}","templated":true}]}}