{"id":16191,"date":"2023-12-19T19:30:39","date_gmt":"2023-12-19T18:30:39","guid":{"rendered":"https:\/\/venuspara.com\/?post_type=product&#038;p=16191"},"modified":"2023-12-19T19:32:01","modified_gmt":"2023-12-19T18:32:01","slug":"schwarzkopf-got2b-volumania-laque-cheveux","status":"publish","type":"product","link":"https:\/\/pharmadreams.shop\/index.php\/product\/schwarzkopf-got2b-volumania-laque-cheveux\/","title":{"rendered":"Schwarzkopf got2b Volumania laque cheveux"},"content":{"rendered":"","protected":false},"excerpt":{"rendered":"<ul>\n<li>Garantit la forte fixation de votre coiffure et maintient vos cheveux dans un \u00e9tat toujours parfait<\/li>\n<li>Apporte un volume imm\u00e9diat \u00e0 vos cheveux, des racines jusqu\u2019aux pointes<\/li>\n<li>Permet de cr\u00e9er des coiffures volumineuses et \u00e9labor\u00e9es, de tr\u00e8s longue tenue<\/li>\n<li>N\u2019alourdit pas les cheveux et ne les aplatit pas<\/li>\n<li>Aide \u00e0 prot\u00e9ger contre l\u2019ass\u00e8chement des cheveux<\/li>\n<li>Laisse vos cheveux souples et a\u00e9riens<\/li>\n<\/ul>\n","protected":false},"featured_media":16269,"comment_status":"open","ping_status":"closed","template":"","meta":[],"product_brand":[],"product_cat":[117,104,118],"product_tag":[],"class_list":{"0":"post-16191","1":"product","2":"type-product","3":"status-publish","4":"has-post-thumbnail","6":"product_cat-laque-cheveux","7":"product_cat-protection","8":"product_cat-souplesse-et-volume","10":"first","11":"instock","12":"shipping-taxable","13":"purchasable","14":"product-type-simple"},"yoast_head":"<!-- This site is optimized with the Yoast SEO plugin v23.0 - https:\/\/yoast.com\/wordpress\/plugins\/seo\/ -->\n<title>Schwarzkopf got2b Volumania laque cheveux - pharmadreams<\/title>\n<meta name=\"robots\" content=\"index, follow, max-snippet:-1, max-image-preview:large, max-video-preview:-1\" \/>\n<link rel=\"canonical\" href=\"https:\/\/pharmadreams.shop\/index.php\/product\/schwarzkopf-got2b-volumania-laque-cheveux\/\" \/>\n<meta property=\"og:locale\" content=\"fr_FR\" \/>\n<meta property=\"og:type\" content=\"article\" \/>\n<meta property=\"og:title\" content=\"Schwarzkopf got2b Volumania laque cheveux - pharmadreams\" \/>\n<meta property=\"og:description\" content=\"Garantit la forte fixation de votre coiffure et maintient vos cheveux dans un \u00e9tat toujours parfait  Apporte un volume imm\u00e9diat \u00e0 vos cheveux, des racines jusqu\u2019aux pointes  Permet de cr\u00e9er des coiffures volumineuses et \u00e9labor\u00e9es, de tr\u00e8s longue tenue  N\u2019alourdit pas les cheveux et ne les aplatit pas  Aide \u00e0 prot\u00e9ger contre l\u2019ass\u00e8chement des cheveux  Laisse vos cheveux souples et a\u00e9riens\" \/>\n<meta property=\"og:url\" content=\"https:\/\/pharmadreams.shop\/index.php\/product\/schwarzkopf-got2b-volumania-laque-cheveux\/\" \/>\n<meta property=\"og:site_name\" content=\"pharmadreams\" \/>\n<meta property=\"article:modified_time\" content=\"2023-12-19T18:32:01+00:00\" \/>\n<meta property=\"og:image\" content=\"https:\/\/pharmadreams.shop\/wp-content\/uploads\/2023\/12\/KUORgot2b.png\" \/>\n\t<meta property=\"og:image:width\" content=\"1120\" \/>\n\t<meta property=\"og:image:height\" content=\"1816\" \/>\n\t<meta property=\"og:image:type\" content=\"image\/png\" \/>\n<meta name=\"twitter:card\" content=\"summary_large_image\" \/>\n<script type=\"application\/ld+json\" class=\"yoast-schema-graph\">{\"@context\":\"https:\/\/schema.org\",\"@graph\":[{\"@type\":\"WebPage\",\"@id\":\"https:\/\/pharmadreams.shop\/index.php\/product\/schwarzkopf-got2b-volumania-laque-cheveux\/\",\"url\":\"https:\/\/pharmadreams.shop\/index.php\/product\/schwarzkopf-got2b-volumania-laque-cheveux\/\",\"name\":\"Schwarzkopf got2b Volumania laque cheveux - pharmadreams\",\"isPartOf\":{\"@id\":\"https:\/\/pharmadreams.shop\/#website\"},\"primaryImageOfPage\":{\"@id\":\"https:\/\/pharmadreams.shop\/index.php\/product\/schwarzkopf-got2b-volumania-laque-cheveux\/#primaryimage\"},\"image\":{\"@id\":\"https:\/\/pharmadreams.shop\/index.php\/product\/schwarzkopf-got2b-volumania-laque-cheveux\/#primaryimage\"},\"thumbnailUrl\":\"https:\/\/pharmadreams.shop\/wp-content\/uploads\/2023\/12\/KUORgot2b.png\",\"datePublished\":\"2023-12-19T18:30:39+00:00\",\"dateModified\":\"2023-12-19T18:32:01+00:00\",\"breadcrumb\":{\"@id\":\"https:\/\/pharmadreams.shop\/index.php\/product\/schwarzkopf-got2b-volumania-laque-cheveux\/#breadcrumb\"},\"inLanguage\":\"fr-FR\",\"potentialAction\":[{\"@type\":\"ReadAction\",\"target\":[\"https:\/\/pharmadreams.shop\/index.php\/product\/schwarzkopf-got2b-volumania-laque-cheveux\/\"]}]},{\"@type\":\"ImageObject\",\"inLanguage\":\"fr-FR\",\"@id\":\"https:\/\/pharmadreams.shop\/index.php\/product\/schwarzkopf-got2b-volumania-laque-cheveux\/#primaryimage\",\"url\":\"https:\/\/pharmadreams.shop\/wp-content\/uploads\/2023\/12\/KUORgot2b.png\",\"contentUrl\":\"https:\/\/pharmadreams.shop\/wp-content\/uploads\/2023\/12\/KUORgot2b.png\",\"width\":1120,\"height\":1816},{\"@type\":\"BreadcrumbList\",\"@id\":\"https:\/\/pharmadreams.shop\/index.php\/product\/schwarzkopf-got2b-volumania-laque-cheveux\/#breadcrumb\",\"itemListElement\":[{\"@type\":\"ListItem\",\"position\":1,\"name\":\"Accueil\",\"item\":\"https:\/\/pharmadreams.shop\/\"},{\"@type\":\"ListItem\",\"position\":2,\"name\":\"Shop\",\"item\":\"https:\/\/pharmadreams.shop\/index.php\/shop\/\"},{\"@type\":\"ListItem\",\"position\":3,\"name\":\"Schwarzkopf got2b Volumania laque cheveux\"}]},{\"@type\":\"WebSite\",\"@id\":\"https:\/\/pharmadreams.shop\/#website\",\"url\":\"https:\/\/pharmadreams.shop\/\",\"name\":\"pharmadreams\",\"description\":\"Parapharmacie en ligne\",\"potentialAction\":[{\"@type\":\"SearchAction\",\"target\":{\"@type\":\"EntryPoint\",\"urlTemplate\":\"https:\/\/pharmadreams.shop\/?s={search_term_string}\"},\"query-input\":\"required name=search_term_string\"}],\"inLanguage\":\"fr-FR\"}]}<\/script>\n<!-- \/ Yoast SEO plugin. -->","yoast_head_json":{"title":"Schwarzkopf got2b Volumania laque cheveux - pharmadreams","robots":{"index":"index","follow":"follow","max-snippet":"max-snippet:-1","max-image-preview":"max-image-preview:large","max-video-preview":"max-video-preview:-1"},"canonical":"https:\/\/pharmadreams.shop\/index.php\/product\/schwarzkopf-got2b-volumania-laque-cheveux\/","og_locale":"fr_FR","og_type":"article","og_title":"Schwarzkopf got2b Volumania laque cheveux - pharmadreams","og_description":"Garantit la forte fixation de votre coiffure et maintient vos cheveux dans un \u00e9tat toujours parfait  Apporte un volume imm\u00e9diat \u00e0 vos cheveux, des racines jusqu\u2019aux pointes  Permet de cr\u00e9er des coiffures volumineuses et \u00e9labor\u00e9es, de tr\u00e8s longue tenue  N\u2019alourdit pas les cheveux et ne les aplatit pas  Aide \u00e0 prot\u00e9ger contre l\u2019ass\u00e8chement des cheveux  Laisse vos cheveux souples et a\u00e9riens","og_url":"https:\/\/pharmadreams.shop\/index.php\/product\/schwarzkopf-got2b-volumania-laque-cheveux\/","og_site_name":"pharmadreams","article_modified_time":"2023-12-19T18:32:01+00:00","og_image":[{"width":1120,"height":1816,"url":"https:\/\/pharmadreams.shop\/wp-content\/uploads\/2023\/12\/KUORgot2b.png","type":"image\/png"}],"twitter_card":"summary_large_image","schema":{"@context":"https:\/\/schema.org","@graph":[{"@type":"WebPage","@id":"https:\/\/pharmadreams.shop\/index.php\/product\/schwarzkopf-got2b-volumania-laque-cheveux\/","url":"https:\/\/pharmadreams.shop\/index.php\/product\/schwarzkopf-got2b-volumania-laque-cheveux\/","name":"Schwarzkopf got2b Volumania laque cheveux - pharmadreams","isPartOf":{"@id":"https:\/\/pharmadreams.shop\/#website"},"primaryImageOfPage":{"@id":"https:\/\/pharmadreams.shop\/index.php\/product\/schwarzkopf-got2b-volumania-laque-cheveux\/#primaryimage"},"image":{"@id":"https:\/\/pharmadreams.shop\/index.php\/product\/schwarzkopf-got2b-volumania-laque-cheveux\/#primaryimage"},"thumbnailUrl":"https:\/\/pharmadreams.shop\/wp-content\/uploads\/2023\/12\/KUORgot2b.png","datePublished":"2023-12-19T18:30:39+00:00","dateModified":"2023-12-19T18:32:01+00:00","breadcrumb":{"@id":"https:\/\/pharmadreams.shop\/index.php\/product\/schwarzkopf-got2b-volumania-laque-cheveux\/#breadcrumb"},"inLanguage":"fr-FR","potentialAction":[{"@type":"ReadAction","target":["https:\/\/pharmadreams.shop\/index.php\/product\/schwarzkopf-got2b-volumania-laque-cheveux\/"]}]},{"@type":"ImageObject","inLanguage":"fr-FR","@id":"https:\/\/pharmadreams.shop\/index.php\/product\/schwarzkopf-got2b-volumania-laque-cheveux\/#primaryimage","url":"https:\/\/pharmadreams.shop\/wp-content\/uploads\/2023\/12\/KUORgot2b.png","contentUrl":"https:\/\/pharmadreams.shop\/wp-content\/uploads\/2023\/12\/KUORgot2b.png","width":1120,"height":1816},{"@type":"BreadcrumbList","@id":"https:\/\/pharmadreams.shop\/index.php\/product\/schwarzkopf-got2b-volumania-laque-cheveux\/#breadcrumb","itemListElement":[{"@type":"ListItem","position":1,"name":"Accueil","item":"https:\/\/pharmadreams.shop\/"},{"@type":"ListItem","position":2,"name":"Shop","item":"https:\/\/pharmadreams.shop\/index.php\/shop\/"},{"@type":"ListItem","position":3,"name":"Schwarzkopf got2b Volumania laque cheveux"}]},{"@type":"WebSite","@id":"https:\/\/pharmadreams.shop\/#website","url":"https:\/\/pharmadreams.shop\/","name":"pharmadreams","description":"Parapharmacie en ligne","potentialAction":[{"@type":"SearchAction","target":{"@type":"EntryPoint","urlTemplate":"https:\/\/pharmadreams.shop\/?s={search_term_string}"},"query-input":"required name=search_term_string"}],"inLanguage":"fr-FR"}]}},"_links":{"self":[{"href":"https:\/\/pharmadreams.shop\/index.php\/wp-json\/wp\/v2\/product\/16191","targetHints":{"allow":["GET"]}}],"collection":[{"href":"https:\/\/pharmadreams.shop\/index.php\/wp-json\/wp\/v2\/product"}],"about":[{"href":"https:\/\/pharmadreams.shop\/index.php\/wp-json\/wp\/v2\/types\/product"}],"replies":[{"embeddable":true,"href":"https:\/\/pharmadreams.shop\/index.php\/wp-json\/wp\/v2\/comments?post=16191"}],"version-history":[{"count":0,"href":"https:\/\/pharmadreams.shop\/index.php\/wp-json\/wp\/v2\/product\/16191\/revisions"}],"wp:featuredmedia":[{"embeddable":true,"href":"https:\/\/pharmadreams.shop\/index.php\/wp-json\/wp\/v2\/media\/16269"}],"wp:attachment":[{"href":"https:\/\/pharmadreams.shop\/index.php\/wp-json\/wp\/v2\/media?parent=16191"}],"wp:term":[{"taxonomy":"product_brand","embeddable":true,"href":"https:\/\/pharmadreams.shop\/index.php\/wp-json\/wp\/v2\/product_brand?post=16191"},{"taxonomy":"product_cat","embeddable":true,"href":"https:\/\/pharmadreams.shop\/index.php\/wp-json\/wp\/v2\/product_cat?post=16191"},{"taxonomy":"product_tag","embeddable":true,"href":"https:\/\/pharmadreams.shop\/index.php\/wp-json\/wp\/v2\/product_tag?post=16191"}],"curies":[{"name":"wp","href":"https:\/\/api.w.org\/{rel}","templated":true}]}}