{"id":16194,"date":"2023-12-19T19:30:40","date_gmt":"2023-12-19T18:30:40","guid":{"rendered":"https:\/\/venuspara.com\/?post_type=product&#038;p=16194"},"modified":"2023-12-19T19:32:07","modified_gmt":"2023-12-19T18:32:07","slug":"ducray-ictyane-nutri-creme-riche-40ml","status":"publish","type":"product","link":"https:\/\/pharmadreams.shop\/index.php\/product\/ducray-ictyane-nutri-creme-riche-40ml\/","title":{"rendered":"Ducray ictyane nutri cr\u00e8me riche &#8211; 40ml"},"content":{"rendered":"","protected":false},"excerpt":{"rendered":"<p style=\"font-weight: 400;\"><strong style=\"font-weight: 400;\">Ducray Ictyane Hydra cr\u00e8me RICHE<\/strong>\u00a0est un soin quotidien pour les\u00a0<strong style=\"font-weight: 400;\">peaux s\u00e8ches \u00e0 tr\u00e8s s\u00e8ches.<\/strong><\/p>\n<p style=\"font-weight: 400;\">Cette\u00a0<strong style=\"font-weight: 400;\">cr\u00e8me hydratante<\/strong>\u00a0apporte une hydratation optimale aux\u00a0<strong style=\"font-weight: 400;\">peaux s\u00e8ches<\/strong>. Elle corrige et pr\u00e9vient de la s\u00e9cheresse cutan\u00e9e.<\/p>\n<p style=\"font-weight: 400;\">Tiraillements. Inconfort.\u00a0Perte de souplesse.<\/p>\n<p style=\"font-weight: 400;\">Afin de lutter contre les agessions ext\u00e9rieures dont la peau est quotidiennement victime, une simple cr\u00e8me hydratante n\u2019est pas suffisante. Pour cela, DUCRAY a concentr\u00e9 dans sa formule deux agents qui vont aider la peau \u00e0 se nourrir en toute autonomie :<\/p>\n<p style=\"font-weight: 400;\">&#8211; l\u2019<strong style=\"font-weight: 400;\">Acefylline<\/strong>, qui active la production d\u2019acides amin\u00e9s responsables du r\u00f4le de micro-\u00e9ponge de la peau ;<br \/>\n&#8211; l\u2019<strong style=\"font-weight: 400;\">huile d\u2019Abyssinie<\/strong>, riche en om\u00e9ga 6 et 9 qui boostent la formation des cellules et aident \u00e0 son maintien.<\/p>\n<p style=\"font-weight: 400;\"><strong style=\"font-weight: 400;\">R\u00e9sultats\u00a0:<\/strong><\/p>\n<p style=\"font-weight: 400;\">une\u00a0<strong style=\"font-weight: 400;\">hydratation<\/strong>\u00a0active\u00a0des peaux s\u00e8ches pendant 24h et une peau qui retrouve ses capacit\u00e9s naturelles de nutrition. Riche mais pas grasse, la cr\u00e8me s\u2019applique facilement sans laisser d\u2019effet gras.<\/p>\n","protected":false},"featured_media":16275,"comment_status":"open","ping_status":"closed","template":"","meta":[],"product_brand":[],"product_cat":[78,95,81,20],"product_tag":[],"class_list":{"0":"post-16194","1":"product","2":"type-product","3":"status-publish","4":"has-post-thumbnail","6":"product_cat-cremes","7":"product_cat-skin-care","8":"product_cat-soins-hydratants","9":"product_cat-visage","11":"first","12":"instock","13":"shipping-taxable","14":"purchasable","15":"product-type-simple"},"yoast_head":"<!-- This site is optimized with the Yoast SEO plugin v23.0 - https:\/\/yoast.com\/wordpress\/plugins\/seo\/ -->\n<title>Ducray ictyane nutri cr\u00e8me riche - 40ml - pharmadreams<\/title>\n<meta name=\"robots\" content=\"index, follow, max-snippet:-1, max-image-preview:large, max-video-preview:-1\" \/>\n<link rel=\"canonical\" href=\"https:\/\/pharmadreams.shop\/index.php\/product\/ducray-ictyane-nutri-creme-riche-40ml\/\" \/>\n<meta property=\"og:locale\" content=\"fr_FR\" \/>\n<meta property=\"og:type\" content=\"article\" \/>\n<meta property=\"og:title\" content=\"Ducray ictyane nutri cr\u00e8me riche - 40ml - pharmadreams\" \/>\n<meta property=\"og:description\" content=\"Ducray Ictyane Hydra cr\u00e8me RICHE\u00a0est un soin quotidien pour les\u00a0peaux s\u00e8ches \u00e0 tr\u00e8s s\u00e8ches. Cette\u00a0cr\u00e8me hydratante\u00a0apporte une hydratation optimale aux\u00a0peaux s\u00e8ches. Elle corrige et pr\u00e9vient de la s\u00e9cheresse cutan\u00e9e. Tiraillements. Inconfort.\u00a0Perte de souplesse. Afin de lutter contre les agessions ext\u00e9rieures dont la peau est quotidiennement victime, une simple cr\u00e8me hydratante n\u2019est pas suffisante. Pour cela, DUCRAY a concentr\u00e9 dans sa formule deux agents qui vont aider la peau \u00e0 se nourrir en toute autonomie : - l\u2019Acefylline, qui active la production d\u2019acides amin\u00e9s responsables du r\u00f4le de micro-\u00e9ponge de la peau ; - l\u2019huile d\u2019Abyssinie, riche en om\u00e9ga 6 et 9 qui boostent la formation des cellules et aident \u00e0 son maintien. R\u00e9sultats\u00a0: une\u00a0hydratation\u00a0active\u00a0des peaux s\u00e8ches pendant 24h et une peau qui retrouve ses capacit\u00e9s naturelles de nutrition. Riche mais pas grasse, la cr\u00e8me s\u2019applique facilement sans laisser d\u2019effet gras.\" \/>\n<meta property=\"og:url\" content=\"https:\/\/pharmadreams.shop\/index.php\/product\/ducray-ictyane-nutri-creme-riche-40ml\/\" \/>\n<meta property=\"og:site_name\" content=\"pharmadreams\" \/>\n<meta property=\"article:modified_time\" content=\"2023-12-19T18:32:07+00:00\" \/>\n<meta property=\"og:image\" content=\"https:\/\/pharmadreams.shop\/wp-content\/uploads\/2023\/12\/ducray-nutri-1.png\" \/>\n\t<meta property=\"og:image:width\" content=\"840\" \/>\n\t<meta property=\"og:image:height\" content=\"1144\" \/>\n\t<meta property=\"og:image:type\" content=\"image\/png\" \/>\n<meta name=\"twitter:card\" content=\"summary_large_image\" \/>\n<script type=\"application\/ld+json\" class=\"yoast-schema-graph\">{\"@context\":\"https:\/\/schema.org\",\"@graph\":[{\"@type\":\"WebPage\",\"@id\":\"https:\/\/pharmadreams.shop\/index.php\/product\/ducray-ictyane-nutri-creme-riche-40ml\/\",\"url\":\"https:\/\/pharmadreams.shop\/index.php\/product\/ducray-ictyane-nutri-creme-riche-40ml\/\",\"name\":\"Ducray ictyane nutri cr\u00e8me riche - 40ml - pharmadreams\",\"isPartOf\":{\"@id\":\"https:\/\/pharmadreams.shop\/#website\"},\"primaryImageOfPage\":{\"@id\":\"https:\/\/pharmadreams.shop\/index.php\/product\/ducray-ictyane-nutri-creme-riche-40ml\/#primaryimage\"},\"image\":{\"@id\":\"https:\/\/pharmadreams.shop\/index.php\/product\/ducray-ictyane-nutri-creme-riche-40ml\/#primaryimage\"},\"thumbnailUrl\":\"https:\/\/pharmadreams.shop\/wp-content\/uploads\/2023\/12\/ducray-nutri-1.png\",\"datePublished\":\"2023-12-19T18:30:40+00:00\",\"dateModified\":\"2023-12-19T18:32:07+00:00\",\"breadcrumb\":{\"@id\":\"https:\/\/pharmadreams.shop\/index.php\/product\/ducray-ictyane-nutri-creme-riche-40ml\/#breadcrumb\"},\"inLanguage\":\"fr-FR\",\"potentialAction\":[{\"@type\":\"ReadAction\",\"target\":[\"https:\/\/pharmadreams.shop\/index.php\/product\/ducray-ictyane-nutri-creme-riche-40ml\/\"]}]},{\"@type\":\"ImageObject\",\"inLanguage\":\"fr-FR\",\"@id\":\"https:\/\/pharmadreams.shop\/index.php\/product\/ducray-ictyane-nutri-creme-riche-40ml\/#primaryimage\",\"url\":\"https:\/\/pharmadreams.shop\/wp-content\/uploads\/2023\/12\/ducray-nutri-1.png\",\"contentUrl\":\"https:\/\/pharmadreams.shop\/wp-content\/uploads\/2023\/12\/ducray-nutri-1.png\",\"width\":840,\"height\":1144},{\"@type\":\"BreadcrumbList\",\"@id\":\"https:\/\/pharmadreams.shop\/index.php\/product\/ducray-ictyane-nutri-creme-riche-40ml\/#breadcrumb\",\"itemListElement\":[{\"@type\":\"ListItem\",\"position\":1,\"name\":\"Accueil\",\"item\":\"https:\/\/pharmadreams.shop\/\"},{\"@type\":\"ListItem\",\"position\":2,\"name\":\"Shop\",\"item\":\"https:\/\/pharmadreams.shop\/index.php\/shop\/\"},{\"@type\":\"ListItem\",\"position\":3,\"name\":\"Ducray ictyane nutri cr\u00e8me riche &#8211; 40ml\"}]},{\"@type\":\"WebSite\",\"@id\":\"https:\/\/pharmadreams.shop\/#website\",\"url\":\"https:\/\/pharmadreams.shop\/\",\"name\":\"pharmadreams\",\"description\":\"Parapharmacie en ligne\",\"potentialAction\":[{\"@type\":\"SearchAction\",\"target\":{\"@type\":\"EntryPoint\",\"urlTemplate\":\"https:\/\/pharmadreams.shop\/?s={search_term_string}\"},\"query-input\":\"required name=search_term_string\"}],\"inLanguage\":\"fr-FR\"}]}<\/script>\n<!-- \/ Yoast SEO plugin. -->","yoast_head_json":{"title":"Ducray ictyane nutri cr\u00e8me riche - 40ml - pharmadreams","robots":{"index":"index","follow":"follow","max-snippet":"max-snippet:-1","max-image-preview":"max-image-preview:large","max-video-preview":"max-video-preview:-1"},"canonical":"https:\/\/pharmadreams.shop\/index.php\/product\/ducray-ictyane-nutri-creme-riche-40ml\/","og_locale":"fr_FR","og_type":"article","og_title":"Ducray ictyane nutri cr\u00e8me riche - 40ml - pharmadreams","og_description":"Ducray Ictyane Hydra cr\u00e8me RICHE\u00a0est un soin quotidien pour les\u00a0peaux s\u00e8ches \u00e0 tr\u00e8s s\u00e8ches. Cette\u00a0cr\u00e8me hydratante\u00a0apporte une hydratation optimale aux\u00a0peaux s\u00e8ches. Elle corrige et pr\u00e9vient de la s\u00e9cheresse cutan\u00e9e. Tiraillements. Inconfort.\u00a0Perte de souplesse. Afin de lutter contre les agessions ext\u00e9rieures dont la peau est quotidiennement victime, une simple cr\u00e8me hydratante n\u2019est pas suffisante. Pour cela, DUCRAY a concentr\u00e9 dans sa formule deux agents qui vont aider la peau \u00e0 se nourrir en toute autonomie : - l\u2019Acefylline, qui active la production d\u2019acides amin\u00e9s responsables du r\u00f4le de micro-\u00e9ponge de la peau ; - l\u2019huile d\u2019Abyssinie, riche en om\u00e9ga 6 et 9 qui boostent la formation des cellules et aident \u00e0 son maintien. R\u00e9sultats\u00a0: une\u00a0hydratation\u00a0active\u00a0des peaux s\u00e8ches pendant 24h et une peau qui retrouve ses capacit\u00e9s naturelles de nutrition. Riche mais pas grasse, la cr\u00e8me s\u2019applique facilement sans laisser d\u2019effet gras.","og_url":"https:\/\/pharmadreams.shop\/index.php\/product\/ducray-ictyane-nutri-creme-riche-40ml\/","og_site_name":"pharmadreams","article_modified_time":"2023-12-19T18:32:07+00:00","og_image":[{"width":840,"height":1144,"url":"https:\/\/pharmadreams.shop\/wp-content\/uploads\/2023\/12\/ducray-nutri-1.png","type":"image\/png"}],"twitter_card":"summary_large_image","schema":{"@context":"https:\/\/schema.org","@graph":[{"@type":"WebPage","@id":"https:\/\/pharmadreams.shop\/index.php\/product\/ducray-ictyane-nutri-creme-riche-40ml\/","url":"https:\/\/pharmadreams.shop\/index.php\/product\/ducray-ictyane-nutri-creme-riche-40ml\/","name":"Ducray ictyane nutri cr\u00e8me riche - 40ml - pharmadreams","isPartOf":{"@id":"https:\/\/pharmadreams.shop\/#website"},"primaryImageOfPage":{"@id":"https:\/\/pharmadreams.shop\/index.php\/product\/ducray-ictyane-nutri-creme-riche-40ml\/#primaryimage"},"image":{"@id":"https:\/\/pharmadreams.shop\/index.php\/product\/ducray-ictyane-nutri-creme-riche-40ml\/#primaryimage"},"thumbnailUrl":"https:\/\/pharmadreams.shop\/wp-content\/uploads\/2023\/12\/ducray-nutri-1.png","datePublished":"2023-12-19T18:30:40+00:00","dateModified":"2023-12-19T18:32:07+00:00","breadcrumb":{"@id":"https:\/\/pharmadreams.shop\/index.php\/product\/ducray-ictyane-nutri-creme-riche-40ml\/#breadcrumb"},"inLanguage":"fr-FR","potentialAction":[{"@type":"ReadAction","target":["https:\/\/pharmadreams.shop\/index.php\/product\/ducray-ictyane-nutri-creme-riche-40ml\/"]}]},{"@type":"ImageObject","inLanguage":"fr-FR","@id":"https:\/\/pharmadreams.shop\/index.php\/product\/ducray-ictyane-nutri-creme-riche-40ml\/#primaryimage","url":"https:\/\/pharmadreams.shop\/wp-content\/uploads\/2023\/12\/ducray-nutri-1.png","contentUrl":"https:\/\/pharmadreams.shop\/wp-content\/uploads\/2023\/12\/ducray-nutri-1.png","width":840,"height":1144},{"@type":"BreadcrumbList","@id":"https:\/\/pharmadreams.shop\/index.php\/product\/ducray-ictyane-nutri-creme-riche-40ml\/#breadcrumb","itemListElement":[{"@type":"ListItem","position":1,"name":"Accueil","item":"https:\/\/pharmadreams.shop\/"},{"@type":"ListItem","position":2,"name":"Shop","item":"https:\/\/pharmadreams.shop\/index.php\/shop\/"},{"@type":"ListItem","position":3,"name":"Ducray ictyane nutri cr\u00e8me riche &#8211; 40ml"}]},{"@type":"WebSite","@id":"https:\/\/pharmadreams.shop\/#website","url":"https:\/\/pharmadreams.shop\/","name":"pharmadreams","description":"Parapharmacie en ligne","potentialAction":[{"@type":"SearchAction","target":{"@type":"EntryPoint","urlTemplate":"https:\/\/pharmadreams.shop\/?s={search_term_string}"},"query-input":"required name=search_term_string"}],"inLanguage":"fr-FR"}]}},"_links":{"self":[{"href":"https:\/\/pharmadreams.shop\/index.php\/wp-json\/wp\/v2\/product\/16194","targetHints":{"allow":["GET"]}}],"collection":[{"href":"https:\/\/pharmadreams.shop\/index.php\/wp-json\/wp\/v2\/product"}],"about":[{"href":"https:\/\/pharmadreams.shop\/index.php\/wp-json\/wp\/v2\/types\/product"}],"replies":[{"embeddable":true,"href":"https:\/\/pharmadreams.shop\/index.php\/wp-json\/wp\/v2\/comments?post=16194"}],"version-history":[{"count":0,"href":"https:\/\/pharmadreams.shop\/index.php\/wp-json\/wp\/v2\/product\/16194\/revisions"}],"wp:featuredmedia":[{"embeddable":true,"href":"https:\/\/pharmadreams.shop\/index.php\/wp-json\/wp\/v2\/media\/16275"}],"wp:attachment":[{"href":"https:\/\/pharmadreams.shop\/index.php\/wp-json\/wp\/v2\/media?parent=16194"}],"wp:term":[{"taxonomy":"product_brand","embeddable":true,"href":"https:\/\/pharmadreams.shop\/index.php\/wp-json\/wp\/v2\/product_brand?post=16194"},{"taxonomy":"product_cat","embeddable":true,"href":"https:\/\/pharmadreams.shop\/index.php\/wp-json\/wp\/v2\/product_cat?post=16194"},{"taxonomy":"product_tag","embeddable":true,"href":"https:\/\/pharmadreams.shop\/index.php\/wp-json\/wp\/v2\/product_tag?post=16194"}],"curies":[{"name":"wp","href":"https:\/\/api.w.org\/{rel}","templated":true}]}}