{"id":16195,"date":"2023-12-19T19:30:40","date_gmt":"2023-12-19T18:30:40","guid":{"rendered":"https:\/\/venuspara.com\/?post_type=product&#038;p=16195"},"modified":"2023-12-19T19:32:09","modified_gmt":"2023-12-19T18:32:09","slug":"ducray-melascreen-serum-global-anti-photo-vieillissement-30ml","status":"publish","type":"product","link":"https:\/\/pharmadreams.shop\/index.php\/product\/ducray-melascreen-serum-global-anti-photo-vieillissement-30ml\/","title":{"rendered":"Ducray melascreen s\u00e9rum global anti photo-vieillissement 30ml"},"content":{"rendered":"","protected":false},"excerpt":{"rendered":"<p>La peau est redensifi\u00e9e, elle retrouve tout son \u00e9clat. Les rides et les taches sont att\u00e9nu\u00e9es.<\/p>\n<p>R\u00e9sultats :<br \/>\n\u00c9claircit les taches brunes : -42%<br \/>\nPeau liss\u00e9e : 83% de satisfaction<br \/>\nRedensifie : 74% de satisfaction<\/p>\n<p>Etude clinique sur 41 femmes de 46-70 ans, 2 applications par jour pendant 12 semaines.<br \/>\nMesures instrumentales apr\u00e8s 85 jours d&rsquo;application.<br \/>\nAgr\u00e9ment per\u00e7u par les sujets apr\u00e8s 28 jours d&rsquo;application<\/p>\n","protected":false},"featured_media":16277,"comment_status":"open","ping_status":"closed","template":"","meta":[],"product_brand":[],"product_cat":[100,120,90,94],"product_tag":[],"class_list":{"0":"post-16195","1":"product","2":"type-product","3":"status-publish","4":"has-post-thumbnail","6":"product_cat-anti-age","7":"product_cat-anti-rides","8":"product_cat-anti-tache","9":"product_cat-serum","11":"first","12":"instock","13":"shipping-taxable","14":"purchasable","15":"product-type-simple"},"yoast_head":"<!-- This site is optimized with the Yoast SEO plugin v23.0 - https:\/\/yoast.com\/wordpress\/plugins\/seo\/ -->\n<title>Ducray melascreen s\u00e9rum global anti photo-vieillissement 30ml - pharmadreams<\/title>\n<meta name=\"robots\" content=\"index, follow, max-snippet:-1, max-image-preview:large, max-video-preview:-1\" \/>\n<link rel=\"canonical\" href=\"https:\/\/pharmadreams.shop\/index.php\/product\/ducray-melascreen-serum-global-anti-photo-vieillissement-30ml\/\" \/>\n<meta property=\"og:locale\" content=\"fr_FR\" \/>\n<meta property=\"og:type\" content=\"article\" \/>\n<meta property=\"og:title\" content=\"Ducray melascreen s\u00e9rum global anti photo-vieillissement 30ml - pharmadreams\" \/>\n<meta property=\"og:description\" content=\"La peau est redensifi\u00e9e, elle retrouve tout son \u00e9clat. Les rides et les taches sont att\u00e9nu\u00e9es.  R\u00e9sultats : \u00c9claircit les taches brunes : -42% Peau liss\u00e9e : 83% de satisfaction Redensifie : 74% de satisfaction  Etude clinique sur 41 femmes de 46-70 ans, 2 applications par jour pendant 12 semaines. Mesures instrumentales apr\u00e8s 85 jours d&#039;application. Agr\u00e9ment per\u00e7u par les sujets apr\u00e8s 28 jours d&#039;application\" \/>\n<meta property=\"og:url\" content=\"https:\/\/pharmadreams.shop\/index.php\/product\/ducray-melascreen-serum-global-anti-photo-vieillissement-30ml\/\" \/>\n<meta property=\"og:site_name\" content=\"pharmadreams\" \/>\n<meta property=\"article:modified_time\" content=\"2023-12-19T18:32:09+00:00\" \/>\n<meta property=\"og:image\" content=\"https:\/\/pharmadreams.shop\/wp-content\/uploads\/2023\/12\/ducray-melasc.png\" \/>\n\t<meta property=\"og:image:width\" content=\"1128\" \/>\n\t<meta property=\"og:image:height\" content=\"1400\" \/>\n\t<meta property=\"og:image:type\" content=\"image\/png\" \/>\n<meta name=\"twitter:card\" content=\"summary_large_image\" \/>\n<script type=\"application\/ld+json\" class=\"yoast-schema-graph\">{\"@context\":\"https:\/\/schema.org\",\"@graph\":[{\"@type\":\"WebPage\",\"@id\":\"https:\/\/pharmadreams.shop\/index.php\/product\/ducray-melascreen-serum-global-anti-photo-vieillissement-30ml\/\",\"url\":\"https:\/\/pharmadreams.shop\/index.php\/product\/ducray-melascreen-serum-global-anti-photo-vieillissement-30ml\/\",\"name\":\"Ducray melascreen s\u00e9rum global anti photo-vieillissement 30ml - pharmadreams\",\"isPartOf\":{\"@id\":\"https:\/\/pharmadreams.shop\/#website\"},\"primaryImageOfPage\":{\"@id\":\"https:\/\/pharmadreams.shop\/index.php\/product\/ducray-melascreen-serum-global-anti-photo-vieillissement-30ml\/#primaryimage\"},\"image\":{\"@id\":\"https:\/\/pharmadreams.shop\/index.php\/product\/ducray-melascreen-serum-global-anti-photo-vieillissement-30ml\/#primaryimage\"},\"thumbnailUrl\":\"https:\/\/pharmadreams.shop\/wp-content\/uploads\/2023\/12\/ducray-melasc.png\",\"datePublished\":\"2023-12-19T18:30:40+00:00\",\"dateModified\":\"2023-12-19T18:32:09+00:00\",\"breadcrumb\":{\"@id\":\"https:\/\/pharmadreams.shop\/index.php\/product\/ducray-melascreen-serum-global-anti-photo-vieillissement-30ml\/#breadcrumb\"},\"inLanguage\":\"fr-FR\",\"potentialAction\":[{\"@type\":\"ReadAction\",\"target\":[\"https:\/\/pharmadreams.shop\/index.php\/product\/ducray-melascreen-serum-global-anti-photo-vieillissement-30ml\/\"]}]},{\"@type\":\"ImageObject\",\"inLanguage\":\"fr-FR\",\"@id\":\"https:\/\/pharmadreams.shop\/index.php\/product\/ducray-melascreen-serum-global-anti-photo-vieillissement-30ml\/#primaryimage\",\"url\":\"https:\/\/pharmadreams.shop\/wp-content\/uploads\/2023\/12\/ducray-melasc.png\",\"contentUrl\":\"https:\/\/pharmadreams.shop\/wp-content\/uploads\/2023\/12\/ducray-melasc.png\",\"width\":1128,\"height\":1400},{\"@type\":\"BreadcrumbList\",\"@id\":\"https:\/\/pharmadreams.shop\/index.php\/product\/ducray-melascreen-serum-global-anti-photo-vieillissement-30ml\/#breadcrumb\",\"itemListElement\":[{\"@type\":\"ListItem\",\"position\":1,\"name\":\"Accueil\",\"item\":\"https:\/\/pharmadreams.shop\/\"},{\"@type\":\"ListItem\",\"position\":2,\"name\":\"Shop\",\"item\":\"https:\/\/pharmadreams.shop\/index.php\/shop\/\"},{\"@type\":\"ListItem\",\"position\":3,\"name\":\"Ducray melascreen s\u00e9rum global anti photo-vieillissement 30ml\"}]},{\"@type\":\"WebSite\",\"@id\":\"https:\/\/pharmadreams.shop\/#website\",\"url\":\"https:\/\/pharmadreams.shop\/\",\"name\":\"pharmadreams\",\"description\":\"Parapharmacie en ligne\",\"potentialAction\":[{\"@type\":\"SearchAction\",\"target\":{\"@type\":\"EntryPoint\",\"urlTemplate\":\"https:\/\/pharmadreams.shop\/?s={search_term_string}\"},\"query-input\":\"required name=search_term_string\"}],\"inLanguage\":\"fr-FR\"}]}<\/script>\n<!-- \/ Yoast SEO plugin. -->","yoast_head_json":{"title":"Ducray melascreen s\u00e9rum global anti photo-vieillissement 30ml - pharmadreams","robots":{"index":"index","follow":"follow","max-snippet":"max-snippet:-1","max-image-preview":"max-image-preview:large","max-video-preview":"max-video-preview:-1"},"canonical":"https:\/\/pharmadreams.shop\/index.php\/product\/ducray-melascreen-serum-global-anti-photo-vieillissement-30ml\/","og_locale":"fr_FR","og_type":"article","og_title":"Ducray melascreen s\u00e9rum global anti photo-vieillissement 30ml - pharmadreams","og_description":"La peau est redensifi\u00e9e, elle retrouve tout son \u00e9clat. Les rides et les taches sont att\u00e9nu\u00e9es.  R\u00e9sultats : \u00c9claircit les taches brunes : -42% Peau liss\u00e9e : 83% de satisfaction Redensifie : 74% de satisfaction  Etude clinique sur 41 femmes de 46-70 ans, 2 applications par jour pendant 12 semaines. Mesures instrumentales apr\u00e8s 85 jours d'application. Agr\u00e9ment per\u00e7u par les sujets apr\u00e8s 28 jours d'application","og_url":"https:\/\/pharmadreams.shop\/index.php\/product\/ducray-melascreen-serum-global-anti-photo-vieillissement-30ml\/","og_site_name":"pharmadreams","article_modified_time":"2023-12-19T18:32:09+00:00","og_image":[{"width":1128,"height":1400,"url":"https:\/\/pharmadreams.shop\/wp-content\/uploads\/2023\/12\/ducray-melasc.png","type":"image\/png"}],"twitter_card":"summary_large_image","schema":{"@context":"https:\/\/schema.org","@graph":[{"@type":"WebPage","@id":"https:\/\/pharmadreams.shop\/index.php\/product\/ducray-melascreen-serum-global-anti-photo-vieillissement-30ml\/","url":"https:\/\/pharmadreams.shop\/index.php\/product\/ducray-melascreen-serum-global-anti-photo-vieillissement-30ml\/","name":"Ducray melascreen s\u00e9rum global anti photo-vieillissement 30ml - pharmadreams","isPartOf":{"@id":"https:\/\/pharmadreams.shop\/#website"},"primaryImageOfPage":{"@id":"https:\/\/pharmadreams.shop\/index.php\/product\/ducray-melascreen-serum-global-anti-photo-vieillissement-30ml\/#primaryimage"},"image":{"@id":"https:\/\/pharmadreams.shop\/index.php\/product\/ducray-melascreen-serum-global-anti-photo-vieillissement-30ml\/#primaryimage"},"thumbnailUrl":"https:\/\/pharmadreams.shop\/wp-content\/uploads\/2023\/12\/ducray-melasc.png","datePublished":"2023-12-19T18:30:40+00:00","dateModified":"2023-12-19T18:32:09+00:00","breadcrumb":{"@id":"https:\/\/pharmadreams.shop\/index.php\/product\/ducray-melascreen-serum-global-anti-photo-vieillissement-30ml\/#breadcrumb"},"inLanguage":"fr-FR","potentialAction":[{"@type":"ReadAction","target":["https:\/\/pharmadreams.shop\/index.php\/product\/ducray-melascreen-serum-global-anti-photo-vieillissement-30ml\/"]}]},{"@type":"ImageObject","inLanguage":"fr-FR","@id":"https:\/\/pharmadreams.shop\/index.php\/product\/ducray-melascreen-serum-global-anti-photo-vieillissement-30ml\/#primaryimage","url":"https:\/\/pharmadreams.shop\/wp-content\/uploads\/2023\/12\/ducray-melasc.png","contentUrl":"https:\/\/pharmadreams.shop\/wp-content\/uploads\/2023\/12\/ducray-melasc.png","width":1128,"height":1400},{"@type":"BreadcrumbList","@id":"https:\/\/pharmadreams.shop\/index.php\/product\/ducray-melascreen-serum-global-anti-photo-vieillissement-30ml\/#breadcrumb","itemListElement":[{"@type":"ListItem","position":1,"name":"Accueil","item":"https:\/\/pharmadreams.shop\/"},{"@type":"ListItem","position":2,"name":"Shop","item":"https:\/\/pharmadreams.shop\/index.php\/shop\/"},{"@type":"ListItem","position":3,"name":"Ducray melascreen s\u00e9rum global anti photo-vieillissement 30ml"}]},{"@type":"WebSite","@id":"https:\/\/pharmadreams.shop\/#website","url":"https:\/\/pharmadreams.shop\/","name":"pharmadreams","description":"Parapharmacie en ligne","potentialAction":[{"@type":"SearchAction","target":{"@type":"EntryPoint","urlTemplate":"https:\/\/pharmadreams.shop\/?s={search_term_string}"},"query-input":"required name=search_term_string"}],"inLanguage":"fr-FR"}]}},"_links":{"self":[{"href":"https:\/\/pharmadreams.shop\/index.php\/wp-json\/wp\/v2\/product\/16195","targetHints":{"allow":["GET"]}}],"collection":[{"href":"https:\/\/pharmadreams.shop\/index.php\/wp-json\/wp\/v2\/product"}],"about":[{"href":"https:\/\/pharmadreams.shop\/index.php\/wp-json\/wp\/v2\/types\/product"}],"replies":[{"embeddable":true,"href":"https:\/\/pharmadreams.shop\/index.php\/wp-json\/wp\/v2\/comments?post=16195"}],"version-history":[{"count":0,"href":"https:\/\/pharmadreams.shop\/index.php\/wp-json\/wp\/v2\/product\/16195\/revisions"}],"wp:featuredmedia":[{"embeddable":true,"href":"https:\/\/pharmadreams.shop\/index.php\/wp-json\/wp\/v2\/media\/16277"}],"wp:attachment":[{"href":"https:\/\/pharmadreams.shop\/index.php\/wp-json\/wp\/v2\/media?parent=16195"}],"wp:term":[{"taxonomy":"product_brand","embeddable":true,"href":"https:\/\/pharmadreams.shop\/index.php\/wp-json\/wp\/v2\/product_brand?post=16195"},{"taxonomy":"product_cat","embeddable":true,"href":"https:\/\/pharmadreams.shop\/index.php\/wp-json\/wp\/v2\/product_cat?post=16195"},{"taxonomy":"product_tag","embeddable":true,"href":"https:\/\/pharmadreams.shop\/index.php\/wp-json\/wp\/v2\/product_tag?post=16195"}],"curies":[{"name":"wp","href":"https:\/\/api.w.org\/{rel}","templated":true}]}}