{"id":16209,"date":"2023-12-19T19:31:04","date_gmt":"2023-12-19T18:31:04","guid":{"rendered":"https:\/\/venuspara.com\/?post_type=product&#038;p=16209"},"modified":"2023-12-19T19:32:16","modified_gmt":"2023-12-19T18:32:16","slug":"photoderm-nude-touch-mineral-spf50-claire","status":"publish","type":"product","link":"https:\/\/pharmadreams.shop\/index.php\/product\/photoderm-nude-touch-mineral-spf50-claire\/","title":{"rendered":"Photoderm nude touch min\u00e9ral spf50+ claire"},"content":{"rendered":"","protected":false},"excerpt":{"rendered":"<p>L\u2019association de filtres min\u00e9raux UVA\/UVB et le brevet Bioprotection\u2122 cellulaire, prot\u00e8gent la peau contre les m\u00e9faits des UVs imm\u00e9diatement et durablement 1.<br \/>\nLa Bioprotection\u2122 cellulaire active les d\u00e9fenses naturelles de la peau, prot\u00e8ge les cellules et lutte contre le vieillissement cutan\u00e9 pr\u00e9matur\u00e91.<br \/>\nFormule avec filtres 100% min\u00e9raux, \u00e0 la technologie \u00e9volutive Liquid-to-powder*en 3 temps :<br \/>\n\u2013 d\u00e8s l\u2019application, les agents volatils s\u2019\u00e9vaporent pour donner \u00e0 la formule toute sa l\u00e9g\u00e8ret\u00e9.<br \/>\n\u2013 l\u2019application soyeuse permet une dispersion homog\u00e8ne des pigments et des filtres \u00e0 la surface de la peau pour un teint unifi\u00e9 et parfaitement prot\u00e9g\u00e9.<br \/>\n\u2013 les agents hydratants p\u00e9n\u00e8trent dans les couches superficielles de la peau pour laisser place \u00e0 un fini poudr\u00e9 et mat.<br \/>\nEfficacit\u00e9 imm\u00e9diate peau mate &amp; anti-imperfections<br \/>\nPoudres matifiantes et soft-focus pour une action anti-brillance.<br \/>\nL\u2019acide salicylique lisse le grain de peau 2 et booste l\u2019\u00e9clat du teint 3.<br \/>\nAction anti-imperfections longue dur\u00e9e<br \/>\nLe brevet Fluidactiv\u2122 associ\u00e9 au Capryloyl Glycine r\u00e9gule la quantit\u00e9 et la qualit\u00e9 de s\u00e9bum produite jour apr\u00e8s jour et pr\u00e9viennent ainsi l\u2019apparition d\u2019imperfections 4,5.<\/p>\n","protected":false},"featured_media":16281,"comment_status":"open","ping_status":"closed","template":"","meta":[],"product_brand":[],"product_cat":[97,104,107],"product_tag":[],"class_list":{"0":"post-16209","1":"product","2":"type-product","3":"status-publish","4":"has-post-thumbnail","6":"product_cat-anti-imperfection","7":"product_cat-protection","8":"product_cat-soin-solaire","10":"first","11":"instock","12":"shipping-taxable","13":"purchasable","14":"product-type-simple"},"yoast_head":"<!-- This site is optimized with the Yoast SEO plugin v23.0 - https:\/\/yoast.com\/wordpress\/plugins\/seo\/ -->\n<title>Photoderm nude touch min\u00e9ral spf50+ claire - pharmadreams<\/title>\n<meta name=\"robots\" content=\"index, follow, max-snippet:-1, max-image-preview:large, max-video-preview:-1\" \/>\n<link rel=\"canonical\" href=\"https:\/\/pharmadreams.shop\/index.php\/product\/photoderm-nude-touch-mineral-spf50-claire\/\" \/>\n<meta property=\"og:locale\" content=\"fr_FR\" \/>\n<meta property=\"og:type\" content=\"article\" \/>\n<meta property=\"og:title\" content=\"Photoderm nude touch min\u00e9ral spf50+ claire - pharmadreams\" \/>\n<meta property=\"og:description\" content=\"L\u2019association de filtres min\u00e9raux UVA\/UVB et le brevet Bioprotection\u2122 cellulaire, prot\u00e8gent la peau contre les m\u00e9faits des UVs imm\u00e9diatement et durablement 1. La Bioprotection\u2122 cellulaire active les d\u00e9fenses naturelles de la peau, prot\u00e8ge les cellules et lutte contre le vieillissement cutan\u00e9 pr\u00e9matur\u00e91. Formule avec filtres 100% min\u00e9raux, \u00e0 la technologie \u00e9volutive Liquid-to-powder*en 3 temps : \u2013 d\u00e8s l\u2019application, les agents volatils s\u2019\u00e9vaporent pour donner \u00e0 la formule toute sa l\u00e9g\u00e8ret\u00e9. \u2013 l\u2019application soyeuse permet une dispersion homog\u00e8ne des pigments et des filtres \u00e0 la surface de la peau pour un teint unifi\u00e9 et parfaitement prot\u00e9g\u00e9. \u2013 les agents hydratants p\u00e9n\u00e8trent dans les couches superficielles de la peau pour laisser place \u00e0 un fini poudr\u00e9 et mat. Efficacit\u00e9 imm\u00e9diate peau mate &amp; anti-imperfections Poudres matifiantes et soft-focus pour une action anti-brillance. L\u2019acide salicylique lisse le grain de peau 2 et booste l\u2019\u00e9clat du teint 3. Action anti-imperfections longue dur\u00e9e Le brevet Fluidactiv\u2122 associ\u00e9 au Capryloyl Glycine r\u00e9gule la quantit\u00e9 et la qualit\u00e9 de s\u00e9bum produite jour apr\u00e8s jour et pr\u00e9viennent ainsi l\u2019apparition d\u2019imperfections 4,5.\" \/>\n<meta property=\"og:url\" content=\"https:\/\/pharmadreams.shop\/index.php\/product\/photoderm-nude-touch-mineral-spf50-claire\/\" \/>\n<meta property=\"og:site_name\" content=\"pharmadreams\" \/>\n<meta property=\"article:modified_time\" content=\"2023-12-19T18:32:16+00:00\" \/>\n<meta property=\"og:image\" content=\"https:\/\/pharmadreams.shop\/wp-content\/uploads\/2023\/12\/bioder.png\" \/>\n\t<meta property=\"og:image:width\" content=\"2712\" \/>\n\t<meta property=\"og:image:height\" content=\"2896\" \/>\n\t<meta property=\"og:image:type\" content=\"image\/png\" \/>\n<meta name=\"twitter:card\" content=\"summary_large_image\" \/>\n<script type=\"application\/ld+json\" class=\"yoast-schema-graph\">{\"@context\":\"https:\/\/schema.org\",\"@graph\":[{\"@type\":\"WebPage\",\"@id\":\"https:\/\/pharmadreams.shop\/index.php\/product\/photoderm-nude-touch-mineral-spf50-claire\/\",\"url\":\"https:\/\/pharmadreams.shop\/index.php\/product\/photoderm-nude-touch-mineral-spf50-claire\/\",\"name\":\"Photoderm nude touch min\u00e9ral spf50+ claire - pharmadreams\",\"isPartOf\":{\"@id\":\"https:\/\/pharmadreams.shop\/#website\"},\"primaryImageOfPage\":{\"@id\":\"https:\/\/pharmadreams.shop\/index.php\/product\/photoderm-nude-touch-mineral-spf50-claire\/#primaryimage\"},\"image\":{\"@id\":\"https:\/\/pharmadreams.shop\/index.php\/product\/photoderm-nude-touch-mineral-spf50-claire\/#primaryimage\"},\"thumbnailUrl\":\"https:\/\/pharmadreams.shop\/wp-content\/uploads\/2023\/12\/bioder.png\",\"datePublished\":\"2023-12-19T18:31:04+00:00\",\"dateModified\":\"2023-12-19T18:32:16+00:00\",\"breadcrumb\":{\"@id\":\"https:\/\/pharmadreams.shop\/index.php\/product\/photoderm-nude-touch-mineral-spf50-claire\/#breadcrumb\"},\"inLanguage\":\"fr-FR\",\"potentialAction\":[{\"@type\":\"ReadAction\",\"target\":[\"https:\/\/pharmadreams.shop\/index.php\/product\/photoderm-nude-touch-mineral-spf50-claire\/\"]}]},{\"@type\":\"ImageObject\",\"inLanguage\":\"fr-FR\",\"@id\":\"https:\/\/pharmadreams.shop\/index.php\/product\/photoderm-nude-touch-mineral-spf50-claire\/#primaryimage\",\"url\":\"https:\/\/pharmadreams.shop\/wp-content\/uploads\/2023\/12\/bioder.png\",\"contentUrl\":\"https:\/\/pharmadreams.shop\/wp-content\/uploads\/2023\/12\/bioder.png\",\"width\":2712,\"height\":2896},{\"@type\":\"BreadcrumbList\",\"@id\":\"https:\/\/pharmadreams.shop\/index.php\/product\/photoderm-nude-touch-mineral-spf50-claire\/#breadcrumb\",\"itemListElement\":[{\"@type\":\"ListItem\",\"position\":1,\"name\":\"Accueil\",\"item\":\"https:\/\/pharmadreams.shop\/\"},{\"@type\":\"ListItem\",\"position\":2,\"name\":\"Shop\",\"item\":\"https:\/\/pharmadreams.shop\/index.php\/shop\/\"},{\"@type\":\"ListItem\",\"position\":3,\"name\":\"Photoderm nude touch min\u00e9ral spf50+ claire\"}]},{\"@type\":\"WebSite\",\"@id\":\"https:\/\/pharmadreams.shop\/#website\",\"url\":\"https:\/\/pharmadreams.shop\/\",\"name\":\"pharmadreams\",\"description\":\"Parapharmacie en ligne\",\"potentialAction\":[{\"@type\":\"SearchAction\",\"target\":{\"@type\":\"EntryPoint\",\"urlTemplate\":\"https:\/\/pharmadreams.shop\/?s={search_term_string}\"},\"query-input\":\"required name=search_term_string\"}],\"inLanguage\":\"fr-FR\"}]}<\/script>\n<!-- \/ Yoast SEO plugin. -->","yoast_head_json":{"title":"Photoderm nude touch min\u00e9ral spf50+ claire - pharmadreams","robots":{"index":"index","follow":"follow","max-snippet":"max-snippet:-1","max-image-preview":"max-image-preview:large","max-video-preview":"max-video-preview:-1"},"canonical":"https:\/\/pharmadreams.shop\/index.php\/product\/photoderm-nude-touch-mineral-spf50-claire\/","og_locale":"fr_FR","og_type":"article","og_title":"Photoderm nude touch min\u00e9ral spf50+ claire - pharmadreams","og_description":"L\u2019association de filtres min\u00e9raux UVA\/UVB et le brevet Bioprotection\u2122 cellulaire, prot\u00e8gent la peau contre les m\u00e9faits des UVs imm\u00e9diatement et durablement 1. La Bioprotection\u2122 cellulaire active les d\u00e9fenses naturelles de la peau, prot\u00e8ge les cellules et lutte contre le vieillissement cutan\u00e9 pr\u00e9matur\u00e91. Formule avec filtres 100% min\u00e9raux, \u00e0 la technologie \u00e9volutive Liquid-to-powder*en 3 temps : \u2013 d\u00e8s l\u2019application, les agents volatils s\u2019\u00e9vaporent pour donner \u00e0 la formule toute sa l\u00e9g\u00e8ret\u00e9. \u2013 l\u2019application soyeuse permet une dispersion homog\u00e8ne des pigments et des filtres \u00e0 la surface de la peau pour un teint unifi\u00e9 et parfaitement prot\u00e9g\u00e9. \u2013 les agents hydratants p\u00e9n\u00e8trent dans les couches superficielles de la peau pour laisser place \u00e0 un fini poudr\u00e9 et mat. Efficacit\u00e9 imm\u00e9diate peau mate &amp; anti-imperfections Poudres matifiantes et soft-focus pour une action anti-brillance. L\u2019acide salicylique lisse le grain de peau 2 et booste l\u2019\u00e9clat du teint 3. Action anti-imperfections longue dur\u00e9e Le brevet Fluidactiv\u2122 associ\u00e9 au Capryloyl Glycine r\u00e9gule la quantit\u00e9 et la qualit\u00e9 de s\u00e9bum produite jour apr\u00e8s jour et pr\u00e9viennent ainsi l\u2019apparition d\u2019imperfections 4,5.","og_url":"https:\/\/pharmadreams.shop\/index.php\/product\/photoderm-nude-touch-mineral-spf50-claire\/","og_site_name":"pharmadreams","article_modified_time":"2023-12-19T18:32:16+00:00","og_image":[{"width":2712,"height":2896,"url":"https:\/\/pharmadreams.shop\/wp-content\/uploads\/2023\/12\/bioder.png","type":"image\/png"}],"twitter_card":"summary_large_image","schema":{"@context":"https:\/\/schema.org","@graph":[{"@type":"WebPage","@id":"https:\/\/pharmadreams.shop\/index.php\/product\/photoderm-nude-touch-mineral-spf50-claire\/","url":"https:\/\/pharmadreams.shop\/index.php\/product\/photoderm-nude-touch-mineral-spf50-claire\/","name":"Photoderm nude touch min\u00e9ral spf50+ claire - pharmadreams","isPartOf":{"@id":"https:\/\/pharmadreams.shop\/#website"},"primaryImageOfPage":{"@id":"https:\/\/pharmadreams.shop\/index.php\/product\/photoderm-nude-touch-mineral-spf50-claire\/#primaryimage"},"image":{"@id":"https:\/\/pharmadreams.shop\/index.php\/product\/photoderm-nude-touch-mineral-spf50-claire\/#primaryimage"},"thumbnailUrl":"https:\/\/pharmadreams.shop\/wp-content\/uploads\/2023\/12\/bioder.png","datePublished":"2023-12-19T18:31:04+00:00","dateModified":"2023-12-19T18:32:16+00:00","breadcrumb":{"@id":"https:\/\/pharmadreams.shop\/index.php\/product\/photoderm-nude-touch-mineral-spf50-claire\/#breadcrumb"},"inLanguage":"fr-FR","potentialAction":[{"@type":"ReadAction","target":["https:\/\/pharmadreams.shop\/index.php\/product\/photoderm-nude-touch-mineral-spf50-claire\/"]}]},{"@type":"ImageObject","inLanguage":"fr-FR","@id":"https:\/\/pharmadreams.shop\/index.php\/product\/photoderm-nude-touch-mineral-spf50-claire\/#primaryimage","url":"https:\/\/pharmadreams.shop\/wp-content\/uploads\/2023\/12\/bioder.png","contentUrl":"https:\/\/pharmadreams.shop\/wp-content\/uploads\/2023\/12\/bioder.png","width":2712,"height":2896},{"@type":"BreadcrumbList","@id":"https:\/\/pharmadreams.shop\/index.php\/product\/photoderm-nude-touch-mineral-spf50-claire\/#breadcrumb","itemListElement":[{"@type":"ListItem","position":1,"name":"Accueil","item":"https:\/\/pharmadreams.shop\/"},{"@type":"ListItem","position":2,"name":"Shop","item":"https:\/\/pharmadreams.shop\/index.php\/shop\/"},{"@type":"ListItem","position":3,"name":"Photoderm nude touch min\u00e9ral spf50+ claire"}]},{"@type":"WebSite","@id":"https:\/\/pharmadreams.shop\/#website","url":"https:\/\/pharmadreams.shop\/","name":"pharmadreams","description":"Parapharmacie en ligne","potentialAction":[{"@type":"SearchAction","target":{"@type":"EntryPoint","urlTemplate":"https:\/\/pharmadreams.shop\/?s={search_term_string}"},"query-input":"required name=search_term_string"}],"inLanguage":"fr-FR"}]}},"_links":{"self":[{"href":"https:\/\/pharmadreams.shop\/index.php\/wp-json\/wp\/v2\/product\/16209","targetHints":{"allow":["GET"]}}],"collection":[{"href":"https:\/\/pharmadreams.shop\/index.php\/wp-json\/wp\/v2\/product"}],"about":[{"href":"https:\/\/pharmadreams.shop\/index.php\/wp-json\/wp\/v2\/types\/product"}],"replies":[{"embeddable":true,"href":"https:\/\/pharmadreams.shop\/index.php\/wp-json\/wp\/v2\/comments?post=16209"}],"version-history":[{"count":0,"href":"https:\/\/pharmadreams.shop\/index.php\/wp-json\/wp\/v2\/product\/16209\/revisions"}],"wp:featuredmedia":[{"embeddable":true,"href":"https:\/\/pharmadreams.shop\/index.php\/wp-json\/wp\/v2\/media\/16281"}],"wp:attachment":[{"href":"https:\/\/pharmadreams.shop\/index.php\/wp-json\/wp\/v2\/media?parent=16209"}],"wp:term":[{"taxonomy":"product_brand","embeddable":true,"href":"https:\/\/pharmadreams.shop\/index.php\/wp-json\/wp\/v2\/product_brand?post=16209"},{"taxonomy":"product_cat","embeddable":true,"href":"https:\/\/pharmadreams.shop\/index.php\/wp-json\/wp\/v2\/product_cat?post=16209"},{"taxonomy":"product_tag","embeddable":true,"href":"https:\/\/pharmadreams.shop\/index.php\/wp-json\/wp\/v2\/product_tag?post=16209"}],"curies":[{"name":"wp","href":"https:\/\/api.w.org\/{rel}","templated":true}]}}