{"id":16211,"date":"2023-12-19T19:31:05","date_gmt":"2023-12-19T18:31:05","guid":{"rendered":"https:\/\/venuspara.com\/?post_type=product&#038;p=16211"},"modified":"2023-12-19T19:32:25","modified_gmt":"2023-12-19T18:32:25","slug":"uriage-creme-extreme-90-spf50-50ml","status":"publish","type":"product","link":"https:\/\/pharmadreams.shop\/index.php\/product\/uriage-creme-extreme-90-spf50-50ml\/","title":{"rendered":"Uriage cr\u00e8me extr\u00eame 90 spf50 50ml"},"content":{"rendered":"","protected":false},"excerpt":{"rendered":"<ul>\n<li>La cr\u00e8me Extr\u00eame SPF 90 prot\u00e8ge l&rsquo;int\u00e9grit\u00e9 des peaux intol\u00e9rantes au soleil gr\u00e2ce \u00e0 une triple action exclusive :<\/li>\n<li>Contre les UV : La photoprotection anti-UVA-UVB \u00e9quilibr\u00e9e et photostable lutte activement contre les m\u00e9faits du soleil.<\/li>\n<li>Contre le dess\u00e8chement cutan\u00e9 : Emulsion E\/H tr\u00e8s filmog\u00e8ne, son pouvoir \u00e9mollient assure une hydratation cutan\u00e9e durable.<\/li>\n<li>Contre les radicaux libres : L&rsquo;eau thermale d&rsquo;Uriage anti-radicalaire renforce les d\u00e9fenses naturelles de la peau.<\/li>\n<li>Enfin, l&rsquo;eau thermale d&rsquo;uriage\u00a0conf\u00e8re \u00e0 cette cr\u00e8me solaire ses propri\u00e9t\u00e9s apaisantes, hydratantes et anti-radicalaires<\/li>\n<\/ul>\n","protected":false},"featured_media":16294,"comment_status":"open","ping_status":"closed","template":"","meta":[],"product_brand":[],"product_cat":[98,104,107],"product_tag":[],"class_list":{"0":"post-16211","1":"product","2":"type-product","3":"status-publish","4":"has-post-thumbnail","6":"product_cat-hydratation","7":"product_cat-protection","8":"product_cat-soin-solaire","10":"first","11":"instock","12":"shipping-taxable","13":"purchasable","14":"product-type-simple"},"yoast_head":"<!-- This site is optimized with the Yoast SEO plugin v23.0 - https:\/\/yoast.com\/wordpress\/plugins\/seo\/ -->\n<title>Uriage cr\u00e8me extr\u00eame 90 spf50 50ml - pharmadreams<\/title>\n<meta name=\"robots\" content=\"index, follow, max-snippet:-1, max-image-preview:large, max-video-preview:-1\" \/>\n<link rel=\"canonical\" href=\"https:\/\/pharmadreams.shop\/index.php\/product\/uriage-creme-extreme-90-spf50-50ml\/\" \/>\n<meta property=\"og:locale\" content=\"fr_FR\" \/>\n<meta property=\"og:type\" content=\"article\" \/>\n<meta property=\"og:title\" content=\"Uriage cr\u00e8me extr\u00eame 90 spf50 50ml - pharmadreams\" \/>\n<meta property=\"og:description\" content=\"La cr\u00e8me Extr\u00eame SPF 90 prot\u00e8ge l&#039;int\u00e9grit\u00e9 des peaux intol\u00e9rantes au soleil gr\u00e2ce \u00e0 une triple action exclusive :  Contre les UV : La photoprotection anti-UVA-UVB \u00e9quilibr\u00e9e et photostable lutte activement contre les m\u00e9faits du soleil.  Contre le dess\u00e8chement cutan\u00e9 : Emulsion E\/H tr\u00e8s filmog\u00e8ne, son pouvoir \u00e9mollient assure une hydratation cutan\u00e9e durable.  Contre les radicaux libres : L&#039;eau thermale d&#039;Uriage anti-radicalaire renforce les d\u00e9fenses naturelles de la peau.  Enfin, l&#039;eau thermale d&#039;uriage\u00a0conf\u00e8re \u00e0 cette cr\u00e8me solaire ses propri\u00e9t\u00e9s apaisantes, hydratantes et anti-radicalaires\" \/>\n<meta property=\"og:url\" content=\"https:\/\/pharmadreams.shop\/index.php\/product\/uriage-creme-extreme-90-spf50-50ml\/\" \/>\n<meta property=\"og:site_name\" content=\"pharmadreams\" \/>\n<meta property=\"article:modified_time\" content=\"2023-12-19T18:32:25+00:00\" \/>\n<meta property=\"og:image\" content=\"https:\/\/pharmadreams.shop\/wp-content\/uploads\/2023\/12\/uriage90.png\" \/>\n\t<meta property=\"og:image:width\" content=\"856\" \/>\n\t<meta property=\"og:image:height\" content=\"976\" \/>\n\t<meta property=\"og:image:type\" content=\"image\/png\" \/>\n<meta name=\"twitter:card\" content=\"summary_large_image\" \/>\n<script type=\"application\/ld+json\" class=\"yoast-schema-graph\">{\"@context\":\"https:\/\/schema.org\",\"@graph\":[{\"@type\":\"WebPage\",\"@id\":\"https:\/\/pharmadreams.shop\/index.php\/product\/uriage-creme-extreme-90-spf50-50ml\/\",\"url\":\"https:\/\/pharmadreams.shop\/index.php\/product\/uriage-creme-extreme-90-spf50-50ml\/\",\"name\":\"Uriage cr\u00e8me extr\u00eame 90 spf50 50ml - pharmadreams\",\"isPartOf\":{\"@id\":\"https:\/\/pharmadreams.shop\/#website\"},\"primaryImageOfPage\":{\"@id\":\"https:\/\/pharmadreams.shop\/index.php\/product\/uriage-creme-extreme-90-spf50-50ml\/#primaryimage\"},\"image\":{\"@id\":\"https:\/\/pharmadreams.shop\/index.php\/product\/uriage-creme-extreme-90-spf50-50ml\/#primaryimage\"},\"thumbnailUrl\":\"https:\/\/pharmadreams.shop\/wp-content\/uploads\/2023\/12\/uriage90.png\",\"datePublished\":\"2023-12-19T18:31:05+00:00\",\"dateModified\":\"2023-12-19T18:32:25+00:00\",\"breadcrumb\":{\"@id\":\"https:\/\/pharmadreams.shop\/index.php\/product\/uriage-creme-extreme-90-spf50-50ml\/#breadcrumb\"},\"inLanguage\":\"fr-FR\",\"potentialAction\":[{\"@type\":\"ReadAction\",\"target\":[\"https:\/\/pharmadreams.shop\/index.php\/product\/uriage-creme-extreme-90-spf50-50ml\/\"]}]},{\"@type\":\"ImageObject\",\"inLanguage\":\"fr-FR\",\"@id\":\"https:\/\/pharmadreams.shop\/index.php\/product\/uriage-creme-extreme-90-spf50-50ml\/#primaryimage\",\"url\":\"https:\/\/pharmadreams.shop\/wp-content\/uploads\/2023\/12\/uriage90.png\",\"contentUrl\":\"https:\/\/pharmadreams.shop\/wp-content\/uploads\/2023\/12\/uriage90.png\",\"width\":856,\"height\":976},{\"@type\":\"BreadcrumbList\",\"@id\":\"https:\/\/pharmadreams.shop\/index.php\/product\/uriage-creme-extreme-90-spf50-50ml\/#breadcrumb\",\"itemListElement\":[{\"@type\":\"ListItem\",\"position\":1,\"name\":\"Accueil\",\"item\":\"https:\/\/pharmadreams.shop\/\"},{\"@type\":\"ListItem\",\"position\":2,\"name\":\"Shop\",\"item\":\"https:\/\/pharmadreams.shop\/index.php\/shop\/\"},{\"@type\":\"ListItem\",\"position\":3,\"name\":\"Uriage cr\u00e8me extr\u00eame 90 spf50 50ml\"}]},{\"@type\":\"WebSite\",\"@id\":\"https:\/\/pharmadreams.shop\/#website\",\"url\":\"https:\/\/pharmadreams.shop\/\",\"name\":\"pharmadreams\",\"description\":\"Parapharmacie en ligne\",\"potentialAction\":[{\"@type\":\"SearchAction\",\"target\":{\"@type\":\"EntryPoint\",\"urlTemplate\":\"https:\/\/pharmadreams.shop\/?s={search_term_string}\"},\"query-input\":\"required name=search_term_string\"}],\"inLanguage\":\"fr-FR\"}]}<\/script>\n<!-- \/ Yoast SEO plugin. -->","yoast_head_json":{"title":"Uriage cr\u00e8me extr\u00eame 90 spf50 50ml - pharmadreams","robots":{"index":"index","follow":"follow","max-snippet":"max-snippet:-1","max-image-preview":"max-image-preview:large","max-video-preview":"max-video-preview:-1"},"canonical":"https:\/\/pharmadreams.shop\/index.php\/product\/uriage-creme-extreme-90-spf50-50ml\/","og_locale":"fr_FR","og_type":"article","og_title":"Uriage cr\u00e8me extr\u00eame 90 spf50 50ml - pharmadreams","og_description":"La cr\u00e8me Extr\u00eame SPF 90 prot\u00e8ge l'int\u00e9grit\u00e9 des peaux intol\u00e9rantes au soleil gr\u00e2ce \u00e0 une triple action exclusive :  Contre les UV : La photoprotection anti-UVA-UVB \u00e9quilibr\u00e9e et photostable lutte activement contre les m\u00e9faits du soleil.  Contre le dess\u00e8chement cutan\u00e9 : Emulsion E\/H tr\u00e8s filmog\u00e8ne, son pouvoir \u00e9mollient assure une hydratation cutan\u00e9e durable.  Contre les radicaux libres : L'eau thermale d'Uriage anti-radicalaire renforce les d\u00e9fenses naturelles de la peau.  Enfin, l'eau thermale d'uriage\u00a0conf\u00e8re \u00e0 cette cr\u00e8me solaire ses propri\u00e9t\u00e9s apaisantes, hydratantes et anti-radicalaires","og_url":"https:\/\/pharmadreams.shop\/index.php\/product\/uriage-creme-extreme-90-spf50-50ml\/","og_site_name":"pharmadreams","article_modified_time":"2023-12-19T18:32:25+00:00","og_image":[{"width":856,"height":976,"url":"https:\/\/pharmadreams.shop\/wp-content\/uploads\/2023\/12\/uriage90.png","type":"image\/png"}],"twitter_card":"summary_large_image","schema":{"@context":"https:\/\/schema.org","@graph":[{"@type":"WebPage","@id":"https:\/\/pharmadreams.shop\/index.php\/product\/uriage-creme-extreme-90-spf50-50ml\/","url":"https:\/\/pharmadreams.shop\/index.php\/product\/uriage-creme-extreme-90-spf50-50ml\/","name":"Uriage cr\u00e8me extr\u00eame 90 spf50 50ml - pharmadreams","isPartOf":{"@id":"https:\/\/pharmadreams.shop\/#website"},"primaryImageOfPage":{"@id":"https:\/\/pharmadreams.shop\/index.php\/product\/uriage-creme-extreme-90-spf50-50ml\/#primaryimage"},"image":{"@id":"https:\/\/pharmadreams.shop\/index.php\/product\/uriage-creme-extreme-90-spf50-50ml\/#primaryimage"},"thumbnailUrl":"https:\/\/pharmadreams.shop\/wp-content\/uploads\/2023\/12\/uriage90.png","datePublished":"2023-12-19T18:31:05+00:00","dateModified":"2023-12-19T18:32:25+00:00","breadcrumb":{"@id":"https:\/\/pharmadreams.shop\/index.php\/product\/uriage-creme-extreme-90-spf50-50ml\/#breadcrumb"},"inLanguage":"fr-FR","potentialAction":[{"@type":"ReadAction","target":["https:\/\/pharmadreams.shop\/index.php\/product\/uriage-creme-extreme-90-spf50-50ml\/"]}]},{"@type":"ImageObject","inLanguage":"fr-FR","@id":"https:\/\/pharmadreams.shop\/index.php\/product\/uriage-creme-extreme-90-spf50-50ml\/#primaryimage","url":"https:\/\/pharmadreams.shop\/wp-content\/uploads\/2023\/12\/uriage90.png","contentUrl":"https:\/\/pharmadreams.shop\/wp-content\/uploads\/2023\/12\/uriage90.png","width":856,"height":976},{"@type":"BreadcrumbList","@id":"https:\/\/pharmadreams.shop\/index.php\/product\/uriage-creme-extreme-90-spf50-50ml\/#breadcrumb","itemListElement":[{"@type":"ListItem","position":1,"name":"Accueil","item":"https:\/\/pharmadreams.shop\/"},{"@type":"ListItem","position":2,"name":"Shop","item":"https:\/\/pharmadreams.shop\/index.php\/shop\/"},{"@type":"ListItem","position":3,"name":"Uriage cr\u00e8me extr\u00eame 90 spf50 50ml"}]},{"@type":"WebSite","@id":"https:\/\/pharmadreams.shop\/#website","url":"https:\/\/pharmadreams.shop\/","name":"pharmadreams","description":"Parapharmacie en ligne","potentialAction":[{"@type":"SearchAction","target":{"@type":"EntryPoint","urlTemplate":"https:\/\/pharmadreams.shop\/?s={search_term_string}"},"query-input":"required name=search_term_string"}],"inLanguage":"fr-FR"}]}},"_links":{"self":[{"href":"https:\/\/pharmadreams.shop\/index.php\/wp-json\/wp\/v2\/product\/16211","targetHints":{"allow":["GET"]}}],"collection":[{"href":"https:\/\/pharmadreams.shop\/index.php\/wp-json\/wp\/v2\/product"}],"about":[{"href":"https:\/\/pharmadreams.shop\/index.php\/wp-json\/wp\/v2\/types\/product"}],"replies":[{"embeddable":true,"href":"https:\/\/pharmadreams.shop\/index.php\/wp-json\/wp\/v2\/comments?post=16211"}],"version-history":[{"count":0,"href":"https:\/\/pharmadreams.shop\/index.php\/wp-json\/wp\/v2\/product\/16211\/revisions"}],"wp:featuredmedia":[{"embeddable":true,"href":"https:\/\/pharmadreams.shop\/index.php\/wp-json\/wp\/v2\/media\/16294"}],"wp:attachment":[{"href":"https:\/\/pharmadreams.shop\/index.php\/wp-json\/wp\/v2\/media?parent=16211"}],"wp:term":[{"taxonomy":"product_brand","embeddable":true,"href":"https:\/\/pharmadreams.shop\/index.php\/wp-json\/wp\/v2\/product_brand?post=16211"},{"taxonomy":"product_cat","embeddable":true,"href":"https:\/\/pharmadreams.shop\/index.php\/wp-json\/wp\/v2\/product_cat?post=16211"},{"taxonomy":"product_tag","embeddable":true,"href":"https:\/\/pharmadreams.shop\/index.php\/wp-json\/wp\/v2\/product_tag?post=16211"}],"curies":[{"name":"wp","href":"https:\/\/api.w.org\/{rel}","templated":true}]}}