{"id":16213,"date":"2023-12-19T19:31:05","date_gmt":"2023-12-19T18:31:05","guid":{"rendered":"https:\/\/venuspara.com\/?post_type=product&#038;p=16213"},"modified":"2023-12-19T19:32:27","modified_gmt":"2023-12-19T18:32:27","slug":"lirene-creme-nourrissante-raffermissante-a-lamande","status":"publish","type":"product","link":"https:\/\/pharmadreams.shop\/index.php\/product\/lirene-creme-nourrissante-raffermissante-a-lamande\/","title":{"rendered":"Lirene cr\u00e8me nourrissante raffermissante \u00e0 l&rsquo;amande"},"content":{"rendered":"","protected":false},"excerpt":{"rendered":"<p>LIRENE Cr\u00e8me Nourrissante Raffermissante\u00a0stimule la production de collag\u00e8ne gr\u00e2ce \u00e0 ses riches nutriments et ses propri\u00e9t\u00e9s anti-age. L&rsquo;huile d&rsquo;amande qu&rsquo;elle\u00a0contient r\u00e9gule l&rsquo;\u00e9quilibre hydrique et lipidique de la peau, inhibant le processus de vieillissement et favorisant la r\u00e9g\u00e9n\u00e9ration. La peau est visiblement plus lisse, plus \u00e9lastique et mieux hydrat\u00e9e. Le visage impressionne par son apparence jeune.<\/p>\n<p>LIRENE Creme Nourrissante Raffermissante est recommand\u00e9e pour les personnes de tous \u00e2ges avec\u00a0des cosm\u00e9tiques 100% vegan enrichis en actifs v\u00e9g\u00e9taux &#8211; aloe vera, avocat et huile d&rsquo;amande douce, qui assurent le bon niveau d&rsquo;hydratation et de nutrition de la peau<\/p>\n","protected":false},"featured_media":16298,"comment_status":"open","ping_status":"closed","template":"","meta":[],"product_brand":[],"product_cat":[100,78,85],"product_tag":[],"class_list":{"0":"post-16213","1":"product","2":"type-product","3":"status-publish","4":"has-post-thumbnail","6":"product_cat-anti-age","7":"product_cat-cremes","8":"product_cat-hydratation-et-nutrition","10":"first","11":"instock","12":"shipping-taxable","13":"purchasable","14":"product-type-simple"},"yoast_head":"<!-- This site is optimized with the Yoast SEO plugin v23.0 - https:\/\/yoast.com\/wordpress\/plugins\/seo\/ -->\n<title>Lirene cr\u00e8me nourrissante raffermissante \u00e0 l&#039;amande - pharmadreams<\/title>\n<meta name=\"robots\" content=\"index, follow, max-snippet:-1, max-image-preview:large, max-video-preview:-1\" \/>\n<link rel=\"canonical\" href=\"https:\/\/pharmadreams.shop\/index.php\/product\/lirene-creme-nourrissante-raffermissante-a-lamande\/\" \/>\n<meta property=\"og:locale\" content=\"fr_FR\" \/>\n<meta property=\"og:type\" content=\"article\" \/>\n<meta property=\"og:title\" content=\"Lirene cr\u00e8me nourrissante raffermissante \u00e0 l&#039;amande - pharmadreams\" \/>\n<meta property=\"og:description\" content=\"LIRENE Cr\u00e8me Nourrissante Raffermissante\u00a0stimule la production de collag\u00e8ne gr\u00e2ce \u00e0 ses riches nutriments et ses propri\u00e9t\u00e9s anti-age. L&#039;huile d&#039;amande qu&#039;elle\u00a0contient r\u00e9gule l&#039;\u00e9quilibre hydrique et lipidique de la peau, inhibant le processus de vieillissement et favorisant la r\u00e9g\u00e9n\u00e9ration. La peau est visiblement plus lisse, plus \u00e9lastique et mieux hydrat\u00e9e. Le visage impressionne par son apparence jeune.  LIRENE Creme Nourrissante Raffermissante est recommand\u00e9e pour les personnes de tous \u00e2ges avec\u00a0des cosm\u00e9tiques 100% vegan enrichis en actifs v\u00e9g\u00e9taux - aloe vera, avocat et huile d&#039;amande douce, qui assurent le bon niveau d&#039;hydratation et de nutrition de la peau\" \/>\n<meta property=\"og:url\" content=\"https:\/\/pharmadreams.shop\/index.php\/product\/lirene-creme-nourrissante-raffermissante-a-lamande\/\" \/>\n<meta property=\"og:site_name\" content=\"pharmadreams\" \/>\n<meta property=\"article:modified_time\" content=\"2023-12-19T18:32:27+00:00\" \/>\n<meta property=\"og:image\" content=\"https:\/\/pharmadreams.shop\/wp-content\/uploads\/2023\/12\/lirene-amonde-1.png\" \/>\n\t<meta property=\"og:image:width\" content=\"584\" \/>\n\t<meta property=\"og:image:height\" content=\"552\" \/>\n\t<meta property=\"og:image:type\" content=\"image\/png\" \/>\n<meta name=\"twitter:card\" content=\"summary_large_image\" \/>\n<script type=\"application\/ld+json\" class=\"yoast-schema-graph\">{\"@context\":\"https:\/\/schema.org\",\"@graph\":[{\"@type\":\"WebPage\",\"@id\":\"https:\/\/pharmadreams.shop\/index.php\/product\/lirene-creme-nourrissante-raffermissante-a-lamande\/\",\"url\":\"https:\/\/pharmadreams.shop\/index.php\/product\/lirene-creme-nourrissante-raffermissante-a-lamande\/\",\"name\":\"Lirene cr\u00e8me nourrissante raffermissante \u00e0 l'amande - pharmadreams\",\"isPartOf\":{\"@id\":\"https:\/\/pharmadreams.shop\/#website\"},\"primaryImageOfPage\":{\"@id\":\"https:\/\/pharmadreams.shop\/index.php\/product\/lirene-creme-nourrissante-raffermissante-a-lamande\/#primaryimage\"},\"image\":{\"@id\":\"https:\/\/pharmadreams.shop\/index.php\/product\/lirene-creme-nourrissante-raffermissante-a-lamande\/#primaryimage\"},\"thumbnailUrl\":\"https:\/\/pharmadreams.shop\/wp-content\/uploads\/2023\/12\/lirene-amonde-1.png\",\"datePublished\":\"2023-12-19T18:31:05+00:00\",\"dateModified\":\"2023-12-19T18:32:27+00:00\",\"breadcrumb\":{\"@id\":\"https:\/\/pharmadreams.shop\/index.php\/product\/lirene-creme-nourrissante-raffermissante-a-lamande\/#breadcrumb\"},\"inLanguage\":\"fr-FR\",\"potentialAction\":[{\"@type\":\"ReadAction\",\"target\":[\"https:\/\/pharmadreams.shop\/index.php\/product\/lirene-creme-nourrissante-raffermissante-a-lamande\/\"]}]},{\"@type\":\"ImageObject\",\"inLanguage\":\"fr-FR\",\"@id\":\"https:\/\/pharmadreams.shop\/index.php\/product\/lirene-creme-nourrissante-raffermissante-a-lamande\/#primaryimage\",\"url\":\"https:\/\/pharmadreams.shop\/wp-content\/uploads\/2023\/12\/lirene-amonde-1.png\",\"contentUrl\":\"https:\/\/pharmadreams.shop\/wp-content\/uploads\/2023\/12\/lirene-amonde-1.png\",\"width\":584,\"height\":552},{\"@type\":\"BreadcrumbList\",\"@id\":\"https:\/\/pharmadreams.shop\/index.php\/product\/lirene-creme-nourrissante-raffermissante-a-lamande\/#breadcrumb\",\"itemListElement\":[{\"@type\":\"ListItem\",\"position\":1,\"name\":\"Accueil\",\"item\":\"https:\/\/pharmadreams.shop\/\"},{\"@type\":\"ListItem\",\"position\":2,\"name\":\"Shop\",\"item\":\"https:\/\/pharmadreams.shop\/index.php\/shop\/\"},{\"@type\":\"ListItem\",\"position\":3,\"name\":\"Lirene cr\u00e8me nourrissante raffermissante \u00e0 l&#8217;amande\"}]},{\"@type\":\"WebSite\",\"@id\":\"https:\/\/pharmadreams.shop\/#website\",\"url\":\"https:\/\/pharmadreams.shop\/\",\"name\":\"pharmadreams\",\"description\":\"Parapharmacie en ligne\",\"potentialAction\":[{\"@type\":\"SearchAction\",\"target\":{\"@type\":\"EntryPoint\",\"urlTemplate\":\"https:\/\/pharmadreams.shop\/?s={search_term_string}\"},\"query-input\":\"required name=search_term_string\"}],\"inLanguage\":\"fr-FR\"}]}<\/script>\n<!-- \/ Yoast SEO plugin. -->","yoast_head_json":{"title":"Lirene cr\u00e8me nourrissante raffermissante \u00e0 l'amande - pharmadreams","robots":{"index":"index","follow":"follow","max-snippet":"max-snippet:-1","max-image-preview":"max-image-preview:large","max-video-preview":"max-video-preview:-1"},"canonical":"https:\/\/pharmadreams.shop\/index.php\/product\/lirene-creme-nourrissante-raffermissante-a-lamande\/","og_locale":"fr_FR","og_type":"article","og_title":"Lirene cr\u00e8me nourrissante raffermissante \u00e0 l'amande - pharmadreams","og_description":"LIRENE Cr\u00e8me Nourrissante Raffermissante\u00a0stimule la production de collag\u00e8ne gr\u00e2ce \u00e0 ses riches nutriments et ses propri\u00e9t\u00e9s anti-age. L'huile d'amande qu'elle\u00a0contient r\u00e9gule l'\u00e9quilibre hydrique et lipidique de la peau, inhibant le processus de vieillissement et favorisant la r\u00e9g\u00e9n\u00e9ration. La peau est visiblement plus lisse, plus \u00e9lastique et mieux hydrat\u00e9e. Le visage impressionne par son apparence jeune.  LIRENE Creme Nourrissante Raffermissante est recommand\u00e9e pour les personnes de tous \u00e2ges avec\u00a0des cosm\u00e9tiques 100% vegan enrichis en actifs v\u00e9g\u00e9taux - aloe vera, avocat et huile d'amande douce, qui assurent le bon niveau d'hydratation et de nutrition de la peau","og_url":"https:\/\/pharmadreams.shop\/index.php\/product\/lirene-creme-nourrissante-raffermissante-a-lamande\/","og_site_name":"pharmadreams","article_modified_time":"2023-12-19T18:32:27+00:00","og_image":[{"width":584,"height":552,"url":"https:\/\/pharmadreams.shop\/wp-content\/uploads\/2023\/12\/lirene-amonde-1.png","type":"image\/png"}],"twitter_card":"summary_large_image","schema":{"@context":"https:\/\/schema.org","@graph":[{"@type":"WebPage","@id":"https:\/\/pharmadreams.shop\/index.php\/product\/lirene-creme-nourrissante-raffermissante-a-lamande\/","url":"https:\/\/pharmadreams.shop\/index.php\/product\/lirene-creme-nourrissante-raffermissante-a-lamande\/","name":"Lirene cr\u00e8me nourrissante raffermissante \u00e0 l'amande - pharmadreams","isPartOf":{"@id":"https:\/\/pharmadreams.shop\/#website"},"primaryImageOfPage":{"@id":"https:\/\/pharmadreams.shop\/index.php\/product\/lirene-creme-nourrissante-raffermissante-a-lamande\/#primaryimage"},"image":{"@id":"https:\/\/pharmadreams.shop\/index.php\/product\/lirene-creme-nourrissante-raffermissante-a-lamande\/#primaryimage"},"thumbnailUrl":"https:\/\/pharmadreams.shop\/wp-content\/uploads\/2023\/12\/lirene-amonde-1.png","datePublished":"2023-12-19T18:31:05+00:00","dateModified":"2023-12-19T18:32:27+00:00","breadcrumb":{"@id":"https:\/\/pharmadreams.shop\/index.php\/product\/lirene-creme-nourrissante-raffermissante-a-lamande\/#breadcrumb"},"inLanguage":"fr-FR","potentialAction":[{"@type":"ReadAction","target":["https:\/\/pharmadreams.shop\/index.php\/product\/lirene-creme-nourrissante-raffermissante-a-lamande\/"]}]},{"@type":"ImageObject","inLanguage":"fr-FR","@id":"https:\/\/pharmadreams.shop\/index.php\/product\/lirene-creme-nourrissante-raffermissante-a-lamande\/#primaryimage","url":"https:\/\/pharmadreams.shop\/wp-content\/uploads\/2023\/12\/lirene-amonde-1.png","contentUrl":"https:\/\/pharmadreams.shop\/wp-content\/uploads\/2023\/12\/lirene-amonde-1.png","width":584,"height":552},{"@type":"BreadcrumbList","@id":"https:\/\/pharmadreams.shop\/index.php\/product\/lirene-creme-nourrissante-raffermissante-a-lamande\/#breadcrumb","itemListElement":[{"@type":"ListItem","position":1,"name":"Accueil","item":"https:\/\/pharmadreams.shop\/"},{"@type":"ListItem","position":2,"name":"Shop","item":"https:\/\/pharmadreams.shop\/index.php\/shop\/"},{"@type":"ListItem","position":3,"name":"Lirene cr\u00e8me nourrissante raffermissante \u00e0 l&#8217;amande"}]},{"@type":"WebSite","@id":"https:\/\/pharmadreams.shop\/#website","url":"https:\/\/pharmadreams.shop\/","name":"pharmadreams","description":"Parapharmacie en ligne","potentialAction":[{"@type":"SearchAction","target":{"@type":"EntryPoint","urlTemplate":"https:\/\/pharmadreams.shop\/?s={search_term_string}"},"query-input":"required name=search_term_string"}],"inLanguage":"fr-FR"}]}},"_links":{"self":[{"href":"https:\/\/pharmadreams.shop\/index.php\/wp-json\/wp\/v2\/product\/16213","targetHints":{"allow":["GET"]}}],"collection":[{"href":"https:\/\/pharmadreams.shop\/index.php\/wp-json\/wp\/v2\/product"}],"about":[{"href":"https:\/\/pharmadreams.shop\/index.php\/wp-json\/wp\/v2\/types\/product"}],"replies":[{"embeddable":true,"href":"https:\/\/pharmadreams.shop\/index.php\/wp-json\/wp\/v2\/comments?post=16213"}],"version-history":[{"count":0,"href":"https:\/\/pharmadreams.shop\/index.php\/wp-json\/wp\/v2\/product\/16213\/revisions"}],"wp:featuredmedia":[{"embeddable":true,"href":"https:\/\/pharmadreams.shop\/index.php\/wp-json\/wp\/v2\/media\/16298"}],"wp:attachment":[{"href":"https:\/\/pharmadreams.shop\/index.php\/wp-json\/wp\/v2\/media?parent=16213"}],"wp:term":[{"taxonomy":"product_brand","embeddable":true,"href":"https:\/\/pharmadreams.shop\/index.php\/wp-json\/wp\/v2\/product_brand?post=16213"},{"taxonomy":"product_cat","embeddable":true,"href":"https:\/\/pharmadreams.shop\/index.php\/wp-json\/wp\/v2\/product_cat?post=16213"},{"taxonomy":"product_tag","embeddable":true,"href":"https:\/\/pharmadreams.shop\/index.php\/wp-json\/wp\/v2\/product_tag?post=16213"}],"curies":[{"name":"wp","href":"https:\/\/api.w.org\/{rel}","templated":true}]}}