{"id":16235,"date":"2023-12-19T19:31:29","date_gmt":"2023-12-19T18:31:29","guid":{"rendered":"https:\/\/venuspara.com\/?post_type=product&#038;p=16235"},"modified":"2023-12-19T19:32:31","modified_gmt":"2023-12-19T18:32:31","slug":"akileine-poudre-anti-transpirante-pour-les-pieds-75g","status":"publish","type":"product","link":"https:\/\/pharmadreams.shop\/index.php\/product\/akileine-poudre-anti-transpirante-pour-les-pieds-75g\/","title":{"rendered":"Akileine poudre anti transpirante pour les pieds 75g"},"content":{"rendered":"","protected":false},"excerpt":{"rendered":"<p>Permet d&rsquo;absorber l&rsquo;humidit\u00e9 en cas de transpiration excessive des pieds, d&rsquo; assainir et de d\u00e9sodoriser les pieds ou les chaussures. Pr\u00e9vention des mycoses.<br \/>\nAction imm\u00e9diate.<\/p>\n<p><strong>Akile\u00efne Poudre absorbante<\/strong>\u00a0est compos\u00e9e de poudres et de\u00a0<em>Lipesters de soie, un actif myco-pr\u00e9ventif<\/em>\u00a0pour une action imm\u00e9diate (ass\u00e8chement du pied d\u00e8s l&rsquo;application de la poudre) et traitante gr\u00e2ce \u00e0 un film \u00e0 la surface du pied pour le prot\u00e9ger. La moiteur du pied est absorb\u00e9e par les poudres ultra-micronis\u00e9es afin de limiter la mac\u00e9ration et lutter contre l&rsquo;environnement propice au d\u00e9veloppement des mycoses<\/p>\n","protected":false},"featured_media":16302,"comment_status":"open","ping_status":"closed","template":"","meta":[],"product_brand":[],"product_cat":[122],"product_tag":[],"class_list":{"0":"post-16235","1":"product","2":"type-product","3":"status-publish","4":"has-post-thumbnail","6":"product_cat-poudre","8":"first","9":"instock","10":"shipping-taxable","11":"purchasable","12":"product-type-simple"},"yoast_head":"<!-- This site is optimized with the Yoast SEO plugin v23.0 - https:\/\/yoast.com\/wordpress\/plugins\/seo\/ -->\n<title>Akileine poudre anti transpirante pour les pieds 75g - pharmadreams<\/title>\n<meta name=\"robots\" content=\"index, follow, max-snippet:-1, max-image-preview:large, max-video-preview:-1\" \/>\n<link rel=\"canonical\" href=\"https:\/\/pharmadreams.shop\/index.php\/product\/akileine-poudre-anti-transpirante-pour-les-pieds-75g\/\" \/>\n<meta property=\"og:locale\" content=\"fr_FR\" \/>\n<meta property=\"og:type\" content=\"article\" \/>\n<meta property=\"og:title\" content=\"Akileine poudre anti transpirante pour les pieds 75g - pharmadreams\" \/>\n<meta property=\"og:description\" content=\"Permet d&#039;absorber l&#039;humidit\u00e9 en cas de transpiration excessive des pieds, d&#039; assainir et de d\u00e9sodoriser les pieds ou les chaussures. Pr\u00e9vention des mycoses. Action imm\u00e9diate.  Akile\u00efne Poudre absorbante\u00a0est compos\u00e9e de poudres et de\u00a0Lipesters de soie, un actif myco-pr\u00e9ventif\u00a0pour une action imm\u00e9diate (ass\u00e8chement du pied d\u00e8s l&#039;application de la poudre) et traitante gr\u00e2ce \u00e0 un film \u00e0 la surface du pied pour le prot\u00e9ger. La moiteur du pied est absorb\u00e9e par les poudres ultra-micronis\u00e9es afin de limiter la mac\u00e9ration et lutter contre l&#039;environnement propice au d\u00e9veloppement des mycoses\" \/>\n<meta property=\"og:url\" content=\"https:\/\/pharmadreams.shop\/index.php\/product\/akileine-poudre-anti-transpirante-pour-les-pieds-75g\/\" \/>\n<meta property=\"og:site_name\" content=\"pharmadreams\" \/>\n<meta property=\"article:modified_time\" content=\"2023-12-19T18:32:31+00:00\" \/>\n<meta property=\"og:image\" content=\"https:\/\/pharmadreams.shop\/wp-content\/uploads\/2023\/12\/akileine.png\" \/>\n\t<meta property=\"og:image:width\" content=\"880\" \/>\n\t<meta property=\"og:image:height\" content=\"1264\" \/>\n\t<meta property=\"og:image:type\" content=\"image\/png\" \/>\n<meta name=\"twitter:card\" content=\"summary_large_image\" \/>\n<script type=\"application\/ld+json\" class=\"yoast-schema-graph\">{\"@context\":\"https:\/\/schema.org\",\"@graph\":[{\"@type\":\"WebPage\",\"@id\":\"https:\/\/pharmadreams.shop\/index.php\/product\/akileine-poudre-anti-transpirante-pour-les-pieds-75g\/\",\"url\":\"https:\/\/pharmadreams.shop\/index.php\/product\/akileine-poudre-anti-transpirante-pour-les-pieds-75g\/\",\"name\":\"Akileine poudre anti transpirante pour les pieds 75g - pharmadreams\",\"isPartOf\":{\"@id\":\"https:\/\/pharmadreams.shop\/#website\"},\"primaryImageOfPage\":{\"@id\":\"https:\/\/pharmadreams.shop\/index.php\/product\/akileine-poudre-anti-transpirante-pour-les-pieds-75g\/#primaryimage\"},\"image\":{\"@id\":\"https:\/\/pharmadreams.shop\/index.php\/product\/akileine-poudre-anti-transpirante-pour-les-pieds-75g\/#primaryimage\"},\"thumbnailUrl\":\"https:\/\/pharmadreams.shop\/wp-content\/uploads\/2023\/12\/akileine.png\",\"datePublished\":\"2023-12-19T18:31:29+00:00\",\"dateModified\":\"2023-12-19T18:32:31+00:00\",\"breadcrumb\":{\"@id\":\"https:\/\/pharmadreams.shop\/index.php\/product\/akileine-poudre-anti-transpirante-pour-les-pieds-75g\/#breadcrumb\"},\"inLanguage\":\"fr-FR\",\"potentialAction\":[{\"@type\":\"ReadAction\",\"target\":[\"https:\/\/pharmadreams.shop\/index.php\/product\/akileine-poudre-anti-transpirante-pour-les-pieds-75g\/\"]}]},{\"@type\":\"ImageObject\",\"inLanguage\":\"fr-FR\",\"@id\":\"https:\/\/pharmadreams.shop\/index.php\/product\/akileine-poudre-anti-transpirante-pour-les-pieds-75g\/#primaryimage\",\"url\":\"https:\/\/pharmadreams.shop\/wp-content\/uploads\/2023\/12\/akileine.png\",\"contentUrl\":\"https:\/\/pharmadreams.shop\/wp-content\/uploads\/2023\/12\/akileine.png\",\"width\":880,\"height\":1264},{\"@type\":\"BreadcrumbList\",\"@id\":\"https:\/\/pharmadreams.shop\/index.php\/product\/akileine-poudre-anti-transpirante-pour-les-pieds-75g\/#breadcrumb\",\"itemListElement\":[{\"@type\":\"ListItem\",\"position\":1,\"name\":\"Accueil\",\"item\":\"https:\/\/pharmadreams.shop\/\"},{\"@type\":\"ListItem\",\"position\":2,\"name\":\"Shop\",\"item\":\"https:\/\/pharmadreams.shop\/index.php\/shop\/\"},{\"@type\":\"ListItem\",\"position\":3,\"name\":\"Akileine poudre anti transpirante pour les pieds 75g\"}]},{\"@type\":\"WebSite\",\"@id\":\"https:\/\/pharmadreams.shop\/#website\",\"url\":\"https:\/\/pharmadreams.shop\/\",\"name\":\"pharmadreams\",\"description\":\"Parapharmacie en ligne\",\"potentialAction\":[{\"@type\":\"SearchAction\",\"target\":{\"@type\":\"EntryPoint\",\"urlTemplate\":\"https:\/\/pharmadreams.shop\/?s={search_term_string}\"},\"query-input\":\"required name=search_term_string\"}],\"inLanguage\":\"fr-FR\"}]}<\/script>\n<!-- \/ Yoast SEO plugin. -->","yoast_head_json":{"title":"Akileine poudre anti transpirante pour les pieds 75g - pharmadreams","robots":{"index":"index","follow":"follow","max-snippet":"max-snippet:-1","max-image-preview":"max-image-preview:large","max-video-preview":"max-video-preview:-1"},"canonical":"https:\/\/pharmadreams.shop\/index.php\/product\/akileine-poudre-anti-transpirante-pour-les-pieds-75g\/","og_locale":"fr_FR","og_type":"article","og_title":"Akileine poudre anti transpirante pour les pieds 75g - pharmadreams","og_description":"Permet d'absorber l'humidit\u00e9 en cas de transpiration excessive des pieds, d' assainir et de d\u00e9sodoriser les pieds ou les chaussures. Pr\u00e9vention des mycoses. Action imm\u00e9diate.  Akile\u00efne Poudre absorbante\u00a0est compos\u00e9e de poudres et de\u00a0Lipesters de soie, un actif myco-pr\u00e9ventif\u00a0pour une action imm\u00e9diate (ass\u00e8chement du pied d\u00e8s l'application de la poudre) et traitante gr\u00e2ce \u00e0 un film \u00e0 la surface du pied pour le prot\u00e9ger. La moiteur du pied est absorb\u00e9e par les poudres ultra-micronis\u00e9es afin de limiter la mac\u00e9ration et lutter contre l'environnement propice au d\u00e9veloppement des mycoses","og_url":"https:\/\/pharmadreams.shop\/index.php\/product\/akileine-poudre-anti-transpirante-pour-les-pieds-75g\/","og_site_name":"pharmadreams","article_modified_time":"2023-12-19T18:32:31+00:00","og_image":[{"width":880,"height":1264,"url":"https:\/\/pharmadreams.shop\/wp-content\/uploads\/2023\/12\/akileine.png","type":"image\/png"}],"twitter_card":"summary_large_image","schema":{"@context":"https:\/\/schema.org","@graph":[{"@type":"WebPage","@id":"https:\/\/pharmadreams.shop\/index.php\/product\/akileine-poudre-anti-transpirante-pour-les-pieds-75g\/","url":"https:\/\/pharmadreams.shop\/index.php\/product\/akileine-poudre-anti-transpirante-pour-les-pieds-75g\/","name":"Akileine poudre anti transpirante pour les pieds 75g - pharmadreams","isPartOf":{"@id":"https:\/\/pharmadreams.shop\/#website"},"primaryImageOfPage":{"@id":"https:\/\/pharmadreams.shop\/index.php\/product\/akileine-poudre-anti-transpirante-pour-les-pieds-75g\/#primaryimage"},"image":{"@id":"https:\/\/pharmadreams.shop\/index.php\/product\/akileine-poudre-anti-transpirante-pour-les-pieds-75g\/#primaryimage"},"thumbnailUrl":"https:\/\/pharmadreams.shop\/wp-content\/uploads\/2023\/12\/akileine.png","datePublished":"2023-12-19T18:31:29+00:00","dateModified":"2023-12-19T18:32:31+00:00","breadcrumb":{"@id":"https:\/\/pharmadreams.shop\/index.php\/product\/akileine-poudre-anti-transpirante-pour-les-pieds-75g\/#breadcrumb"},"inLanguage":"fr-FR","potentialAction":[{"@type":"ReadAction","target":["https:\/\/pharmadreams.shop\/index.php\/product\/akileine-poudre-anti-transpirante-pour-les-pieds-75g\/"]}]},{"@type":"ImageObject","inLanguage":"fr-FR","@id":"https:\/\/pharmadreams.shop\/index.php\/product\/akileine-poudre-anti-transpirante-pour-les-pieds-75g\/#primaryimage","url":"https:\/\/pharmadreams.shop\/wp-content\/uploads\/2023\/12\/akileine.png","contentUrl":"https:\/\/pharmadreams.shop\/wp-content\/uploads\/2023\/12\/akileine.png","width":880,"height":1264},{"@type":"BreadcrumbList","@id":"https:\/\/pharmadreams.shop\/index.php\/product\/akileine-poudre-anti-transpirante-pour-les-pieds-75g\/#breadcrumb","itemListElement":[{"@type":"ListItem","position":1,"name":"Accueil","item":"https:\/\/pharmadreams.shop\/"},{"@type":"ListItem","position":2,"name":"Shop","item":"https:\/\/pharmadreams.shop\/index.php\/shop\/"},{"@type":"ListItem","position":3,"name":"Akileine poudre anti transpirante pour les pieds 75g"}]},{"@type":"WebSite","@id":"https:\/\/pharmadreams.shop\/#website","url":"https:\/\/pharmadreams.shop\/","name":"pharmadreams","description":"Parapharmacie en ligne","potentialAction":[{"@type":"SearchAction","target":{"@type":"EntryPoint","urlTemplate":"https:\/\/pharmadreams.shop\/?s={search_term_string}"},"query-input":"required name=search_term_string"}],"inLanguage":"fr-FR"}]}},"_links":{"self":[{"href":"https:\/\/pharmadreams.shop\/index.php\/wp-json\/wp\/v2\/product\/16235","targetHints":{"allow":["GET"]}}],"collection":[{"href":"https:\/\/pharmadreams.shop\/index.php\/wp-json\/wp\/v2\/product"}],"about":[{"href":"https:\/\/pharmadreams.shop\/index.php\/wp-json\/wp\/v2\/types\/product"}],"replies":[{"embeddable":true,"href":"https:\/\/pharmadreams.shop\/index.php\/wp-json\/wp\/v2\/comments?post=16235"}],"version-history":[{"count":0,"href":"https:\/\/pharmadreams.shop\/index.php\/wp-json\/wp\/v2\/product\/16235\/revisions"}],"wp:featuredmedia":[{"embeddable":true,"href":"https:\/\/pharmadreams.shop\/index.php\/wp-json\/wp\/v2\/media\/16302"}],"wp:attachment":[{"href":"https:\/\/pharmadreams.shop\/index.php\/wp-json\/wp\/v2\/media?parent=16235"}],"wp:term":[{"taxonomy":"product_brand","embeddable":true,"href":"https:\/\/pharmadreams.shop\/index.php\/wp-json\/wp\/v2\/product_brand?post=16235"},{"taxonomy":"product_cat","embeddable":true,"href":"https:\/\/pharmadreams.shop\/index.php\/wp-json\/wp\/v2\/product_cat?post=16235"},{"taxonomy":"product_tag","embeddable":true,"href":"https:\/\/pharmadreams.shop\/index.php\/wp-json\/wp\/v2\/product_tag?post=16235"}],"curies":[{"name":"wp","href":"https:\/\/api.w.org\/{rel}","templated":true}]}}