{"id":16236,"date":"2023-12-19T19:31:29","date_gmt":"2023-12-19T18:31:29","guid":{"rendered":"https:\/\/venuspara.com\/?post_type=product&#038;p=16236"},"modified":"2023-12-19T19:32:33","modified_gmt":"2023-12-19T18:32:33","slug":"isispharma-uveblock-creme-invisible-spf80-40ml","status":"publish","type":"product","link":"https:\/\/pharmadreams.shop\/index.php\/product\/isispharma-uveblock-creme-invisible-spf80-40ml\/","title":{"rendered":"Isispharma uveblock cr\u00e8me invisible spf80 40ml"},"content":{"rendered":"","protected":false},"excerpt":{"rendered":"<p>ISISPHARMA UVEBLOCK CREME INVISIBLE SPF80\u00a0a \u00e9t\u00e9 d\u00e9velopp\u00e9e avec une combinaison optimale de filtres offrant une tr\u00e8s haute protection contre les UVA et UVB.<\/p>\n<p>Il va lutter efficacement contre les dommages cellulaires induits par les infrarouges. Sa formule a \u00e9t\u00e9 d\u00e9velopp\u00e9e pour prot\u00e9ger les peaux sensibles. Il p\u00e9n\u00e8tre rapidement et procure une sensation de fra\u00eecheur.<\/p>\n","protected":false},"featured_media":16304,"comment_status":"open","ping_status":"closed","template":"","meta":[],"product_brand":[],"product_cat":[78,86,104,107],"product_tag":[],"class_list":{"0":"post-16236","1":"product","2":"type-product","3":"status-publish","4":"has-post-thumbnail","6":"product_cat-cremes","7":"product_cat-peaux-sensibles-et-rougeurs","8":"product_cat-protection","9":"product_cat-soin-solaire","11":"first","12":"instock","13":"shipping-taxable","14":"purchasable","15":"product-type-simple"},"yoast_head":"<!-- This site is optimized with the Yoast SEO plugin v23.0 - https:\/\/yoast.com\/wordpress\/plugins\/seo\/ -->\n<title>Isispharma uveblock cr\u00e8me invisible spf80 40ml - pharmadreams<\/title>\n<meta name=\"robots\" content=\"index, follow, max-snippet:-1, max-image-preview:large, max-video-preview:-1\" \/>\n<link rel=\"canonical\" href=\"https:\/\/pharmadreams.shop\/index.php\/product\/isispharma-uveblock-creme-invisible-spf80-40ml\/\" \/>\n<meta property=\"og:locale\" content=\"fr_FR\" \/>\n<meta property=\"og:type\" content=\"article\" \/>\n<meta property=\"og:title\" content=\"Isispharma uveblock cr\u00e8me invisible spf80 40ml - pharmadreams\" \/>\n<meta property=\"og:description\" content=\"ISISPHARMA UVEBLOCK CREME INVISIBLE SPF80\u00a0a \u00e9t\u00e9 d\u00e9velopp\u00e9e avec une combinaison optimale de filtres offrant une tr\u00e8s haute protection contre les UVA et UVB.  Il va lutter efficacement contre les dommages cellulaires induits par les infrarouges. Sa formule a \u00e9t\u00e9 d\u00e9velopp\u00e9e pour prot\u00e9ger les peaux sensibles. Il p\u00e9n\u00e8tre rapidement et procure une sensation de fra\u00eecheur.\" \/>\n<meta property=\"og:url\" content=\"https:\/\/pharmadreams.shop\/index.php\/product\/isispharma-uveblock-creme-invisible-spf80-40ml\/\" \/>\n<meta property=\"og:site_name\" content=\"pharmadreams\" \/>\n<meta property=\"article:modified_time\" content=\"2023-12-19T18:32:33+00:00\" \/>\n<meta property=\"og:image\" content=\"https:\/\/pharmadreams.shop\/wp-content\/uploads\/2023\/12\/isipharma.png\" \/>\n\t<meta property=\"og:image:width\" content=\"960\" \/>\n\t<meta property=\"og:image:height\" content=\"992\" \/>\n\t<meta property=\"og:image:type\" content=\"image\/png\" \/>\n<meta name=\"twitter:card\" content=\"summary_large_image\" \/>\n<script type=\"application\/ld+json\" class=\"yoast-schema-graph\">{\"@context\":\"https:\/\/schema.org\",\"@graph\":[{\"@type\":\"WebPage\",\"@id\":\"https:\/\/pharmadreams.shop\/index.php\/product\/isispharma-uveblock-creme-invisible-spf80-40ml\/\",\"url\":\"https:\/\/pharmadreams.shop\/index.php\/product\/isispharma-uveblock-creme-invisible-spf80-40ml\/\",\"name\":\"Isispharma uveblock cr\u00e8me invisible spf80 40ml - pharmadreams\",\"isPartOf\":{\"@id\":\"https:\/\/pharmadreams.shop\/#website\"},\"primaryImageOfPage\":{\"@id\":\"https:\/\/pharmadreams.shop\/index.php\/product\/isispharma-uveblock-creme-invisible-spf80-40ml\/#primaryimage\"},\"image\":{\"@id\":\"https:\/\/pharmadreams.shop\/index.php\/product\/isispharma-uveblock-creme-invisible-spf80-40ml\/#primaryimage\"},\"thumbnailUrl\":\"https:\/\/pharmadreams.shop\/wp-content\/uploads\/2023\/12\/isipharma.png\",\"datePublished\":\"2023-12-19T18:31:29+00:00\",\"dateModified\":\"2023-12-19T18:32:33+00:00\",\"breadcrumb\":{\"@id\":\"https:\/\/pharmadreams.shop\/index.php\/product\/isispharma-uveblock-creme-invisible-spf80-40ml\/#breadcrumb\"},\"inLanguage\":\"fr-FR\",\"potentialAction\":[{\"@type\":\"ReadAction\",\"target\":[\"https:\/\/pharmadreams.shop\/index.php\/product\/isispharma-uveblock-creme-invisible-spf80-40ml\/\"]}]},{\"@type\":\"ImageObject\",\"inLanguage\":\"fr-FR\",\"@id\":\"https:\/\/pharmadreams.shop\/index.php\/product\/isispharma-uveblock-creme-invisible-spf80-40ml\/#primaryimage\",\"url\":\"https:\/\/pharmadreams.shop\/wp-content\/uploads\/2023\/12\/isipharma.png\",\"contentUrl\":\"https:\/\/pharmadreams.shop\/wp-content\/uploads\/2023\/12\/isipharma.png\",\"width\":960,\"height\":992},{\"@type\":\"BreadcrumbList\",\"@id\":\"https:\/\/pharmadreams.shop\/index.php\/product\/isispharma-uveblock-creme-invisible-spf80-40ml\/#breadcrumb\",\"itemListElement\":[{\"@type\":\"ListItem\",\"position\":1,\"name\":\"Accueil\",\"item\":\"https:\/\/pharmadreams.shop\/\"},{\"@type\":\"ListItem\",\"position\":2,\"name\":\"Shop\",\"item\":\"https:\/\/pharmadreams.shop\/index.php\/shop\/\"},{\"@type\":\"ListItem\",\"position\":3,\"name\":\"Isispharma uveblock cr\u00e8me invisible spf80 40ml\"}]},{\"@type\":\"WebSite\",\"@id\":\"https:\/\/pharmadreams.shop\/#website\",\"url\":\"https:\/\/pharmadreams.shop\/\",\"name\":\"pharmadreams\",\"description\":\"Parapharmacie en ligne\",\"potentialAction\":[{\"@type\":\"SearchAction\",\"target\":{\"@type\":\"EntryPoint\",\"urlTemplate\":\"https:\/\/pharmadreams.shop\/?s={search_term_string}\"},\"query-input\":\"required name=search_term_string\"}],\"inLanguage\":\"fr-FR\"}]}<\/script>\n<!-- \/ Yoast SEO plugin. -->","yoast_head_json":{"title":"Isispharma uveblock cr\u00e8me invisible spf80 40ml - pharmadreams","robots":{"index":"index","follow":"follow","max-snippet":"max-snippet:-1","max-image-preview":"max-image-preview:large","max-video-preview":"max-video-preview:-1"},"canonical":"https:\/\/pharmadreams.shop\/index.php\/product\/isispharma-uveblock-creme-invisible-spf80-40ml\/","og_locale":"fr_FR","og_type":"article","og_title":"Isispharma uveblock cr\u00e8me invisible spf80 40ml - pharmadreams","og_description":"ISISPHARMA UVEBLOCK CREME INVISIBLE SPF80\u00a0a \u00e9t\u00e9 d\u00e9velopp\u00e9e avec une combinaison optimale de filtres offrant une tr\u00e8s haute protection contre les UVA et UVB.  Il va lutter efficacement contre les dommages cellulaires induits par les infrarouges. Sa formule a \u00e9t\u00e9 d\u00e9velopp\u00e9e pour prot\u00e9ger les peaux sensibles. Il p\u00e9n\u00e8tre rapidement et procure une sensation de fra\u00eecheur.","og_url":"https:\/\/pharmadreams.shop\/index.php\/product\/isispharma-uveblock-creme-invisible-spf80-40ml\/","og_site_name":"pharmadreams","article_modified_time":"2023-12-19T18:32:33+00:00","og_image":[{"width":960,"height":992,"url":"https:\/\/pharmadreams.shop\/wp-content\/uploads\/2023\/12\/isipharma.png","type":"image\/png"}],"twitter_card":"summary_large_image","schema":{"@context":"https:\/\/schema.org","@graph":[{"@type":"WebPage","@id":"https:\/\/pharmadreams.shop\/index.php\/product\/isispharma-uveblock-creme-invisible-spf80-40ml\/","url":"https:\/\/pharmadreams.shop\/index.php\/product\/isispharma-uveblock-creme-invisible-spf80-40ml\/","name":"Isispharma uveblock cr\u00e8me invisible spf80 40ml - pharmadreams","isPartOf":{"@id":"https:\/\/pharmadreams.shop\/#website"},"primaryImageOfPage":{"@id":"https:\/\/pharmadreams.shop\/index.php\/product\/isispharma-uveblock-creme-invisible-spf80-40ml\/#primaryimage"},"image":{"@id":"https:\/\/pharmadreams.shop\/index.php\/product\/isispharma-uveblock-creme-invisible-spf80-40ml\/#primaryimage"},"thumbnailUrl":"https:\/\/pharmadreams.shop\/wp-content\/uploads\/2023\/12\/isipharma.png","datePublished":"2023-12-19T18:31:29+00:00","dateModified":"2023-12-19T18:32:33+00:00","breadcrumb":{"@id":"https:\/\/pharmadreams.shop\/index.php\/product\/isispharma-uveblock-creme-invisible-spf80-40ml\/#breadcrumb"},"inLanguage":"fr-FR","potentialAction":[{"@type":"ReadAction","target":["https:\/\/pharmadreams.shop\/index.php\/product\/isispharma-uveblock-creme-invisible-spf80-40ml\/"]}]},{"@type":"ImageObject","inLanguage":"fr-FR","@id":"https:\/\/pharmadreams.shop\/index.php\/product\/isispharma-uveblock-creme-invisible-spf80-40ml\/#primaryimage","url":"https:\/\/pharmadreams.shop\/wp-content\/uploads\/2023\/12\/isipharma.png","contentUrl":"https:\/\/pharmadreams.shop\/wp-content\/uploads\/2023\/12\/isipharma.png","width":960,"height":992},{"@type":"BreadcrumbList","@id":"https:\/\/pharmadreams.shop\/index.php\/product\/isispharma-uveblock-creme-invisible-spf80-40ml\/#breadcrumb","itemListElement":[{"@type":"ListItem","position":1,"name":"Accueil","item":"https:\/\/pharmadreams.shop\/"},{"@type":"ListItem","position":2,"name":"Shop","item":"https:\/\/pharmadreams.shop\/index.php\/shop\/"},{"@type":"ListItem","position":3,"name":"Isispharma uveblock cr\u00e8me invisible spf80 40ml"}]},{"@type":"WebSite","@id":"https:\/\/pharmadreams.shop\/#website","url":"https:\/\/pharmadreams.shop\/","name":"pharmadreams","description":"Parapharmacie en ligne","potentialAction":[{"@type":"SearchAction","target":{"@type":"EntryPoint","urlTemplate":"https:\/\/pharmadreams.shop\/?s={search_term_string}"},"query-input":"required name=search_term_string"}],"inLanguage":"fr-FR"}]}},"_links":{"self":[{"href":"https:\/\/pharmadreams.shop\/index.php\/wp-json\/wp\/v2\/product\/16236","targetHints":{"allow":["GET"]}}],"collection":[{"href":"https:\/\/pharmadreams.shop\/index.php\/wp-json\/wp\/v2\/product"}],"about":[{"href":"https:\/\/pharmadreams.shop\/index.php\/wp-json\/wp\/v2\/types\/product"}],"replies":[{"embeddable":true,"href":"https:\/\/pharmadreams.shop\/index.php\/wp-json\/wp\/v2\/comments?post=16236"}],"version-history":[{"count":0,"href":"https:\/\/pharmadreams.shop\/index.php\/wp-json\/wp\/v2\/product\/16236\/revisions"}],"wp:featuredmedia":[{"embeddable":true,"href":"https:\/\/pharmadreams.shop\/index.php\/wp-json\/wp\/v2\/media\/16304"}],"wp:attachment":[{"href":"https:\/\/pharmadreams.shop\/index.php\/wp-json\/wp\/v2\/media?parent=16236"}],"wp:term":[{"taxonomy":"product_brand","embeddable":true,"href":"https:\/\/pharmadreams.shop\/index.php\/wp-json\/wp\/v2\/product_brand?post=16236"},{"taxonomy":"product_cat","embeddable":true,"href":"https:\/\/pharmadreams.shop\/index.php\/wp-json\/wp\/v2\/product_cat?post=16236"},{"taxonomy":"product_tag","embeddable":true,"href":"https:\/\/pharmadreams.shop\/index.php\/wp-json\/wp\/v2\/product_tag?post=16236"}],"curies":[{"name":"wp","href":"https:\/\/api.w.org\/{rel}","templated":true}]}}