{"id":16238,"date":"2023-12-19T19:31:29","date_gmt":"2023-12-19T18:31:29","guid":{"rendered":"https:\/\/venuspara.com\/?post_type=product&#038;p=16238"},"modified":"2023-12-19T19:32:36","modified_gmt":"2023-12-19T18:32:36","slug":"dermedic-hydrain-3-hialuro-beurre-ultra-hydratant-225ml","status":"publish","type":"product","link":"https:\/\/pharmadreams.shop\/index.php\/product\/dermedic-hydrain-3-hialuro-beurre-ultra-hydratant-225ml\/","title":{"rendered":"Dermedic hydrain 3 hialuro beurre ultra hydratant 225ml"},"content":{"rendered":"","protected":false},"excerpt":{"rendered":"<p style=\"font-weight: 400;\">Hydrate profond\u00e9ment et durablement.<\/p>\n<p style=\"font-weight: 400;\">Procure un soulagement imm\u00e9diat et r\u00e9duit la sensation de tiraillement.<\/p>\n<p style=\"font-weight: 400;\">R\u00e9tablit le bon fonctionnement de la barri\u00e8re protectrice de l&rsquo;\u00e9piderme.<\/p>\n<p style=\"font-weight: 400;\">A l&rsquo;eau thermale<\/p>\n","protected":false},"featured_media":16308,"comment_status":"open","ping_status":"closed","template":"","meta":[],"product_brand":[],"product_cat":[79,104,95,81],"product_tag":[],"class_list":{"0":"post-16238","1":"product","2":"type-product","3":"status-publish","4":"has-post-thumbnail","6":"product_cat-peaux-seches","7":"product_cat-protection","8":"product_cat-skin-care","9":"product_cat-soins-hydratants","11":"first","12":"instock","13":"shipping-taxable","14":"purchasable","15":"product-type-simple"},"yoast_head":"<!-- This site is optimized with the Yoast SEO plugin v23.0 - https:\/\/yoast.com\/wordpress\/plugins\/seo\/ -->\n<title>Dermedic hydrain 3 hialuro beurre ultra hydratant 225ml - pharmadreams<\/title>\n<meta name=\"robots\" content=\"index, follow, max-snippet:-1, max-image-preview:large, max-video-preview:-1\" \/>\n<link rel=\"canonical\" href=\"https:\/\/pharmadreams.shop\/index.php\/product\/dermedic-hydrain-3-hialuro-beurre-ultra-hydratant-225ml\/\" \/>\n<meta property=\"og:locale\" content=\"fr_FR\" \/>\n<meta property=\"og:type\" content=\"article\" \/>\n<meta property=\"og:title\" content=\"Dermedic hydrain 3 hialuro beurre ultra hydratant 225ml - pharmadreams\" \/>\n<meta property=\"og:description\" content=\"Hydrate profond\u00e9ment et durablement. Procure un soulagement imm\u00e9diat et r\u00e9duit la sensation de tiraillement. R\u00e9tablit le bon fonctionnement de la barri\u00e8re protectrice de l&#039;\u00e9piderme. A l&#039;eau thermale\" \/>\n<meta property=\"og:url\" content=\"https:\/\/pharmadreams.shop\/index.php\/product\/dermedic-hydrain-3-hialuro-beurre-ultra-hydratant-225ml\/\" \/>\n<meta property=\"og:site_name\" content=\"pharmadreams\" \/>\n<meta property=\"article:modified_time\" content=\"2023-12-19T18:32:36+00:00\" \/>\n<meta property=\"og:image\" content=\"https:\/\/pharmadreams.shop\/wp-content\/uploads\/2023\/12\/hydrain.png\" \/>\n\t<meta property=\"og:image:width\" content=\"1064\" \/>\n\t<meta property=\"og:image:height\" content=\"888\" \/>\n\t<meta property=\"og:image:type\" content=\"image\/png\" \/>\n<meta name=\"twitter:card\" content=\"summary_large_image\" \/>\n<script type=\"application\/ld+json\" class=\"yoast-schema-graph\">{\"@context\":\"https:\/\/schema.org\",\"@graph\":[{\"@type\":\"WebPage\",\"@id\":\"https:\/\/pharmadreams.shop\/index.php\/product\/dermedic-hydrain-3-hialuro-beurre-ultra-hydratant-225ml\/\",\"url\":\"https:\/\/pharmadreams.shop\/index.php\/product\/dermedic-hydrain-3-hialuro-beurre-ultra-hydratant-225ml\/\",\"name\":\"Dermedic hydrain 3 hialuro beurre ultra hydratant 225ml - pharmadreams\",\"isPartOf\":{\"@id\":\"https:\/\/pharmadreams.shop\/#website\"},\"primaryImageOfPage\":{\"@id\":\"https:\/\/pharmadreams.shop\/index.php\/product\/dermedic-hydrain-3-hialuro-beurre-ultra-hydratant-225ml\/#primaryimage\"},\"image\":{\"@id\":\"https:\/\/pharmadreams.shop\/index.php\/product\/dermedic-hydrain-3-hialuro-beurre-ultra-hydratant-225ml\/#primaryimage\"},\"thumbnailUrl\":\"https:\/\/pharmadreams.shop\/wp-content\/uploads\/2023\/12\/hydrain.png\",\"datePublished\":\"2023-12-19T18:31:29+00:00\",\"dateModified\":\"2023-12-19T18:32:36+00:00\",\"breadcrumb\":{\"@id\":\"https:\/\/pharmadreams.shop\/index.php\/product\/dermedic-hydrain-3-hialuro-beurre-ultra-hydratant-225ml\/#breadcrumb\"},\"inLanguage\":\"fr-FR\",\"potentialAction\":[{\"@type\":\"ReadAction\",\"target\":[\"https:\/\/pharmadreams.shop\/index.php\/product\/dermedic-hydrain-3-hialuro-beurre-ultra-hydratant-225ml\/\"]}]},{\"@type\":\"ImageObject\",\"inLanguage\":\"fr-FR\",\"@id\":\"https:\/\/pharmadreams.shop\/index.php\/product\/dermedic-hydrain-3-hialuro-beurre-ultra-hydratant-225ml\/#primaryimage\",\"url\":\"https:\/\/pharmadreams.shop\/wp-content\/uploads\/2023\/12\/hydrain.png\",\"contentUrl\":\"https:\/\/pharmadreams.shop\/wp-content\/uploads\/2023\/12\/hydrain.png\",\"width\":1064,\"height\":888},{\"@type\":\"BreadcrumbList\",\"@id\":\"https:\/\/pharmadreams.shop\/index.php\/product\/dermedic-hydrain-3-hialuro-beurre-ultra-hydratant-225ml\/#breadcrumb\",\"itemListElement\":[{\"@type\":\"ListItem\",\"position\":1,\"name\":\"Accueil\",\"item\":\"https:\/\/pharmadreams.shop\/\"},{\"@type\":\"ListItem\",\"position\":2,\"name\":\"Shop\",\"item\":\"https:\/\/pharmadreams.shop\/index.php\/shop\/\"},{\"@type\":\"ListItem\",\"position\":3,\"name\":\"Dermedic hydrain 3 hialuro beurre ultra hydratant 225ml\"}]},{\"@type\":\"WebSite\",\"@id\":\"https:\/\/pharmadreams.shop\/#website\",\"url\":\"https:\/\/pharmadreams.shop\/\",\"name\":\"pharmadreams\",\"description\":\"Parapharmacie en ligne\",\"potentialAction\":[{\"@type\":\"SearchAction\",\"target\":{\"@type\":\"EntryPoint\",\"urlTemplate\":\"https:\/\/pharmadreams.shop\/?s={search_term_string}\"},\"query-input\":\"required name=search_term_string\"}],\"inLanguage\":\"fr-FR\"}]}<\/script>\n<!-- \/ Yoast SEO plugin. -->","yoast_head_json":{"title":"Dermedic hydrain 3 hialuro beurre ultra hydratant 225ml - pharmadreams","robots":{"index":"index","follow":"follow","max-snippet":"max-snippet:-1","max-image-preview":"max-image-preview:large","max-video-preview":"max-video-preview:-1"},"canonical":"https:\/\/pharmadreams.shop\/index.php\/product\/dermedic-hydrain-3-hialuro-beurre-ultra-hydratant-225ml\/","og_locale":"fr_FR","og_type":"article","og_title":"Dermedic hydrain 3 hialuro beurre ultra hydratant 225ml - pharmadreams","og_description":"Hydrate profond\u00e9ment et durablement. Procure un soulagement imm\u00e9diat et r\u00e9duit la sensation de tiraillement. R\u00e9tablit le bon fonctionnement de la barri\u00e8re protectrice de l'\u00e9piderme. A l'eau thermale","og_url":"https:\/\/pharmadreams.shop\/index.php\/product\/dermedic-hydrain-3-hialuro-beurre-ultra-hydratant-225ml\/","og_site_name":"pharmadreams","article_modified_time":"2023-12-19T18:32:36+00:00","og_image":[{"width":1064,"height":888,"url":"https:\/\/pharmadreams.shop\/wp-content\/uploads\/2023\/12\/hydrain.png","type":"image\/png"}],"twitter_card":"summary_large_image","schema":{"@context":"https:\/\/schema.org","@graph":[{"@type":"WebPage","@id":"https:\/\/pharmadreams.shop\/index.php\/product\/dermedic-hydrain-3-hialuro-beurre-ultra-hydratant-225ml\/","url":"https:\/\/pharmadreams.shop\/index.php\/product\/dermedic-hydrain-3-hialuro-beurre-ultra-hydratant-225ml\/","name":"Dermedic hydrain 3 hialuro beurre ultra hydratant 225ml - pharmadreams","isPartOf":{"@id":"https:\/\/pharmadreams.shop\/#website"},"primaryImageOfPage":{"@id":"https:\/\/pharmadreams.shop\/index.php\/product\/dermedic-hydrain-3-hialuro-beurre-ultra-hydratant-225ml\/#primaryimage"},"image":{"@id":"https:\/\/pharmadreams.shop\/index.php\/product\/dermedic-hydrain-3-hialuro-beurre-ultra-hydratant-225ml\/#primaryimage"},"thumbnailUrl":"https:\/\/pharmadreams.shop\/wp-content\/uploads\/2023\/12\/hydrain.png","datePublished":"2023-12-19T18:31:29+00:00","dateModified":"2023-12-19T18:32:36+00:00","breadcrumb":{"@id":"https:\/\/pharmadreams.shop\/index.php\/product\/dermedic-hydrain-3-hialuro-beurre-ultra-hydratant-225ml\/#breadcrumb"},"inLanguage":"fr-FR","potentialAction":[{"@type":"ReadAction","target":["https:\/\/pharmadreams.shop\/index.php\/product\/dermedic-hydrain-3-hialuro-beurre-ultra-hydratant-225ml\/"]}]},{"@type":"ImageObject","inLanguage":"fr-FR","@id":"https:\/\/pharmadreams.shop\/index.php\/product\/dermedic-hydrain-3-hialuro-beurre-ultra-hydratant-225ml\/#primaryimage","url":"https:\/\/pharmadreams.shop\/wp-content\/uploads\/2023\/12\/hydrain.png","contentUrl":"https:\/\/pharmadreams.shop\/wp-content\/uploads\/2023\/12\/hydrain.png","width":1064,"height":888},{"@type":"BreadcrumbList","@id":"https:\/\/pharmadreams.shop\/index.php\/product\/dermedic-hydrain-3-hialuro-beurre-ultra-hydratant-225ml\/#breadcrumb","itemListElement":[{"@type":"ListItem","position":1,"name":"Accueil","item":"https:\/\/pharmadreams.shop\/"},{"@type":"ListItem","position":2,"name":"Shop","item":"https:\/\/pharmadreams.shop\/index.php\/shop\/"},{"@type":"ListItem","position":3,"name":"Dermedic hydrain 3 hialuro beurre ultra hydratant 225ml"}]},{"@type":"WebSite","@id":"https:\/\/pharmadreams.shop\/#website","url":"https:\/\/pharmadreams.shop\/","name":"pharmadreams","description":"Parapharmacie en ligne","potentialAction":[{"@type":"SearchAction","target":{"@type":"EntryPoint","urlTemplate":"https:\/\/pharmadreams.shop\/?s={search_term_string}"},"query-input":"required name=search_term_string"}],"inLanguage":"fr-FR"}]}},"_links":{"self":[{"href":"https:\/\/pharmadreams.shop\/index.php\/wp-json\/wp\/v2\/product\/16238","targetHints":{"allow":["GET"]}}],"collection":[{"href":"https:\/\/pharmadreams.shop\/index.php\/wp-json\/wp\/v2\/product"}],"about":[{"href":"https:\/\/pharmadreams.shop\/index.php\/wp-json\/wp\/v2\/types\/product"}],"replies":[{"embeddable":true,"href":"https:\/\/pharmadreams.shop\/index.php\/wp-json\/wp\/v2\/comments?post=16238"}],"version-history":[{"count":0,"href":"https:\/\/pharmadreams.shop\/index.php\/wp-json\/wp\/v2\/product\/16238\/revisions"}],"wp:featuredmedia":[{"embeddable":true,"href":"https:\/\/pharmadreams.shop\/index.php\/wp-json\/wp\/v2\/media\/16308"}],"wp:attachment":[{"href":"https:\/\/pharmadreams.shop\/index.php\/wp-json\/wp\/v2\/media?parent=16238"}],"wp:term":[{"taxonomy":"product_brand","embeddable":true,"href":"https:\/\/pharmadreams.shop\/index.php\/wp-json\/wp\/v2\/product_brand?post=16238"},{"taxonomy":"product_cat","embeddable":true,"href":"https:\/\/pharmadreams.shop\/index.php\/wp-json\/wp\/v2\/product_cat?post=16238"},{"taxonomy":"product_tag","embeddable":true,"href":"https:\/\/pharmadreams.shop\/index.php\/wp-json\/wp\/v2\/product_tag?post=16238"}],"curies":[{"name":"wp","href":"https:\/\/api.w.org\/{rel}","templated":true}]}}