{"id":16239,"date":"2023-12-19T19:31:29","date_gmt":"2023-12-19T18:31:29","guid":{"rendered":"https:\/\/venuspara.com\/?post_type=product&#038;p=16239"},"modified":"2023-12-19T19:32:39","modified_gmt":"2023-12-19T18:32:39","slug":"alvityl-immunostim-30-gelules","status":"publish","type":"product","link":"https:\/\/pharmadreams.shop\/index.php\/product\/alvityl-immunostim-30-gelules\/","title":{"rendered":"Alvityl immunostim 30 g\u00e9lules"},"content":{"rendered":"","protected":false},"excerpt":{"rendered":"<p>Alvityl ImmunoStim D\u00e9fenses de l&rsquo;Organisme 30 G\u00e9lules V\u00e9g\u00e9tales est un compl\u00e9ment alimentaire \u00e0 base de ferments actifs, fibres et vitamine C. Il est consitu\u00e9 de ferments actifs pour enrichir le microbiote, de fructo-oligosaccharides (fibres) et de vitamine C pour contribuer aux d\u00e9fenses immunitaires de l&rsquo;organisme.<\/p>\n<p>Il contient 5 milliards de ferments actifs dont :<\/p>\n<ul>\n<li>Lactobacillus helveticus&#8230;Rosell-52<\/li>\n<li>Bifidobacterium infantis&#8230;.Rosell-33<\/li>\n<li>Bifidobacterium bifidum&#8230;.Rosell-71.<\/li>\n<\/ul>\n<p>Ils sont d\u00e9pos\u00e9s \u00e0 la Collection Nationale de Culture de Micro-Organismes en France. Ils ont \u00e9t\u00e9 s\u00e9lectionn\u00e9s sp\u00e9cialement pour atteindre l&rsquo;intestin sans d\u00e9gradation. Ils sont lyophilis\u00e9s pour garantir une meilleure conservation.<\/p>\n<p>Contient de la poudre de lait et de soja.<\/p>\n","protected":false},"featured_media":16310,"comment_status":"open","ping_status":"closed","template":"","meta":[],"product_brand":[],"product_cat":[32],"product_tag":[],"class_list":{"0":"post-16239","1":"product","2":"type-product","3":"status-publish","4":"has-post-thumbnail","6":"product_cat-complements-alimentaires","8":"first","9":"instock","10":"shipping-taxable","11":"purchasable","12":"product-type-simple"},"yoast_head":"<!-- This site is optimized with the Yoast SEO plugin v23.0 - https:\/\/yoast.com\/wordpress\/plugins\/seo\/ -->\n<title>Alvityl immunostim 30 g\u00e9lules - pharmadreams<\/title>\n<meta name=\"robots\" content=\"index, follow, max-snippet:-1, max-image-preview:large, max-video-preview:-1\" \/>\n<link rel=\"canonical\" href=\"https:\/\/pharmadreams.shop\/index.php\/product\/alvityl-immunostim-30-gelules\/\" \/>\n<meta property=\"og:locale\" content=\"fr_FR\" \/>\n<meta property=\"og:type\" content=\"article\" \/>\n<meta property=\"og:title\" content=\"Alvityl immunostim 30 g\u00e9lules - pharmadreams\" \/>\n<meta property=\"og:description\" content=\"Alvityl ImmunoStim D\u00e9fenses de l&#039;Organisme 30 G\u00e9lules V\u00e9g\u00e9tales est un compl\u00e9ment alimentaire \u00e0 base de ferments actifs, fibres et vitamine C. Il est consitu\u00e9 de ferments actifs pour enrichir le microbiote, de fructo-oligosaccharides (fibres) et de vitamine C pour contribuer aux d\u00e9fenses immunitaires de l&#039;organisme.  Il contient 5 milliards de ferments actifs dont :   Lactobacillus helveticus...Rosell-52  Bifidobacterium infantis....Rosell-33  Bifidobacterium bifidum....Rosell-71.  Ils sont d\u00e9pos\u00e9s \u00e0 la Collection Nationale de Culture de Micro-Organismes en France. Ils ont \u00e9t\u00e9 s\u00e9lectionn\u00e9s sp\u00e9cialement pour atteindre l&#039;intestin sans d\u00e9gradation. Ils sont lyophilis\u00e9s pour garantir une meilleure conservation.  Contient de la poudre de lait et de soja.\" \/>\n<meta property=\"og:url\" content=\"https:\/\/pharmadreams.shop\/index.php\/product\/alvityl-immunostim-30-gelules\/\" \/>\n<meta property=\"og:site_name\" content=\"pharmadreams\" \/>\n<meta property=\"article:modified_time\" content=\"2023-12-19T18:32:39+00:00\" \/>\n<meta property=\"og:image\" content=\"https:\/\/pharmadreams.shop\/wp-content\/uploads\/2023\/12\/immunostimm.png\" \/>\n\t<meta property=\"og:image:width\" content=\"936\" \/>\n\t<meta property=\"og:image:height\" content=\"848\" \/>\n\t<meta property=\"og:image:type\" content=\"image\/png\" \/>\n<meta name=\"twitter:card\" content=\"summary_large_image\" \/>\n<script type=\"application\/ld+json\" class=\"yoast-schema-graph\">{\"@context\":\"https:\/\/schema.org\",\"@graph\":[{\"@type\":\"WebPage\",\"@id\":\"https:\/\/pharmadreams.shop\/index.php\/product\/alvityl-immunostim-30-gelules\/\",\"url\":\"https:\/\/pharmadreams.shop\/index.php\/product\/alvityl-immunostim-30-gelules\/\",\"name\":\"Alvityl immunostim 30 g\u00e9lules - pharmadreams\",\"isPartOf\":{\"@id\":\"https:\/\/pharmadreams.shop\/#website\"},\"primaryImageOfPage\":{\"@id\":\"https:\/\/pharmadreams.shop\/index.php\/product\/alvityl-immunostim-30-gelules\/#primaryimage\"},\"image\":{\"@id\":\"https:\/\/pharmadreams.shop\/index.php\/product\/alvityl-immunostim-30-gelules\/#primaryimage\"},\"thumbnailUrl\":\"https:\/\/pharmadreams.shop\/wp-content\/uploads\/2023\/12\/immunostimm.png\",\"datePublished\":\"2023-12-19T18:31:29+00:00\",\"dateModified\":\"2023-12-19T18:32:39+00:00\",\"breadcrumb\":{\"@id\":\"https:\/\/pharmadreams.shop\/index.php\/product\/alvityl-immunostim-30-gelules\/#breadcrumb\"},\"inLanguage\":\"fr-FR\",\"potentialAction\":[{\"@type\":\"ReadAction\",\"target\":[\"https:\/\/pharmadreams.shop\/index.php\/product\/alvityl-immunostim-30-gelules\/\"]}]},{\"@type\":\"ImageObject\",\"inLanguage\":\"fr-FR\",\"@id\":\"https:\/\/pharmadreams.shop\/index.php\/product\/alvityl-immunostim-30-gelules\/#primaryimage\",\"url\":\"https:\/\/pharmadreams.shop\/wp-content\/uploads\/2023\/12\/immunostimm.png\",\"contentUrl\":\"https:\/\/pharmadreams.shop\/wp-content\/uploads\/2023\/12\/immunostimm.png\",\"width\":936,\"height\":848},{\"@type\":\"BreadcrumbList\",\"@id\":\"https:\/\/pharmadreams.shop\/index.php\/product\/alvityl-immunostim-30-gelules\/#breadcrumb\",\"itemListElement\":[{\"@type\":\"ListItem\",\"position\":1,\"name\":\"Accueil\",\"item\":\"https:\/\/pharmadreams.shop\/\"},{\"@type\":\"ListItem\",\"position\":2,\"name\":\"Shop\",\"item\":\"https:\/\/pharmadreams.shop\/index.php\/shop\/\"},{\"@type\":\"ListItem\",\"position\":3,\"name\":\"Alvityl immunostim 30 g\u00e9lules\"}]},{\"@type\":\"WebSite\",\"@id\":\"https:\/\/pharmadreams.shop\/#website\",\"url\":\"https:\/\/pharmadreams.shop\/\",\"name\":\"pharmadreams\",\"description\":\"Parapharmacie en ligne\",\"potentialAction\":[{\"@type\":\"SearchAction\",\"target\":{\"@type\":\"EntryPoint\",\"urlTemplate\":\"https:\/\/pharmadreams.shop\/?s={search_term_string}\"},\"query-input\":\"required name=search_term_string\"}],\"inLanguage\":\"fr-FR\"}]}<\/script>\n<!-- \/ Yoast SEO plugin. -->","yoast_head_json":{"title":"Alvityl immunostim 30 g\u00e9lules - pharmadreams","robots":{"index":"index","follow":"follow","max-snippet":"max-snippet:-1","max-image-preview":"max-image-preview:large","max-video-preview":"max-video-preview:-1"},"canonical":"https:\/\/pharmadreams.shop\/index.php\/product\/alvityl-immunostim-30-gelules\/","og_locale":"fr_FR","og_type":"article","og_title":"Alvityl immunostim 30 g\u00e9lules - pharmadreams","og_description":"Alvityl ImmunoStim D\u00e9fenses de l'Organisme 30 G\u00e9lules V\u00e9g\u00e9tales est un compl\u00e9ment alimentaire \u00e0 base de ferments actifs, fibres et vitamine C. Il est consitu\u00e9 de ferments actifs pour enrichir le microbiote, de fructo-oligosaccharides (fibres) et de vitamine C pour contribuer aux d\u00e9fenses immunitaires de l'organisme.  Il contient 5 milliards de ferments actifs dont :   Lactobacillus helveticus...Rosell-52  Bifidobacterium infantis....Rosell-33  Bifidobacterium bifidum....Rosell-71.  Ils sont d\u00e9pos\u00e9s \u00e0 la Collection Nationale de Culture de Micro-Organismes en France. Ils ont \u00e9t\u00e9 s\u00e9lectionn\u00e9s sp\u00e9cialement pour atteindre l'intestin sans d\u00e9gradation. Ils sont lyophilis\u00e9s pour garantir une meilleure conservation.  Contient de la poudre de lait et de soja.","og_url":"https:\/\/pharmadreams.shop\/index.php\/product\/alvityl-immunostim-30-gelules\/","og_site_name":"pharmadreams","article_modified_time":"2023-12-19T18:32:39+00:00","og_image":[{"width":936,"height":848,"url":"https:\/\/pharmadreams.shop\/wp-content\/uploads\/2023\/12\/immunostimm.png","type":"image\/png"}],"twitter_card":"summary_large_image","schema":{"@context":"https:\/\/schema.org","@graph":[{"@type":"WebPage","@id":"https:\/\/pharmadreams.shop\/index.php\/product\/alvityl-immunostim-30-gelules\/","url":"https:\/\/pharmadreams.shop\/index.php\/product\/alvityl-immunostim-30-gelules\/","name":"Alvityl immunostim 30 g\u00e9lules - pharmadreams","isPartOf":{"@id":"https:\/\/pharmadreams.shop\/#website"},"primaryImageOfPage":{"@id":"https:\/\/pharmadreams.shop\/index.php\/product\/alvityl-immunostim-30-gelules\/#primaryimage"},"image":{"@id":"https:\/\/pharmadreams.shop\/index.php\/product\/alvityl-immunostim-30-gelules\/#primaryimage"},"thumbnailUrl":"https:\/\/pharmadreams.shop\/wp-content\/uploads\/2023\/12\/immunostimm.png","datePublished":"2023-12-19T18:31:29+00:00","dateModified":"2023-12-19T18:32:39+00:00","breadcrumb":{"@id":"https:\/\/pharmadreams.shop\/index.php\/product\/alvityl-immunostim-30-gelules\/#breadcrumb"},"inLanguage":"fr-FR","potentialAction":[{"@type":"ReadAction","target":["https:\/\/pharmadreams.shop\/index.php\/product\/alvityl-immunostim-30-gelules\/"]}]},{"@type":"ImageObject","inLanguage":"fr-FR","@id":"https:\/\/pharmadreams.shop\/index.php\/product\/alvityl-immunostim-30-gelules\/#primaryimage","url":"https:\/\/pharmadreams.shop\/wp-content\/uploads\/2023\/12\/immunostimm.png","contentUrl":"https:\/\/pharmadreams.shop\/wp-content\/uploads\/2023\/12\/immunostimm.png","width":936,"height":848},{"@type":"BreadcrumbList","@id":"https:\/\/pharmadreams.shop\/index.php\/product\/alvityl-immunostim-30-gelules\/#breadcrumb","itemListElement":[{"@type":"ListItem","position":1,"name":"Accueil","item":"https:\/\/pharmadreams.shop\/"},{"@type":"ListItem","position":2,"name":"Shop","item":"https:\/\/pharmadreams.shop\/index.php\/shop\/"},{"@type":"ListItem","position":3,"name":"Alvityl immunostim 30 g\u00e9lules"}]},{"@type":"WebSite","@id":"https:\/\/pharmadreams.shop\/#website","url":"https:\/\/pharmadreams.shop\/","name":"pharmadreams","description":"Parapharmacie en ligne","potentialAction":[{"@type":"SearchAction","target":{"@type":"EntryPoint","urlTemplate":"https:\/\/pharmadreams.shop\/?s={search_term_string}"},"query-input":"required name=search_term_string"}],"inLanguage":"fr-FR"}]}},"_links":{"self":[{"href":"https:\/\/pharmadreams.shop\/index.php\/wp-json\/wp\/v2\/product\/16239","targetHints":{"allow":["GET"]}}],"collection":[{"href":"https:\/\/pharmadreams.shop\/index.php\/wp-json\/wp\/v2\/product"}],"about":[{"href":"https:\/\/pharmadreams.shop\/index.php\/wp-json\/wp\/v2\/types\/product"}],"replies":[{"embeddable":true,"href":"https:\/\/pharmadreams.shop\/index.php\/wp-json\/wp\/v2\/comments?post=16239"}],"version-history":[{"count":0,"href":"https:\/\/pharmadreams.shop\/index.php\/wp-json\/wp\/v2\/product\/16239\/revisions"}],"wp:featuredmedia":[{"embeddable":true,"href":"https:\/\/pharmadreams.shop\/index.php\/wp-json\/wp\/v2\/media\/16310"}],"wp:attachment":[{"href":"https:\/\/pharmadreams.shop\/index.php\/wp-json\/wp\/v2\/media?parent=16239"}],"wp:term":[{"taxonomy":"product_brand","embeddable":true,"href":"https:\/\/pharmadreams.shop\/index.php\/wp-json\/wp\/v2\/product_brand?post=16239"},{"taxonomy":"product_cat","embeddable":true,"href":"https:\/\/pharmadreams.shop\/index.php\/wp-json\/wp\/v2\/product_cat?post=16239"},{"taxonomy":"product_tag","embeddable":true,"href":"https:\/\/pharmadreams.shop\/index.php\/wp-json\/wp\/v2\/product_tag?post=16239"}],"curies":[{"name":"wp","href":"https:\/\/api.w.org\/{rel}","templated":true}]}}