{"id":16240,"date":"2023-12-19T19:31:30","date_gmt":"2023-12-19T18:31:30","guid":{"rendered":"https:\/\/venuspara.com\/?post_type=product&#038;p=16240"},"modified":"2023-12-19T19:32:40","modified_gmt":"2023-12-19T18:32:40","slug":"vitavea-gelee-royale-1800-mg-10-ampoules","status":"publish","type":"product","link":"https:\/\/pharmadreams.shop\/index.php\/product\/vitavea-gelee-royale-1800-mg-10-ampoules\/","title":{"rendered":"Vitavea gel\u00e9e royale 1800 mg 10 ampoules"},"content":{"rendered":"","protected":false},"excerpt":{"rendered":"<p>Gel\u00e9e royale ultra dos\u00e9e \u00e0 1800mg<\/p>\n<p>Les personnes qui ressentent un manque d\u2019\u00e9nergie ou en cas de fatigue passag\u00e8re.<\/p>\n<p>Vitavea Gel\u00e9e royale BIO Ampoules offre une solution revitalisante pour l&rsquo;organisme. Sa formule 100% naturelle et bio associe 4 actifs connus pour leurs vertus dynamisantes et tonifiantes : Gel\u00e9e royale Bio, Miel Bio, Ginseng Bio, Ac\u00e9rola Bio.<\/p>\n<p>Vitavea La gel\u00e9e royale est une substance pr\u00e9cieuse de la ruche s\u00e9cr\u00e9t\u00e9e par les abeilles ouvri\u00e8res.Tr\u00e8s nutritive, elle est destin\u00e9e \u00e0 l\u2019alimentation de la reine durant toute son existence, celle-ci vit d\u2019ailleurs 40 fois plus longtemps que les autres abeilles<\/p>\n","protected":false},"featured_media":16312,"comment_status":"open","ping_status":"closed","template":"","meta":[],"product_brand":[],"product_cat":[32],"product_tag":[],"class_list":{"0":"post-16240","1":"product","2":"type-product","3":"status-publish","4":"has-post-thumbnail","6":"product_cat-complements-alimentaires","8":"first","9":"instock","10":"shipping-taxable","11":"purchasable","12":"product-type-simple"},"yoast_head":"<!-- This site is optimized with the Yoast SEO plugin v23.0 - https:\/\/yoast.com\/wordpress\/plugins\/seo\/ -->\n<title>Vitavea gel\u00e9e royale 1800 mg 10 ampoules - pharmadreams<\/title>\n<meta name=\"robots\" content=\"index, follow, max-snippet:-1, max-image-preview:large, max-video-preview:-1\" \/>\n<link rel=\"canonical\" href=\"https:\/\/pharmadreams.shop\/index.php\/product\/vitavea-gelee-royale-1800-mg-10-ampoules\/\" \/>\n<meta property=\"og:locale\" content=\"fr_FR\" \/>\n<meta property=\"og:type\" content=\"article\" \/>\n<meta property=\"og:title\" content=\"Vitavea gel\u00e9e royale 1800 mg 10 ampoules - pharmadreams\" \/>\n<meta property=\"og:description\" content=\"Gel\u00e9e royale ultra dos\u00e9e \u00e0 1800mg  Les personnes qui ressentent un manque d\u2019\u00e9nergie ou en cas de fatigue passag\u00e8re.  Vitavea Gel\u00e9e royale BIO Ampoules offre une solution revitalisante pour l&#039;organisme. Sa formule 100% naturelle et bio associe 4 actifs connus pour leurs vertus dynamisantes et tonifiantes : Gel\u00e9e royale Bio, Miel Bio, Ginseng Bio, Ac\u00e9rola Bio.  Vitavea La gel\u00e9e royale est une substance pr\u00e9cieuse de la ruche s\u00e9cr\u00e9t\u00e9e par les abeilles ouvri\u00e8res.Tr\u00e8s nutritive, elle est destin\u00e9e \u00e0 l\u2019alimentation de la reine durant toute son existence, celle-ci vit d\u2019ailleurs 40 fois plus longtemps que les autres abeilles\" \/>\n<meta property=\"og:url\" content=\"https:\/\/pharmadreams.shop\/index.php\/product\/vitavea-gelee-royale-1800-mg-10-ampoules\/\" \/>\n<meta property=\"og:site_name\" content=\"pharmadreams\" \/>\n<meta property=\"article:modified_time\" content=\"2023-12-19T18:32:40+00:00\" \/>\n<meta property=\"og:image\" content=\"https:\/\/pharmadreams.shop\/wp-content\/uploads\/2023\/12\/vita.png\" \/>\n\t<meta property=\"og:image:width\" content=\"392\" \/>\n\t<meta property=\"og:image:height\" content=\"424\" \/>\n\t<meta property=\"og:image:type\" content=\"image\/png\" \/>\n<meta name=\"twitter:card\" content=\"summary_large_image\" \/>\n<script type=\"application\/ld+json\" class=\"yoast-schema-graph\">{\"@context\":\"https:\/\/schema.org\",\"@graph\":[{\"@type\":\"WebPage\",\"@id\":\"https:\/\/pharmadreams.shop\/index.php\/product\/vitavea-gelee-royale-1800-mg-10-ampoules\/\",\"url\":\"https:\/\/pharmadreams.shop\/index.php\/product\/vitavea-gelee-royale-1800-mg-10-ampoules\/\",\"name\":\"Vitavea gel\u00e9e royale 1800 mg 10 ampoules - pharmadreams\",\"isPartOf\":{\"@id\":\"https:\/\/pharmadreams.shop\/#website\"},\"primaryImageOfPage\":{\"@id\":\"https:\/\/pharmadreams.shop\/index.php\/product\/vitavea-gelee-royale-1800-mg-10-ampoules\/#primaryimage\"},\"image\":{\"@id\":\"https:\/\/pharmadreams.shop\/index.php\/product\/vitavea-gelee-royale-1800-mg-10-ampoules\/#primaryimage\"},\"thumbnailUrl\":\"https:\/\/pharmadreams.shop\/wp-content\/uploads\/2023\/12\/vita.png\",\"datePublished\":\"2023-12-19T18:31:30+00:00\",\"dateModified\":\"2023-12-19T18:32:40+00:00\",\"breadcrumb\":{\"@id\":\"https:\/\/pharmadreams.shop\/index.php\/product\/vitavea-gelee-royale-1800-mg-10-ampoules\/#breadcrumb\"},\"inLanguage\":\"fr-FR\",\"potentialAction\":[{\"@type\":\"ReadAction\",\"target\":[\"https:\/\/pharmadreams.shop\/index.php\/product\/vitavea-gelee-royale-1800-mg-10-ampoules\/\"]}]},{\"@type\":\"ImageObject\",\"inLanguage\":\"fr-FR\",\"@id\":\"https:\/\/pharmadreams.shop\/index.php\/product\/vitavea-gelee-royale-1800-mg-10-ampoules\/#primaryimage\",\"url\":\"https:\/\/pharmadreams.shop\/wp-content\/uploads\/2023\/12\/vita.png\",\"contentUrl\":\"https:\/\/pharmadreams.shop\/wp-content\/uploads\/2023\/12\/vita.png\",\"width\":392,\"height\":424},{\"@type\":\"BreadcrumbList\",\"@id\":\"https:\/\/pharmadreams.shop\/index.php\/product\/vitavea-gelee-royale-1800-mg-10-ampoules\/#breadcrumb\",\"itemListElement\":[{\"@type\":\"ListItem\",\"position\":1,\"name\":\"Accueil\",\"item\":\"https:\/\/pharmadreams.shop\/\"},{\"@type\":\"ListItem\",\"position\":2,\"name\":\"Shop\",\"item\":\"https:\/\/pharmadreams.shop\/index.php\/shop\/\"},{\"@type\":\"ListItem\",\"position\":3,\"name\":\"Vitavea gel\u00e9e royale 1800 mg 10 ampoules\"}]},{\"@type\":\"WebSite\",\"@id\":\"https:\/\/pharmadreams.shop\/#website\",\"url\":\"https:\/\/pharmadreams.shop\/\",\"name\":\"pharmadreams\",\"description\":\"Parapharmacie en ligne\",\"potentialAction\":[{\"@type\":\"SearchAction\",\"target\":{\"@type\":\"EntryPoint\",\"urlTemplate\":\"https:\/\/pharmadreams.shop\/?s={search_term_string}\"},\"query-input\":\"required name=search_term_string\"}],\"inLanguage\":\"fr-FR\"}]}<\/script>\n<!-- \/ Yoast SEO plugin. -->","yoast_head_json":{"title":"Vitavea gel\u00e9e royale 1800 mg 10 ampoules - pharmadreams","robots":{"index":"index","follow":"follow","max-snippet":"max-snippet:-1","max-image-preview":"max-image-preview:large","max-video-preview":"max-video-preview:-1"},"canonical":"https:\/\/pharmadreams.shop\/index.php\/product\/vitavea-gelee-royale-1800-mg-10-ampoules\/","og_locale":"fr_FR","og_type":"article","og_title":"Vitavea gel\u00e9e royale 1800 mg 10 ampoules - pharmadreams","og_description":"Gel\u00e9e royale ultra dos\u00e9e \u00e0 1800mg  Les personnes qui ressentent un manque d\u2019\u00e9nergie ou en cas de fatigue passag\u00e8re.  Vitavea Gel\u00e9e royale BIO Ampoules offre une solution revitalisante pour l'organisme. Sa formule 100% naturelle et bio associe 4 actifs connus pour leurs vertus dynamisantes et tonifiantes : Gel\u00e9e royale Bio, Miel Bio, Ginseng Bio, Ac\u00e9rola Bio.  Vitavea La gel\u00e9e royale est une substance pr\u00e9cieuse de la ruche s\u00e9cr\u00e9t\u00e9e par les abeilles ouvri\u00e8res.Tr\u00e8s nutritive, elle est destin\u00e9e \u00e0 l\u2019alimentation de la reine durant toute son existence, celle-ci vit d\u2019ailleurs 40 fois plus longtemps que les autres abeilles","og_url":"https:\/\/pharmadreams.shop\/index.php\/product\/vitavea-gelee-royale-1800-mg-10-ampoules\/","og_site_name":"pharmadreams","article_modified_time":"2023-12-19T18:32:40+00:00","og_image":[{"width":392,"height":424,"url":"https:\/\/pharmadreams.shop\/wp-content\/uploads\/2023\/12\/vita.png","type":"image\/png"}],"twitter_card":"summary_large_image","schema":{"@context":"https:\/\/schema.org","@graph":[{"@type":"WebPage","@id":"https:\/\/pharmadreams.shop\/index.php\/product\/vitavea-gelee-royale-1800-mg-10-ampoules\/","url":"https:\/\/pharmadreams.shop\/index.php\/product\/vitavea-gelee-royale-1800-mg-10-ampoules\/","name":"Vitavea gel\u00e9e royale 1800 mg 10 ampoules - pharmadreams","isPartOf":{"@id":"https:\/\/pharmadreams.shop\/#website"},"primaryImageOfPage":{"@id":"https:\/\/pharmadreams.shop\/index.php\/product\/vitavea-gelee-royale-1800-mg-10-ampoules\/#primaryimage"},"image":{"@id":"https:\/\/pharmadreams.shop\/index.php\/product\/vitavea-gelee-royale-1800-mg-10-ampoules\/#primaryimage"},"thumbnailUrl":"https:\/\/pharmadreams.shop\/wp-content\/uploads\/2023\/12\/vita.png","datePublished":"2023-12-19T18:31:30+00:00","dateModified":"2023-12-19T18:32:40+00:00","breadcrumb":{"@id":"https:\/\/pharmadreams.shop\/index.php\/product\/vitavea-gelee-royale-1800-mg-10-ampoules\/#breadcrumb"},"inLanguage":"fr-FR","potentialAction":[{"@type":"ReadAction","target":["https:\/\/pharmadreams.shop\/index.php\/product\/vitavea-gelee-royale-1800-mg-10-ampoules\/"]}]},{"@type":"ImageObject","inLanguage":"fr-FR","@id":"https:\/\/pharmadreams.shop\/index.php\/product\/vitavea-gelee-royale-1800-mg-10-ampoules\/#primaryimage","url":"https:\/\/pharmadreams.shop\/wp-content\/uploads\/2023\/12\/vita.png","contentUrl":"https:\/\/pharmadreams.shop\/wp-content\/uploads\/2023\/12\/vita.png","width":392,"height":424},{"@type":"BreadcrumbList","@id":"https:\/\/pharmadreams.shop\/index.php\/product\/vitavea-gelee-royale-1800-mg-10-ampoules\/#breadcrumb","itemListElement":[{"@type":"ListItem","position":1,"name":"Accueil","item":"https:\/\/pharmadreams.shop\/"},{"@type":"ListItem","position":2,"name":"Shop","item":"https:\/\/pharmadreams.shop\/index.php\/shop\/"},{"@type":"ListItem","position":3,"name":"Vitavea gel\u00e9e royale 1800 mg 10 ampoules"}]},{"@type":"WebSite","@id":"https:\/\/pharmadreams.shop\/#website","url":"https:\/\/pharmadreams.shop\/","name":"pharmadreams","description":"Parapharmacie en ligne","potentialAction":[{"@type":"SearchAction","target":{"@type":"EntryPoint","urlTemplate":"https:\/\/pharmadreams.shop\/?s={search_term_string}"},"query-input":"required name=search_term_string"}],"inLanguage":"fr-FR"}]}},"_links":{"self":[{"href":"https:\/\/pharmadreams.shop\/index.php\/wp-json\/wp\/v2\/product\/16240","targetHints":{"allow":["GET"]}}],"collection":[{"href":"https:\/\/pharmadreams.shop\/index.php\/wp-json\/wp\/v2\/product"}],"about":[{"href":"https:\/\/pharmadreams.shop\/index.php\/wp-json\/wp\/v2\/types\/product"}],"replies":[{"embeddable":true,"href":"https:\/\/pharmadreams.shop\/index.php\/wp-json\/wp\/v2\/comments?post=16240"}],"version-history":[{"count":0,"href":"https:\/\/pharmadreams.shop\/index.php\/wp-json\/wp\/v2\/product\/16240\/revisions"}],"wp:featuredmedia":[{"embeddable":true,"href":"https:\/\/pharmadreams.shop\/index.php\/wp-json\/wp\/v2\/media\/16312"}],"wp:attachment":[{"href":"https:\/\/pharmadreams.shop\/index.php\/wp-json\/wp\/v2\/media?parent=16240"}],"wp:term":[{"taxonomy":"product_brand","embeddable":true,"href":"https:\/\/pharmadreams.shop\/index.php\/wp-json\/wp\/v2\/product_brand?post=16240"},{"taxonomy":"product_cat","embeddable":true,"href":"https:\/\/pharmadreams.shop\/index.php\/wp-json\/wp\/v2\/product_cat?post=16240"},{"taxonomy":"product_tag","embeddable":true,"href":"https:\/\/pharmadreams.shop\/index.php\/wp-json\/wp\/v2\/product_tag?post=16240"}],"curies":[{"name":"wp","href":"https:\/\/api.w.org\/{rel}","templated":true}]}}