{"id":16241,"date":"2023-12-19T19:31:30","date_gmt":"2023-12-19T18:31:30","guid":{"rendered":"https:\/\/venuspara.com\/?post_type=product&#038;p=16241"},"modified":"2023-12-19T19:32:41","modified_gmt":"2023-12-19T18:32:41","slug":"alvityl-vitalite-11-vitamines-solution-buvable-150ml","status":"publish","type":"product","link":"https:\/\/pharmadreams.shop\/index.php\/product\/alvityl-vitalite-11-vitamines-solution-buvable-150ml\/","title":{"rendered":"Alvityl vitalit\u00e9 11 vitamines solution buvable 150ml"},"content":{"rendered":"","protected":false},"excerpt":{"rendered":"<p>ALVITYL VITALITE Solution Buvable est une formule \u00e0 base de 11 vitamines pour couvrir 100% des apports de toute la famille d\u00e8s 3 ans. Pour garantir une pr\u00e9servation optimale des vitamines, sa formule liquide est prot\u00e9g\u00e9e dans un flacon pressuris\u00e9 exclusif. Pour faciliter la prise chaque matin, Alvityl Vitalit\u00e9 Solution Buvable a un d\u00e9licieux go\u00fbt fruit\u00e9.<\/p>\n<p>La formule de\u00a0ALVITYL VITALITE associe 11 vitamines sp\u00e9cialement dos\u00e9es pour couvrir 100% des valeurs nutritionnelles de r\u00e9f\u00e9rence pour :<\/p>\n<ul>\n<li>Assurer \u00e0 l\u2019organisme forme et vitalit\u00e9 physique gr\u00e2ce aux vitamines B1, B3, B6, B8, B9 et C qui aident \u00e0 r\u00e9duire la fatigue<\/li>\n<li>Participer \u00e0 la croissance osseuse gr\u00e2ce \u00e0 la vitamine D<\/li>\n<\/ul>\n<p>Sa forme liquide au bon go\u00fbt est particuli\u00e8rement adapt\u00e9e et appr\u00e9ci\u00e9e par les jeunes enfants, et id\u00e9ale pour les adultes ayant des difficult\u00e9s de d\u00e9glutition.<\/p>\n<p>Le flacon pressuris\u00e9 exclusif de ALVITYL VITALITE assure une protection optimale des vitamines m\u00eame une fois ouvert.<\/p>\n","protected":false},"featured_media":16314,"comment_status":"open","ping_status":"closed","template":"","meta":[],"product_brand":[],"product_cat":[123],"product_tag":[],"class_list":{"0":"post-16241","1":"product","2":"type-product","3":"status-publish","4":"has-post-thumbnail","6":"product_cat-vitamines","8":"first","9":"instock","10":"shipping-taxable","11":"purchasable","12":"product-type-simple"},"yoast_head":"<!-- This site is optimized with the Yoast SEO plugin v23.0 - https:\/\/yoast.com\/wordpress\/plugins\/seo\/ -->\n<title>Alvityl vitalit\u00e9 11 vitamines solution buvable 150ml - pharmadreams<\/title>\n<meta name=\"robots\" content=\"index, follow, max-snippet:-1, max-image-preview:large, max-video-preview:-1\" \/>\n<link rel=\"canonical\" href=\"https:\/\/pharmadreams.shop\/index.php\/product\/alvityl-vitalite-11-vitamines-solution-buvable-150ml\/\" \/>\n<meta property=\"og:locale\" content=\"fr_FR\" \/>\n<meta property=\"og:type\" content=\"article\" \/>\n<meta property=\"og:title\" content=\"Alvityl vitalit\u00e9 11 vitamines solution buvable 150ml - pharmadreams\" \/>\n<meta property=\"og:description\" content=\"ALVITYL VITALITE Solution Buvable est une formule \u00e0 base de 11 vitamines pour couvrir 100% des apports de toute la famille d\u00e8s 3 ans. Pour garantir une pr\u00e9servation optimale des vitamines, sa formule liquide est prot\u00e9g\u00e9e dans un flacon pressuris\u00e9 exclusif. Pour faciliter la prise chaque matin, Alvityl Vitalit\u00e9 Solution Buvable a un d\u00e9licieux go\u00fbt fruit\u00e9.  La formule de\u00a0ALVITYL VITALITE associe 11 vitamines sp\u00e9cialement dos\u00e9es pour couvrir 100% des valeurs nutritionnelles de r\u00e9f\u00e9rence pour :   Assurer \u00e0 l\u2019organisme forme et vitalit\u00e9 physique gr\u00e2ce aux vitamines B1, B3, B6, B8, B9 et C qui aident \u00e0 r\u00e9duire la fatigue  Participer \u00e0 la croissance osseuse gr\u00e2ce \u00e0 la vitamine D  Sa forme liquide au bon go\u00fbt est particuli\u00e8rement adapt\u00e9e et appr\u00e9ci\u00e9e par les jeunes enfants, et id\u00e9ale pour les adultes ayant des difficult\u00e9s de d\u00e9glutition.  Le flacon pressuris\u00e9 exclusif de ALVITYL VITALITE assure une protection optimale des vitamines m\u00eame une fois ouvert.\" \/>\n<meta property=\"og:url\" content=\"https:\/\/pharmadreams.shop\/index.php\/product\/alvityl-vitalite-11-vitamines-solution-buvable-150ml\/\" \/>\n<meta property=\"og:site_name\" content=\"pharmadreams\" \/>\n<meta property=\"article:modified_time\" content=\"2023-12-19T18:32:41+00:00\" \/>\n<meta property=\"og:image\" content=\"https:\/\/pharmadreams.shop\/wp-content\/uploads\/2023\/12\/11-vit.png\" \/>\n\t<meta property=\"og:image:width\" content=\"700\" \/>\n\t<meta property=\"og:image:height\" content=\"760\" \/>\n\t<meta property=\"og:image:type\" content=\"image\/png\" \/>\n<meta name=\"twitter:card\" content=\"summary_large_image\" \/>\n<script type=\"application\/ld+json\" class=\"yoast-schema-graph\">{\"@context\":\"https:\/\/schema.org\",\"@graph\":[{\"@type\":\"WebPage\",\"@id\":\"https:\/\/pharmadreams.shop\/index.php\/product\/alvityl-vitalite-11-vitamines-solution-buvable-150ml\/\",\"url\":\"https:\/\/pharmadreams.shop\/index.php\/product\/alvityl-vitalite-11-vitamines-solution-buvable-150ml\/\",\"name\":\"Alvityl vitalit\u00e9 11 vitamines solution buvable 150ml - pharmadreams\",\"isPartOf\":{\"@id\":\"https:\/\/pharmadreams.shop\/#website\"},\"primaryImageOfPage\":{\"@id\":\"https:\/\/pharmadreams.shop\/index.php\/product\/alvityl-vitalite-11-vitamines-solution-buvable-150ml\/#primaryimage\"},\"image\":{\"@id\":\"https:\/\/pharmadreams.shop\/index.php\/product\/alvityl-vitalite-11-vitamines-solution-buvable-150ml\/#primaryimage\"},\"thumbnailUrl\":\"https:\/\/pharmadreams.shop\/wp-content\/uploads\/2023\/12\/11-vit.png\",\"datePublished\":\"2023-12-19T18:31:30+00:00\",\"dateModified\":\"2023-12-19T18:32:41+00:00\",\"breadcrumb\":{\"@id\":\"https:\/\/pharmadreams.shop\/index.php\/product\/alvityl-vitalite-11-vitamines-solution-buvable-150ml\/#breadcrumb\"},\"inLanguage\":\"fr-FR\",\"potentialAction\":[{\"@type\":\"ReadAction\",\"target\":[\"https:\/\/pharmadreams.shop\/index.php\/product\/alvityl-vitalite-11-vitamines-solution-buvable-150ml\/\"]}]},{\"@type\":\"ImageObject\",\"inLanguage\":\"fr-FR\",\"@id\":\"https:\/\/pharmadreams.shop\/index.php\/product\/alvityl-vitalite-11-vitamines-solution-buvable-150ml\/#primaryimage\",\"url\":\"https:\/\/pharmadreams.shop\/wp-content\/uploads\/2023\/12\/11-vit.png\",\"contentUrl\":\"https:\/\/pharmadreams.shop\/wp-content\/uploads\/2023\/12\/11-vit.png\",\"width\":700,\"height\":760},{\"@type\":\"BreadcrumbList\",\"@id\":\"https:\/\/pharmadreams.shop\/index.php\/product\/alvityl-vitalite-11-vitamines-solution-buvable-150ml\/#breadcrumb\",\"itemListElement\":[{\"@type\":\"ListItem\",\"position\":1,\"name\":\"Accueil\",\"item\":\"https:\/\/pharmadreams.shop\/\"},{\"@type\":\"ListItem\",\"position\":2,\"name\":\"Shop\",\"item\":\"https:\/\/pharmadreams.shop\/index.php\/shop\/\"},{\"@type\":\"ListItem\",\"position\":3,\"name\":\"Alvityl vitalit\u00e9 11 vitamines solution buvable 150ml\"}]},{\"@type\":\"WebSite\",\"@id\":\"https:\/\/pharmadreams.shop\/#website\",\"url\":\"https:\/\/pharmadreams.shop\/\",\"name\":\"pharmadreams\",\"description\":\"Parapharmacie en ligne\",\"potentialAction\":[{\"@type\":\"SearchAction\",\"target\":{\"@type\":\"EntryPoint\",\"urlTemplate\":\"https:\/\/pharmadreams.shop\/?s={search_term_string}\"},\"query-input\":\"required name=search_term_string\"}],\"inLanguage\":\"fr-FR\"}]}<\/script>\n<!-- \/ Yoast SEO plugin. -->","yoast_head_json":{"title":"Alvityl vitalit\u00e9 11 vitamines solution buvable 150ml - pharmadreams","robots":{"index":"index","follow":"follow","max-snippet":"max-snippet:-1","max-image-preview":"max-image-preview:large","max-video-preview":"max-video-preview:-1"},"canonical":"https:\/\/pharmadreams.shop\/index.php\/product\/alvityl-vitalite-11-vitamines-solution-buvable-150ml\/","og_locale":"fr_FR","og_type":"article","og_title":"Alvityl vitalit\u00e9 11 vitamines solution buvable 150ml - pharmadreams","og_description":"ALVITYL VITALITE Solution Buvable est une formule \u00e0 base de 11 vitamines pour couvrir 100% des apports de toute la famille d\u00e8s 3 ans. Pour garantir une pr\u00e9servation optimale des vitamines, sa formule liquide est prot\u00e9g\u00e9e dans un flacon pressuris\u00e9 exclusif. Pour faciliter la prise chaque matin, Alvityl Vitalit\u00e9 Solution Buvable a un d\u00e9licieux go\u00fbt fruit\u00e9.  La formule de\u00a0ALVITYL VITALITE associe 11 vitamines sp\u00e9cialement dos\u00e9es pour couvrir 100% des valeurs nutritionnelles de r\u00e9f\u00e9rence pour :   Assurer \u00e0 l\u2019organisme forme et vitalit\u00e9 physique gr\u00e2ce aux vitamines B1, B3, B6, B8, B9 et C qui aident \u00e0 r\u00e9duire la fatigue  Participer \u00e0 la croissance osseuse gr\u00e2ce \u00e0 la vitamine D  Sa forme liquide au bon go\u00fbt est particuli\u00e8rement adapt\u00e9e et appr\u00e9ci\u00e9e par les jeunes enfants, et id\u00e9ale pour les adultes ayant des difficult\u00e9s de d\u00e9glutition.  Le flacon pressuris\u00e9 exclusif de ALVITYL VITALITE assure une protection optimale des vitamines m\u00eame une fois ouvert.","og_url":"https:\/\/pharmadreams.shop\/index.php\/product\/alvityl-vitalite-11-vitamines-solution-buvable-150ml\/","og_site_name":"pharmadreams","article_modified_time":"2023-12-19T18:32:41+00:00","og_image":[{"width":700,"height":760,"url":"https:\/\/pharmadreams.shop\/wp-content\/uploads\/2023\/12\/11-vit.png","type":"image\/png"}],"twitter_card":"summary_large_image","schema":{"@context":"https:\/\/schema.org","@graph":[{"@type":"WebPage","@id":"https:\/\/pharmadreams.shop\/index.php\/product\/alvityl-vitalite-11-vitamines-solution-buvable-150ml\/","url":"https:\/\/pharmadreams.shop\/index.php\/product\/alvityl-vitalite-11-vitamines-solution-buvable-150ml\/","name":"Alvityl vitalit\u00e9 11 vitamines solution buvable 150ml - pharmadreams","isPartOf":{"@id":"https:\/\/pharmadreams.shop\/#website"},"primaryImageOfPage":{"@id":"https:\/\/pharmadreams.shop\/index.php\/product\/alvityl-vitalite-11-vitamines-solution-buvable-150ml\/#primaryimage"},"image":{"@id":"https:\/\/pharmadreams.shop\/index.php\/product\/alvityl-vitalite-11-vitamines-solution-buvable-150ml\/#primaryimage"},"thumbnailUrl":"https:\/\/pharmadreams.shop\/wp-content\/uploads\/2023\/12\/11-vit.png","datePublished":"2023-12-19T18:31:30+00:00","dateModified":"2023-12-19T18:32:41+00:00","breadcrumb":{"@id":"https:\/\/pharmadreams.shop\/index.php\/product\/alvityl-vitalite-11-vitamines-solution-buvable-150ml\/#breadcrumb"},"inLanguage":"fr-FR","potentialAction":[{"@type":"ReadAction","target":["https:\/\/pharmadreams.shop\/index.php\/product\/alvityl-vitalite-11-vitamines-solution-buvable-150ml\/"]}]},{"@type":"ImageObject","inLanguage":"fr-FR","@id":"https:\/\/pharmadreams.shop\/index.php\/product\/alvityl-vitalite-11-vitamines-solution-buvable-150ml\/#primaryimage","url":"https:\/\/pharmadreams.shop\/wp-content\/uploads\/2023\/12\/11-vit.png","contentUrl":"https:\/\/pharmadreams.shop\/wp-content\/uploads\/2023\/12\/11-vit.png","width":700,"height":760},{"@type":"BreadcrumbList","@id":"https:\/\/pharmadreams.shop\/index.php\/product\/alvityl-vitalite-11-vitamines-solution-buvable-150ml\/#breadcrumb","itemListElement":[{"@type":"ListItem","position":1,"name":"Accueil","item":"https:\/\/pharmadreams.shop\/"},{"@type":"ListItem","position":2,"name":"Shop","item":"https:\/\/pharmadreams.shop\/index.php\/shop\/"},{"@type":"ListItem","position":3,"name":"Alvityl vitalit\u00e9 11 vitamines solution buvable 150ml"}]},{"@type":"WebSite","@id":"https:\/\/pharmadreams.shop\/#website","url":"https:\/\/pharmadreams.shop\/","name":"pharmadreams","description":"Parapharmacie en ligne","potentialAction":[{"@type":"SearchAction","target":{"@type":"EntryPoint","urlTemplate":"https:\/\/pharmadreams.shop\/?s={search_term_string}"},"query-input":"required name=search_term_string"}],"inLanguage":"fr-FR"}]}},"_links":{"self":[{"href":"https:\/\/pharmadreams.shop\/index.php\/wp-json\/wp\/v2\/product\/16241","targetHints":{"allow":["GET"]}}],"collection":[{"href":"https:\/\/pharmadreams.shop\/index.php\/wp-json\/wp\/v2\/product"}],"about":[{"href":"https:\/\/pharmadreams.shop\/index.php\/wp-json\/wp\/v2\/types\/product"}],"replies":[{"embeddable":true,"href":"https:\/\/pharmadreams.shop\/index.php\/wp-json\/wp\/v2\/comments?post=16241"}],"version-history":[{"count":0,"href":"https:\/\/pharmadreams.shop\/index.php\/wp-json\/wp\/v2\/product\/16241\/revisions"}],"wp:featuredmedia":[{"embeddable":true,"href":"https:\/\/pharmadreams.shop\/index.php\/wp-json\/wp\/v2\/media\/16314"}],"wp:attachment":[{"href":"https:\/\/pharmadreams.shop\/index.php\/wp-json\/wp\/v2\/media?parent=16241"}],"wp:term":[{"taxonomy":"product_brand","embeddable":true,"href":"https:\/\/pharmadreams.shop\/index.php\/wp-json\/wp\/v2\/product_brand?post=16241"},{"taxonomy":"product_cat","embeddable":true,"href":"https:\/\/pharmadreams.shop\/index.php\/wp-json\/wp\/v2\/product_cat?post=16241"},{"taxonomy":"product_tag","embeddable":true,"href":"https:\/\/pharmadreams.shop\/index.php\/wp-json\/wp\/v2\/product_tag?post=16241"}],"curies":[{"name":"wp","href":"https:\/\/api.w.org\/{rel}","templated":true}]}}