{"id":16258,"date":"2023-12-19T19:31:54","date_gmt":"2023-12-19T18:31:54","guid":{"rendered":"https:\/\/venuspara.com\/?post_type=product&#038;p=16258"},"modified":"2023-12-19T19:32:53","modified_gmt":"2023-12-19T18:32:53","slug":"supple-mag-15-gelules","status":"publish","type":"product","link":"https:\/\/pharmadreams.shop\/index.php\/product\/supple-mag-15-gelules\/","title":{"rendered":"Supple-mag 15 g\u00e9lules"},"content":{"rendered":"","protected":false},"excerpt":{"rendered":"<p>Cat\u00e9gories de personnes \u00e0 risque de d\u00e9velopper une carence en<strong>\u00a0magn\u00e9sium<\/strong>\u00a0:<\/p>\n<ul>\n<li>Les personnes \u00e2g\u00e9es<\/li>\n<li>Les personnes atteintes d\u2019alcoolisme chronique<\/li>\n<li>Les personnes prenant certains m\u00e9dicaments, tels que des diur\u00e9tiques, des contraceptifs, IPP<\/li>\n<li>Les sportifs de haut niveau ou pratiquants une activit\u00e9 physique soutenue<\/li>\n<\/ul>\n","protected":false},"featured_media":16332,"comment_status":"open","ping_status":"closed","template":"","meta":[],"product_brand":[],"product_cat":[123],"product_tag":[],"class_list":{"0":"post-16258","1":"product","2":"type-product","3":"status-publish","4":"has-post-thumbnail","6":"product_cat-vitamines","8":"first","9":"instock","10":"shipping-taxable","11":"purchasable","12":"product-type-simple"},"yoast_head":"<!-- This site is optimized with the Yoast SEO plugin v23.0 - https:\/\/yoast.com\/wordpress\/plugins\/seo\/ -->\n<title>Supple-mag 15 g\u00e9lules - pharmadreams<\/title>\n<meta name=\"robots\" content=\"index, follow, max-snippet:-1, max-image-preview:large, max-video-preview:-1\" \/>\n<link rel=\"canonical\" href=\"https:\/\/pharmadreams.shop\/index.php\/product\/supple-mag-15-gelules\/\" \/>\n<meta property=\"og:locale\" content=\"fr_FR\" \/>\n<meta property=\"og:type\" content=\"article\" \/>\n<meta property=\"og:title\" content=\"Supple-mag 15 g\u00e9lules - pharmadreams\" \/>\n<meta property=\"og:description\" content=\"Cat\u00e9gories de personnes \u00e0 risque de d\u00e9velopper une carence en\u00a0magn\u00e9sium\u00a0:   Les personnes \u00e2g\u00e9es  Les personnes atteintes d\u2019alcoolisme chronique  Les personnes prenant certains m\u00e9dicaments, tels que des diur\u00e9tiques, des contraceptifs, IPP  Les sportifs de haut niveau ou pratiquants une activit\u00e9 physique soutenue\" \/>\n<meta property=\"og:url\" content=\"https:\/\/pharmadreams.shop\/index.php\/product\/supple-mag-15-gelules\/\" \/>\n<meta property=\"og:site_name\" content=\"pharmadreams\" \/>\n<meta property=\"article:modified_time\" content=\"2023-12-19T18:32:53+00:00\" \/>\n<meta property=\"og:image\" content=\"https:\/\/pharmadreams.shop\/wp-content\/uploads\/2023\/12\/supple.png\" \/>\n\t<meta property=\"og:image:width\" content=\"1064\" \/>\n\t<meta property=\"og:image:height\" content=\"888\" \/>\n\t<meta property=\"og:image:type\" content=\"image\/png\" \/>\n<meta name=\"twitter:card\" content=\"summary_large_image\" \/>\n<script type=\"application\/ld+json\" class=\"yoast-schema-graph\">{\"@context\":\"https:\/\/schema.org\",\"@graph\":[{\"@type\":\"WebPage\",\"@id\":\"https:\/\/pharmadreams.shop\/index.php\/product\/supple-mag-15-gelules\/\",\"url\":\"https:\/\/pharmadreams.shop\/index.php\/product\/supple-mag-15-gelules\/\",\"name\":\"Supple-mag 15 g\u00e9lules - pharmadreams\",\"isPartOf\":{\"@id\":\"https:\/\/pharmadreams.shop\/#website\"},\"primaryImageOfPage\":{\"@id\":\"https:\/\/pharmadreams.shop\/index.php\/product\/supple-mag-15-gelules\/#primaryimage\"},\"image\":{\"@id\":\"https:\/\/pharmadreams.shop\/index.php\/product\/supple-mag-15-gelules\/#primaryimage\"},\"thumbnailUrl\":\"https:\/\/pharmadreams.shop\/wp-content\/uploads\/2023\/12\/supple.png\",\"datePublished\":\"2023-12-19T18:31:54+00:00\",\"dateModified\":\"2023-12-19T18:32:53+00:00\",\"breadcrumb\":{\"@id\":\"https:\/\/pharmadreams.shop\/index.php\/product\/supple-mag-15-gelules\/#breadcrumb\"},\"inLanguage\":\"fr-FR\",\"potentialAction\":[{\"@type\":\"ReadAction\",\"target\":[\"https:\/\/pharmadreams.shop\/index.php\/product\/supple-mag-15-gelules\/\"]}]},{\"@type\":\"ImageObject\",\"inLanguage\":\"fr-FR\",\"@id\":\"https:\/\/pharmadreams.shop\/index.php\/product\/supple-mag-15-gelules\/#primaryimage\",\"url\":\"https:\/\/pharmadreams.shop\/wp-content\/uploads\/2023\/12\/supple.png\",\"contentUrl\":\"https:\/\/pharmadreams.shop\/wp-content\/uploads\/2023\/12\/supple.png\",\"width\":1064,\"height\":888},{\"@type\":\"BreadcrumbList\",\"@id\":\"https:\/\/pharmadreams.shop\/index.php\/product\/supple-mag-15-gelules\/#breadcrumb\",\"itemListElement\":[{\"@type\":\"ListItem\",\"position\":1,\"name\":\"Accueil\",\"item\":\"https:\/\/pharmadreams.shop\/\"},{\"@type\":\"ListItem\",\"position\":2,\"name\":\"Shop\",\"item\":\"https:\/\/pharmadreams.shop\/index.php\/shop\/\"},{\"@type\":\"ListItem\",\"position\":3,\"name\":\"Supple-mag 15 g\u00e9lules\"}]},{\"@type\":\"WebSite\",\"@id\":\"https:\/\/pharmadreams.shop\/#website\",\"url\":\"https:\/\/pharmadreams.shop\/\",\"name\":\"pharmadreams\",\"description\":\"Parapharmacie en ligne\",\"potentialAction\":[{\"@type\":\"SearchAction\",\"target\":{\"@type\":\"EntryPoint\",\"urlTemplate\":\"https:\/\/pharmadreams.shop\/?s={search_term_string}\"},\"query-input\":\"required name=search_term_string\"}],\"inLanguage\":\"fr-FR\"}]}<\/script>\n<!-- \/ Yoast SEO plugin. -->","yoast_head_json":{"title":"Supple-mag 15 g\u00e9lules - pharmadreams","robots":{"index":"index","follow":"follow","max-snippet":"max-snippet:-1","max-image-preview":"max-image-preview:large","max-video-preview":"max-video-preview:-1"},"canonical":"https:\/\/pharmadreams.shop\/index.php\/product\/supple-mag-15-gelules\/","og_locale":"fr_FR","og_type":"article","og_title":"Supple-mag 15 g\u00e9lules - pharmadreams","og_description":"Cat\u00e9gories de personnes \u00e0 risque de d\u00e9velopper une carence en\u00a0magn\u00e9sium\u00a0:   Les personnes \u00e2g\u00e9es  Les personnes atteintes d\u2019alcoolisme chronique  Les personnes prenant certains m\u00e9dicaments, tels que des diur\u00e9tiques, des contraceptifs, IPP  Les sportifs de haut niveau ou pratiquants une activit\u00e9 physique soutenue","og_url":"https:\/\/pharmadreams.shop\/index.php\/product\/supple-mag-15-gelules\/","og_site_name":"pharmadreams","article_modified_time":"2023-12-19T18:32:53+00:00","og_image":[{"width":1064,"height":888,"url":"https:\/\/pharmadreams.shop\/wp-content\/uploads\/2023\/12\/supple.png","type":"image\/png"}],"twitter_card":"summary_large_image","schema":{"@context":"https:\/\/schema.org","@graph":[{"@type":"WebPage","@id":"https:\/\/pharmadreams.shop\/index.php\/product\/supple-mag-15-gelules\/","url":"https:\/\/pharmadreams.shop\/index.php\/product\/supple-mag-15-gelules\/","name":"Supple-mag 15 g\u00e9lules - pharmadreams","isPartOf":{"@id":"https:\/\/pharmadreams.shop\/#website"},"primaryImageOfPage":{"@id":"https:\/\/pharmadreams.shop\/index.php\/product\/supple-mag-15-gelules\/#primaryimage"},"image":{"@id":"https:\/\/pharmadreams.shop\/index.php\/product\/supple-mag-15-gelules\/#primaryimage"},"thumbnailUrl":"https:\/\/pharmadreams.shop\/wp-content\/uploads\/2023\/12\/supple.png","datePublished":"2023-12-19T18:31:54+00:00","dateModified":"2023-12-19T18:32:53+00:00","breadcrumb":{"@id":"https:\/\/pharmadreams.shop\/index.php\/product\/supple-mag-15-gelules\/#breadcrumb"},"inLanguage":"fr-FR","potentialAction":[{"@type":"ReadAction","target":["https:\/\/pharmadreams.shop\/index.php\/product\/supple-mag-15-gelules\/"]}]},{"@type":"ImageObject","inLanguage":"fr-FR","@id":"https:\/\/pharmadreams.shop\/index.php\/product\/supple-mag-15-gelules\/#primaryimage","url":"https:\/\/pharmadreams.shop\/wp-content\/uploads\/2023\/12\/supple.png","contentUrl":"https:\/\/pharmadreams.shop\/wp-content\/uploads\/2023\/12\/supple.png","width":1064,"height":888},{"@type":"BreadcrumbList","@id":"https:\/\/pharmadreams.shop\/index.php\/product\/supple-mag-15-gelules\/#breadcrumb","itemListElement":[{"@type":"ListItem","position":1,"name":"Accueil","item":"https:\/\/pharmadreams.shop\/"},{"@type":"ListItem","position":2,"name":"Shop","item":"https:\/\/pharmadreams.shop\/index.php\/shop\/"},{"@type":"ListItem","position":3,"name":"Supple-mag 15 g\u00e9lules"}]},{"@type":"WebSite","@id":"https:\/\/pharmadreams.shop\/#website","url":"https:\/\/pharmadreams.shop\/","name":"pharmadreams","description":"Parapharmacie en ligne","potentialAction":[{"@type":"SearchAction","target":{"@type":"EntryPoint","urlTemplate":"https:\/\/pharmadreams.shop\/?s={search_term_string}"},"query-input":"required name=search_term_string"}],"inLanguage":"fr-FR"}]}},"_links":{"self":[{"href":"https:\/\/pharmadreams.shop\/index.php\/wp-json\/wp\/v2\/product\/16258","targetHints":{"allow":["GET"]}}],"collection":[{"href":"https:\/\/pharmadreams.shop\/index.php\/wp-json\/wp\/v2\/product"}],"about":[{"href":"https:\/\/pharmadreams.shop\/index.php\/wp-json\/wp\/v2\/types\/product"}],"replies":[{"embeddable":true,"href":"https:\/\/pharmadreams.shop\/index.php\/wp-json\/wp\/v2\/comments?post=16258"}],"version-history":[{"count":0,"href":"https:\/\/pharmadreams.shop\/index.php\/wp-json\/wp\/v2\/product\/16258\/revisions"}],"wp:featuredmedia":[{"embeddable":true,"href":"https:\/\/pharmadreams.shop\/index.php\/wp-json\/wp\/v2\/media\/16332"}],"wp:attachment":[{"href":"https:\/\/pharmadreams.shop\/index.php\/wp-json\/wp\/v2\/media?parent=16258"}],"wp:term":[{"taxonomy":"product_brand","embeddable":true,"href":"https:\/\/pharmadreams.shop\/index.php\/wp-json\/wp\/v2\/product_brand?post=16258"},{"taxonomy":"product_cat","embeddable":true,"href":"https:\/\/pharmadreams.shop\/index.php\/wp-json\/wp\/v2\/product_cat?post=16258"},{"taxonomy":"product_tag","embeddable":true,"href":"https:\/\/pharmadreams.shop\/index.php\/wp-json\/wp\/v2\/product_tag?post=16258"}],"curies":[{"name":"wp","href":"https:\/\/api.w.org\/{rel}","templated":true}]}}