{"id":16260,"date":"2023-12-19T19:31:54","date_gmt":"2023-12-19T18:31:54","guid":{"rendered":"https:\/\/venuspara.com\/?post_type=product&#038;p=16260"},"modified":"2023-12-19T19:32:56","modified_gmt":"2023-12-19T18:32:56","slug":"nuk-nature-sense-2x","status":"publish","type":"product","link":"https:\/\/pharmadreams.shop\/index.php\/product\/nuk-nature-sense-2x\/","title":{"rendered":"Nuk nature sense 2x"},"content":{"rendered":"","protected":false},"excerpt":{"rendered":"<p>La t\u00e9tine Nature Sense a \u00e9t\u00e9 d\u00e9velopp\u00e9e sur la base du sein maternel qui est constitu\u00e9 de nombreux micro-canaux lactif\u00e8res.<\/p>\n<p>Elle est donc munie de nombreux micro-per\u00e7ages assurant ainsi un d\u00e9bit de t\u00e9t\u00e9e r\u00e9gulier et naturel comme au sein.<\/p>\n<p>Sa base \u00e9largie et extra souple offre une sensation de succion tr\u00e8s confortable et naturelle.<\/p>\n<p>Anti-colique, elle emp\u00eache d\u2019avaler de l\u2019air ce qui r\u00e9duit le risque de coliques.<\/p>\n<p>3 types de micro-per\u00e7ages : S, M et L con\u00e7us pour s\u2019adapter \u00e0\u00a0 la consistance de chaque liquide et assurer un d\u00e9bit fluide constant (lait maternel &amp; eau\/lait infantile\/liquide \u00e9pais)<\/p>\n","protected":false},"featured_media":16336,"comment_status":"open","ping_status":"closed","template":"","meta":[],"product_brand":[],"product_cat":[83],"product_tag":[],"class_list":{"0":"post-16260","1":"product","2":"type-product","3":"status-publish","4":"has-post-thumbnail","6":"product_cat-uncategorized","8":"first","9":"instock","10":"shipping-taxable","11":"purchasable","12":"product-type-simple"},"yoast_head":"<!-- This site is optimized with the Yoast SEO plugin v23.0 - https:\/\/yoast.com\/wordpress\/plugins\/seo\/ -->\n<title>Nuk nature sense 2x - pharmadreams<\/title>\n<meta name=\"robots\" content=\"index, follow, max-snippet:-1, max-image-preview:large, max-video-preview:-1\" \/>\n<link rel=\"canonical\" href=\"https:\/\/pharmadreams.shop\/index.php\/product\/nuk-nature-sense-2x\/\" \/>\n<meta property=\"og:locale\" content=\"fr_FR\" \/>\n<meta property=\"og:type\" content=\"article\" \/>\n<meta property=\"og:title\" content=\"Nuk nature sense 2x - pharmadreams\" \/>\n<meta property=\"og:description\" content=\"La t\u00e9tine Nature Sense a \u00e9t\u00e9 d\u00e9velopp\u00e9e sur la base du sein maternel qui est constitu\u00e9 de nombreux micro-canaux lactif\u00e8res.  Elle est donc munie de nombreux micro-per\u00e7ages assurant ainsi un d\u00e9bit de t\u00e9t\u00e9e r\u00e9gulier et naturel comme au sein.  Sa base \u00e9largie et extra souple offre une sensation de succion tr\u00e8s confortable et naturelle.  Anti-colique, elle emp\u00eache d\u2019avaler de l\u2019air ce qui r\u00e9duit le risque de coliques.  3 types de micro-per\u00e7ages : S, M et L con\u00e7us pour s\u2019adapter \u00e0\u00a0 la consistance de chaque liquide et assurer un d\u00e9bit fluide constant (lait maternel &amp; eau\/lait infantile\/liquide \u00e9pais)\" \/>\n<meta property=\"og:url\" content=\"https:\/\/pharmadreams.shop\/index.php\/product\/nuk-nature-sense-2x\/\" \/>\n<meta property=\"og:site_name\" content=\"pharmadreams\" \/>\n<meta property=\"article:modified_time\" content=\"2023-12-19T18:32:56+00:00\" \/>\n<meta property=\"og:image\" content=\"https:\/\/pharmadreams.shop\/wp-content\/uploads\/2023\/12\/nuk-l.png\" \/>\n\t<meta property=\"og:image:width\" content=\"712\" \/>\n\t<meta property=\"og:image:height\" content=\"884\" \/>\n\t<meta property=\"og:image:type\" content=\"image\/png\" \/>\n<meta name=\"twitter:card\" content=\"summary_large_image\" \/>\n<script type=\"application\/ld+json\" class=\"yoast-schema-graph\">{\"@context\":\"https:\/\/schema.org\",\"@graph\":[{\"@type\":\"WebPage\",\"@id\":\"https:\/\/pharmadreams.shop\/index.php\/product\/nuk-nature-sense-2x\/\",\"url\":\"https:\/\/pharmadreams.shop\/index.php\/product\/nuk-nature-sense-2x\/\",\"name\":\"Nuk nature sense 2x - pharmadreams\",\"isPartOf\":{\"@id\":\"https:\/\/pharmadreams.shop\/#website\"},\"primaryImageOfPage\":{\"@id\":\"https:\/\/pharmadreams.shop\/index.php\/product\/nuk-nature-sense-2x\/#primaryimage\"},\"image\":{\"@id\":\"https:\/\/pharmadreams.shop\/index.php\/product\/nuk-nature-sense-2x\/#primaryimage\"},\"thumbnailUrl\":\"https:\/\/pharmadreams.shop\/wp-content\/uploads\/2023\/12\/nuk-l.png\",\"datePublished\":\"2023-12-19T18:31:54+00:00\",\"dateModified\":\"2023-12-19T18:32:56+00:00\",\"breadcrumb\":{\"@id\":\"https:\/\/pharmadreams.shop\/index.php\/product\/nuk-nature-sense-2x\/#breadcrumb\"},\"inLanguage\":\"fr-FR\",\"potentialAction\":[{\"@type\":\"ReadAction\",\"target\":[\"https:\/\/pharmadreams.shop\/index.php\/product\/nuk-nature-sense-2x\/\"]}]},{\"@type\":\"ImageObject\",\"inLanguage\":\"fr-FR\",\"@id\":\"https:\/\/pharmadreams.shop\/index.php\/product\/nuk-nature-sense-2x\/#primaryimage\",\"url\":\"https:\/\/pharmadreams.shop\/wp-content\/uploads\/2023\/12\/nuk-l.png\",\"contentUrl\":\"https:\/\/pharmadreams.shop\/wp-content\/uploads\/2023\/12\/nuk-l.png\",\"width\":712,\"height\":884},{\"@type\":\"BreadcrumbList\",\"@id\":\"https:\/\/pharmadreams.shop\/index.php\/product\/nuk-nature-sense-2x\/#breadcrumb\",\"itemListElement\":[{\"@type\":\"ListItem\",\"position\":1,\"name\":\"Accueil\",\"item\":\"https:\/\/pharmadreams.shop\/\"},{\"@type\":\"ListItem\",\"position\":2,\"name\":\"Shop\",\"item\":\"https:\/\/pharmadreams.shop\/index.php\/shop\/\"},{\"@type\":\"ListItem\",\"position\":3,\"name\":\"Nuk nature sense 2x\"}]},{\"@type\":\"WebSite\",\"@id\":\"https:\/\/pharmadreams.shop\/#website\",\"url\":\"https:\/\/pharmadreams.shop\/\",\"name\":\"pharmadreams\",\"description\":\"Parapharmacie en ligne\",\"potentialAction\":[{\"@type\":\"SearchAction\",\"target\":{\"@type\":\"EntryPoint\",\"urlTemplate\":\"https:\/\/pharmadreams.shop\/?s={search_term_string}\"},\"query-input\":\"required name=search_term_string\"}],\"inLanguage\":\"fr-FR\"}]}<\/script>\n<!-- \/ Yoast SEO plugin. -->","yoast_head_json":{"title":"Nuk nature sense 2x - pharmadreams","robots":{"index":"index","follow":"follow","max-snippet":"max-snippet:-1","max-image-preview":"max-image-preview:large","max-video-preview":"max-video-preview:-1"},"canonical":"https:\/\/pharmadreams.shop\/index.php\/product\/nuk-nature-sense-2x\/","og_locale":"fr_FR","og_type":"article","og_title":"Nuk nature sense 2x - pharmadreams","og_description":"La t\u00e9tine Nature Sense a \u00e9t\u00e9 d\u00e9velopp\u00e9e sur la base du sein maternel qui est constitu\u00e9 de nombreux micro-canaux lactif\u00e8res.  Elle est donc munie de nombreux micro-per\u00e7ages assurant ainsi un d\u00e9bit de t\u00e9t\u00e9e r\u00e9gulier et naturel comme au sein.  Sa base \u00e9largie et extra souple offre une sensation de succion tr\u00e8s confortable et naturelle.  Anti-colique, elle emp\u00eache d\u2019avaler de l\u2019air ce qui r\u00e9duit le risque de coliques.  3 types de micro-per\u00e7ages : S, M et L con\u00e7us pour s\u2019adapter \u00e0\u00a0 la consistance de chaque liquide et assurer un d\u00e9bit fluide constant (lait maternel &amp; eau\/lait infantile\/liquide \u00e9pais)","og_url":"https:\/\/pharmadreams.shop\/index.php\/product\/nuk-nature-sense-2x\/","og_site_name":"pharmadreams","article_modified_time":"2023-12-19T18:32:56+00:00","og_image":[{"width":712,"height":884,"url":"https:\/\/pharmadreams.shop\/wp-content\/uploads\/2023\/12\/nuk-l.png","type":"image\/png"}],"twitter_card":"summary_large_image","schema":{"@context":"https:\/\/schema.org","@graph":[{"@type":"WebPage","@id":"https:\/\/pharmadreams.shop\/index.php\/product\/nuk-nature-sense-2x\/","url":"https:\/\/pharmadreams.shop\/index.php\/product\/nuk-nature-sense-2x\/","name":"Nuk nature sense 2x - pharmadreams","isPartOf":{"@id":"https:\/\/pharmadreams.shop\/#website"},"primaryImageOfPage":{"@id":"https:\/\/pharmadreams.shop\/index.php\/product\/nuk-nature-sense-2x\/#primaryimage"},"image":{"@id":"https:\/\/pharmadreams.shop\/index.php\/product\/nuk-nature-sense-2x\/#primaryimage"},"thumbnailUrl":"https:\/\/pharmadreams.shop\/wp-content\/uploads\/2023\/12\/nuk-l.png","datePublished":"2023-12-19T18:31:54+00:00","dateModified":"2023-12-19T18:32:56+00:00","breadcrumb":{"@id":"https:\/\/pharmadreams.shop\/index.php\/product\/nuk-nature-sense-2x\/#breadcrumb"},"inLanguage":"fr-FR","potentialAction":[{"@type":"ReadAction","target":["https:\/\/pharmadreams.shop\/index.php\/product\/nuk-nature-sense-2x\/"]}]},{"@type":"ImageObject","inLanguage":"fr-FR","@id":"https:\/\/pharmadreams.shop\/index.php\/product\/nuk-nature-sense-2x\/#primaryimage","url":"https:\/\/pharmadreams.shop\/wp-content\/uploads\/2023\/12\/nuk-l.png","contentUrl":"https:\/\/pharmadreams.shop\/wp-content\/uploads\/2023\/12\/nuk-l.png","width":712,"height":884},{"@type":"BreadcrumbList","@id":"https:\/\/pharmadreams.shop\/index.php\/product\/nuk-nature-sense-2x\/#breadcrumb","itemListElement":[{"@type":"ListItem","position":1,"name":"Accueil","item":"https:\/\/pharmadreams.shop\/"},{"@type":"ListItem","position":2,"name":"Shop","item":"https:\/\/pharmadreams.shop\/index.php\/shop\/"},{"@type":"ListItem","position":3,"name":"Nuk nature sense 2x"}]},{"@type":"WebSite","@id":"https:\/\/pharmadreams.shop\/#website","url":"https:\/\/pharmadreams.shop\/","name":"pharmadreams","description":"Parapharmacie en ligne","potentialAction":[{"@type":"SearchAction","target":{"@type":"EntryPoint","urlTemplate":"https:\/\/pharmadreams.shop\/?s={search_term_string}"},"query-input":"required name=search_term_string"}],"inLanguage":"fr-FR"}]}},"_links":{"self":[{"href":"https:\/\/pharmadreams.shop\/index.php\/wp-json\/wp\/v2\/product\/16260","targetHints":{"allow":["GET"]}}],"collection":[{"href":"https:\/\/pharmadreams.shop\/index.php\/wp-json\/wp\/v2\/product"}],"about":[{"href":"https:\/\/pharmadreams.shop\/index.php\/wp-json\/wp\/v2\/types\/product"}],"replies":[{"embeddable":true,"href":"https:\/\/pharmadreams.shop\/index.php\/wp-json\/wp\/v2\/comments?post=16260"}],"version-history":[{"count":0,"href":"https:\/\/pharmadreams.shop\/index.php\/wp-json\/wp\/v2\/product\/16260\/revisions"}],"wp:featuredmedia":[{"embeddable":true,"href":"https:\/\/pharmadreams.shop\/index.php\/wp-json\/wp\/v2\/media\/16336"}],"wp:attachment":[{"href":"https:\/\/pharmadreams.shop\/index.php\/wp-json\/wp\/v2\/media?parent=16260"}],"wp:term":[{"taxonomy":"product_brand","embeddable":true,"href":"https:\/\/pharmadreams.shop\/index.php\/wp-json\/wp\/v2\/product_brand?post=16260"},{"taxonomy":"product_cat","embeddable":true,"href":"https:\/\/pharmadreams.shop\/index.php\/wp-json\/wp\/v2\/product_cat?post=16260"},{"taxonomy":"product_tag","embeddable":true,"href":"https:\/\/pharmadreams.shop\/index.php\/wp-json\/wp\/v2\/product_tag?post=16260"}],"curies":[{"name":"wp","href":"https:\/\/api.w.org\/{rel}","templated":true}]}}